{"id":36460,"date":"2026-02-05T14:06:14","date_gmt":"2026-02-05T13:06:14","guid":{"rendered":"https:\/\/mevlanacay.de\/?post_type=product&#038;p=36460"},"modified":"2026-02-07T17:51:38","modified_gmt":"2026-02-07T16:51:38","slug":"mevlana-tee-ramazan-kalender-kraeutertee-mischung-90-stueck","status":"publish","type":"product","link":"https:\/\/mevlanacay.de\/tr\/mevlana-tee-ramazan-kalender-kraeutertee-mischung-90-stueck\/","title":{"rendered":"Mevlana \u00c7ay Ramazan Takvimi Kar\u0131\u015f\u0131k Bitki \u00c7ay\u0131 Seti (90 Adet)"},"content":{"rendered":"<p><strong>Mevlana \u00c7ay Ramazan Takvimi<\/strong><\/p>\n<p><span style=\"font-weight: 400;\">Her G\u00fcne Bir Fincan Mutluluk<\/span><\/p>\n<p><span style=\"font-weight: 400;\">Mevlana \u00c7ay Ramazan Takvimi, Ramazan ay\u0131n\u0131n her g\u00fcn\u00fc i\u00e7in \u00f6zenle se\u00e7ilmi\u015f bitki \u00e7aylar\u0131 sunan \u00f6zel bir koleksiyondur. Ramazan boyunca iftar sonras\u0131 ya da sahur \u00f6ncesi \u00e7ay keyfine e\u015flik etmek \u00fczere tasarlanm\u0131\u015ft\u0131r.<\/span><\/p>\n<p><span style=\"font-weight: 400;\">Her g\u00fcn a\u00e7\u0131lan bir pencerede, Mevlana \u00c7ay Bitki \u00c7aylar\u0131 Serisi\u2019nden 3 adet \u00e7ay po\u015feti yer al\u0131r. B\u00f6ylece Ramazan ay\u0131 boyunca her g\u00fcn k\u00fc\u00e7\u00fck bir s\u00fcrpriz, k\u0131sa bir mola ve s\u0131cak bir \u00e7ay keyfi sunar.<\/span><\/p>\n<p><span style=\"font-weight: 400;\">\u015e\u0131k tasar\u0131m\u0131yla evinizde Ramazan atmosferini tamamlayan Mevlana \u00c7ay Ramazan Takvimi; hem kendiniz i\u00e7in hem de sevdikleriniz i\u00e7in anlaml\u0131 bir hediye alternatifi olu\u015fturur.<\/span><\/p>\n<p><strong>Takvimde Yer Alan Bitki \u00c7aylar\u0131<\/strong><\/p>\n<ul>\n<li style=\"font-weight: 400;\" aria-level=\"1\"><span style=\"font-weight: 400;\">Ada\u00e7ay\u0131<\/span><\/li>\n<li style=\"font-weight: 400;\" aria-level=\"1\"><span style=\"font-weight: 400;\">Ku\u015fburnu<\/span><\/li>\n<li style=\"font-weight: 400;\" aria-level=\"1\"><span style=\"font-weight: 400;\">Melisa<\/span><\/li>\n<li style=\"font-weight: 400;\" aria-level=\"1\"><span style=\"font-weight: 400;\">Nane Limon<\/span><\/li>\n<li style=\"font-weight: 400;\" aria-level=\"1\"><span style=\"font-weight: 400;\">Nane Elma<\/span><\/li>\n<li style=\"font-weight: 400;\" aria-level=\"1\"><span style=\"font-weight: 400;\">Papatya<\/span><\/li>\n<li style=\"font-weight: 400;\" aria-level=\"1\"><span style=\"font-weight: 400;\">Kekik Kay\u0131s\u0131<\/span><\/li>\n<li style=\"font-weight: 400;\" aria-level=\"1\"><span style=\"font-weight: 400;\">Elmal\u0131 Ihlamur<\/span><\/li>\n<li style=\"font-weight: 400;\" aria-level=\"1\"><span style=\"font-weight: 400;\">Zencefil Limon<\/span><\/li>\n<li style=\"font-weight: 400;\" aria-level=\"1\"><span style=\"font-weight: 400;\">Elma (T\u00fcrkischer Apfel)<\/span><\/li>\n<\/ul>\n<p><strong>\u00d6ne \u00c7\u0131kan \u00d6zellikler<\/strong><\/p>\n<ul>\n<li style=\"font-weight: 400;\" aria-level=\"1\"><span style=\"font-weight: 400;\">Ramazan ay\u0131na \u00f6zel tasarlanm\u0131\u015f takvim konsepti<\/span><\/li>\n<li style=\"font-weight: 400;\" aria-level=\"1\"><span style=\"font-weight: 400;\">Her g\u00fcn i\u00e7in ayr\u0131 bir s\u00fcrpriz (3 adet bitki \u00e7ay\u0131 po\u015feti)<\/span><\/li>\n<li style=\"font-weight: 400;\" aria-level=\"1\"><span style=\"font-weight: 400;\">Mevlana \u00c7ay kalitesiyle haz\u0131rlanan bitki \u00e7ay\u0131 \u00e7e\u015fitleri<\/span><\/li>\n<li style=\"font-weight: 400;\" aria-level=\"1\"><span style=\"font-weight: 400;\">\u0130ftar sonras\u0131 ve sahur \u00f6ncesi \u00e7ay keyfine uygun kullan\u0131m<\/span><\/li>\n<li style=\"font-weight: 400;\" aria-level=\"1\"><span style=\"font-weight: 400;\">\u015e\u0131k tasar\u0131m, hediye etmeye uygun ambalaj<\/span><\/li>\n<\/ul>\n<p><b>Kullan\u0131m \u00d6nerisi<\/b><\/p>\n<p><span style=\"font-weight: 400;\">Ramazan boyunca her g\u00fcn bir kutuyu a\u00e7\u0131n, i\u00e7inden \u00e7\u0131kan bitki \u00e7aylar\u0131n\u0131 s\u0131cak suyla demleyerek \u00e7ay keyfinizi tamamlay\u0131n. G\u00fcn\u00fcn yorgunlu\u011funa k\u0131sa bir mola verin.<\/span><\/p>","protected":false},"excerpt":{"rendered":"<p><span style=\"font-weight: 400;\">Mevlana \u00c7ay Ramazan Takvimi, Ramazan ay\u0131n\u0131n her g\u00fcn\u00fc i\u00e7in \u00f6zenle se\u00e7ilmi\u015f bitki \u00e7aylar\u0131 sunan \u00f6zel bir koleksiyondur. Ramazan boyunca iftar sonras\u0131 ya da sahur \u00f6ncesi \u00e7ay keyfine e\u015flik etmek \u00fczere tasarlanm\u0131\u015ft\u0131r.<\/span><\/p>\n<p><span style=\"font-weight: 400;\">Her g\u00fcn a\u00e7\u0131lan bir pencerede, Mevlana \u00c7ay Bitki \u00c7aylar\u0131 Serisi\u2019nden 3 adet \u00e7ay po\u015feti yer al\u0131r. B\u00f6ylece Ramazan ay\u0131 boyunca her g\u00fcn k\u00fc\u00e7\u00fck bir s\u00fcrpriz, k\u0131sa bir mola ve s\u0131cak bir \u00e7ay keyfi sunar. <\/span><b>3 Teebeutel<\/b><span style=\"font-weight: 400;\"> Her g\u00fcn a\u00e7\u0131lan bir pencerede, Mevlana \u00c7ay Bitki \u00c7aylar\u0131 Serisi\u2019nden 3 adet \u00e7ay po\u015feti yer al\u0131r. B\u00f6ylece Ramazan ay\u0131 boyunca her g\u00fcn k\u00fc\u00e7\u00fck bir s\u00fcrpriz, k\u0131sa bir mola ve s\u0131cak bir \u00e7ay keyfi sunar.<\/span><\/p>\n<p><span style=\"font-weight: 400;\">\u015e\u0131k tasar\u0131m\u0131yla evinizde Ramazan atmosferini tamamlayan Mevlana \u00c7ay Ramazan Takvimi; hem kendiniz i\u00e7in hem de sevdikleriniz i\u00e7in anlaml\u0131 bir hediye alternatifi olu\u015fturur.<\/span><\/p>","protected":false},"featured_media":36454,"comment_status":"closed","ping_status":"closed","template":"","meta":{"_mi_skip_tracking":false},"product_cat":[312,212,311],"product_tag":[456,453,315,316,454,455,318],"class_list":{"0":"post-36460","1":"product","2":"type-product","3":"status-publish","4":"has-post-thumbnail","6":"product_cat-mevlana-beuteltee","7":"product_cat-mevlana-poset-cay","8":"product_cat-mevlana-tee","9":"product_tag-cay","10":"product_tag-cay-posetleri","11":"product_tag-lanka","12":"product_tag-mevlana","13":"product_tag-seylan","14":"product_tag-siyah-cay","15":"product_tag-sri","17":"first","18":"instock","19":"taxable","20":"shipping-taxable","21":"purchasable","22":"product-type-simple"},"_links":{"self":[{"href":"https:\/\/mevlanacay.de\/tr\/wp-json\/wp\/v2\/product\/36460","targetHints":{"allow":["GET"]}}],"collection":[{"href":"https:\/\/mevlanacay.de\/tr\/wp-json\/wp\/v2\/product"}],"about":[{"href":"https:\/\/mevlanacay.de\/tr\/wp-json\/wp\/v2\/types\/product"}],"replies":[{"embeddable":true,"href":"https:\/\/mevlanacay.de\/tr\/wp-json\/wp\/v2\/comments?post=36460"}],"wp:featuredmedia":[{"embeddable":true,"href":"https:\/\/mevlanacay.de\/tr\/wp-json\/wp\/v2\/media\/36454"}],"wp:attachment":[{"href":"https:\/\/mevlanacay.de\/tr\/wp-json\/wp\/v2\/media?parent=36460"}],"wp:term":[{"taxonomy":"product_cat","embeddable":true,"href":"https:\/\/mevlanacay.de\/tr\/wp-json\/wp\/v2\/product_cat?post=36460"},{"taxonomy":"product_tag","embeddable":true,"href":"https:\/\/mevlanacay.de\/tr\/wp-json\/wp\/v2\/product_tag?post=36460"}],"curies":[{"name":"wp","href":"https:\/\/api.w.org\/{rel}","templated":true}]}}