{"id":35321,"date":"2024-09-11T22:23:20","date_gmt":"2024-09-11T20:23:20","guid":{"rendered":"https:\/\/mevlanacay.de\/?post_type=product&#038;p=35321"},"modified":"2026-04-14T10:59:40","modified_gmt":"2026-04-14T08:59:40","slug":"mimar-sinan-tee-ceylon-goran-tea-400gr-1-stk","status":"publish","type":"product","link":"https:\/\/mevlanacay.de\/tr\/mimar-sinan-tee-ceylon-goran-tea-400gr-1-stk\/","title":{"rendered":"Mimar Sinan Bergamot Aromal\u0131 Siyah Seylan \u00c7ay | Goran Tee 400g"},"content":{"rendered":"<p data-start=\"39\" data-end=\"107\"><strong><span dir=\"auto\" style=\"vertical-align: inherit;\"><span dir=\"auto\" style=\"vertical-align: inherit;\">Mimar Sinan Bergamot Aromal\u0131 Siyah \u00c7ay (1 adet, 400g)<\/span><\/span><\/strong><\/p>\n<p data-start=\"39\" data-end=\"107\"><span dir=\"auto\" style=\"vertical-align: inherit;\"><span dir=\"auto\" style=\"vertical-align: inherit;\">Goran Tea&#8217;nin Bergamot Aromal\u0131 Mimar Sinan Siyah Seylan \u00c7ay\u0131, Uzak Do\u011fu&#8217;nun y\u00fcksek rak\u0131ml\u0131 \u00e7ay bah\u00e7elerinde elle toplanan iri \u00e7ay yapraklar\u0131ndan \u00fcretilir ve en y\u00fcksek standartlarda i\u015flenir. Do\u011fru yeti\u015ftirme y\u00f6ntemleri ve elveri\u015fli iklim, bu \u00e7ay\u0131n kalitesi ve aromatik lezzetinde \u00e7ok \u00f6nemli bir rol oynar.<\/span><\/span><\/p>\n<p data-start=\"39\" data-end=\"107\"><span dir=\"auto\" style=\"vertical-align: inherit;\"><span dir=\"auto\" style=\"vertical-align: inherit;\">Ayr\u0131ca, y\u00fcksek Alman kalite standartlar\u0131 siyah \u00e7ay\u0131m\u0131za e\u015fsiz bir karakter kazand\u0131r\u0131yor. Almanya&#8217;da ger\u00e7ekle\u015fen ikinci \u00fcretim a\u015famas\u0131nda, bergamot aromas\u0131 sayesinde d\u00f6kme Seylan \u00e7ay\u0131m\u0131z siyah \u00e7ay\u0131n derin lezzetiyle m\u00fckemmel bir uyum yakal\u0131yor.<\/span><\/span><\/p>\n<p data-start=\"39\" data-end=\"107\"><span dir=\"auto\" style=\"vertical-align: inherit;\"><span dir=\"auto\" style=\"vertical-align: inherit;\">L\u00fcks kar\u0131\u015f\u0131m\u0131 ve %98 toz giderme oran\u0131 sayesinde rakipsizdir. Bu \u00f6zellikleri ayn\u0131 zamanda onu sevdikleriniz i\u00e7in ideal bir hediye haline getirir.<\/span><\/span><\/p>\n<ul>\n<li data-start=\"39\" data-end=\"107\"><strong><span dir=\"auto\" style=\"vertical-align: inherit;\"><span dir=\"auto\" style=\"vertical-align: inherit;\">\u00dcr\u00fcn:<\/span><\/span><\/strong><span dir=\"auto\" style=\"vertical-align: inherit;\"><span dir=\"auto\" style=\"vertical-align: inherit;\"> Yo\u011fun bergamot aromal\u0131, yaprak halinde d\u00f6k\u00fclm\u00fc\u015f siyah Seylan \u00e7ay\u0131.<\/span><\/span><\/li>\n<li data-start=\"39\" data-end=\"107\"><strong><span dir=\"auto\" style=\"vertical-align: inherit;\"><span dir=\"auto\" style=\"vertical-align: inherit;\">Net a\u011f\u0131rl\u0131k:<\/span><\/span><\/strong><span dir=\"auto\" style=\"vertical-align: inherit;\"><span dir=\"auto\" style=\"vertical-align: inherit;\"> 400g<\/span><\/span><\/li>\n<li data-start=\"39\" data-end=\"107\"><strong><span dir=\"auto\" style=\"vertical-align: inherit;\"><span dir=\"auto\" style=\"vertical-align: inherit;\">Tad\u0131:<\/span><\/span><\/strong><span dir=\"auto\" style=\"vertical-align: inherit;\"><span dir=\"auto\" style=\"vertical-align: inherit;\"> Yumu\u015fak, dengeli, ferahlat\u0131c\u0131<\/span><\/span><\/li>\n<li data-start=\"39\" data-end=\"107\"><strong><span dir=\"auto\" style=\"vertical-align: inherit;\"><span dir=\"auto\" style=\"vertical-align: inherit;\">\u00d6ne \u00e7\u0131kan \u00f6zellikler:<\/span><\/span><\/strong><span dir=\"auto\" style=\"vertical-align: inherit;\"><span dir=\"auto\" style=\"vertical-align: inherit;\"> Karakteristik, yo\u011fun bergamot aromas\u0131<\/span><\/span><\/li>\n<li data-start=\"39\" data-end=\"107\"><strong><span dir=\"auto\" style=\"vertical-align: inherit;\"><span dir=\"auto\" style=\"vertical-align: inherit;\">Kullan\u0131m:<\/span><\/span><\/strong><span dir=\"auto\" style=\"vertical-align: inherit;\"><span dir=\"auto\" style=\"vertical-align: inherit;\"> Aile boyu paket, ayr\u0131ca hediye olarak da idealdir.<\/span><\/span><\/li>\n<\/ul>\n<p><img fetchpriority=\"high\" decoding=\"async\" class=\"alignnone wp-image-35661\" src=\"https:\/\/mevlanacay.de\/wp-content\/uploads\/2024\/09\/mimar-sinan-tee-400-gr-pack-300x300.jpg\" alt=\"\" width=\"800\" height=\"800\" title=\"\"><\/p>\n<p>&nbsp;<\/p>\n<p><img decoding=\"async\" class=\"alignnone wp-image-35662\" src=\"https:\/\/mevlanacay.de\/wp-content\/uploads\/2024\/09\/mimar-sinan-tee-400-gr-pack-2-300x300.jpg\" alt=\"\" width=\"800\" height=\"800\" title=\"\"><\/p>","protected":false},"excerpt":{"rendered":"<p><span dir=\"auto\" style=\"vertical-align: inherit;\"><span dir=\"auto\" style=\"vertical-align: inherit;\">Mimar Sinan Bergamot Aromal\u0131 Siyah Seylan \u00c7ay\u0131 (400g), \u00f6zenle se\u00e7ilmi\u015f yaprak kalitesi, Alman i\u015fleme teknikleri ve karakteristik ferahlat\u0131c\u0131 aromas\u0131yla \u00f6ne \u00e7\u0131k\u0131yor. Aile i\u00e7in ve hediye olarak idealdir.<\/span><\/span><\/p>","protected":false},"featured_media":35662,"comment_status":"open","ping_status":"closed","template":"","meta":{"_mi_skip_tracking":false},"product_cat":[440],"product_tag":[],"class_list":{"0":"post-35321","1":"product","2":"type-product","3":"status-publish","4":"has-post-thumbnail","6":"product_cat-mimar-sinan-cay-400gr","8":"first","9":"instock","10":"purchasable","11":"product-type-simple"},"_links":{"self":[{"href":"https:\/\/mevlanacay.de\/tr\/wp-json\/wp\/v2\/product\/35321","targetHints":{"allow":["GET"]}}],"collection":[{"href":"https:\/\/mevlanacay.de\/tr\/wp-json\/wp\/v2\/product"}],"about":[{"href":"https:\/\/mevlanacay.de\/tr\/wp-json\/wp\/v2\/types\/product"}],"replies":[{"embeddable":true,"href":"https:\/\/mevlanacay.de\/tr\/wp-json\/wp\/v2\/comments?post=35321"}],"wp:featuredmedia":[{"embeddable":true,"href":"https:\/\/mevlanacay.de\/tr\/wp-json\/wp\/v2\/media\/35662"}],"wp:attachment":[{"href":"https:\/\/mevlanacay.de\/tr\/wp-json\/wp\/v2\/media?parent=35321"}],"wp:term":[{"taxonomy":"product_cat","embeddable":true,"href":"https:\/\/mevlanacay.de\/tr\/wp-json\/wp\/v2\/product_cat?post=35321"},{"taxonomy":"product_tag","embeddable":true,"href":"https:\/\/mevlanacay.de\/tr\/wp-json\/wp\/v2\/product_tag?post=35321"}],"curies":[{"name":"wp","href":"https:\/\/api.w.org\/{rel}","templated":true}]}}