{"id":35260,"date":"2024-09-11T14:29:57","date_gmt":"2024-09-11T12:29:57","guid":{"rendered":"https:\/\/mevlanacay.de\/?post_type=product&#038;p=35260"},"modified":"2026-04-03T13:11:15","modified_gmt":"2026-04-03T11:11:15","slug":"mimar-sinan-tee-ceylon-goran-tea-800gr-1-stk","status":"publish","type":"product","link":"https:\/\/mevlanacay.de\/tr\/mimar-sinan-tee-ceylon-goran-tea-800gr-1-stk\/","title":{"rendered":"Mimar Sinan Bergamot Aromal\u0131 Siyah Seylan \u00c7ay | Goran Tee 800g"},"content":{"rendered":"<p data-start=\"39\" data-end=\"107\"><strong>Mimar Sinan Bergamot Aromal\u0131 D\u00f6kme Siyah Seylan Cay\u0131 (L\u00fcks Harman), (1 adet, 800g)<\/strong><\/p>\n<p data-start=\"39\" data-end=\"107\">Goran Tee\u2019nin \u00fcretti\u011fi Mimar Sinan Bergamot Aromal\u0131 Siyah Seylan \u00c7ay\u0131n\u0131, Uzakdo\u011fu\u2019nun y\u00fcksek rak\u0131ml\u0131 \u00e7ay bah\u00e7elerinde yeti\u015fen b\u00fcy\u00fck \u00e7ay yapraklar\u0131n\u0131n elle toplan\u0131p en y\u00fcksek standartlarda i\u015flenmesiyle elde ediyoruz. Bu \u00e7ay\u0131n kalitesinde ve aromatik lezzetinde ilk olarak do\u011fru yeti\u015ftirme y\u00f6ntemleri ve elveri\u015fli iklim \u00f6nemli bir rol oynar.<\/p>\n<p data-start=\"39\" data-end=\"107\">Bunun yan\u0131 s\u0131ra Alman kalite anlay\u0131\u015f\u0131 siyah yaprak \u00e7ay\u0131m\u0131za benzersiz bir karakter kazand\u0131r\u0131r. \u00dcretim safhas\u0131n\u0131n ikinci k\u0131sm\u0131n\u0131 Almanya\u2019da ge\u00e7iren \u00fcr\u00fcn\u00fcm\u00fcz bergamot aromas\u0131 sayesinde siyah \u00e7ay\u0131n derin aromas\u0131yla m\u00fckemmel bir uyum yakalar.<\/p>\n<p data-start=\"39\" data-end=\"107\">L\u00fcks harman ve y\u00fczde 98 oran\u0131nda tozdan ar\u0131nd\u0131r\u0131lm\u0131\u015f olmas\u0131yla da rakipsizdir. Bu \u00f6zellikleri sayesinde de sevdiklerinize hediye edebilece\u011finiz ideal bir \u00fcr\u00fcnd\u00fcr.<\/p>\n<ul>\n<li data-start=\"39\" data-end=\"107\" class=\"translation-block\"><strong>\u00dcr\u00fcn:<\/strong> Bergamot Aromal\u0131 D\u00f6kme Siyah Seylan Yaprak \u00c7ay<\/li>\n<li data-start=\"39\" data-end=\"107\" class=\"translation-block\"><strong>Net A\u011f\u0131rl\u0131k:<\/strong> 800g<\/li>\n<li data-start=\"39\" data-end=\"107\" class=\"translation-block\"><strong>Tat:<\/strong> Yumu\u015fak, dengeli, ferahlat\u0131c\u0131<\/li>\n<li data-start=\"39\" data-end=\"107\" class=\"translation-block\"><strong>\u00d6ne \u00e7\u0131kan \u00f6zellikleri:<\/strong> Karakteristik, yo\u011fun bergamot aromas\u0131<\/li>\n<li data-start=\"39\" data-end=\"107\" class=\"translation-block\"><strong>Kullan\u0131m:<\/strong> Aile paketi, hediye olarak idealdir<\/li>\n<\/ul>\n<p><img fetchpriority=\"high\" decoding=\"async\" class=\"alignnone wp-image-35264\" src=\"https:\/\/mevlanacay.de\/wp-content\/uploads\/2024\/09\/mimar-sinan-tee-800-gr-3-1024x1024.jpg\" alt=\"\" width=\"800\" height=\"800\" title=\"\"><\/p>\n<p>&nbsp;<\/p>\n<p><img decoding=\"async\" class=\"alignnone wp-image-35263\" src=\"https:\/\/mevlanacay.de\/wp-content\/uploads\/2024\/09\/mimar-sinan-tee-800-gr-2-300x300.jpg\" alt=\"\" width=\"800\" height=\"800\" title=\"\"><\/p>","protected":false},"excerpt":{"rendered":"<p>Mimar Sinan siyah Seylan \u00e7ay\u0131 bergamot aromal\u0131 (800 g), elle toplanm\u0131\u015f yaprak kalitesi, Alman i\u015fleme ustal\u0131\u011f\u0131 ve kendine \u00f6zg\u00fc ferahlat\u0131c\u0131 aromay\u0131 bir araya getirir. Aile t\u00fcketimi ve hediye i\u00e7in idealdir.<\/p>","protected":false},"featured_media":35261,"comment_status":"open","ping_status":"closed","template":"","meta":{"_mi_skip_tracking":false},"product_cat":[439],"product_tag":[],"class_list":{"0":"post-35260","1":"product","2":"type-product","3":"status-publish","4":"has-post-thumbnail","6":"product_cat-mimar-sinan-cay-800gr","8":"first","9":"instock","10":"purchasable","11":"product-type-simple"},"_links":{"self":[{"href":"https:\/\/mevlanacay.de\/tr\/wp-json\/wp\/v2\/product\/35260","targetHints":{"allow":["GET"]}}],"collection":[{"href":"https:\/\/mevlanacay.de\/tr\/wp-json\/wp\/v2\/product"}],"about":[{"href":"https:\/\/mevlanacay.de\/tr\/wp-json\/wp\/v2\/types\/product"}],"replies":[{"embeddable":true,"href":"https:\/\/mevlanacay.de\/tr\/wp-json\/wp\/v2\/comments?post=35260"}],"wp:featuredmedia":[{"embeddable":true,"href":"https:\/\/mevlanacay.de\/tr\/wp-json\/wp\/v2\/media\/35261"}],"wp:attachment":[{"href":"https:\/\/mevlanacay.de\/tr\/wp-json\/wp\/v2\/media?parent=35260"}],"wp:term":[{"taxonomy":"product_cat","embeddable":true,"href":"https:\/\/mevlanacay.de\/tr\/wp-json\/wp\/v2\/product_cat?post=35260"},{"taxonomy":"product_tag","embeddable":true,"href":"https:\/\/mevlanacay.de\/tr\/wp-json\/wp\/v2\/product_tag?post=35260"}],"curies":[{"name":"wp","href":"https:\/\/api.w.org\/{rel}","templated":true}]}}