{"id":35121,"date":"2024-06-06T22:07:00","date_gmt":"2024-06-06T20:07:00","guid":{"rendered":"https:\/\/mevlanacay.de\/?post_type=product&#038;p=35121"},"modified":"2026-04-10T17:13:19","modified_gmt":"2026-04-10T15:13:19","slug":"mevlana-tee-goran-tea-cardamom-flavor-25-beutel-1-x-pack-2","status":"publish","type":"product","link":"https:\/\/mevlanacay.de\/tr\/mevlana-tee-goran-tea-cardamom-flavor-25-beutel-1-x-pack-2\/","title":{"rendered":"Mevlana Kakule Aromal\u0131 Siyah \u00c7ay | 6l\u0131 Po\u015fet \u00c7ay Seti"},"content":{"rendered":"<p data-start=\"39\" data-end=\"174\"><strong data-start=\"39\" data-end=\"104\">Mevlana Kakule Aromal\u0131 Siyah Po\u015fet \u00c7ay (L\u00fcks Harman), (6l\u0131 Pakette 150 Po\u015fet)\u00a0<\/strong><\/p>\n<p data-start=\"176\" data-end=\"670\">Goran Tee\u2019nin \u00fcretti\u011fi Mevlana Kakule Aromal\u0131 Siyah Po\u015fet \u00c7ay\u0131n\u0131, Uzakdo\u011fu\u2019nun y\u00fcksek rak\u0131ml\u0131 \u00e7ay bah\u00e7elerinde yeti\u015fen b\u00fcy\u00fck \u00e7ay yapraklar\u0131n\u0131n elle toplan\u0131p en y\u00fcksek standartlarda i\u015flenmesiyle elde ediyoruz. Bu seylan \u00e7ay\u0131n\u0131n kalitesinde ve aromatik lezzetinde ilk olarak do\u011fru yeti\u015ftirme y\u00f6ntemleri ve elveri\u015fli iklim \u00f6nemli bir rol oynar. Bunun yan\u0131 s\u0131ra Alman kalite anlay\u0131\u015f\u0131 siyah \u00e7ay\u0131m\u0131za benzersiz bir karakter kazand\u0131r\u0131r.<\/p>\n<p data-start=\"672\" data-end=\"1018\">\u00dcretim safhas\u0131n\u0131n ikinci k\u0131sm\u0131n\u0131 Almanya\u2019da ge\u00e7iren \u00fcr\u00fcn\u00fcm\u00fcz kakule aromas\u0131 sayesinde siyah \u00e7ay\u0131n derin aromas\u0131yla m\u00fckemmel bir uyum yakalar. L\u00fcks harman ve y\u00fczde 98 oran\u0131nda tozdan ar\u0131nd\u0131r\u0131lm\u0131\u015f olmas\u0131yla da rakipsizdir. Bu \u00f6zellikleri sayesinde de sevdiklerinize hediye edebilece\u011finiz ideal bir \u00fcr\u00fcnd\u00fcr.<\/p>\n<ul>\n<li data-start=\"1020\" data-end=\"1377\" class=\"translation-block\"><strong data-start=\"1020\" data-end=\"1032\">\u00dcr\u00fcn:<\/strong> Yo\u011fun Kakule Aromal\u0131 Siyah Po\u015fet \u00c7ay<\/li>\n<li data-start=\"1020\" data-end=\"1377\" class=\"translation-block\"><strong data-start=\"910\" data-end=\"929\">Net A\u011f\u0131rl\u0131k:<\/strong> 6 x (2gx25) = 300g (Her pakette 25 po\u015fet \u00e7ay bulunur)<\/li>\n<li data-start=\"1020\" data-end=\"1377\" class=\"translation-block\"><strong data-start=\"1163\" data-end=\"1177\">Tat:<\/strong>\u00a0Yumu\u015fak, dengeli, ferahlat\u0131c\u0131 ve kakule aromas\u0131 sayesinde hafif tatl\u0131ms\u0131<\/li>\n<li data-start=\"1020\" data-end=\"1377\" class=\"translation-block\"><strong data-start=\"1245\" data-end=\"1264\">\u00d6ne \u00c7\u0131kan \u00d6zellikler:<\/strong>\u00a0Karakteristik ve belirgin i\u00e7im, l\u00fcks harman<\/li>\n<li data-start=\"1020\" data-end=\"1377\" class=\"translation-block\"><strong>Kullan\u0131m:<\/strong> Aile paketi, hediye olarak idealdir<\/li>\n<\/ul>","protected":false},"excerpt":{"rendered":"<p>150 po\u015fetlik l\u00fcks harmanl\u0131, kakule aromal\u0131 Mevlana siyah \u00e7ay\u0131, zarif lezzeti Alman kalite anlay\u0131\u015f\u0131yla bulu\u015fturur. Aile t\u00fcketimi ve hediye i\u00e7in idealdir.<\/p>","protected":false},"featured_media":35122,"comment_status":"open","ping_status":"closed","template":"","meta":{"_mi_skip_tracking":false},"product_cat":[312],"product_tag":[],"class_list":{"0":"post-35121","1":"product","2":"type-product","3":"status-publish","4":"has-post-thumbnail","6":"product_cat-mevlana-beuteltee","8":"first","9":"instock","10":"purchasable","11":"product-type-simple"},"_links":{"self":[{"href":"https:\/\/mevlanacay.de\/tr\/wp-json\/wp\/v2\/product\/35121","targetHints":{"allow":["GET"]}}],"collection":[{"href":"https:\/\/mevlanacay.de\/tr\/wp-json\/wp\/v2\/product"}],"about":[{"href":"https:\/\/mevlanacay.de\/tr\/wp-json\/wp\/v2\/types\/product"}],"replies":[{"embeddable":true,"href":"https:\/\/mevlanacay.de\/tr\/wp-json\/wp\/v2\/comments?post=35121"}],"wp:featuredmedia":[{"embeddable":true,"href":"https:\/\/mevlanacay.de\/tr\/wp-json\/wp\/v2\/media\/35122"}],"wp:attachment":[{"href":"https:\/\/mevlanacay.de\/tr\/wp-json\/wp\/v2\/media?parent=35121"}],"wp:term":[{"taxonomy":"product_cat","embeddable":true,"href":"https:\/\/mevlanacay.de\/tr\/wp-json\/wp\/v2\/product_cat?post=35121"},{"taxonomy":"product_tag","embeddable":true,"href":"https:\/\/mevlanacay.de\/tr\/wp-json\/wp\/v2\/product_tag?post=35121"}],"curies":[{"name":"wp","href":"https:\/\/api.w.org\/{rel}","templated":true}]}}