{"id":35099,"date":"2024-03-25T15:49:26","date_gmt":"2024-03-25T14:49:26","guid":{"rendered":"https:\/\/mevlanacay.de\/?post_type=product&#038;p=35099"},"modified":"2026-04-05T18:05:25","modified_gmt":"2026-04-05T16:05:25","slug":"mevlana-cay-goran-siyah-cay-posetleri-100-poset-1-pack","status":"publish","type":"product","link":"https:\/\/mevlanacay.de\/tr\/mevlana-cay-goran-siyah-cay-posetleri-100-poset-1-pack\/","title":{"rendered":"Mevlana Po\u015fet \u00c7ay | L\u00fcks Harman Siyah \u00c7ay | 100 po\u015fetlik Seylan \u00c7ay"},"content":{"rendered":"<p data-start=\"71\" data-end=\"826\" class=\"translation-block\"><strong data-start=\"121\" data-end=\"168\">Mevlana Siyah \u00c7ay (100 Po\u015fetlik L\u00fcks Harman)<\/strong><br data-start=\"168\" data-end=\"171\">Goran Tee\u2019nin \u00fcretti\u011fi Mevlana Siyah Seylan Po\u015fet \u00c7ay\u0131n\u0131, Uzakdo\u011fun\u2019nun y\u00fcksek rak\u0131ml\u0131 \u00e7ay bah\u00e7elerinde yeti\u015fen b\u00fcy\u00fck \u00e7ay yapraklar\u0131n\u0131n elle toplan\u0131p en y\u00fcksek standartlarda i\u015flenmesiyle elde ediyoruz. Bu \u00e7ay\u0131n kalitesinde ve aromatik lezzetinde ilk olarak do\u011fru yeti\u015ftirme y\u00f6ntemleri ve elveri\u015fli iklim \u00f6nemli bir rol oynar.<\/p>\n<p data-start=\"71\" data-end=\"826\">Bunun yan\u0131 s\u0131ra Alman kalite anlay\u0131\u015f\u0131 siyah \u00e7ay\u0131m\u0131za benzersiz bir karakter kazand\u0131r\u0131r. \u00dcretim safhas\u0131n\u0131n ikinci k\u0131sm\u0131n\u0131 Almanya\u2019da ge\u00e7iren \u00fcr\u00fcn\u00fcm\u00fcz l\u00fcks harman \u00e7ayd\u0131r ve y\u00fczde 98 oran\u0131nda tozdan ar\u0131nd\u0131r\u0131lm\u0131\u015f olmas\u0131yla rakipsizdir.<\/p>\n<ul>\n<li data-start=\"828\" data-end=\"1074\" class=\"translation-block\"><strong data-start=\"828\" data-end=\"840\">\u00dcr\u00fcn:<\/strong> Po\u015fet Seylan Siyah \u00c7ay (L\u00fcks harman)<\/li>\n<li data-start=\"828\" data-end=\"1074\" class=\"translation-block\"><strong data-start=\"879\" data-end=\"896\">Net A\u011f\u0131rl\u0131k:<\/strong> 250g (2,5g x 100 po\u015fet)<\/li>\n<li data-start=\"828\" data-end=\"1074\" class=\"translation-block\"><strong data-start=\"861\" data-end=\"875\">Tat:<\/strong> Yumu\u015fak, dengeli, ferahlat\u0131c\u0131<\/li>\n<li data-start=\"828\" data-end=\"1074\" class=\"translation-block\"><strong data-start=\"910\" data-end=\"933\">\u00d6ne \u00e7\u0131kan \u00f6zellikler:<\/strong> L\u00fcks harman<\/li>\n<li data-start=\"828\" data-end=\"1074\" class=\"translation-block\"><strong data-start=\"1004\" data-end=\"1018\">Kullan\u0131m<\/strong>: Aile paketi, hediye olarak idealdir<\/li>\n<\/ul>","protected":false},"excerpt":{"rendered":"<p>Pratik Mevlana siyah po\u015fet \u00e7ay, tek tek paketlenmi\u015f 100 po\u015fet i\u00e7inde yumu\u015fak, dengeli ve ferahlat\u0131c\u0131 tada sahip se\u00e7kin bir l\u00fcks harman sunar.<\/p>","protected":false},"featured_media":35101,"comment_status":"closed","ping_status":"closed","template":"","meta":{"_mi_skip_tracking":false},"product_cat":[312],"product_tag":[456,453,315,316,454,455,318],"class_list":{"0":"post-35099","1":"product","2":"type-product","3":"status-publish","4":"has-post-thumbnail","6":"product_cat-mevlana-beuteltee","7":"product_tag-cay","8":"product_tag-cay-posetleri","9":"product_tag-lanka","10":"product_tag-mevlana","11":"product_tag-seylan","12":"product_tag-siyah-cay","13":"product_tag-sri","15":"first","16":"instock","17":"taxable","18":"shipping-taxable","19":"purchasable","20":"product-type-simple"},"_links":{"self":[{"href":"https:\/\/mevlanacay.de\/tr\/wp-json\/wp\/v2\/product\/35099","targetHints":{"allow":["GET"]}}],"collection":[{"href":"https:\/\/mevlanacay.de\/tr\/wp-json\/wp\/v2\/product"}],"about":[{"href":"https:\/\/mevlanacay.de\/tr\/wp-json\/wp\/v2\/types\/product"}],"replies":[{"embeddable":true,"href":"https:\/\/mevlanacay.de\/tr\/wp-json\/wp\/v2\/comments?post=35099"}],"wp:featuredmedia":[{"embeddable":true,"href":"https:\/\/mevlanacay.de\/tr\/wp-json\/wp\/v2\/media\/35101"}],"wp:attachment":[{"href":"https:\/\/mevlanacay.de\/tr\/wp-json\/wp\/v2\/media?parent=35099"}],"wp:term":[{"taxonomy":"product_cat","embeddable":true,"href":"https:\/\/mevlanacay.de\/tr\/wp-json\/wp\/v2\/product_cat?post=35099"},{"taxonomy":"product_tag","embeddable":true,"href":"https:\/\/mevlanacay.de\/tr\/wp-json\/wp\/v2\/product_tag?post=35099"}],"curies":[{"name":"wp","href":"https:\/\/api.w.org\/{rel}","templated":true}]}}