{"id":35097,"date":"2024-03-25T15:22:49","date_gmt":"2024-03-25T14:22:49","guid":{"rendered":"https:\/\/mevlanacay.de\/?post_type=product&#038;p=35097"},"modified":"2026-04-12T12:56:14","modified_gmt":"2026-04-12T10:56:14","slug":"mevlana-tee-goran-tea-cardamom-flavor-25-beutel-1-x-pack-3","status":"publish","type":"product","link":"https:\/\/mevlanacay.de\/tr\/mevlana-tee-goran-tea-cardamom-flavor-25-beutel-1-x-pack-3\/","title":{"rendered":"Mevlana Kakule Aromal\u0131 Siyah \u00c7ay | 25 Po\u015fetlik Seylan \u00c7ay"},"content":{"rendered":"<p data-start=\"39\" data-end=\"174\"><strong data-start=\"39\" data-end=\"104\">Mevlana Kakule Aromal\u0131 Siyah Po\u015fet \u00c7ay (L\u00fcks Harman)\u00a0<\/strong><\/p>\n<p data-start=\"176\" data-end=\"670\">Goran Tee\u2019nin \u00fcretti\u011fi Mevlana Kakule Aromal\u0131 Siyah Po\u015fet \u00c7ay\u0131n\u0131, Uzakdo\u011fu\u2019nun y\u00fcksek rak\u0131ml\u0131 \u00e7ay bah\u00e7elerinde yeti\u015fen b\u00fcy\u00fck \u00e7ay yapraklar\u0131n\u0131n elle toplan\u0131p en y\u00fcksek standartlarda i\u015flenmesiyle elde ediyoruz. Bu seylan \u00e7ay\u0131n\u0131n kalitesinde ve aromatik lezzetinde ilk olarak do\u011fru yeti\u015ftirme y\u00f6ntemleri ve elveri\u015fli iklim \u00f6nemli bir rol oynar. Bunun yan\u0131 s\u0131ra Alman kalite anlay\u0131\u015f\u0131 siyah \u00e7ay\u0131m\u0131za benzersiz bir karakter kazand\u0131r\u0131r.<\/p>\n<p data-start=\"672\" data-end=\"1018\">\u00dcretim safhas\u0131n\u0131n ikinci k\u0131sm\u0131n\u0131 Almanya\u2019da ge\u00e7iren \u00fcr\u00fcn\u00fcm\u00fcz kakule aromas\u0131 sayesinde siyah \u00e7ay\u0131n derin aromas\u0131yla m\u00fckemmel bir uyum yakalar. L\u00fcks harman ve y\u00fczde 98 oran\u0131nda tozdan ar\u0131nd\u0131r\u0131lm\u0131\u015f olmas\u0131yla da rakipsizdir. Bu \u00f6zellikleri sayesinde de sevdiklerinize hediye edebilece\u011finiz ideal bir \u00fcr\u00fcnd\u00fcr.<\/p>\n<ul>\n<li data-start=\"1020\" data-end=\"1377\" class=\"translation-block\"><strong data-start=\"1020\" data-end=\"1032\">\u00dcr\u00fcn:<\/strong> Yo\u011fun Kakule Aromal\u0131 Siyah Po\u015fet \u00c7ay<\/li>\n<li data-start=\"1020\" data-end=\"1377\" class=\"translation-block\"><strong data-start=\"1090\" data-end=\"1109\">Net A\u011f\u0131rl\u0131k:<\/strong> 2g x 25 Po\u015fet = 50g<\/li>\n<li data-start=\"1020\" data-end=\"1377\" class=\"translation-block\"><strong data-start=\"1163\" data-end=\"1177\">Tat:<\/strong>\u00a0Yumu\u015fak, dengeli, ferahlat\u0131c\u0131 ve kakule aromas\u0131 sayesinde hafif tatl\u0131ms\u0131<\/li>\n<li data-start=\"1020\" data-end=\"1377\" class=\"translation-block\"><strong data-start=\"1245\" data-end=\"1264\">\u00d6ne \u00c7\u0131kan \u00d6zellikler:<\/strong>\u00a0Karakteristik ve belirgin i\u00e7im, l\u00fcks harman<\/li>\n<li data-start=\"1020\" data-end=\"1377\" class=\"translation-block\"><strong data-start=\"1004\" data-end=\"1018\">Kullan\u0131m<\/strong>: Aile paketi, hediye olarak idealdir<\/li>\n<\/ul>","protected":false},"excerpt":{"rendered":"<p>Mevlana schwarzer Tee mit Kardamom-Geschmack und Luxusmischung in 25 Teebeuteln vereint feines Aroma mit deutscher Qualit\u00e4tsverarbeitung. Ideal f\u00fcr Familie und als Geschenk.<\/p>","protected":false},"featured_media":35088,"comment_status":"open","ping_status":"closed","template":"","meta":{"_mi_skip_tracking":false},"product_cat":[312],"product_tag":[],"class_list":{"0":"post-35097","1":"product","2":"type-product","3":"status-publish","4":"has-post-thumbnail","6":"product_cat-mevlana-beuteltee","8":"first","9":"instock","10":"purchasable","11":"product-type-simple"},"_links":{"self":[{"href":"https:\/\/mevlanacay.de\/tr\/wp-json\/wp\/v2\/product\/35097","targetHints":{"allow":["GET"]}}],"collection":[{"href":"https:\/\/mevlanacay.de\/tr\/wp-json\/wp\/v2\/product"}],"about":[{"href":"https:\/\/mevlanacay.de\/tr\/wp-json\/wp\/v2\/types\/product"}],"replies":[{"embeddable":true,"href":"https:\/\/mevlanacay.de\/tr\/wp-json\/wp\/v2\/comments?post=35097"}],"wp:featuredmedia":[{"embeddable":true,"href":"https:\/\/mevlanacay.de\/tr\/wp-json\/wp\/v2\/media\/35088"}],"wp:attachment":[{"href":"https:\/\/mevlanacay.de\/tr\/wp-json\/wp\/v2\/media?parent=35097"}],"wp:term":[{"taxonomy":"product_cat","embeddable":true,"href":"https:\/\/mevlanacay.de\/tr\/wp-json\/wp\/v2\/product_cat?post=35097"},{"taxonomy":"product_tag","embeddable":true,"href":"https:\/\/mevlanacay.de\/tr\/wp-json\/wp\/v2\/product_tag?post=35097"}],"curies":[{"name":"wp","href":"https:\/\/api.w.org\/{rel}","templated":true}]}}