{"id":33175,"date":"2022-07-18T14:34:59","date_gmt":"2022-07-18T12:34:59","guid":{"rendered":"https:\/\/mevlanacay.de\/yeni\/?post_type=product&#038;p=33175"},"modified":"2026-04-04T14:33:39","modified_gmt":"2026-04-04T12:33:39","slug":"sindbad-cay-premium-ceylon-goran-cay-1kg-1-stk-1x1kg","status":"publish","type":"product","link":"https:\/\/mevlanacay.de\/tr\/sindbad-cay-premium-ceylon-goran-cay-1kg-1-stk-1x1kg\/","title":{"rendered":"Sindbad D\u00f6kme Siyah \u00c7ay | Saf Seylan \u00c7ay | 1000g"},"content":{"rendered":"<p><b>Sindbad \u00c7ay (saf, siyah, d\u00f6kme Seylan \u00e7ay)<\/b><\/p>\n<p class=\"translation-block\">Sindbad markam\u0131za ait saf ve d\u00f6kme Seylan \u00e7ay\u0131, Uzakdo\u011fu\u2019nun y\u00fcksek rak\u0131ml\u0131 \u00e7ay bah\u00e7elerinde \u00f6zenle toplan\u0131p i\u015flenen se\u00e7kin siyah \u00e7ay t\u00fcrlerinden elde edilmektedir.<\/p>\n<p><span style=\"font-weight: 400;\">\u00d6zel yeti\u015ftirme y\u00f6ntemleri ve iklimin etkisi sayesinde bu \u00e7ay, e\u015fsiz derecede kaliteli ve aromatik bir lezzet profili sunar. Muson ya\u011fmurlar\u0131 ve okyanustan gelen serin esinti, yapraklara ince ve zarif bir aroma kazand\u0131r\u0131r.\u00a0<\/span><\/p>\n<p><span style=\"font-weight: 400;\">\u00c7ay yapraklar\u0131 b\u00fct\u00fcn halinde yuvarlan\u0131r, 8 ila 15 mm uzunlu\u011funda olup zarif\u00e7e k\u0131vr\u0131lm\u0131\u015f tomurcuklar\u0131yla dikkat \u00e7eker.<\/span><\/p>\n<ul>\n<li style=\"font-weight: 400;\" aria-level=\"1\"><span style=\"font-weight: 400;\">Do\u011fuya has, se\u00e7kin siyah \u00e7ay harman\u0131<\/span><\/li>\n<li style=\"font-weight: 400;\" aria-level=\"1\"><span style=\"font-weight: 400;\">D\u00f6kme saf Seylan \u00c7ay\u00a0<\/span><\/li>\n<li style=\"font-weight: 400;\" aria-level=\"1\"><span style=\"font-weight: 400;\">G\u00fc\u00e7l\u00fc lezzet<\/span><\/li>\n<li style=\"font-weight: 400;\" aria-level=\"1\"><span style=\"font-weight: 400;\">A\u011f\u0131rl\u0131k: 500g<\/span><\/li>\n<li style=\"font-weight: 400;\" aria-level=\"1\"><span style=\"font-weight: 400;\">Hediye olarak idealdir<\/span><\/li>\n<\/ul>\n<p>&nbsp;<\/p>","protected":false},"excerpt":{"rendered":"<p><span style=\"font-weight: 400;\">\u0130ster kahvalt\u0131da, ister \u00e7ay molas\u0131nda ya da arada bir keyifli anlar i\u00e7in, Sindbad\u2019\u0131n siyah \u00e7ay\u0131 fincan\u0131n\u0131za egzotik bir s\u0131cakl\u0131k getirir.<\/span><\/p>","protected":false},"featured_media":35093,"comment_status":"open","ping_status":"closed","template":"","meta":{"_mi_skip_tracking":false},"product_cat":[442],"product_tag":[349,443],"class_list":{"0":"post-33175","1":"product","2":"type-product","3":"status-publish","4":"has-post-thumbnail","6":"product_cat-sinbad-tee-1000gr","7":"product_tag-goran-sindbad-tee-premium-schwarzer-loser-ceylon-blatt-tee-mischung-1-kg-1x1kg","8":"product_tag-sinbad-tee-1000gr","10":"first","11":"instock","12":"taxable","13":"shipping-taxable","14":"purchasable","15":"product-type-simple"},"_links":{"self":[{"href":"https:\/\/mevlanacay.de\/tr\/wp-json\/wp\/v2\/product\/33175","targetHints":{"allow":["GET"]}}],"collection":[{"href":"https:\/\/mevlanacay.de\/tr\/wp-json\/wp\/v2\/product"}],"about":[{"href":"https:\/\/mevlanacay.de\/tr\/wp-json\/wp\/v2\/types\/product"}],"replies":[{"embeddable":true,"href":"https:\/\/mevlanacay.de\/tr\/wp-json\/wp\/v2\/comments?post=33175"}],"wp:featuredmedia":[{"embeddable":true,"href":"https:\/\/mevlanacay.de\/tr\/wp-json\/wp\/v2\/media\/35093"}],"wp:attachment":[{"href":"https:\/\/mevlanacay.de\/tr\/wp-json\/wp\/v2\/media?parent=33175"}],"wp:term":[{"taxonomy":"product_cat","embeddable":true,"href":"https:\/\/mevlanacay.de\/tr\/wp-json\/wp\/v2\/product_cat?post=33175"},{"taxonomy":"product_tag","embeddable":true,"href":"https:\/\/mevlanacay.de\/tr\/wp-json\/wp\/v2\/product_tag?post=33175"}],"curies":[{"name":"wp","href":"https:\/\/api.w.org\/{rel}","templated":true}]}}