{"id":33174,"date":"2022-07-18T14:34:59","date_gmt":"2022-07-18T12:34:59","guid":{"rendered":"https:\/\/mevlanacay.de\/yeni\/?post_type=product&#038;p=33174"},"modified":"2026-04-14T14:29:52","modified_gmt":"2026-04-14T12:29:52","slug":"sindbad-cay-premium-ceylon-goran-cay-500gr-1-stk-1x500gr","status":"publish","type":"product","link":"https:\/\/mevlanacay.de\/tr\/sindbad-cay-premium-ceylon-goran-cay-500gr-1-stk-1x500gr\/","title":{"rendered":"Sindbad D\u00f6kme Siyah \u00c7ay | Saf Seylan \u00c7ay | 500g"},"content":{"rendered":"<p><b><span dir=\"auto\" style=\"vertical-align: inherit;\"><span dir=\"auto\" style=\"vertical-align: inherit;\">Sindbad Goran \u00c7ay\u0131 (siyah, saf Seylan \u00e7ay\u0131)<\/span><\/span><\/b><\/p>\n<p><span dir=\"auto\" style=\"vertical-align: inherit;\"><span dir=\"auto\" style=\"vertical-align: inherit;\">Sindbad&#8217;\u0131n <\/span><span style=\"font-weight: 400;\"><span dir=\"auto\" style=\"vertical-align: inherit;\">saf, gev\u015fek yaprakl\u0131 Seylan \u00e7ay\u0131 <\/span><\/span><\/span><span style=\"font-weight: 400;\"><span dir=\"auto\" style=\"vertical-align: inherit;\"><span dir=\"auto\" style=\"vertical-align: inherit;\">, Do\u011fu Asya&#8217;n\u0131n y\u00fcksek b\u00f6lgelerinde \u00f6zenle hasat edilen ve i\u015flenen iri yaprakl\u0131 siyah \u00e7ay \u00e7e\u015fidinden elde edilir.\u00a0<\/span><\/span><\/span><\/p>\n<p><span style=\"font-weight: 400;\"><span dir=\"auto\" style=\"vertical-align: inherit;\"><span dir=\"auto\" style=\"vertical-align: inherit;\">E\u015fsiz yeti\u015ftirme y\u00f6ntemleri ve iklimin etkisi sayesinde, bu oryantal \u00e7ay, k\u0131yaslanamayacak kadar y\u00fcksek kaliteli ve aromatik bir lezzet profili geli\u015ftirir. Muson ya\u011fmurlar\u0131 ve taze okyanus esintileri yapraklara narin aromas\u0131n\u0131 verir.\u00a0<\/span><\/span><\/span><\/p>\n<p><span style=\"font-weight: 400;\"><span dir=\"auto\" style=\"vertical-align: inherit;\"><span dir=\"auto\" style=\"vertical-align: inherit;\">\u00c7ay yapraklar\u0131 tam uzunluklar\u0131nda sar\u0131l\u0131r, 8 ila 15 mm \u00f6l\u00e7\u00fclerindedir ve zarif\u00e7e k\u0131vr\u0131lm\u0131\u015f yaprak tomurcuklar\u0131yla karakterize edilirler.<\/span><\/span><\/span><\/p>\n<ul>\n<li style=\"font-weight: 400;\" aria-level=\"1\"><span style=\"font-weight: 400;\"><span dir=\"auto\" style=\"vertical-align: inherit;\"><span dir=\"auto\" style=\"vertical-align: inherit;\">Nefis oryantal siyah \u00e7ay kar\u0131\u015f\u0131m\u0131<\/span><\/span><\/span><\/li>\n<li style=\"font-weight: 400;\" aria-level=\"1\"><span style=\"font-weight: 400;\"><span dir=\"auto\" style=\"vertical-align: inherit;\"><span dir=\"auto\" style=\"vertical-align: inherit;\">d\u00f6kme, saf Seylan \u00e7ay\u0131\u00a0<\/span><\/span><\/span><\/li>\n<li style=\"font-weight: 400;\" aria-level=\"1\"><span style=\"font-weight: 400;\"><span dir=\"auto\" style=\"vertical-align: inherit;\"><span dir=\"auto\" style=\"vertical-align: inherit;\">G\u00fc\u00e7l\u00fc lezzet<\/span><\/span><\/span><\/li>\n<li style=\"font-weight: 400;\" aria-level=\"1\"><span style=\"font-weight: 400;\"><span dir=\"auto\" style=\"vertical-align: inherit;\"><span dir=\"auto\" style=\"vertical-align: inherit;\">\u0130\u00e7erik: 500 g<\/span><\/span><\/span><\/li>\n<li style=\"font-weight: 400;\" aria-level=\"1\"><span style=\"font-weight: 400;\"><span dir=\"auto\" style=\"vertical-align: inherit;\"><span dir=\"auto\" style=\"vertical-align: inherit;\">Hediye olarak m\u00fckemmel<\/span><\/span><\/span><\/li>\n<\/ul>","protected":false},"excerpt":{"rendered":"<p><span style=\"font-weight: 400;\"><span dir=\"auto\" style=\"vertical-align: inherit;\"><span dir=\"auto\" style=\"vertical-align: inherit;\">\u0130ster kahvalt\u0131da, ister \u00e7ay molas\u0131nda, isterse aradaki keyifli bir an i\u00e7in olsun, Sindbad&#8217;\u0131n siyah \u00e7ay\u0131 fincan\u0131n\u0131za egzotik bir s\u0131cakl\u0131k kat\u0131yor.<\/span><\/span><\/span><\/p>","protected":false},"featured_media":35092,"comment_status":"open","ping_status":"closed","template":"","meta":{"_mi_skip_tracking":false},"product_cat":[444],"product_tag":[347],"class_list":{"0":"post-33174","1":"product","2":"type-product","3":"status-publish","4":"has-post-thumbnail","6":"product_cat-sinbad-tee-500gr","7":"product_tag-goran-sindbad-tee-premium-schwarzer-loser-ceylon-blatt-tee-mischung-500g-1-x-500gr","9":"first","10":"instock","11":"purchasable","12":"product-type-simple"},"_links":{"self":[{"href":"https:\/\/mevlanacay.de\/tr\/wp-json\/wp\/v2\/product\/33174","targetHints":{"allow":["GET"]}}],"collection":[{"href":"https:\/\/mevlanacay.de\/tr\/wp-json\/wp\/v2\/product"}],"about":[{"href":"https:\/\/mevlanacay.de\/tr\/wp-json\/wp\/v2\/types\/product"}],"replies":[{"embeddable":true,"href":"https:\/\/mevlanacay.de\/tr\/wp-json\/wp\/v2\/comments?post=33174"}],"wp:featuredmedia":[{"embeddable":true,"href":"https:\/\/mevlanacay.de\/tr\/wp-json\/wp\/v2\/media\/35092"}],"wp:attachment":[{"href":"https:\/\/mevlanacay.de\/tr\/wp-json\/wp\/v2\/media?parent=33174"}],"wp:term":[{"taxonomy":"product_cat","embeddable":true,"href":"https:\/\/mevlanacay.de\/tr\/wp-json\/wp\/v2\/product_cat?post=33174"},{"taxonomy":"product_tag","embeddable":true,"href":"https:\/\/mevlanacay.de\/tr\/wp-json\/wp\/v2\/product_tag?post=33174"}],"curies":[{"name":"wp","href":"https:\/\/api.w.org\/{rel}","templated":true}]}}