{"id":33153,"date":"2022-07-18T14:34:57","date_gmt":"2022-07-18T12:34:57","guid":{"rendered":"https:\/\/mevlanacay.de\/yeni\/?post_type=product&#038;p=33153"},"modified":"2026-04-09T12:10:03","modified_gmt":"2026-04-09T10:10:03","slug":"mevlana-cay-seylon-goran-cay-500gr-1-adet-1-adet-500gr","status":"publish","type":"product","link":"https:\/\/mevlanacay.de\/tr\/mevlana-cay-seylon-goran-cay-500gr-1-adet-1-adet-500gr\/","title":{"rendered":"Mevlana D\u00f6kme Siyah Seylan \u00c7ay | Goran-Tee | 1 Paket, 500g"},"content":{"rendered":"<p data-start=\"133\" data-end=\"797\"><strong data-start=\"133\" data-end=\"174\"><span dir=\"auto\" style=\"vertical-align: inherit;\"><span dir=\"auto\" style=\"vertical-align: inherit;\"><span dir=\"auto\" style=\"vertical-align: inherit;\"><span dir=\"auto\" style=\"vertical-align: inherit;\">Mevlana Siyah \u00c7ay (L\u00fcks Kar\u0131\u015f\u0131m\u0131) (500 gr)<\/span><\/span><\/span><\/span><\/strong><br data-start=\"174\" data-end=\"177\" \/><span dir=\"auto\" style=\"vertical-align: inherit;\"><span dir=\"auto\" style=\"vertical-align: inherit;\"><span dir=\"auto\" style=\"vertical-align: inherit;\"><span dir=\"auto\" style=\"vertical-align: inherit;\"> Goran \u00c7ay\u0131 taraf\u0131ndan \u00fcretilen Mevlana Siyah Seylan \u00c7ay\u0131, Do\u011fu Asya&#8217;n\u0131n y\u00fcksek rak\u0131ml\u0131 \u00e7ay bah\u00e7elerinden gelir. B\u00fcy\u00fck yaprak \u00e7aylar\u0131, Almanya&#8217;da ve y\u00fcksek standartlara g\u00f6re \u00f6zenle se\u00e7ilip i\u015flenir. \u00c7e\u015fitli aroma ve aromalar\u0131 kullanabilirsiniz ve m\u00fcmk\u00fcn olan en iyi tada sahip olacaks\u0131n\u0131z.<\/span><\/span><\/span><\/span><\/p>\n<p data-start=\"133\" data-end=\"797\"><span dir=\"auto\" style=\"vertical-align: inherit;\"><span dir=\"auto\" style=\"vertical-align: inherit;\"><span dir=\"auto\" style=\"vertical-align: inherit;\"><span dir=\"auto\" style=\"vertical-align: inherit;\">Alman kalite anlay\u0131\u015f\u0131yla tamamlanan siyah \u00e7ay\u0131m\u0131z, kendine \u00f6zg\u00fc \u00f6zellikler kazan\u0131r. \u0130kinci \u00fcretim a\u015famas\u0131nda Almanya&#8217;da rafine edilir ve %98 tozsuz kalitesiyle benzersiz, rafine bir l\u00fcks kar\u0131\u015f\u0131m elde edilir.<\/span><\/span><\/span><\/span><\/p>\n<ul>\n<li data-start=\"799\" data-end=\"1028\"><strong data-start=\"799\" data-end=\"811\"><span dir=\"auto\" style=\"vertical-align: inherit;\"><span dir=\"auto\" style=\"vertical-align: inherit;\"><span dir=\"auto\" style=\"vertical-align: inherit;\"><span dir=\"auto\" style=\"vertical-align: inherit;\">\u00dcr\u00fcn:<\/span><\/span><\/span><\/span><\/strong><span dir=\"auto\" style=\"vertical-align: inherit;\"><span dir=\"auto\" style=\"vertical-align: inherit;\"><span dir=\"auto\" style=\"vertical-align: inherit;\"><span dir=\"auto\" style=\"vertical-align: inherit;\"> Gev\u015fek Siyah Seylan \u00c7ay\u0131<\/span><\/span><\/span><\/span><\/li>\n<li data-start=\"799\" data-end=\"1028\"><strong data-start=\"834\" data-end=\"851\"><span dir=\"auto\" style=\"vertical-align: inherit;\"><span dir=\"auto\" style=\"vertical-align: inherit;\"><span dir=\"auto\" style=\"vertical-align: inherit;\"><span dir=\"auto\" style=\"vertical-align: inherit;\">Net a\u011f\u0131rl\u0131k:<\/span><\/span><\/span><\/span><\/strong><span dir=\"auto\" style=\"vertical-align: inherit;\"><span dir=\"auto\" style=\"vertical-align: inherit;\"><span dir=\"auto\" style=\"vertical-align: inherit;\"><span dir=\"auto\" style=\"vertical-align: inherit;\"> 500 gr<\/span><\/span><\/span><\/span><\/li>\n<li data-start=\"799\" data-end=\"1028\"><strong data-start=\"861\" data-end=\"875\"><span dir=\"auto\" style=\"vertical-align: inherit;\"><span dir=\"auto\" style=\"vertical-align: inherit;\"><span dir=\"auto\" style=\"vertical-align: inherit;\"><span dir=\"auto\" style=\"vertical-align: inherit;\">Tat:<\/span><\/span><\/span><\/span><\/strong><span dir=\"auto\" style=\"vertical-align: inherit;\"><span dir=\"auto\" style=\"vertical-align: inherit;\"><span dir=\"auto\" style=\"vertical-align: inherit;\"><span dir=\"auto\" style=\"vertical-align: inherit;\"> Hafif, d\u00fczenli, ferahlat\u0131c\u0131<\/span><\/span><\/span><\/span><\/li>\n<li data-start=\"799\" data-end=\"1028\"><strong data-start=\"908\" data-end=\"931\"><span dir=\"auto\" style=\"vertical-align: inherit;\"><span dir=\"auto\" style=\"vertical-align: inherit;\"><span dir=\"auto\" style=\"vertical-align: inherit;\"><span dir=\"auto\" style=\"vertical-align: inherit;\">\u00d6zel \u00d6zellikler:<\/span><\/span><\/span><\/span><\/strong><span dir=\"auto\" style=\"vertical-align: inherit;\"><span dir=\"auto\" style=\"vertical-align: inherit;\"><span dir=\"auto\" style=\"vertical-align: inherit;\"><span dir=\"auto\" style=\"vertical-align: inherit;\"> L\u00fcks kar\u0131\u015f\u0131ml\u0131, %98 tozsuz<\/span><\/span><\/span><\/span><\/li>\n<li data-start=\"799\" data-end=\"1028\"><strong data-start=\"967\" data-end=\"982\"><span dir=\"auto\" style=\"vertical-align: inherit;\"><span dir=\"auto\" style=\"vertical-align: inherit;\"><span dir=\"auto\" style=\"vertical-align: inherit;\"><span dir=\"auto\" style=\"vertical-align: inherit;\">Kullan\u0131m:<\/span><\/span><\/span><\/span><\/strong><span dir=\"auto\" style=\"vertical-align: inherit;\"><span dir=\"auto\" style=\"vertical-align: inherit;\"><span dir=\"auto\" style=\"vertical-align: inherit;\"><span dir=\"auto\" style=\"vertical-align: inherit;\"> Aile paketi veya hediye olarak sunar<\/span><\/span><\/span><\/span><\/li>\n<\/ul>\n<p><img fetchpriority=\"high\" decoding=\"async\" class=\"alignnone wp-image-34376 size-large\" src=\"https:\/\/mevlanacay.de\/wp-content\/uploads\/2022\/07\/ARG01101-1024x597.jpg\" alt=\"\" width=\"1024\" height=\"597\" title=\"\" srcset=\"https:\/\/mevlanacay.de\/wp-content\/uploads\/2022\/07\/ARG01101-1024x597.jpg 1024w, https:\/\/mevlanacay.de\/wp-content\/uploads\/2022\/07\/ARG01101-300x175.jpg 300w, https:\/\/mevlanacay.de\/wp-content\/uploads\/2022\/07\/ARG01101-768x448.jpg 768w, https:\/\/mevlanacay.de\/wp-content\/uploads\/2022\/07\/ARG01101-1536x896.jpg 1536w, https:\/\/mevlanacay.de\/wp-content\/uploads\/2022\/07\/ARG01101-2048x1195.jpg 2048w, https:\/\/mevlanacay.de\/wp-content\/uploads\/2022\/07\/ARG01101-800x467.jpg 800w\" sizes=\"(max-width: 1024px) 100vw, 1024px\" \/><\/p>\n<p>&nbsp;<\/p>\n<p><img decoding=\"async\" class=\"alignnone wp-image-34378 size-large\" src=\"https:\/\/mevlanacay.de\/wp-content\/uploads\/2022\/07\/ARG01063-1024x683.jpg\" alt=\"\" width=\"1024\" height=\"683\" title=\"\" srcset=\"https:\/\/mevlanacay.de\/wp-content\/uploads\/2022\/07\/ARG01063-1024x683.jpg 1024w, https:\/\/mevlanacay.de\/wp-content\/uploads\/2022\/07\/ARG01063-300x200.jpg 300w, https:\/\/mevlanacay.de\/wp-content\/uploads\/2022\/07\/ARG01063-768x512.jpg 768w, https:\/\/mevlanacay.de\/wp-content\/uploads\/2022\/07\/ARG01063-1536x1024.jpg 1536w, https:\/\/mevlanacay.de\/wp-content\/uploads\/2022\/07\/ARG01063-2048x1365.jpg 2048w, https:\/\/mevlanacay.de\/wp-content\/uploads\/2022\/07\/ARG01063-18x12.jpg 18w, https:\/\/mevlanacay.de\/wp-content\/uploads\/2022\/07\/ARG01063-800x533.jpg 800w\" sizes=\"(max-width: 1024px) 100vw, 1024px\" \/><\/p>","protected":false},"excerpt":{"rendered":"<p><span dir=\"auto\" style=\"vertical-align: inherit;\"><span dir=\"auto\" style=\"vertical-align: inherit;\"><span dir=\"auto\" style=\"vertical-align: inherit;\"><span dir=\"auto\" style=\"vertical-align: inherit;\">Mevlana Siyah Seylan L\u00fcks Harman\u0131 \u00c7ay\u0131 (500g), elle toplanm\u0131\u015f yaprak b\u00f6l\u00fcmleri, Alman i\u015f\u00e7ili\u011fi ve hafif, dengeli aromas\u0131yla etkileyicidir; aile i\u00e7in ve hediye olarak sunar.<\/span><\/span><\/span><\/span><\/p>","protected":false},"featured_media":35086,"comment_status":"open","ping_status":"closed","template":"","meta":{"_mi_skip_tracking":false},"product_cat":[324],"product_tag":[],"class_list":{"0":"post-33153","1":"product","2":"type-product","3":"status-publish","4":"has-post-thumbnail","6":"product_cat-mevlana-tee-500gr","8":"first","9":"instock","10":"purchasable","11":"product-type-simple"},"_links":{"self":[{"href":"https:\/\/mevlanacay.de\/tr\/wp-json\/wp\/v2\/product\/33153","targetHints":{"allow":["GET"]}}],"collection":[{"href":"https:\/\/mevlanacay.de\/tr\/wp-json\/wp\/v2\/product"}],"about":[{"href":"https:\/\/mevlanacay.de\/tr\/wp-json\/wp\/v2\/types\/product"}],"replies":[{"embeddable":true,"href":"https:\/\/mevlanacay.de\/tr\/wp-json\/wp\/v2\/comments?post=33153"}],"wp:featuredmedia":[{"embeddable":true,"href":"https:\/\/mevlanacay.de\/tr\/wp-json\/wp\/v2\/media\/35086"}],"wp:attachment":[{"href":"https:\/\/mevlanacay.de\/tr\/wp-json\/wp\/v2\/media?parent=33153"}],"wp:term":[{"taxonomy":"product_cat","embeddable":true,"href":"https:\/\/mevlanacay.de\/tr\/wp-json\/wp\/v2\/product_cat?post=33153"},{"taxonomy":"product_tag","embeddable":true,"href":"https:\/\/mevlanacay.de\/tr\/wp-json\/wp\/v2\/product_tag?post=33153"}],"curies":[{"name":"wp","href":"https:\/\/api.w.org\/{rel}","templated":true}]}}