{"id":33151,"date":"2022-07-18T14:34:57","date_gmt":"2022-07-18T12:34:57","guid":{"rendered":"https:\/\/mevlanacay.de\/yeni\/?post_type=product&#038;p=33151"},"modified":"2026-04-17T16:24:14","modified_gmt":"2026-04-17T14:24:14","slug":"mevlana-cay-poseti-yesil-cay-6li-paket","status":"publish","type":"product","link":"https:\/\/mevlanacay.de\/tr\/mevlana-cay-poseti-yesil-cay-6li-paket\/","title":{"rendered":"Mevlana Ye\u015fil \u00c7ay | 6 Paketlik Po\u015fet \u00c7ay Seti"},"content":{"rendered":"<p data-start=\"43\" data-end=\"139\" class=\"translation-block\"><strong data-start=\"43\" data-end=\"90\">Mevlana Ye\u015fil Po\u015fet \u00c7ay (L\u00fcks Harman), (6l\u0131 Pakette 150 Po\u015fet)<\/strong><br data-start=\"90\" data-end=\"93\">Goran Tee\u2019nin \u00fcretti\u011fi Mevlana Ye\u015fil Po\u015fet \u00c7ay\u0131n\u0131, Uzakdo\u011fu\u2019nun y\u00fcksek rak\u0131ml\u0131 \u00e7ay bah\u00e7elerinde yeti\u015fen b\u00fcy\u00fck \u00e7ay yapraklar\u0131n\u0131n elle toplan\u0131p en y\u00fcksek standartlarda i\u015flenmesiyle elde ediyoruz. Bu seylan \u00e7ay\u0131n\u0131n kalitesinde ve aromatik lezzetinde ilk olarak do\u011fru yeti\u015ftirme y\u00f6ntemleri ve elveri\u015fli iklim \u00f6nemli bir rol oynar. Bunun yan\u0131 s\u0131ra Alman kalite anlay\u0131\u015f\u0131 ye\u015fil \u00e7ay\u0131m\u0131za benzersiz bir karakter kazand\u0131r\u0131r.<\/p>\n<p data-start=\"625\" data-end=\"860\">\u00dcretim safhas\u0131n\u0131n ikinci k\u0131sm\u0131n\u0131 Almanya\u2019da ge\u00e7iren \u00fcr\u00fcn\u00fcm\u00fcz l\u00fcks harmand\u0131r ve y\u00fczde 98 oran\u0131nda tozdan ar\u0131nd\u0131r\u0131lm\u0131\u015f olmas\u0131yla da rakipsizdir. Bu \u00f6zellikleri sayesinde de sevdiklerinize hediye edebilece\u011finiz ideal bir \u00fcr\u00fcnd\u00fcr.<\/p>\n<ul>\n<li data-start=\"862\" data-end=\"1140\" class=\"translation-block\"><strong data-start=\"862\" data-end=\"874\">\u00dcr\u00fcn:<\/strong> Ye\u015fil Po\u015fet \u00c7ay (L\u00fcks harman)<\/li>\n<li data-start=\"862\" data-end=\"1140\" class=\"translation-block\"><strong data-start=\"910\" data-end=\"929\">Net A\u011f\u0131rl\u0131k:<\/strong> 6 x (2gx25) = 300g (Her pakette 25 po\u015fet \u00e7ay bulunur)<\/li>\n<li data-start=\"862\" data-end=\"1140\" class=\"translation-block\"><strong data-start=\"1009\" data-end=\"1023\">Tat:<\/strong> Hafif buruk, taze, do\u011fal ve dengeli<\/li>\n<li data-start=\"862\" data-end=\"1140\" class=\"translation-block\"><strong data-start=\"1072\" data-end=\"1091\" data-is-only-node=\"\">\u00d6ne \u00e7\u0131kan \u00d6zellikleri:<\/strong> L\u00fcks Harman<\/li>\n<li data-start=\"862\" data-end=\"1140\" class=\"translation-block\"><strong>Kullan\u0131m:<\/strong> Aile paketi, hediye olarak idealdir<\/li>\n<\/ul>","protected":false},"excerpt":{"rendered":"<p>Mevlana \u00c7ay'\u0131n sundu\u011fu po\u015fet ye\u015fil \u00e7ay (l\u00fcks harman), y\u00fcksek rak\u0131ml\u0131 bah\u00e7elerden elle toplan\u0131r ve Alman kalite i\u015f\u00e7ili\u011fi ile ve ferah ve dengeli bir tat vaat eder.<\/p>","protected":false},"featured_media":35111,"comment_status":"closed","ping_status":"closed","template":"","meta":{"_mi_skip_tracking":false},"product_cat":[312],"product_tag":[456,457,322,316,458],"class_list":{"0":"post-33151","1":"product","2":"type-product","3":"status-publish","4":"has-post-thumbnail","6":"product_cat-mevlana-beuteltee","7":"product_tag-cay","8":"product_tag-cay-poseti","9":"product_tag-goran","10":"product_tag-mevlana","11":"product_tag-yesil","13":"first","14":"instock","15":"taxable","16":"shipping-taxable","17":"purchasable","18":"product-type-simple"},"_links":{"self":[{"href":"https:\/\/mevlanacay.de\/tr\/wp-json\/wp\/v2\/product\/33151","targetHints":{"allow":["GET"]}}],"collection":[{"href":"https:\/\/mevlanacay.de\/tr\/wp-json\/wp\/v2\/product"}],"about":[{"href":"https:\/\/mevlanacay.de\/tr\/wp-json\/wp\/v2\/types\/product"}],"replies":[{"embeddable":true,"href":"https:\/\/mevlanacay.de\/tr\/wp-json\/wp\/v2\/comments?post=33151"}],"wp:featuredmedia":[{"embeddable":true,"href":"https:\/\/mevlanacay.de\/tr\/wp-json\/wp\/v2\/media\/35111"}],"wp:attachment":[{"href":"https:\/\/mevlanacay.de\/tr\/wp-json\/wp\/v2\/media?parent=33151"}],"wp:term":[{"taxonomy":"product_cat","embeddable":true,"href":"https:\/\/mevlanacay.de\/tr\/wp-json\/wp\/v2\/product_cat?post=33151"},{"taxonomy":"product_tag","embeddable":true,"href":"https:\/\/mevlanacay.de\/tr\/wp-json\/wp\/v2\/product_tag?post=33151"}],"curies":[{"name":"wp","href":"https:\/\/api.w.org\/{rel}","templated":true}]}}