{"id":33150,"date":"2022-07-18T14:34:57","date_gmt":"2022-07-18T12:34:57","guid":{"rendered":"https:\/\/mevlanacay.de\/yeni\/?post_type=product&#038;p=33150"},"modified":"2026-04-19T20:32:42","modified_gmt":"2026-04-19T18:32:42","slug":"mevlana-cay-goran-cay-yesil-cay-posetleri-25-poset-1-x-paket","status":"publish","type":"product","link":"https:\/\/mevlanacay.de\/tr\/mevlana-cay-goran-cay-yesil-cay-posetleri-25-poset-1-x-paket\/","title":{"rendered":"Mevlana Ye\u015fil \u00c7ay | 25 Po\u015fetlik Paket"},"content":{"rendered":"<p data-start=\"72\" data-end=\"525\"><strong data-start=\"72\" data-end=\"116\">Mevlana Po\u015fet Ye\u015fil \u00c7ay (L\u00fcks Harman)<\/strong><br data-start=\"116\" data-end=\"119\" \/>Goran Tee\u2019nin \u00fcretti\u011fi Mevlana Ye\u015fil Po\u015fet \u00c7ay\u0131n\u0131, Uzakdo\u011fu\u2019nun y\u00fcksek rak\u0131ml\u0131 \u00e7ay bah\u00e7elerinde yeti\u015fen b\u00fcy\u00fck \u00e7ay yapraklar\u0131n\u0131n elle toplan\u0131p en y\u00fcksek standartlarda i\u015flenmesiyle elde ediyoruz. Bu seylan \u00e7ay\u0131n\u0131n kalitesinde ve aromatik lezzetinde ilk olarak do\u011fru yeti\u015ftirme y\u00f6ntemleri ve elveri\u015fli iklim \u00f6nemli bir rol oynar.<\/p>\n<p data-start=\"527\" data-end=\"881\">Bunun yan\u0131 s\u0131ra Alman kalite anlay\u0131\u015f\u0131 ye\u015fil \u00e7ay\u0131m\u0131za benzersiz bir karakter kazand\u0131r\u0131r. \u00dcretim safhas\u0131n\u0131n ikinci k\u0131sm\u0131n\u0131 Almanya\u2019da ge\u00e7iren \u00fcr\u00fcn\u00fcm\u00fcz l\u00fcks harmand\u0131r ve y\u00fczde 98 oran\u0131nda tozdan ar\u0131nd\u0131r\u0131lm\u0131\u015f olmas\u0131yla da rakipsizdir. Bu \u00f6zellikleri sayesinde de sevdiklerinize hediye edebilece\u011finiz ideal bir \u00fcr\u00fcnd\u00fcr.<\/p>\n<ul>\n<li data-start=\"883\" data-end=\"1166\" class=\"translation-block\"><strong data-start=\"883\" data-end=\"895\">\u00dcr\u00fcn:<\/strong> Po\u015fet Ye\u015fil \u00c7ay (L\u00fcks harman)<\/li>\n<li data-start=\"883\" data-end=\"1166\" class=\"translation-block\"><strong data-start=\"931\" data-end=\"948\">Net A\u011f\u0131rl\u0131k:<\/strong> 2 g \u00d7 25 = 50 g (Pakette her biri 2g a\u011f\u0131rl\u0131\u011f\u0131nda 25 po\u015fet \u00e7ay bulunur)<\/li>\n<li data-start=\"883\" data-end=\"1166\" class=\"translation-block\"><strong data-start=\"1009\" data-end=\"1023\">Tat:<\/strong> Hafif buruk, taze, do\u011fal ve dengeli<\/li>\n<li data-start=\"883\" data-end=\"1166\" class=\"translation-block\"><strong data-start=\"1072\" data-end=\"1091\" data-is-only-node=\"\">\u00d6ne \u00e7\u0131kan \u00d6zellikleri:<\/strong> L\u00fcks Harman<\/li>\n<li data-start=\"883\" data-end=\"1166\" class=\"translation-block\"><strong>Kullan\u0131m:<\/strong> Aile paketi, hediye olarak idealdir<\/li>\n<\/ul>","protected":false},"excerpt":{"rendered":"<h6 class=\"sr-only\"><span style=\"font-size: 16px;\">Mevlana Gr\u00fcner Tee (Beuteltee mit Luxusmischung) vereint handverlesene Teebl\u00e4tter aus den Hochlagen Ostasiens mit deutscher Veredelungskunst zu einem frischen, ausgewogenen Genuss. Ideal auch als Geschenk.<\/span><\/h6>","protected":false},"featured_media":35089,"comment_status":"open","ping_status":"closed","template":"","meta":{"_mi_skip_tracking":false},"product_cat":[312],"product_tag":[321],"class_list":{"0":"post-33150","1":"product","2":"type-product","3":"status-publish","4":"has-post-thumbnail","6":"product_cat-mevlana-beuteltee","7":"product_tag-mevlana-goran-tee-beuteltee-luxus-mischung-gruner-tea-25-beutel-1pack-cay","9":"first","10":"instock","11":"purchasable","12":"product-type-simple"},"_links":{"self":[{"href":"https:\/\/mevlanacay.de\/tr\/wp-json\/wp\/v2\/product\/33150","targetHints":{"allow":["GET"]}}],"collection":[{"href":"https:\/\/mevlanacay.de\/tr\/wp-json\/wp\/v2\/product"}],"about":[{"href":"https:\/\/mevlanacay.de\/tr\/wp-json\/wp\/v2\/types\/product"}],"replies":[{"embeddable":true,"href":"https:\/\/mevlanacay.de\/tr\/wp-json\/wp\/v2\/comments?post=33150"}],"wp:featuredmedia":[{"embeddable":true,"href":"https:\/\/mevlanacay.de\/tr\/wp-json\/wp\/v2\/media\/35089"}],"wp:attachment":[{"href":"https:\/\/mevlanacay.de\/tr\/wp-json\/wp\/v2\/media?parent=33150"}],"wp:term":[{"taxonomy":"product_cat","embeddable":true,"href":"https:\/\/mevlanacay.de\/tr\/wp-json\/wp\/v2\/product_cat?post=33150"},{"taxonomy":"product_tag","embeddable":true,"href":"https:\/\/mevlanacay.de\/tr\/wp-json\/wp\/v2\/product_tag?post=33150"}],"curies":[{"name":"wp","href":"https:\/\/api.w.org\/{rel}","templated":true}]}}