{"id":36332,"date":"2025-12-18T13:38:06","date_gmt":"2025-12-18T12:38:06","guid":{"rendered":"https:\/\/mevlanacay.de\/?page_id=36332"},"modified":"2025-12-22T11:42:33","modified_gmt":"2025-12-22T10:42:33","slug":"bagdat-cayi","status":"publish","type":"page","link":"https:\/\/mevlanacay.de\/tr\/bagdat-cayi\/","title":{"rendered":"Ba\u011fdat \u00c7ay\u0131"},"content":{"rendered":"<div data-elementor-type=\"wp-page\" data-elementor-id=\"36332\" class=\"elementor elementor-36332\">\n\t\t\t\t\t\t<section class=\"elementor-section elementor-top-section elementor-element elementor-element-66cbd08 elementor-section-boxed elementor-section-height-default elementor-section-height-default\" data-id=\"66cbd08\" data-element_type=\"section\">\n\t\t\t\t\t\t<div class=\"elementor-container elementor-column-gap-default\">\n\t\t\t\t\t<div class=\"elementor-column elementor-col-100 elementor-top-column elementor-element elementor-element-dac752b\" data-id=\"dac752b\" data-element_type=\"column\">\n\t\t\t<div class=\"elementor-widget-wrap elementor-element-populated\">\n\t\t\t\t\n\t\t<div class=\"elementor-element elementor-element-6e3887a elementor-widget elementor-widget-heading\" data-id=\"6e3887a\" data-element_type=\"widget\" data-widget_type=\"heading.default\">\n\t\t\t\t<div class=\"elementor-widget-container\">\n\t\t\t<style>\/*! elementor - v3.21.0 - 25-04-2024 *\/\n.elementor-heading-title{padding:0;margin:0;line-height:1}.elementor-widget-heading .elementor-heading-title[class*=elementor-size-]>a{color:inherit;font-size:inherit;line-height:inherit}.elementor-widget-heading .elementor-heading-title.elementor-size-small{font-size:15px}.elementor-widget-heading .elementor-heading-title.elementor-size-medium{font-size:19px}.elementor-widget-heading .elementor-heading-title.elementor-size-large{font-size:29px}.elementor-widget-heading .elementor-heading-title.elementor-size-xl{font-size:39px}.elementor-widget-heading .elementor-heading-title.elementor-size-xxl{font-size:59px}<\/style><h2 class=\"elementor-heading-title elementor-size-default\">Ba\u011fdat \u00c7ay\u0131<\/h2>\t\t<\/div>\n\t\t\t\t<\/div>\n\t\t\t\t<div class=\"elementor-element elementor-element-25fcd1c elementor-widget elementor-widget-text-editor\" data-id=\"25fcd1c\" data-element_type=\"widget\" data-widget_type=\"text-editor.default\">\n\t\t\t\t<div class=\"elementor-widget-container\">\n\t\t\t<style>\/*! elementor - v3.21.0 - 25-04-2024 *\/\n.elementor-widget-text-editor.elementor-drop-cap-view-stacked .elementor-drop-cap{background-color:#69727d;color:#fff}.elementor-widget-text-editor.elementor-drop-cap-view-framed .elementor-drop-cap{color:#69727d;border:3px solid;background-color:transparent}.elementor-widget-text-editor:not(.elementor-drop-cap-view-default) .elementor-drop-cap{margin-top:8px}.elementor-widget-text-editor:not(.elementor-drop-cap-view-default) .elementor-drop-cap-letter{width:1em;height:1em}.elementor-widget-text-editor .elementor-drop-cap{float:left;text-align:center;line-height:1;font-size:50px}.elementor-widget-text-editor .elementor-drop-cap-letter{display:inline-block}<\/style>\t\t\t\t<p>Her Yudumda Mutluluk<br \/>Uzun y\u0131llard\u0131r s\u00fcren ba\u011f\u0131m\u0131z ile sofralar\u0131n tercihi olmaya devam ediyor, kalite ve lezzeti bir araya getiriyoruz.\u00a0<\/p>\t\t\t\t\t\t<\/div>\n\t\t\t\t<\/div>\n\t\t\t\t<div class=\"elementor-element elementor-element-f0b513e elementor-widget elementor-widget-ecolive-products\" data-id=\"f0b513e\" data-element_type=\"widget\" data-widget_type=\"ecolive-products.default\">\n\t\t\t\t<div class=\"elementor-widget-container\">\n\t\t\t<div class=\"woocommerce columns-3  columns-tablet-2 columns-mobile-1\">\n<ul class=\"products columns-3\">\n\n\n<li class=\"product type-product post-33177 status-publish first outofstock product_cat-baghdad-tea product_tag-goran-baghdad-tee-premium-schwarzer-loser-ceylon-blatt-tee-mischung-500g-1-x-500gr has-post-thumbnail taxable shipping-taxable purchasable product-type-simple\">\n\t<div class=\"product-block no-quantity-block\">        <div class=\"product-transition\"><span class=\"stock-label\">Stokta Yok<\/span><div class=\"product-image\"><img fetchpriority=\"high\" decoding=\"async\" width=\"1080\" height=\"1080\" src=\"https:\/\/mevlanacay.de\/wp-content\/uploads\/2022\/07\/WhatsApp-Image-2026-03-03-at-15.02.16.jpeg\" class=\"attachment-shop_catalog size-shop_catalog\" alt=\"Goran Baghdad Tee - Premium Schwarzer loser Ceylon Blatt-Tee Mischung (1000g) 1 St\u00fcck\" title=\"\"><\/div>        <div class=\"group-action\">\n            <div class=\"shop-action\">\n                            <\/div>\n        <\/div>\n        <a href=\"https:\/\/mevlanacay.de\/tr\/goran-baghdad-tee-premium-schwarzer-loser-ceylon-blatt-tee-mischung-1000g-1-x-1000gr\/\" class=\"woocommerce-LoopProduct-link woocommerce-loop-product__link\"><\/a><\/div>\n        <div class=\"product-caption\"><div class=\"posted-in\"><a href=\"https:\/\/mevlanacay.de\/tr\/baghdad-tea\/\" rel=\"tag\">Ba\u011fdat \u00c7ay\u0131<\/a><\/div><h3 class=\"woocommerce-loop-product__title\"><a href=\"https:\/\/mevlanacay.de\/tr\/goran-baghdad-tee-premium-schwarzer-loser-ceylon-blatt-tee-mischung-1000g-1-x-1000gr\/\">Goran Baghdad \u00c7ay \u2013 Premium Siyah Seylan Yaprak \u00c7ay Kar\u0131\u015f\u0131m\u0131 (1000 g) 1 adet<\/a><\/h3>\n\t<span class=\"price\"><span class=\"woocommerce-Price-amount amount\"><bdi>11,50<span class=\"woocommerce-Price-currencySymbol\">&euro;<\/span><\/bdi><\/span><\/span>\n            <div class=\"product-caption-bottom no-quantity\">\n                            <div class=\"quantity\">\n                <label class=\"screen-reader-text\" for=\"quantity_69d0367c1e56a\">Goran Baghdad Tee - Premium Schwarzer loser Ceylon Blatt-Tee Mischung (1000g) 1 St\u00fcck quantity<\/label>\n        <input\n            type=\"number\"\n            id=\"quantity_69d0367c1e56a\"\n            class=\"input-text qty text\"\n            step=\"1\"\n            min=\"1\"\n            max=\"999\"\n            name=\"quantity\"\n            value=\"1\"\n            title=\"Qty\"\n            placeholder=\"\"\n            inputmode=\"numeric\" \/>\n            <\/div>\n    <a href=\"https:\/\/mevlanacay.de\/tr\/goran-baghdad-tee-premium-schwarzer-loser-ceylon-blatt-tee-mischung-1000g-1-x-1000gr\/\" aria-describedby=\"woocommerce_loop_add_to_cart_link_describedby_33177\" data-quantity=\"1\" class=\"button product_type_simple\" data-product_id=\"33177\" data-product_sku=\"1251\" aria-label=\"\u201cGoran Baghdad Tee - Premium Schwarzer loser Ceylon Blatt-Tee Mischung (1000g) 1 St\u00fcck\u201d hakk\u0131nda daha fazla bilgi edinin\" rel=\"nofollow\" data-success_message=\"\" data-no-translation=\"\" data-trp-gettext=\"\" data-no-translation-aria-label=\"\">Devam\u0131n\u0131 oku<\/a>\t<span id=\"woocommerce_loop_add_to_cart_link_describedby_33177\" class=\"screen-reader-text\">\n\t\t\t<\/span>\n            <\/div>\n        <\/div><\/div><\/li>\n<li class=\"product type-product post-33176 status-publish outofstock product_cat-baghdad-tea product_tag-goran-baghdad-tee-premium-schwarzer-loser-ceylon-blatt-tee-mischung-500g-1-x-500gr has-post-thumbnail taxable shipping-taxable purchasable product-type-simple\">\n\t<div class=\"product-block no-quantity-block\">        <div class=\"product-transition\"><span class=\"stock-label\">Stokta Yok<\/span><div class=\"product-image\"><img decoding=\"async\" width=\"1080\" height=\"1080\" src=\"https:\/\/mevlanacay.de\/wp-content\/uploads\/2022\/07\/WhatsApp-Image-2026-03-03-at-15.02.17.jpeg\" class=\"attachment-shop_catalog size-shop_catalog\" alt=\"Goran Baghdad \u00c7ay\u0131, CEYLON \u00c7ay\u0131 500 gr (1 adet)\" title=\"\"><\/div>        <div class=\"group-action\">\n            <div class=\"shop-action\">\n                            <\/div>\n        <\/div>\n        <a href=\"https:\/\/mevlanacay.de\/tr\/goran-baghdad-tee-ceylon-tea-500gr-1-stk-1-x-500gr\/\" class=\"woocommerce-LoopProduct-link woocommerce-loop-product__link\"><\/a><\/div>\n        <div class=\"product-caption\"><div class=\"posted-in\"><a href=\"https:\/\/mevlanacay.de\/tr\/baghdad-tea\/\" rel=\"tag\">Ba\u011fdat \u00c7ay\u0131<\/a><\/div><h3 class=\"woocommerce-loop-product__title\"><a href=\"https:\/\/mevlanacay.de\/tr\/goran-baghdad-tee-ceylon-tea-500gr-1-stk-1-x-500gr\/\">Goran Baghdad \u00c7ay\u0131, CEYLON \u00c7ay\u0131 500 gr (1 adet)<\/a><\/h3>\n\t<span class=\"price\"><span class=\"woocommerce-Price-amount amount\"><bdi>5,99<span class=\"woocommerce-Price-currencySymbol\">&euro;<\/span><\/bdi><\/span><\/span>\n            <div class=\"product-caption-bottom no-quantity\">\n                            <div class=\"quantity\">\n                <label class=\"screen-reader-text\" for=\"quantity_69d0367c1fb55\">Goran Baghdad Tee, CEYLON Tea 500gr (1 Stk.) quantity<\/label>\n        <input\n            type=\"number\"\n            id=\"quantity_69d0367c1fb55\"\n            class=\"input-text qty text\"\n            step=\"1\"\n            min=\"1\"\n            max=\"999\"\n            name=\"quantity\"\n            value=\"1\"\n            title=\"Qty\"\n            placeholder=\"\"\n            inputmode=\"numeric\" \/>\n            <\/div>\n    <a href=\"https:\/\/mevlanacay.de\/tr\/goran-baghdad-tee-ceylon-tea-500gr-1-stk-1-x-500gr\/\" aria-describedby=\"woocommerce_loop_add_to_cart_link_describedby_33176\" data-quantity=\"1\" class=\"button product_type_simple\" data-product_id=\"33176\" data-product_sku=\"1249\" aria-label=\"\u201cGoran Baghdad Tee, CEYLON Tea 500gr (1 Stk.)\u201d hakk\u0131nda daha fazla bilgi edinin\" rel=\"nofollow\" data-success_message=\"\" data-no-translation=\"\" data-trp-gettext=\"\" data-no-translation-aria-label=\"\">Devam\u0131n\u0131 oku<\/a>\t<span id=\"woocommerce_loop_add_to_cart_link_describedby_33176\" class=\"screen-reader-text\">\n\t\t\t<\/span>\n            <\/div>\n        <\/div><\/div><\/li>\n<\/ul>\n<\/div>\t\t<\/div>\n\t\t\t\t<\/div>\n\t\t\t\t\t<\/div>\n\t\t<\/div>\n\t\t\t\t\t<\/div>\n\t\t<\/section>\n\t\t\t\t<\/div>","protected":false},"excerpt":{"rendered":"<p>Baghdad Tee Mit jedem Schluck ein St\u00fcck Gl\u00fcckSeit vielen Jahren begleiten wir Ihre Teemomente \u2013 mit Qualit\u00e4t, Geschmack und Vertrauen. Out Of Stock Baghdad Tee Goran Baghdad Tee &#8211; Premium Schwarzer loser Ceylon Blatt-Tee Mischung (1000g) 1 St\u00fcck 11,50&euro; Goran Baghdad Tee &#8211; Premium Schwarzer loser Ceylon Blatt-Tee Mischung (1000g) 1 St\u00fcck quantity Weiterlesen Out [&hellip;]<\/p>","protected":false},"author":340,"featured_media":0,"parent":0,"menu_order":0,"comment_status":"closed","ping_status":"closed","template":"elementor_header_footer","meta":{"_mi_skip_tracking":false,"footnotes":""},"class_list":["post-36332","page","type-page","status-publish","hentry"],"_links":{"self":[{"href":"https:\/\/mevlanacay.de\/tr\/wp-json\/wp\/v2\/pages\/36332","targetHints":{"allow":["GET"]}}],"collection":[{"href":"https:\/\/mevlanacay.de\/tr\/wp-json\/wp\/v2\/pages"}],"about":[{"href":"https:\/\/mevlanacay.de\/tr\/wp-json\/wp\/v2\/types\/page"}],"author":[{"embeddable":true,"href":"https:\/\/mevlanacay.de\/tr\/wp-json\/wp\/v2\/users\/340"}],"replies":[{"embeddable":true,"href":"https:\/\/mevlanacay.de\/tr\/wp-json\/wp\/v2\/comments?post=36332"}],"version-history":[{"count":14,"href":"https:\/\/mevlanacay.de\/tr\/wp-json\/wp\/v2\/pages\/36332\/revisions"}],"predecessor-version":[{"id":36356,"href":"https:\/\/mevlanacay.de\/tr\/wp-json\/wp\/v2\/pages\/36332\/revisions\/36356"}],"wp:attachment":[{"href":"https:\/\/mevlanacay.de\/tr\/wp-json\/wp\/v2\/media?parent=36332"}],"curies":[{"name":"wp","href":"https:\/\/api.w.org\/{rel}","templated":true}]}}