{"id":36179,"date":"2025-10-15T12:39:51","date_gmt":"2025-10-15T10:39:51","guid":{"rendered":"https:\/\/mevlanacay.de\/?page_id=36179"},"modified":"2025-10-15T13:54:54","modified_gmt":"2025-10-15T11:54:54","slug":"anuga-2025","status":"publish","type":"page","link":"https:\/\/mevlanacay.de\/tr\/anuga-2025\/","title":{"rendered":"Anuga 2025"},"content":{"rendered":"<div data-elementor-type=\"wp-page\" data-elementor-id=\"36179\" class=\"elementor elementor-36179\">\n\t\t\t\t\t\t<section class=\"elementor-section elementor-top-section elementor-element elementor-element-87072f2 elementor-section-boxed elementor-section-height-default elementor-section-height-default\" data-id=\"87072f2\" data-element_type=\"section\">\n\t\t\t\t\t\t<div class=\"elementor-container elementor-column-gap-default\">\n\t\t\t\t\t<div class=\"elementor-column elementor-col-100 elementor-top-column elementor-element elementor-element-f1965ea\" data-id=\"f1965ea\" data-element_type=\"column\">\n\t\t\t<div class=\"elementor-widget-wrap elementor-element-populated\">\n\t\t\t\t\n\t\t<div class=\"elementor-element elementor-element-6873583 elementor-widget elementor-widget-spacer\" data-id=\"6873583\" data-element_type=\"widget\" data-widget_type=\"spacer.default\">\n\t\t\t\t<div class=\"elementor-widget-container\">\n\t\t\t<style>\/*! elementor - v3.21.0 - 25-04-2024 *\/\n.elementor-column .elementor-spacer-inner{height:var(--spacer-size)}.e-con{--container-widget-width:100%}.e-con-inner>.elementor-widget-spacer,.e-con>.elementor-widget-spacer{width:var(--container-widget-width,var(--spacer-size));--align-self:var(--container-widget-align-self,initial);--flex-shrink:0}.e-con-inner>.elementor-widget-spacer>.elementor-widget-container,.e-con>.elementor-widget-spacer>.elementor-widget-container{height:100%;width:100%}.e-con-inner>.elementor-widget-spacer>.elementor-widget-container>.elementor-spacer,.e-con>.elementor-widget-spacer>.elementor-widget-container>.elementor-spacer{height:100%}.e-con-inner>.elementor-widget-spacer>.elementor-widget-container>.elementor-spacer>.elementor-spacer-inner,.e-con>.elementor-widget-spacer>.elementor-widget-container>.elementor-spacer>.elementor-spacer-inner{height:var(--container-widget-height,var(--spacer-size))}.e-con-inner>.elementor-widget-spacer.elementor-widget-empty,.e-con>.elementor-widget-spacer.elementor-widget-empty{position:relative;min-height:22px;min-width:22px}.e-con-inner>.elementor-widget-spacer.elementor-widget-empty .elementor-widget-empty-icon,.e-con>.elementor-widget-spacer.elementor-widget-empty .elementor-widget-empty-icon{position:absolute;top:0;bottom:0;left:0;right:0;margin:auto;padding:0;width:22px;height:22px}<\/style>\t\t<div class=\"elementor-spacer\">\n\t\t\t<div class=\"elementor-spacer-inner\"><\/div>\n\t\t<\/div>\n\t\t\t\t<\/div>\n\t\t\t\t<\/div>\n\t\t\t\t<div class=\"elementor-element elementor-element-7d0d83c elementor-widget elementor-widget-heading\" data-id=\"7d0d83c\" data-element_type=\"widget\" data-widget_type=\"heading.default\">\n\t\t\t\t<div class=\"elementor-widget-container\">\n\t\t\t<style>\/*! elementor - v3.21.0 - 25-04-2024 *\/\n.elementor-heading-title{padding:0;margin:0;line-height:1}.elementor-widget-heading .elementor-heading-title[class*=elementor-size-]>a{color:inherit;font-size:inherit;line-height:inherit}.elementor-widget-heading .elementor-heading-title.elementor-size-small{font-size:15px}.elementor-widget-heading .elementor-heading-title.elementor-size-medium{font-size:19px}.elementor-widget-heading .elementor-heading-title.elementor-size-large{font-size:29px}.elementor-widget-heading .elementor-heading-title.elementor-size-xl{font-size:39px}.elementor-widget-heading .elementor-heading-title.elementor-size-xxl{font-size:59px}<\/style><h2 class=\"elementor-heading-title elementor-size-default\">Goran Tee Mevlana Tee auf der Anuga 2025!<\/h2>\t\t<\/div>\n\t\t\t\t<\/div>\n\t\t\t\t<div class=\"elementor-element elementor-element-bbfb2f5 elementor-widget elementor-widget-text-editor\" data-id=\"bbfb2f5\" data-element_type=\"widget\" data-widget_type=\"text-editor.default\">\n\t\t\t\t<div class=\"elementor-widget-container\">\n\t\t\t<style>\/*! elementor - v3.21.0 - 25-04-2024 *\/\n.elementor-widget-text-editor.elementor-drop-cap-view-stacked .elementor-drop-cap{background-color:#69727d;color:#fff}.elementor-widget-text-editor.elementor-drop-cap-view-framed .elementor-drop-cap{color:#69727d;border:3px solid;background-color:transparent}.elementor-widget-text-editor:not(.elementor-drop-cap-view-default) .elementor-drop-cap{margin-top:8px}.elementor-widget-text-editor:not(.elementor-drop-cap-view-default) .elementor-drop-cap-letter{width:1em;height:1em}.elementor-widget-text-editor .elementor-drop-cap{float:left;text-align:center;line-height:1;font-size:50px}.elementor-widget-text-editor .elementor-drop-cap-letter{display:inline-block}<\/style>\t\t\t\t<p>B\u00fcy\u00fcyen k\u00fcresel vizyonunun bir par\u00e7as\u0131 olarak Mevlana Tea, 4-8 Ekim tarihleri aras\u0131nda Almanya\u2019n\u0131n K\u00f6ln kentinde d\u00fczenlenen, d\u00fcnyan\u0131n \u00f6nde gelen ve en prestijli g\u0131da fuarlar\u0131ndan biri olan Anuga 2025\u2019e gururla kat\u0131ld\u0131.<\/p><p>Mevlana \u00c7ay i\u00e7in Anuga 2025, sadece bir fuardan daha fazlas\u0131yd\u0131 \u2014 40 y\u0131l\u0131 a\u015fk\u0131n uzmanl\u0131\u011f\u0131m\u0131z\u0131, kaliteye olan ba\u011fl\u0131l\u0131\u011f\u0131m\u0131z\u0131 ve Avrupa \u00e7ap\u0131ndaki g\u00fc\u00e7l\u00fc marka varl\u0131\u011f\u0131m\u0131z\u0131 uluslararas\u0131 ortaklarla payla\u015fma f\u0131rsat\u0131yd\u0131.<\/p><p>Mevlana Tea temsilcisi Adem Ayd\u0131n \u015funlar\u0131 s\u00f6yledi:<br \/>\u201cAnuga 2025, Mevlana Tea'n\u0131n t\u00fcm Avrupa'da ne kadar takdir edildi\u011fini ve ne kadar g\u00fcvenildi\u011fini bir kez daha g\u00f6sterdi. Ziyaret\u00e7ilerin b\u00fcy\u00fck ilgisi ve olumlu geri bildirimleri, her fincanda ger\u00e7ek \u00e7ay keyfi sundu\u011fumuz konusundaki inanc\u0131m\u0131z\u0131 peki\u015ftirdi.\u201d<\/p><p>Anuga 2025'e kat\u0131larak Mevlana Tea, uluslararas\u0131 eri\u015fimini daha da geni\u015fleterek, d\u00fcnyan\u0131n d\u00f6rt bir yan\u0131ndaki daha fazla insana e\u015fsiz lezzetini ve otantik \u00e7ay k\u00fclt\u00fcr\u00fcn\u00fc tan\u0131tmay\u0131 hedefliyor.<\/p><p>Stand\u0131m\u0131z\u0131 ziyaret eden herkese i\u00e7tenlikle te\u015fekk\u00fcr ederiz \u2013 bir sonraki Anuga fuar\u0131nda tekrar g\u00f6r\u00fc\u015fmek dile\u011fiyle!<\/p>\t\t\t\t\t\t<\/div>\n\t\t\t\t<\/div>\n\t\t\t\t<div class=\"elementor-element elementor-element-25ebadc gallery-spacing-custom elementor-widget elementor-widget-image-gallery\" data-id=\"25ebadc\" data-element_type=\"widget\" data-widget_type=\"image-gallery.default\">\n\t\t\t\t<div class=\"elementor-widget-container\">\n\t\t\t<style>.elementor-image-gallery .gallery-item{display:inline-block;text-align:center;vertical-align:top;width:100%;max-width:100%;margin:0 auto}.elementor-image-gallery .gallery-item img{margin:0 auto}.elementor-image-gallery .gallery-item .gallery-caption{margin:0}.elementor-image-gallery figure img{display:block}.elementor-image-gallery figure figcaption{width:100%}.gallery-spacing-custom .elementor-image-gallery .gallery-icon{padding:0}@media (min-width:700px){.elementor-image-gallery .gallery-columns-2 .gallery-item{max-width:50%}.elementor-image-gallery .gallery-columns-3 .gallery-item{max-width:33.33%}.elementor-image-gallery .gallery-columns-4 .gallery-item{max-width:25%}.elementor-image-gallery .gallery-columns-5 .gallery-item{max-width:20%}.elementor-image-gallery .gallery-columns-6 .gallery-item{max-width:16.666%}.elementor-image-gallery .gallery-columns-7 .gallery-item{max-width:14.28%}.elementor-image-gallery .gallery-columns-8 .gallery-item{max-width:12.5%}.elementor-image-gallery .gallery-columns-9 .gallery-item{max-width:11.11%}.elementor-image-gallery .gallery-columns-10 .gallery-item{max-width:10%}}@media (min-width:480px) and (max-width:699px){.elementor-image-gallery .gallery.gallery-columns-2 .gallery-item,.elementor-image-gallery .gallery.gallery-columns-3 .gallery-item,.elementor-image-gallery .gallery.gallery-columns-4 .gallery-item,.elementor-image-gallery .gallery.gallery-columns-5 .gallery-item,.elementor-image-gallery .gallery.gallery-columns-6 .gallery-item,.elementor-image-gallery .gallery.gallery-columns-7 .gallery-item,.elementor-image-gallery .gallery.gallery-columns-8 .gallery-item,.elementor-image-gallery .gallery.gallery-columns-9 .gallery-item,.elementor-image-gallery .gallery.gallery-columns-10 .gallery-item{max-width:50%}}@media (max-width:479px){.elementor-image-gallery .gallery.gallery-columns-2 .gallery-item,.elementor-image-gallery .gallery.gallery-columns-3 .gallery-item,.elementor-image-gallery .gallery.gallery-columns-4 .gallery-item,.elementor-image-gallery .gallery.gallery-columns-5 .gallery-item,.elementor-image-gallery .gallery.gallery-columns-6 .gallery-item,.elementor-image-gallery .gallery.gallery-columns-7 .gallery-item,.elementor-image-gallery .gallery.gallery-columns-8 .gallery-item,.elementor-image-gallery .gallery.gallery-columns-9 .gallery-item,.elementor-image-gallery .gallery.gallery-columns-10 .gallery-item{max-width:100%}}<\/style>\t\t<div class=\"elementor-image-gallery\">\n\t\t\t<div id='gallery-1' class='gallery galleryid-36179 gallery-columns-2 gallery-size-ecolive-post-grid'><figure class='gallery-item'>\n\t\t\t<div class='gallery-icon landscape'>\n\t\t\t\t<a data-elementor-open-lightbox=\"yes\" data-elementor-lightbox-slideshow=\"25ebadc\" data-elementor-lightbox-title=\"WhatsApp-Image-2025-10-06-at-09.24.10-scaled.jpeg\" data-e-action-hash=\"#elementor-action%3Aaction%3Dlightbox%26settings%3DeyJpZCI6MzYxODEsInVybCI6Imh0dHBzOlwvXC9tZXZsYW5hY2F5LmRlXC93cC1jb250ZW50XC91cGxvYWRzXC8yMDI1XC8xMFwvV2hhdHNBcHAtSW1hZ2UtMjAyNS0xMC0wNi1hdC0wOS4yNC4xMC1zY2FsZWQtMS5qcGVnIiwic2xpZGVzaG93IjoiMjVlYmFkYyJ9\" href='https:\/\/mevlanacay.de\/wp-content\/uploads\/2025\/10\/WhatsApp-Image-2025-10-06-at-09.24.10-scaled-1.jpeg'><img fetchpriority=\"high\" decoding=\"async\" width=\"820\" height=\"580\" src=\"https:\/\/mevlanacay.de\/wp-content\/uploads\/2025\/10\/WhatsApp-Image-2025-10-06-at-09.24.10-scaled-1-820x580.jpeg\" class=\"attachment-ecolive-post-grid size-ecolive-post-grid\" alt=\"\" srcset=\"https:\/\/mevlanacay.de\/wp-content\/uploads\/2025\/10\/WhatsApp-Image-2025-10-06-at-09.24.10-scaled-1-820x580.jpeg 820w, https:\/\/mevlanacay.de\/wp-content\/uploads\/2025\/10\/WhatsApp-Image-2025-10-06-at-09.24.10-scaled-1-16x12.jpeg 16w\" sizes=\"(max-width: 820px) 100vw, 820px\" title=\"\"><\/a>\n\t\t\t<\/div><\/figure><figure class='gallery-item'>\n\t\t\t<div class='gallery-icon portrait'>\n\t\t\t\t<a data-elementor-open-lightbox=\"yes\" data-elementor-lightbox-slideshow=\"25ebadc\" data-elementor-lightbox-title=\"WhatsApp-Image-2025-10-06-at-09.22.44-scaled.jpeg\" data-e-action-hash=\"#elementor-action%3Aaction%3Dlightbox%26settings%3DeyJpZCI6MzYxODIsInVybCI6Imh0dHBzOlwvXC9tZXZsYW5hY2F5LmRlXC93cC1jb250ZW50XC91cGxvYWRzXC8yMDI1XC8xMFwvV2hhdHNBcHAtSW1hZ2UtMjAyNS0xMC0wNi1hdC0wOS4yMi40NC1zY2FsZWQtMS5qcGVnIiwic2xpZGVzaG93IjoiMjVlYmFkYyJ9\" href='https:\/\/mevlanacay.de\/wp-content\/uploads\/2025\/10\/WhatsApp-Image-2025-10-06-at-09.22.44-scaled-1.jpeg'><img decoding=\"async\" width=\"820\" height=\"580\" src=\"https:\/\/mevlanacay.de\/wp-content\/uploads\/2025\/10\/WhatsApp-Image-2025-10-06-at-09.22.44-scaled-1-820x580.jpeg\" class=\"attachment-ecolive-post-grid size-ecolive-post-grid\" alt=\"\" title=\"\"><\/a>\n\t\t\t<\/div><\/figure><figure class='gallery-item'>\n\t\t\t<div class='gallery-icon portrait'>\n\t\t\t\t<a data-elementor-open-lightbox=\"yes\" data-elementor-lightbox-slideshow=\"25ebadc\" data-elementor-lightbox-title=\"WhatsApp-Image-2025-10-06-at-09.22.44-2-scaled.jpeg\" data-e-action-hash=\"#elementor-action%3Aaction%3Dlightbox%26settings%3DeyJpZCI6MzYxODMsInVybCI6Imh0dHBzOlwvXC9tZXZsYW5hY2F5LmRlXC93cC1jb250ZW50XC91cGxvYWRzXC8yMDI1XC8xMFwvV2hhdHNBcHAtSW1hZ2UtMjAyNS0xMC0wNi1hdC0wOS4yMi40NC0yLXNjYWxlZC0xLmpwZWciLCJzbGlkZXNob3ciOiIyNWViYWRjIn0%3D\" href='https:\/\/mevlanacay.de\/wp-content\/uploads\/2025\/10\/WhatsApp-Image-2025-10-06-at-09.22.44-2-scaled-1.jpeg'><img decoding=\"async\" width=\"820\" height=\"580\" src=\"https:\/\/mevlanacay.de\/wp-content\/uploads\/2025\/10\/WhatsApp-Image-2025-10-06-at-09.22.44-2-scaled-1-820x580.jpeg\" class=\"attachment-ecolive-post-grid size-ecolive-post-grid\" alt=\"\" title=\"\"><\/a>\n\t\t\t<\/div><\/figure><figure class='gallery-item'>\n\t\t\t<div class='gallery-icon landscape'>\n\t\t\t\t<a data-elementor-open-lightbox=\"yes\" data-elementor-lightbox-slideshow=\"25ebadc\" data-elementor-lightbox-title=\"WhatsApp-Image-2025-10-06-at-09.22.44-1-scaled.jpeg\" data-e-action-hash=\"#elementor-action%3Aaction%3Dlightbox%26settings%3DeyJpZCI6MzYxODQsInVybCI6Imh0dHBzOlwvXC9tZXZsYW5hY2F5LmRlXC93cC1jb250ZW50XC91cGxvYWRzXC8yMDI1XC8xMFwvV2hhdHNBcHAtSW1hZ2UtMjAyNS0xMC0wNi1hdC0wOS4yMi40NC0xLXNjYWxlZC0xLmpwZWciLCJzbGlkZXNob3ciOiIyNWViYWRjIn0%3D\" href='https:\/\/mevlanacay.de\/wp-content\/uploads\/2025\/10\/WhatsApp-Image-2025-10-06-at-09.22.44-1-scaled-1.jpeg'><img loading=\"lazy\" decoding=\"async\" width=\"820\" height=\"580\" src=\"https:\/\/mevlanacay.de\/wp-content\/uploads\/2025\/10\/WhatsApp-Image-2025-10-06-at-09.22.44-1-scaled-1-820x580.jpeg\" class=\"attachment-ecolive-post-grid size-ecolive-post-grid\" alt=\"\" srcset=\"https:\/\/mevlanacay.de\/wp-content\/uploads\/2025\/10\/WhatsApp-Image-2025-10-06-at-09.22.44-1-scaled-1-820x580.jpeg 820w, https:\/\/mevlanacay.de\/wp-content\/uploads\/2025\/10\/WhatsApp-Image-2025-10-06-at-09.22.44-1-scaled-1-16x12.jpeg 16w\" sizes=\"(max-width: 820px) 100vw, 820px\" title=\"\"><\/a>\n\t\t\t<\/div><\/figure><figure class='gallery-item'>\n\t\t\t<div class='gallery-icon portrait'>\n\t\t\t\t<a data-elementor-open-lightbox=\"yes\" data-elementor-lightbox-slideshow=\"25ebadc\" data-elementor-lightbox-title=\"WhatsApp-Image-2025-10-06-at-09.22.43-scaled.jpeg\" data-e-action-hash=\"#elementor-action%3Aaction%3Dlightbox%26settings%3DeyJpZCI6MzYxODUsInVybCI6Imh0dHBzOlwvXC9tZXZsYW5hY2F5LmRlXC93cC1jb250ZW50XC91cGxvYWRzXC8yMDI1XC8xMFwvV2hhdHNBcHAtSW1hZ2UtMjAyNS0xMC0wNi1hdC0wOS4yMi40My1zY2FsZWQtMS5qcGVnIiwic2xpZGVzaG93IjoiMjVlYmFkYyJ9\" href='https:\/\/mevlanacay.de\/wp-content\/uploads\/2025\/10\/WhatsApp-Image-2025-10-06-at-09.22.43-scaled-1.jpeg'><img loading=\"lazy\" decoding=\"async\" width=\"820\" height=\"580\" src=\"https:\/\/mevlanacay.de\/wp-content\/uploads\/2025\/10\/WhatsApp-Image-2025-10-06-at-09.22.43-scaled-1-820x580.jpeg\" class=\"attachment-ecolive-post-grid size-ecolive-post-grid\" alt=\"\" title=\"\"><\/a>\n\t\t\t<\/div><\/figure><figure class='gallery-item'>\n\t\t\t<div class='gallery-icon portrait'>\n\t\t\t\t<a data-elementor-open-lightbox=\"yes\" data-elementor-lightbox-slideshow=\"25ebadc\" data-elementor-lightbox-title=\"WhatsApp-Image-2025-10-06-at-09.22.40-scaled.jpeg\" data-e-action-hash=\"#elementor-action%3Aaction%3Dlightbox%26settings%3DeyJpZCI6MzYxODYsInVybCI6Imh0dHBzOlwvXC9tZXZsYW5hY2F5LmRlXC93cC1jb250ZW50XC91cGxvYWRzXC8yMDI1XC8xMFwvV2hhdHNBcHAtSW1hZ2UtMjAyNS0xMC0wNi1hdC0wOS4yMi40MC1zY2FsZWQtMS5qcGVnIiwic2xpZGVzaG93IjoiMjVlYmFkYyJ9\" href='https:\/\/mevlanacay.de\/wp-content\/uploads\/2025\/10\/WhatsApp-Image-2025-10-06-at-09.22.40-scaled-1.jpeg'><img loading=\"lazy\" decoding=\"async\" width=\"820\" height=\"580\" src=\"https:\/\/mevlanacay.de\/wp-content\/uploads\/2025\/10\/WhatsApp-Image-2025-10-06-at-09.22.40-scaled-1-820x580.jpeg\" class=\"attachment-ecolive-post-grid size-ecolive-post-grid\" alt=\"\" title=\"\"><\/a>\n\t\t\t<\/div><\/figure>\n\t\t<\/div>\n\t\t<\/div>\n\t\t\t\t<\/div>\n\t\t\t\t<\/div>\n\t\t\t\t<section class=\"elementor-section elementor-inner-section elementor-element elementor-element-cde002a elementor-section-boxed elementor-section-height-default elementor-section-height-default\" data-id=\"cde002a\" data-element_type=\"section\">\n\t\t\t\t\t\t<div class=\"elementor-container elementor-column-gap-default\">\n\t\t\t\t\t<div class=\"elementor-column elementor-col-50 elementor-inner-column elementor-element elementor-element-1d5623e\" data-id=\"1d5623e\" data-element_type=\"column\">\n\t\t\t<div class=\"elementor-widget-wrap elementor-element-populated\">\n\t\t\t\t\t\t<div class=\"elementor-element elementor-element-83f97ea elementor-widget elementor-widget-video\" data-id=\"83f97ea\" data-element_type=\"widget\" data-settings=\"{&quot;youtube_url&quot;:&quot;https:\\\/\\\/www.youtube.com\\\/watch?v=wq-6TZrdgeQ&quot;,&quot;video_type&quot;:&quot;youtube&quot;,&quot;controls&quot;:&quot;yes&quot;}\" data-widget_type=\"video.default\">\n\t\t\t\t<div class=\"elementor-widget-container\">\n\t\t\t<style>\/*! elementor - v3.21.0 - 25-04-2024 *\/\n.elementor-widget-video .elementor-widget-container{overflow:hidden;transform:translateZ(0)}.elementor-widget-video .elementor-wrapper{aspect-ratio:var(--video-aspect-ratio)}.elementor-widget-video .elementor-wrapper iframe,.elementor-widget-video .elementor-wrapper video{height:100%;width:100%;display:flex;border:none;background-color:#000}@supports not (aspect-ratio:1\/1){.elementor-widget-video .elementor-wrapper{position:relative;overflow:hidden;height:0;padding-bottom:calc(100% \/ var(--video-aspect-ratio))}.elementor-widget-video .elementor-wrapper iframe,.elementor-widget-video .elementor-wrapper video{position:absolute;top:0;right:0;bottom:0;left:0}}.elementor-widget-video .elementor-open-inline .elementor-custom-embed-image-overlay{position:absolute;top:0;right:0;bottom:0;left:0;background-size:cover;background-position:50%}.elementor-widget-video .elementor-custom-embed-image-overlay{cursor:pointer;text-align:center}.elementor-widget-video .elementor-custom-embed-image-overlay:hover .elementor-custom-embed-play i{opacity:1}.elementor-widget-video .elementor-custom-embed-image-overlay img{display:block;width:100%;aspect-ratio:var(--video-aspect-ratio);-o-object-fit:cover;object-fit:cover;-o-object-position:center center;object-position:center center}@supports not (aspect-ratio:1\/1){.elementor-widget-video .elementor-custom-embed-image-overlay{position:relative;overflow:hidden;height:0;padding-bottom:calc(100% \/ var(--video-aspect-ratio))}.elementor-widget-video .elementor-custom-embed-image-overlay img{position:absolute;top:0;right:0;bottom:0;left:0}}.elementor-widget-video .e-hosted-video .elementor-video{-o-object-fit:cover;object-fit:cover}.e-con-inner>.elementor-widget-video,.e-con>.elementor-widget-video{width:var(--container-widget-width);--flex-grow:var(--container-widget-flex-grow)}<\/style>\t\t<div class=\"elementor-wrapper elementor-open-inline\">\n\t\t\t<div class=\"elementor-video\"><\/div>\t\t<\/div>\n\t\t\t\t<\/div>\n\t\t\t\t<\/div>\n\t\t\t\t\t<\/div>\n\t\t<\/div>\n\t\t\t\t<div class=\"elementor-column elementor-col-50 elementor-inner-column elementor-element elementor-element-86143c3\" data-id=\"86143c3\" data-element_type=\"column\">\n\t\t\t<div class=\"elementor-widget-wrap elementor-element-populated\">\n\t\t\t\t\t\t<div class=\"elementor-element elementor-element-21f7ce4 elementor-widget elementor-widget-video\" data-id=\"21f7ce4\" data-element_type=\"widget\" data-settings=\"{&quot;youtube_url&quot;:&quot;https:\\\/\\\/www.youtube.com\\\/watch?v=62yvQ4PvAvw&quot;,&quot;video_type&quot;:&quot;youtube&quot;,&quot;controls&quot;:&quot;yes&quot;}\" data-widget_type=\"video.default\">\n\t\t\t\t<div class=\"elementor-widget-container\">\n\t\t\t\t\t<div class=\"elementor-wrapper elementor-open-inline\">\n\t\t\t<div class=\"elementor-video\"><\/div>\t\t<\/div>\n\t\t\t\t<\/div>\n\t\t\t\t<\/div>\n\t\t\t\t\t<\/div>\n\t\t<\/div>\n\t\t\t\t\t<\/div>\n\t\t<\/section>\n\t\t\t\t\t<\/div>\n\t\t<\/div>\n\t\t\t\t\t<\/div>\n\t\t<\/section>\n\t\t\t\t<\/div>","protected":false},"excerpt":{"rendered":"<p>Goran Tee Mevlana Tee auf der Anuga 2025! Im Rahmen seiner wachsenden globalen Vision nahm Mevlana Tea stolz an der Anuga 2025 teil, einer der weltweit f\u00fchrenden und renommiertesten Lebensmittelmessen, die vom 4. bis 8. Oktober in K\u00f6ln stattfand. F\u00fcr Mevlana Tea war die Anuga 2025 mehr als nur eine Messe \u2013 sie war eine [&hellip;]<\/p>","protected":false},"author":340,"featured_media":0,"parent":0,"menu_order":0,"comment_status":"closed","ping_status":"closed","template":"elementor_header_footer","meta":{"_mi_skip_tracking":false,"footnotes":""},"class_list":["post-36179","page","type-page","status-publish","hentry"],"_links":{"self":[{"href":"https:\/\/mevlanacay.de\/tr\/wp-json\/wp\/v2\/pages\/36179","targetHints":{"allow":["GET"]}}],"collection":[{"href":"https:\/\/mevlanacay.de\/tr\/wp-json\/wp\/v2\/pages"}],"about":[{"href":"https:\/\/mevlanacay.de\/tr\/wp-json\/wp\/v2\/types\/page"}],"author":[{"embeddable":true,"href":"https:\/\/mevlanacay.de\/tr\/wp-json\/wp\/v2\/users\/340"}],"replies":[{"embeddable":true,"href":"https:\/\/mevlanacay.de\/tr\/wp-json\/wp\/v2\/comments?post=36179"}],"version-history":[{"count":7,"href":"https:\/\/mevlanacay.de\/tr\/wp-json\/wp\/v2\/pages\/36179\/revisions"}],"predecessor-version":[{"id":36196,"href":"https:\/\/mevlanacay.de\/tr\/wp-json\/wp\/v2\/pages\/36179\/revisions\/36196"}],"wp:attachment":[{"href":"https:\/\/mevlanacay.de\/tr\/wp-json\/wp\/v2\/media?parent=36179"}],"curies":[{"name":"wp","href":"https:\/\/api.w.org\/{rel}","templated":true}]}}