{"id":3537,"date":"2021-10-20T10:14:55","date_gmt":"2021-10-20T10:14:55","guid":{"rendered":"https:\/\/demo2wpopal.b-cdn.net\/ecolive\/?page_id=3537"},"modified":"2024-09-11T22:38:20","modified_gmt":"2024-09-11T20:38:20","slug":"cay-nasil-demlenir","status":"publish","type":"page","link":"https:\/\/mevlanacay.de\/tr\/cay-nasil-demlenir\/","title":{"rendered":"\u00c7ay nas\u0131l demlenir?"},"content":{"rendered":"<div data-elementor-type=\"wp-page\" data-elementor-id=\"3537\" class=\"elementor elementor-3537\">\n\t\t\t\t\t\t<div class=\"elementor-section elementor-top-section elementor-element elementor-element-7606432 elementor-section-stretched elementor-section-boxed elementor-section-height-default elementor-section-height-default\" data-id=\"7606432\" data-element_type=\"section\" data-settings=\"{&quot;stretch_section&quot;:&quot;section-stretched&quot;}\">\n\t\t\t\t\t\t<div class=\"elementor-container elementor-column-gap-no\">\n\t\t\t\t\t<div class=\"elementor-column elementor-col-50 elementor-top-column elementor-element elementor-element-57f58cf\" data-id=\"57f58cf\" data-element_type=\"column\">\n\t\t\t<div class=\"elementor-widget-wrap elementor-element-populated\">\n\t\t\t\t\n\t\t<div class=\"elementor-element elementor-element-7a85563 elementor-widget elementor-widget-image\" data-id=\"7a85563\" data-element_type=\"widget\" data-widget_type=\"image.default\">\n\t\t\t\t<div class=\"elementor-widget-container\">\n\t\t\t<style>\/*! elementor - v3.21.0 - 25-04-2024 *\/\n.elementor-widget-image{text-align:center}.elementor-widget-image a{display:inline-block}.elementor-widget-image a img[src$=\".svg\"]{width:48px}.elementor-widget-image img{vertical-align:middle;display:inline-block}<\/style>\t\t\t\t\t\t\t\t\t\t<img fetchpriority=\"high\" decoding=\"async\" width=\"940\" height=\"1020\" src=\"https:\/\/mevlanacay.de\/wp-content\/uploads\/2022\/01\/mevlana-cay-nasil-demlenir-02.jpg\" class=\"attachment-large size-large wp-image-30983\" alt=\"\" title=\"\">\t\t\t\t\t\t\t\t\t\t\t\t\t<\/div>\n\t\t\t\t<\/div>\n\t\t\t\t\t<\/div>\n\t\t<\/div>\n\t\t\t\t<div class=\"elementor-column elementor-col-50 elementor-top-column elementor-element elementor-element-523796d\" data-id=\"523796d\" data-element_type=\"column\">\n\t\t\t<div class=\"elementor-widget-wrap elementor-element-populated\">\n\t\t\t\t\t\t<div class=\"elementor-element elementor-element-f2e8611 elementor-widget elementor-widget-heading\" data-id=\"f2e8611\" data-element_type=\"widget\" data-widget_type=\"heading.default\">\n\t\t\t\t<div class=\"elementor-widget-container\">\n\t\t\t<style>\/*! elementor - v3.21.0 - 25-04-2024 *\/\n.elementor-heading-title{padding:0;margin:0;line-height:1}.elementor-widget-heading .elementor-heading-title[class*=elementor-size-]>a{color:inherit;font-size:inherit;line-height:inherit}.elementor-widget-heading .elementor-heading-title.elementor-size-small{font-size:15px}.elementor-widget-heading .elementor-heading-title.elementor-size-medium{font-size:19px}.elementor-widget-heading .elementor-heading-title.elementor-size-large{font-size:29px}.elementor-widget-heading .elementor-heading-title.elementor-size-xl{font-size:39px}.elementor-widget-heading .elementor-heading-title.elementor-size-xxl{font-size:59px}<\/style><h2 class=\"elementor-heading-title elementor-size-default\">\u00c7ay\u0131n Kalitesine Dikkat Edin! <\/h2>\t\t<\/div>\n\t\t\t\t<\/div>\n\t\t\t\t<div class=\"elementor-element elementor-element-302d734 elementor-widget elementor-widget-text-editor\" data-id=\"302d734\" data-element_type=\"widget\" data-widget_type=\"text-editor.default\">\n\t\t\t\t<div class=\"elementor-widget-container\">\n\t\t\t<style>\/*! elementor - v3.21.0 - 25-04-2024 *\/\n.elementor-widget-text-editor.elementor-drop-cap-view-stacked .elementor-drop-cap{background-color:#69727d;color:#fff}.elementor-widget-text-editor.elementor-drop-cap-view-framed .elementor-drop-cap{color:#69727d;border:3px solid;background-color:transparent}.elementor-widget-text-editor:not(.elementor-drop-cap-view-default) .elementor-drop-cap{margin-top:8px}.elementor-widget-text-editor:not(.elementor-drop-cap-view-default) .elementor-drop-cap-letter{width:1em;height:1em}.elementor-widget-text-editor .elementor-drop-cap{float:left;text-align:center;line-height:1;font-size:50px}.elementor-widget-text-editor .elementor-drop-cap-letter{display:inline-block}<\/style>\t\t\t\t<h5>Sofralar\u0131n vazge\u00e7ilmez i\u00e7eceklerinden biri olan \u00e7ay, haz\u0131rlan\u0131rken p\u00fcf noktalar\u0131na dikkat edilmesi gereken bir lezzettir. Farkl\u0131 k\u00fclt\u00fcrlerde farkl\u0131 demleme \u015fekilleri olan \u00e7ay\u0131n lezzeti kadar, rengi ve k\u0131vam\u0131 da olduk\u00e7a \u00f6nemlidir. \u00c7ay tiryakileri iyi demlenmi\u015f \u00e7ay\u0131 hemen fark ederken, \u00e7ay\u0131n lezzeti de demlenmesine \u00f6zen g\u00f6sterilmesiyle artar. \u2018Tav\u015fan kan\u0131\u2019 deyimiyle tabir edilen \u00e7ay\u0131n en lezzetli halini haz\u0131rlamak i\u00e7in birka\u00e7 noktaya dikkat etmek gerekir. D\u00fcnyada en \u00e7ok tercih edilen Seylan \u00e7ay\u0131 Mevlana \u00c7ay aromas\u0131, rengi ve lezzetiyle \u00e7ay severlerden tam not al\u0131yor. Peki iyi \u00e7ay nas\u0131l demlenir? \u0130\u015fte size baz\u0131 t\u00fcyolar;<\/h5>\t\t\t\t\t\t<\/div>\n\t\t\t\t<\/div>\n\t\t\t\t<div class=\"elementor-element elementor-element-b103586 elementor-widget elementor-widget-heading\" data-id=\"b103586\" data-element_type=\"widget\" data-widget_type=\"heading.default\">\n\t\t\t\t<div class=\"elementor-widget-container\">\n\t\t\t<h2 class=\"elementor-heading-title elementor-size-default\">Mevlana \u00c7ayla Suyun Bulu\u015fmas\u0131nda Nelere Dikkat Edilmeli?<\/h2>\t\t<\/div>\n\t\t\t\t<\/div>\n\t\t\t\t<div class=\"elementor-element elementor-element-ac8bfc0 elementor-widget elementor-widget-text-editor\" data-id=\"ac8bfc0\" data-element_type=\"widget\" data-widget_type=\"text-editor.default\">\n\t\t\t\t<div class=\"elementor-widget-container\">\n\t\t\t\t\t\t\t<p>\u00d6zenle toplanan Mevlana \u00e7ay yapraklar\u0131n\u0131n suyla bulu\u015fmas\u0131 m\u00fckemmel bir renge sahip, lezzetli bir \u00e7aya ula\u015fman\u0131z\u0131 sa\u011flar. \u00c7ay demlerken kullanaca\u011f\u0131n\u0131z suyun kire\u00e7siz olmas\u0131 \u00f6nemlidir. Kaynatt\u0131\u011f\u0131n\u0131z suyun biraz dinlenmesi de \u00e7ay demlerken dikkat etmeniz gereken noktalardan biridir. Kaynam\u0131\u015f ve birka\u00e7 dakika beklemi\u015f suyla Mevlana \u00c7ay\u0131 art\u0131k bulu\u015fturabilirsiniz.<\/p>\t\t\t\t\t\t<\/div>\n\t\t\t\t<\/div>\n\t\t\t\t<div class=\"elementor-element elementor-element-64f8ea5 elementor-widget elementor-widget-heading\" data-id=\"64f8ea5\" data-element_type=\"widget\" data-widget_type=\"heading.default\">\n\t\t\t\t<div class=\"elementor-widget-container\">\n\t\t\t<h2 class=\"elementor-heading-title elementor-size-default\">\u00c7ay Demlemenin \u0130ki Y\u00f6ntemi<\/h2>\t\t<\/div>\n\t\t\t\t<\/div>\n\t\t\t\t<div class=\"elementor-element elementor-element-489a7b9 elementor-widget elementor-widget-text-editor\" data-id=\"489a7b9\" data-element_type=\"widget\" data-widget_type=\"text-editor.default\">\n\t\t\t\t<div class=\"elementor-widget-container\">\n\t\t\t\t\t\t\t<p>\u00c7ay demlerken \u00e7ay tiryakilerinin \u00fczerinde anla\u015fma sa\u011flayamad\u0131\u011f\u0131 iki \u00e7ok kullan\u0131lan y\u00f6ntem vard\u0131r. Farkl\u0131 damak tatlar\u0131na hitap eden bu demleme \u015fekillerinin her ikisi de Mevlana \u00e7ay\u0131n lezzetini yakalaman\u0131zda tercih edilebilir.<\/p><h4>1. Y\u00f6ntem:<\/h4><p>\u00c7ay demleme y\u00f6ntemlerinden en \u00e7ok kullan\u0131lan\u0131, demli\u011fe konan \u00e7ay yapraklar\u0131n\u0131n \u00fczerine su eklenmesi ile yap\u0131lan demlemedir. Bu y\u00f6ntemle demlenen \u00e7ay\u0131n daha iyi oldu\u011funu iddia edilirken, kaynam\u0131\u015f suyun yava\u015f yava\u015f \u00e7ay yapraklar\u0131n\u0131 yakmadan eklenmesi dikkat edilmesi gereken y\u00f6ntemdir.<\/p><h4>2. Y\u00f6ntem:<\/h4><p>\u00c7ay demlemede kullan\u0131lan di\u011fer bir y\u00f6ntem ise asl\u0131nda birinci y\u00f6ntemin tam tersidir. \u00c7ay severler biraz daha sab\u0131r gerektiren bu y\u00f6ntemle daha iyi bir dem elde edildi\u011fini belirtir. Bu y\u00f6ntem demlemede kaynam\u0131\u015f ve birka\u00e7 dakika beklemi\u015f suyun \u00fczerine Mevlana \u00e7ay eklenerek yap\u0131lan demlemedir. Bu y\u00f6ntemde \u00e7ay yapraklar\u0131 yava\u015f yava\u015f \u0131slanarak dibe \u00e7\u00f6ker. Bu y\u00f6ntemde demlenme s\u00fcresi biraz daha uzun s\u00fcrmektedir.<\/p><p>Her iki demleme \u015fekli de kullan\u0131larak do\u011fal lezzet\u00a0Mevlana Seylon Tea\u00a0lezzetine ula\u015fabilirsiniz. Rengi, demi, kokusu ve lezzetiyle vazge\u00e7emeyece\u011finiz Mevlana \u00e7ay\u0131 g\u00fcvenle i\u00e7ebilirsiniz.<\/p>\t\t\t\t\t\t<\/div>\n\t\t\t\t<\/div>\n\t\t\t\t\t<\/div>\n\t\t<\/div>\n\t\t\t\t\t<\/div>\n\t\t<\/div>\n\t\t\t\t<div class=\"elementor-section elementor-top-section elementor-element elementor-element-0714c3e elementor-section-stretched elementor-section-height-min-height elementor-section-boxed elementor-section-height-default elementor-section-items-middle\" data-id=\"0714c3e\" data-element_type=\"section\" data-settings=\"{&quot;stretch_section&quot;:&quot;section-stretched&quot;,&quot;background_background&quot;:&quot;classic&quot;}\">\n\t\t\t\t\t\t\t<div class=\"elementor-background-overlay\"><\/div>\n\t\t\t\t\t\t\t<div class=\"elementor-container elementor-column-gap-no\">\n\t\t\t\t\t<div class=\"elementor-column elementor-col-33 elementor-top-column elementor-element elementor-element-02757cb\" data-id=\"02757cb\" data-element_type=\"column\">\n\t\t\t<div class=\"elementor-widget-wrap elementor-element-populated\">\n\t\t\t\t\t\t<div class=\"elementor-element elementor-element-efe7f7d elementor-position-left elementor-widget__width-initial elementor-widget-tablet__width-auto ecolive-image-box-style-1 elementor-vertical-align-top elementor-widget elementor-widget-image-box\" data-id=\"efe7f7d\" data-element_type=\"widget\" data-widget_type=\"image-box.default\">\n\t\t\t\t<div class=\"elementor-widget-container\">\n\t\t\t<style>.elementor-widget-image-box .elementor-image-box-content{width:100%}@media (min-width:700px){.elementor-widget-image-box.elementor-position-left .elementor-image-box-wrapper,.elementor-widget-image-box.elementor-position-right .elementor-image-box-wrapper{display:flex}.elementor-widget-image-box.elementor-position-right .elementor-image-box-wrapper{text-align:end;flex-direction:row-reverse}.elementor-widget-image-box.elementor-position-left .elementor-image-box-wrapper{text-align:start;flex-direction:row}.elementor-widget-image-box.elementor-position-top .elementor-image-box-img{margin:auto}.elementor-widget-image-box.elementor-vertical-align-top .elementor-image-box-wrapper{align-items:flex-start}.elementor-widget-image-box.elementor-vertical-align-middle .elementor-image-box-wrapper{align-items:center}.elementor-widget-image-box.elementor-vertical-align-bottom .elementor-image-box-wrapper{align-items:flex-end}}@media (max-width:699px){.elementor-widget-image-box .elementor-image-box-img{margin-left:auto!important;margin-right:auto!important;margin-bottom:15px}}.elementor-widget-image-box .elementor-image-box-img{display:inline-block}.elementor-widget-image-box .elementor-image-box-title a{color:inherit}.elementor-widget-image-box .elementor-image-box-wrapper{text-align:center}.elementor-widget-image-box .elementor-image-box-description{margin:0}<\/style><div class=\"elementor-image-box-wrapper\"><figure class=\"elementor-image-box-img\"><img decoding=\"async\" width=\"70\" height=\"62\" src=\"https:\/\/mevlanacay.de\/wp-content\/uploads\/2022\/01\/mevlana-cay-icon-07.png\" class=\"elementor-animation-shrink attachment-full size-full wp-image-31226\" alt=\"\" title=\"\"><\/figure><div class=\"elementor-image-box-content\"><h3 class=\"elementor-image-box-title\">Alman Mal\u0131<\/h3><p class=\"elementor-image-box-description\">Mevlana \u00c7ay markas\u0131na ait \u00e7aylar Almanya\u2019da harmanlan\u0131p Avrupa standartlar\u0131nda paketlenmektedir.<\/p><\/div><\/div>\t\t<\/div>\n\t\t\t\t<\/div>\n\t\t\t\t<div class=\"elementor-element elementor-element-50dab17 elementor-position-left elementor-widget__width-initial elementor-widget-tablet__width-auto elementor-widget-mobile__width-inherit ecolive-image-box-style-1 elementor-vertical-align-top elementor-widget elementor-widget-image-box\" data-id=\"50dab17\" data-element_type=\"widget\" data-widget_type=\"image-box.default\">\n\t\t\t\t<div class=\"elementor-widget-container\">\n\t\t\t<div class=\"elementor-image-box-wrapper\"><figure class=\"elementor-image-box-img\"><img decoding=\"async\" width=\"70\" height=\"62\" src=\"https:\/\/mevlanacay.de\/wp-content\/uploads\/2022\/01\/mevlana-cay-icon-10.png\" class=\"elementor-animation-shrink attachment-full size-full wp-image-31231\" alt=\"\" title=\"\"><\/figure><div class=\"elementor-image-box-content\"><h3 class=\"elementor-image-box-title\">Tozdan Ar\u0131nd\u0131r\u0131lm\u0131\u015f<\/h3><p class=\"elementor-image-box-description\">\u00d6zel olarak imal edilmi\u015f harmanlama makinas\u0131 sayesinde tozdan ar\u0131nd\u0131r\u0131lm\u0131\u015ft\u0131r.  <\/p><\/div><\/div>\t\t<\/div>\n\t\t\t\t<\/div>\n\t\t\t\t<div class=\"elementor-element elementor-element-f02d009 elementor-position-left elementor-widget__width-initial elementor-widget-tablet__width-auto elementor-widget-mobile__width-inherit ecolive-image-box-style-1 elementor-vertical-align-top elementor-widget elementor-widget-image-box\" data-id=\"f02d009\" data-element_type=\"widget\" data-widget_type=\"image-box.default\">\n\t\t\t\t<div class=\"elementor-widget-container\">\n\t\t\t<div class=\"elementor-image-box-wrapper\"><figure class=\"elementor-image-box-img\"><img loading=\"lazy\" decoding=\"async\" width=\"70\" height=\"62\" src=\"https:\/\/mevlanacay.de\/wp-content\/uploads\/2022\/01\/mevlana-cay-icon-16.png\" class=\"elementor-animation-shrink attachment-full size-full wp-image-31244\" alt=\"\" title=\"\"><\/figure><div class=\"elementor-image-box-content\"><h3 class=\"elementor-image-box-title\">\u00d6zel Harman<\/h3><p class=\"elementor-image-box-description\">\u00c7ay\u0131m\u0131z Alman m\u00fchendisler taraf\u0131ndan firmam\u0131z i\u00e7in \u00f6zel olarak \u00fcretilen harmanlama makinas\u0131nda harmanlanmaktad\u0131r.<\/p><\/div><\/div>\t\t<\/div>\n\t\t\t\t<\/div>\n\t\t\t\t\t<\/div>\n\t\t<\/div>\n\t\t\t\t<div class=\"elementor-column elementor-col-33 elementor-top-column elementor-element elementor-element-bbb13c3\" data-id=\"bbb13c3\" data-element_type=\"column\">\n\t\t\t<div class=\"elementor-widget-wrap elementor-element-populated\">\n\t\t\t\t\t\t<div class=\"elementor-element elementor-element-321e68f elementor-widget elementor-widget-image\" data-id=\"321e68f\" data-element_type=\"widget\" data-widget_type=\"image.default\">\n\t\t\t\t<div class=\"elementor-widget-container\">\n\t\t\t\t\t\t\t\t\t\t\t\t\t<img loading=\"lazy\" decoding=\"async\" width=\"674\" height=\"800\" src=\"https:\/\/mevlanacay.de\/wp-content\/uploads\/2022\/01\/mevlana-about-us-06.png\" class=\"attachment-full size-full wp-image-30678\" alt=\"\" title=\"\">\t\t\t\t\t\t\t\t\t\t\t\t\t<\/div>\n\t\t\t\t<\/div>\n\t\t\t\t\t<\/div>\n\t\t<\/div>\n\t\t\t\t<div class=\"elementor-column elementor-col-33 elementor-top-column elementor-element elementor-element-ce42368\" data-id=\"ce42368\" data-element_type=\"column\">\n\t\t\t<div class=\"elementor-widget-wrap elementor-element-populated\">\n\t\t\t\t\t\t<div class=\"elementor-element elementor-element-1ac669c elementor-position-left elementor-widget__width-initial elementor-widget-tablet__width-auto elementor-widget-mobile_extra__width-initial elementor-widget-mobile__width-inherit ecolive-image-box-style-1 elementor-vertical-align-top elementor-widget elementor-widget-image-box\" data-id=\"1ac669c\" data-element_type=\"widget\" data-widget_type=\"image-box.default\">\n\t\t\t\t<div class=\"elementor-widget-container\">\n\t\t\t<div class=\"elementor-image-box-wrapper\"><figure class=\"elementor-image-box-img\"><img loading=\"lazy\" decoding=\"async\" width=\"70\" height=\"62\" src=\"https:\/\/mevlanacay.de\/wp-content\/uploads\/2022\/05\/abmevlana-cay-icon-12.jpg\" class=\"elementor-animation-shrink attachment-full size-full wp-image-32565\" alt=\"\" title=\"\"><\/figure><div class=\"elementor-image-box-content\"><h3 class=\"elementor-image-box-title\">AB Standart\u0131<\/h3><p class=\"elementor-image-box-description\">Kullan\u0131lan aroma AB g\u0131da standartlar\u0131na uygundur.<\/p><\/div><\/div>\t\t<\/div>\n\t\t\t\t<\/div>\n\t\t\t\t<div class=\"elementor-element elementor-element-9d56569 elementor-position-left elementor-widget__width-initial elementor-widget-tablet__width-auto ecolive-image-box-style-1 elementor-vertical-align-top elementor-widget elementor-widget-image-box\" data-id=\"9d56569\" data-element_type=\"widget\" data-widget_type=\"image-box.default\">\n\t\t\t\t<div class=\"elementor-widget-container\">\n\t\t\t<div class=\"elementor-image-box-wrapper\"><figure class=\"elementor-image-box-img\"><img loading=\"lazy\" decoding=\"async\" width=\"70\" height=\"62\" src=\"https:\/\/mevlanacay.de\/wp-content\/uploads\/2022\/01\/mevlana-cay-icon-15.png\" class=\"elementor-animation-shrink attachment-full size-full wp-image-31242\" alt=\"\" title=\"\"><\/figure><div class=\"elementor-image-box-content\"><h3 class=\"elementor-image-box-title\">Elle Toplama<\/h3><p class=\"elementor-image-box-description\">Mevlana \u00c7ay markas\u0131n\u0131n \u00e7ay filizleri sadece elle toplan\u0131r.<\/p><\/div><\/div>\t\t<\/div>\n\t\t\t\t<\/div>\n\t\t\t\t<div class=\"elementor-element elementor-element-95e1302 elementor-position-left elementor-widget__width-initial elementor-widget-tablet__width-auto ecolive-image-box-style-1 elementor-vertical-align-top elementor-widget elementor-widget-image-box\" data-id=\"95e1302\" data-element_type=\"widget\" data-widget_type=\"image-box.default\">\n\t\t\t\t<div class=\"elementor-widget-container\">\n\t\t\t<div class=\"elementor-image-box-wrapper\"><figure class=\"elementor-image-box-img\"><img loading=\"lazy\" decoding=\"async\" width=\"70\" height=\"62\" src=\"https:\/\/mevlanacay.de\/wp-content\/uploads\/2022\/01\/mevlana-cay-icon-14.png\" class=\"elementor-animation-shrink attachment-full size-full wp-image-31238\" alt=\"\" title=\"\"><\/figure><div class=\"elementor-image-box-content\"><h3 class=\"elementor-image-box-title\">Sri Lanka'dan<\/h3><p class=\"elementor-image-box-description\">Sri Lanka\u2019n\u0131n en iyi \u00e7ay bah\u00e7elerinden do\u011fal Seylan \u00c7ay\u0131.<\/p><\/div><\/div>\t\t<\/div>\n\t\t\t\t<\/div>\n\t\t\t\t\t<\/div>\n\t\t<\/div>\n\t\t\t\t\t<\/div>\n\t\t<\/div>\n\t\t\t\t<section class=\"elementor-section elementor-top-section elementor-element elementor-element-fe3ffed elementor-section-boxed elementor-section-height-default elementor-section-height-default\" data-id=\"fe3ffed\" data-element_type=\"section\">\n\t\t\t\t\t\t<div class=\"elementor-container elementor-column-gap-default\">\n\t\t\t\t\t<div class=\"elementor-column elementor-col-25 elementor-top-column elementor-element elementor-element-6a1845e\" data-id=\"6a1845e\" data-element_type=\"column\">\n\t\t\t<div class=\"elementor-widget-wrap elementor-element-populated\">\n\t\t\t\t\t\t<div class=\"elementor-element elementor-element-c2a3b9c image-style-ecolive-yes elementor-widget elementor-widget-image\" data-id=\"c2a3b9c\" data-element_type=\"widget\" data-widget_type=\"image.default\">\n\t\t\t\t<div class=\"elementor-widget-container\">\n\t\t\t\t\t\t\t\t\t\t\t\t\t\t<a href=\"https:\/\/mevlanacay.de\/tr\/\">\n\t\t\t\t\t\t\t<img loading=\"lazy\" decoding=\"async\" width=\"1020\" height=\"1020\" src=\"https:\/\/mevlanacay.de\/wp-content\/uploads\/2022\/01\/mevlana-cay-anasayfa-buton.jpg\" class=\"attachment-full size-full wp-image-33827\" alt=\"\" title=\"\">\t\t\t\t\t\t\t\t<\/a>\n\t\t\t\t\t\t\t\t\t\t\t\t\t<\/div>\n\t\t\t\t<\/div>\n\t\t\t\t\t<\/div>\n\t\t<\/div>\n\t\t\t\t<div class=\"elementor-column elementor-col-25 elementor-top-column elementor-element elementor-element-1c06891\" data-id=\"1c06891\" data-element_type=\"column\">\n\t\t\t<div class=\"elementor-widget-wrap elementor-element-populated\">\n\t\t\t\t\t\t<div class=\"elementor-element elementor-element-fb57ada image-style-ecolive-yes elementor-widget elementor-widget-image\" data-id=\"fb57ada\" data-element_type=\"widget\" data-widget_type=\"image.default\">\n\t\t\t\t<div class=\"elementor-widget-container\">\n\t\t\t\t\t\t\t\t\t\t\t\t\t\t<a href=\"\/tr\/hakkimizda\/\">\n\t\t\t\t\t\t\t<img loading=\"lazy\" decoding=\"async\" width=\"1020\" height=\"1020\" src=\"https:\/\/mevlanacay.de\/wp-content\/uploads\/2022\/01\/mevlana-cay-hakkimizda-buton.jpg\" class=\"attachment-full size-full wp-image-33834\" alt=\"\" title=\"\">\t\t\t\t\t\t\t\t<\/a>\n\t\t\t\t\t\t\t\t\t\t\t\t\t<\/div>\n\t\t\t\t<\/div>\n\t\t\t\t\t<\/div>\n\t\t<\/div>\n\t\t\t\t<div class=\"elementor-column elementor-col-25 elementor-top-column elementor-element elementor-element-18a79ad\" data-id=\"18a79ad\" data-element_type=\"column\">\n\t\t\t<div class=\"elementor-widget-wrap elementor-element-populated\">\n\t\t\t\t\t\t<div class=\"elementor-element elementor-element-ffe4ecc image-style-ecolive-yes elementor-widget elementor-widget-image\" data-id=\"ffe4ecc\" data-element_type=\"widget\" data-widget_type=\"image.default\">\n\t\t\t\t<div class=\"elementor-widget-container\">\n\t\t\t\t\t\t\t\t\t\t\t\t\t\t<a href=\"\/tr\/shop\/\">\n\t\t\t\t\t\t\t<img loading=\"lazy\" decoding=\"async\" width=\"1020\" height=\"1020\" src=\"https:\/\/mevlanacay.de\/wp-content\/uploads\/2022\/01\/mevlana-cay-urunler-buton.jpg\" class=\"attachment-full size-full wp-image-33828\" alt=\"\" title=\"\">\t\t\t\t\t\t\t\t<\/a>\n\t\t\t\t\t\t\t\t\t\t\t\t\t<\/div>\n\t\t\t\t<\/div>\n\t\t\t\t\t<\/div>\n\t\t<\/div>\n\t\t\t\t<div class=\"elementor-column elementor-col-25 elementor-top-column elementor-element elementor-element-ed09b1f\" data-id=\"ed09b1f\" data-element_type=\"column\">\n\t\t\t<div class=\"elementor-widget-wrap elementor-element-populated\">\n\t\t\t\t\t\t<div class=\"elementor-element elementor-element-e127d86 image-style-ecolive-yes elementor-widget elementor-widget-image\" data-id=\"e127d86\" data-element_type=\"widget\" data-widget_type=\"image.default\">\n\t\t\t\t<div class=\"elementor-widget-container\">\n\t\t\t\t\t\t\t\t\t\t\t\t\t\t<a href=\"\/tr\/iletisim\/\">\n\t\t\t\t\t\t\t<img loading=\"lazy\" decoding=\"async\" width=\"1020\" height=\"1020\" src=\"https:\/\/mevlanacay.de\/wp-content\/uploads\/2022\/01\/mevlana-cay-iletisim-buton.jpg\" class=\"attachment-full size-full wp-image-33830\" alt=\"\" title=\"\">\t\t\t\t\t\t\t\t<\/a>\n\t\t\t\t\t\t\t\t\t\t\t\t\t<\/div>\n\t\t\t\t<\/div>\n\t\t\t\t\t<\/div>\n\t\t<\/div>\n\t\t\t\t\t<\/div>\n\t\t<\/section>\n\t\t\t\t<\/div>","protected":false},"excerpt":{"rendered":"<p>Achten Sie auf die Qualit\u00e4t des Tees! Tee ist eines der wichtigsten Getr\u00e4nke auf dem Tisch und eine Delikatesse, die gro\u00dfe Sorgfalt bei der Zubereitung erfordert. Der Geschmack des Tees ist ebenso wichtig wie Farbe und St\u00e4rke. Unterschiedliche Kulturen haben unterschiedliche Braumethoden. Teetrinker werden einen gut aufgebr\u00fchten Tee schnell bemerken, aber wenn man darauf achtet, [&hellip;]<\/p>","protected":false},"author":340,"featured_media":0,"parent":0,"menu_order":0,"comment_status":"closed","ping_status":"closed","template":"","meta":{"_mi_skip_tracking":false,"footnotes":""},"class_list":["post-3537","page","type-page","status-publish","hentry"],"_links":{"self":[{"href":"https:\/\/mevlanacay.de\/tr\/wp-json\/wp\/v2\/pages\/3537","targetHints":{"allow":["GET"]}}],"collection":[{"href":"https:\/\/mevlanacay.de\/tr\/wp-json\/wp\/v2\/pages"}],"about":[{"href":"https:\/\/mevlanacay.de\/tr\/wp-json\/wp\/v2\/types\/page"}],"author":[{"embeddable":true,"href":"https:\/\/mevlanacay.de\/tr\/wp-json\/wp\/v2\/users\/340"}],"replies":[{"embeddable":true,"href":"https:\/\/mevlanacay.de\/tr\/wp-json\/wp\/v2\/comments?post=3537"}],"version-history":[{"count":138,"href":"https:\/\/mevlanacay.de\/tr\/wp-json\/wp\/v2\/pages\/3537\/revisions"}],"predecessor-version":[{"id":35355,"href":"https:\/\/mevlanacay.de\/tr\/wp-json\/wp\/v2\/pages\/3537\/revisions\/35355"}],"wp:attachment":[{"href":"https:\/\/mevlanacay.de\/tr\/wp-json\/wp\/v2\/media?parent=3537"}],"curies":[{"name":"wp","href":"https:\/\/api.w.org\/{rel}","templated":true}]}}