{"id":35266,"date":"2024-09-11T20:55:54","date_gmt":"2024-09-11T18:55:54","guid":{"rendered":"https:\/\/mevlanacay.de\/?page_id=35266"},"modified":"2025-07-16T11:06:26","modified_gmt":"2025-07-16T09:06:26","slug":"mimar-sinan-tee","status":"publish","type":"page","link":"https:\/\/mevlanacay.de\/tr\/mimar-sinan-tee\/","title":{"rendered":"Mimar Sinan \u00c7ay"},"content":{"rendered":"<div data-elementor-type=\"wp-page\" data-elementor-id=\"35266\" class=\"elementor elementor-35266\">\n\t\t\t\t\t\t<section class=\"elementor-section elementor-top-section elementor-element elementor-element-ec9009b elementor-section-boxed elementor-section-height-default elementor-section-height-default\" data-id=\"ec9009b\" data-element_type=\"section\">\n\t\t\t\t\t\t<div class=\"elementor-container elementor-column-gap-default\">\n\t\t\t\t\t<div class=\"elementor-column elementor-col-100 elementor-top-column elementor-element elementor-element-920bef7\" data-id=\"920bef7\" data-element_type=\"column\">\n\t\t\t<div class=\"elementor-widget-wrap elementor-element-populated\">\n\t\t\t\t\n\t\t<div class=\"elementor-element elementor-element-5dfe497 elementor-widget elementor-widget-heading\" data-id=\"5dfe497\" data-element_type=\"widget\" data-widget_type=\"heading.default\">\n\t\t\t\t<div class=\"elementor-widget-container\">\n\t\t\t<style>\/*! elementor - v3.21.0 - 25-04-2024 *\/\n.elementor-heading-title{padding:0;margin:0;line-height:1}.elementor-widget-heading .elementor-heading-title[class*=elementor-size-]>a{color:inherit;font-size:inherit;line-height:inherit}.elementor-widget-heading .elementor-heading-title.elementor-size-small{font-size:15px}.elementor-widget-heading .elementor-heading-title.elementor-size-medium{font-size:19px}.elementor-widget-heading .elementor-heading-title.elementor-size-large{font-size:29px}.elementor-widget-heading .elementor-heading-title.elementor-size-xl{font-size:39px}.elementor-widget-heading .elementor-heading-title.elementor-size-xxl{font-size:59px}<\/style><h2 class=\"elementor-heading-title elementor-size-default\">Mimar Sinan \u00c7ay<\/h2>\t\t<\/div>\n\t\t\t\t<\/div>\n\t\t\t\t<div class=\"elementor-element elementor-element-6773e3b elementor-widget elementor-widget-text-editor\" data-id=\"6773e3b\" data-element_type=\"widget\" data-widget_type=\"text-editor.default\">\n\t\t\t\t<div class=\"elementor-widget-container\">\n\t\t\t<style>\/*! elementor - v3.21.0 - 25-04-2024 *\/\n.elementor-widget-text-editor.elementor-drop-cap-view-stacked .elementor-drop-cap{background-color:#69727d;color:#fff}.elementor-widget-text-editor.elementor-drop-cap-view-framed .elementor-drop-cap{color:#69727d;border:3px solid;background-color:transparent}.elementor-widget-text-editor:not(.elementor-drop-cap-view-default) .elementor-drop-cap{margin-top:8px}.elementor-widget-text-editor:not(.elementor-drop-cap-view-default) .elementor-drop-cap-letter{width:1em;height:1em}.elementor-widget-text-editor .elementor-drop-cap{float:left;text-align:center;line-height:1;font-size:50px}.elementor-widget-text-editor .elementor-drop-cap-letter{display:inline-block}<\/style>\t\t\t\t<p>\u00c7ay\u0131n Ustas\u0131ndan<br \/>Ustal\u0131k lezzetle bulu\u015fuyor.<br \/>Mimar Sinan \u00c7ay, yo\u011fun bergamot aromas\u0131yla damakta iz b\u0131rak\u0131p kaliteyi hissettiriyor.<\/p>\t\t\t\t\t\t<\/div>\n\t\t\t\t<\/div>\n\t\t\t\t<div class=\"elementor-element elementor-element-108c587 elementor-widget elementor-widget-ecolive-products\" data-id=\"108c587\" data-element_type=\"widget\" data-widget_type=\"ecolive-products.default\">\n\t\t\t\t<div class=\"elementor-widget-container\">\n\t\t\t<div class=\"woocommerce columns-3  columns-tablet-2 columns-mobile-1\">\n<ul class=\"products columns-3\">\n\n\n<li class=\"product type-product post-35321 status-publish first instock product_cat-mimar-sinan-cay-400gr has-post-thumbnail purchasable product-type-simple\">\n\t<div class=\"product-block\">        <div class=\"product-transition\"><div class=\"product-img-wrap swap\">\n    <div class=\"inner\">\n        <div class=\"product-image\"><img fetchpriority=\"high\" decoding=\"async\" width=\"1080\" height=\"1080\" src=\"https:\/\/mevlanacay.de\/wp-content\/uploads\/2024\/09\/mimar-sinan-tee-400-gr-pack-2.jpg\" class=\"attachment-shop_catalog size-shop_catalog\" alt=\"Mimar Sinan Bergamot Aromal\u0131 Siyah Seylan \u00c7ay | Goran Tee 400g\" title=\"\"><\/div><div class=\"product-image second-image\"><img decoding=\"async\" width=\"1080\" height=\"1080\" src=\"https:\/\/mevlanacay.de\/wp-content\/uploads\/2024\/09\/mimar-sinan-tee-400-gr-pack.jpg\" class=\"attachment-shop_catalog size-shop_catalog\" alt=\"\" title=\"\"><\/div>\n    <\/div>\n<\/div>        <div class=\"group-action\">\n            <div class=\"shop-action\">\n                            <\/div>\n        <\/div>\n        <a href=\"https:\/\/mevlanacay.de\/tr\/mimar-sinan-tee-ceylon-goran-tea-400gr-1-stk\/\" class=\"woocommerce-LoopProduct-link woocommerce-loop-product__link\"><\/a><\/div>\n        <div class=\"product-caption\"><div class=\"posted-in\"><a href=\"https:\/\/mevlanacay.de\/tr\/mimar-sinan-cay-400gr\/\" rel=\"tag\">Mimar Sinan D\u00f6kme \u00c7ay<\/a><\/div><h3 class=\"woocommerce-loop-product__title\"><a href=\"https:\/\/mevlanacay.de\/tr\/mimar-sinan-tee-ceylon-goran-tea-400gr-1-stk\/\">Mimar Sinan Bergamot Aromal\u0131 Siyah Seylan \u00c7ay | Goran Tee 400g<\/a><\/h3>\n\t<span class=\"price\"><span class=\"woocommerce-Price-amount amount\"><bdi>3,49<span class=\"woocommerce-Price-currencySymbol\">&euro;<\/span><\/bdi><\/span><\/span>\n                <div class=\"product-caption-bottom\">\n                            <div class=\"quantity\">\n                <label class=\"screen-reader-text\" for=\"quantity_69e1a5838781d\">Mimar Sinan Schwarzer Ceylon Tee | Blatttee mit Bergamotte-Geschmack | Von Goran Tee 400g quantity<\/label>\n        <input\n            type=\"number\"\n            id=\"quantity_69e1a5838781d\"\n            class=\"input-text qty text\"\n            step=\"1\"\n            min=\"1\"\n            max=\"20\"\n            name=\"quantity\"\n            value=\"1\"\n            title=\"Qty\"\n            placeholder=\"\"\n            inputmode=\"numeric\" \/>\n            <\/div>\n    <a href=\"\/tr\/wp-json\/wp\/v2\/pages\/35266?add-to-cart=35321\" aria-describedby=\"woocommerce_loop_add_to_cart_link_describedby_35321\" data-quantity=\"1\" class=\"button product_type_simple add_to_cart_button ajax_add_to_cart\" data-product_id=\"35321\" data-product_sku=\"1085-1-1\" aria-label=\"Sepete ekle: \u201cMimar Sinan Schwarzer Ceylon Tee | Blatttee mit Bergamotte-Geschmack | Von Goran Tee 400g\u201d\" rel=\"nofollow\" data-success_message=\"&quot;Mimar Sinan Schwarzer Ceylon Tee | Blatttee mit Bergamotte-Geschmack | Von Goran Tee 400g&quot; sepetinize eklendi\" data-no-translation=\"\" data-trp-gettext=\"\" data-no-translation-aria-label=\"\" data-no-translation-data-success_message=\"\">Sepete Ekle<\/a>\t<span id=\"woocommerce_loop_add_to_cart_link_describedby_35321\" class=\"screen-reader-text\">\n\t\t\t<\/span>\n            <\/div>\n        <\/div><\/div><\/li>\n<li class=\"product type-product post-35260 status-publish instock product_cat-mimar-sinan-cay-800gr has-post-thumbnail purchasable product-type-simple\">\n\t<div class=\"product-block\">        <div class=\"product-transition\"><div class=\"product-img-wrap swap\">\n    <div class=\"inner\">\n        <div class=\"product-image\"><img decoding=\"async\" width=\"1080\" height=\"1080\" src=\"https:\/\/mevlanacay.de\/wp-content\/uploads\/2024\/09\/mimar-sinan-tee-800-gr.jpg\" class=\"attachment-shop_catalog size-shop_catalog\" alt=\"Mimar Sinan Bergamot Aromal\u0131 Siyah Seylan \u00c7ay | Goran Tee 800g\" title=\"\"><\/div><div class=\"product-image second-image\"><img loading=\"lazy\" decoding=\"async\" width=\"1080\" height=\"1080\" src=\"https:\/\/mevlanacay.de\/wp-content\/uploads\/2024\/09\/mimar-sinan-tee-800-gr-3.jpg\" class=\"attachment-shop_catalog size-shop_catalog\" alt=\"\" title=\"\"><\/div>\n    <\/div>\n<\/div>        <div class=\"group-action\">\n            <div class=\"shop-action\">\n                            <\/div>\n        <\/div>\n        <a href=\"https:\/\/mevlanacay.de\/tr\/mimar-sinan-tee-ceylon-goran-tea-800gr-1-stk\/\" class=\"woocommerce-LoopProduct-link woocommerce-loop-product__link\"><\/a><\/div>\n        <div class=\"product-caption\"><div class=\"posted-in\"><a href=\"https:\/\/mevlanacay.de\/tr\/mimar-sinan-cay-800gr\/\" rel=\"tag\">Mimar Sinan D\u00f6kme \u00c7ay<\/a><\/div><h3 class=\"woocommerce-loop-product__title\"><a href=\"https:\/\/mevlanacay.de\/tr\/mimar-sinan-tee-ceylon-goran-tea-800gr-1-stk\/\">Mimar Sinan Bergamot Aromal\u0131 Siyah Seylan \u00c7ay | Goran Tee 800g<\/a><\/h3>\n\t<span class=\"price\"><span class=\"woocommerce-Price-amount amount\"><bdi>6,99<span class=\"woocommerce-Price-currencySymbol\">&euro;<\/span><\/bdi><\/span><\/span>\n                <div class=\"product-caption-bottom\">\n                            <div class=\"quantity\">\n                <label class=\"screen-reader-text\" for=\"quantity_69e1a58388ee5\">Mimar Sinan Ceylon Schwarztee mit Bergamotte-Geschmack | Von Goran Tee 800g quantity<\/label>\n        <input\n            type=\"number\"\n            id=\"quantity_69e1a58388ee5\"\n            class=\"input-text qty text\"\n            step=\"1\"\n            min=\"1\"\n            max=\"10\"\n            name=\"quantity\"\n            value=\"1\"\n            title=\"Qty\"\n            placeholder=\"\"\n            inputmode=\"numeric\" \/>\n            <\/div>\n    <a href=\"\/tr\/wp-json\/wp\/v2\/pages\/35266?add-to-cart=35260\" aria-describedby=\"woocommerce_loop_add_to_cart_link_describedby_35260\" data-quantity=\"1\" class=\"button product_type_simple add_to_cart_button ajax_add_to_cart\" data-product_id=\"35260\" data-product_sku=\"1085-1\" aria-label=\"Sepete ekle: \u201cMimar Sinan Ceylon Schwarztee mit Bergamotte-Geschmack | Von Goran Tee 800g\u201d\" rel=\"nofollow\" data-success_message=\"&quot;Mimar Sinan Ceylon Schwarztee mit Bergamotte-Geschmack | Von Goran Tee 800g&quot; sepetinize eklendi\" data-no-translation=\"\" data-trp-gettext=\"\" data-no-translation-aria-label=\"\" data-no-translation-data-success_message=\"\">Sepete Ekle<\/a>\t<span id=\"woocommerce_loop_add_to_cart_link_describedby_35260\" class=\"screen-reader-text\">\n\t\t\t<\/span>\n            <\/div>\n        <\/div><\/div><\/li>\n<\/ul>\n<\/div>\t\t<\/div>\n\t\t\t\t<\/div>\n\t\t\t\t\t<\/div>\n\t\t<\/div>\n\t\t\t\t\t<\/div>\n\t\t<\/section>\n\t\t\t\t<section class=\"elementor-section elementor-top-section elementor-element elementor-element-51df0c7 elementor-section-boxed elementor-section-height-default elementor-section-height-default\" data-id=\"51df0c7\" data-element_type=\"section\">\n\t\t\t\t\t\t<div class=\"elementor-container elementor-column-gap-default\">\n\t\t\t\t\t\t<\/div>\n\t\t<\/section>\n\t\t\t\t<\/div>","protected":false},"excerpt":{"rendered":"<p>Mimar Sinan Tee Vom Meister des TeesWenn Qualit\u00e4t auf Geschmack trifft:Mimar Sinan Tee begeistert mit intensivem Bergamotte-Aroma und einem unverwechselbaren Qualit\u00e4tsgef\u00fchl bei jedem Schluck. Mimar Sinan \u00c7ay 400gr Mimar Sinan Tee, CEYLON, GORAN Tea 400gr (1 Stk.) 3,49&euro; Mimar Sinan Tee, CEYLON, GORAN Tea 400gr (1 Stk.) quantity In den Warenkorb Mimar Sinan \u00c7ay 800gr [&hellip;]<\/p>","protected":false},"author":79,"featured_media":0,"parent":0,"menu_order":0,"comment_status":"closed","ping_status":"closed","template":"elementor_header_footer","meta":{"_mi_skip_tracking":false,"footnotes":""},"class_list":["post-35266","page","type-page","status-publish","hentry"],"_links":{"self":[{"href":"https:\/\/mevlanacay.de\/tr\/wp-json\/wp\/v2\/pages\/35266","targetHints":{"allow":["GET"]}}],"collection":[{"href":"https:\/\/mevlanacay.de\/tr\/wp-json\/wp\/v2\/pages"}],"about":[{"href":"https:\/\/mevlanacay.de\/tr\/wp-json\/wp\/v2\/types\/page"}],"author":[{"embeddable":true,"href":"https:\/\/mevlanacay.de\/tr\/wp-json\/wp\/v2\/users\/79"}],"replies":[{"embeddable":true,"href":"https:\/\/mevlanacay.de\/tr\/wp-json\/wp\/v2\/comments?post=35266"}],"version-history":[{"count":20,"href":"https:\/\/mevlanacay.de\/tr\/wp-json\/wp\/v2\/pages\/35266\/revisions"}],"predecessor-version":[{"id":36083,"href":"https:\/\/mevlanacay.de\/tr\/wp-json\/wp\/v2\/pages\/35266\/revisions\/36083"}],"wp:attachment":[{"href":"https:\/\/mevlanacay.de\/tr\/wp-json\/wp\/v2\/media?parent=35266"}],"curies":[{"name":"wp","href":"https:\/\/api.w.org\/{rel}","templated":true}]}}