{"id":31295,"date":"2022-01-17T15:21:35","date_gmt":"2022-01-17T14:21:35","guid":{"rendered":"http:\/\/mevlanacay.com.tr\/yeni\/?page_id=31295"},"modified":"2024-09-11T22:45:39","modified_gmt":"2024-09-11T20:45:39","slug":"tozdan-arindirilmis-ilk-ve-tek-cay-mevlana-cay","status":"publish","type":"page","link":"https:\/\/mevlanacay.de\/tr\/tozdan-arindirilmis-ilk-ve-tek-cay-mevlana-cay\/","title":{"rendered":"Mevlana Tee: Der erste und einzige staubfreie Tee"},"content":{"rendered":"<div data-elementor-type=\"wp-page\" data-elementor-id=\"31295\" class=\"elementor elementor-31295\">\n\t\t\t\t\t\t<div class=\"elementor-section elementor-top-section elementor-element elementor-element-7606432 elementor-section-stretched elementor-section-boxed elementor-section-height-default elementor-section-height-default\" data-id=\"7606432\" data-element_type=\"section\" data-settings=\"{&quot;stretch_section&quot;:&quot;section-stretched&quot;}\">\n\t\t\t\t\t\t<div class=\"elementor-container elementor-column-gap-no\">\n\t\t\t\t\t<div class=\"elementor-column elementor-col-50 elementor-top-column elementor-element elementor-element-57f58cf\" data-id=\"57f58cf\" data-element_type=\"column\">\n\t\t\t<div class=\"elementor-widget-wrap elementor-element-populated\">\n\t\t\t\t\n\t\t<div class=\"elementor-element elementor-element-7a85563 elementor-widget elementor-widget-image\" data-id=\"7a85563\" data-element_type=\"widget\" data-widget_type=\"image.default\">\n\t\t\t\t<div class=\"elementor-widget-container\">\n\t\t\t<style>\/*! elementor - v3.21.0 - 25-04-2024 *\/\n.elementor-widget-image{text-align:center}.elementor-widget-image a{display:inline-block}.elementor-widget-image a img[src$=\".svg\"]{width:48px}.elementor-widget-image img{vertical-align:middle;display:inline-block}<\/style>\t\t\t\t\t\t\t\t\t\t<img fetchpriority=\"high\" decoding=\"async\" width=\"940\" height=\"1020\" src=\"https:\/\/mevlanacay.de\/wp-content\/uploads\/2022\/01\/mevlana-cay-tozdan-arindirilmis-tek-cay.jpg\" class=\"attachment-large size-large wp-image-31297\" alt=\"\" title=\"\">\t\t\t\t\t\t\t\t\t\t\t\t\t<\/div>\n\t\t\t\t<\/div>\n\t\t\t\t\t<\/div>\n\t\t<\/div>\n\t\t\t\t<div class=\"elementor-column elementor-col-50 elementor-top-column elementor-element elementor-element-523796d\" data-id=\"523796d\" data-element_type=\"column\">\n\t\t\t<div class=\"elementor-widget-wrap elementor-element-populated\">\n\t\t\t\t\t\t<div class=\"elementor-element elementor-element-f2e8611 elementor-widget elementor-widget-heading\" data-id=\"f2e8611\" data-element_type=\"widget\" data-widget_type=\"heading.default\">\n\t\t\t\t<div class=\"elementor-widget-container\">\n\t\t\t<style>\/*! elementor - v3.21.0 - 25-04-2024 *\/\n.elementor-heading-title{padding:0;margin:0;line-height:1}.elementor-widget-heading .elementor-heading-title[class*=elementor-size-]>a{color:inherit;font-size:inherit;line-height:inherit}.elementor-widget-heading .elementor-heading-title.elementor-size-small{font-size:15px}.elementor-widget-heading .elementor-heading-title.elementor-size-medium{font-size:19px}.elementor-widget-heading .elementor-heading-title.elementor-size-large{font-size:29px}.elementor-widget-heading .elementor-heading-title.elementor-size-xl{font-size:39px}.elementor-widget-heading .elementor-heading-title.elementor-size-xxl{font-size:59px}<\/style><h2 class=\"elementor-heading-title elementor-size-default\">Tozdan ar\u0131nd\u0131r\u0131lm\u0131\u015f ilk ve tek \u00e7ay: Mevl\u00e2na \u00c7ay!<\/h2>\t\t<\/div>\n\t\t\t\t<\/div>\n\t\t\t\t<div class=\"elementor-element elementor-element-302d734 elementor-widget elementor-widget-text-editor\" data-id=\"302d734\" data-element_type=\"widget\" data-widget_type=\"text-editor.default\">\n\t\t\t\t<div class=\"elementor-widget-container\">\n\t\t\t<style>\/*! elementor - v3.21.0 - 25-04-2024 *\/\n.elementor-widget-text-editor.elementor-drop-cap-view-stacked .elementor-drop-cap{background-color:#69727d;color:#fff}.elementor-widget-text-editor.elementor-drop-cap-view-framed .elementor-drop-cap{color:#69727d;border:3px solid;background-color:transparent}.elementor-widget-text-editor:not(.elementor-drop-cap-view-default) .elementor-drop-cap{margin-top:8px}.elementor-widget-text-editor:not(.elementor-drop-cap-view-default) .elementor-drop-cap-letter{width:1em;height:1em}.elementor-widget-text-editor .elementor-drop-cap{float:left;text-align:center;line-height:1;font-size:50px}.elementor-widget-text-editor .elementor-drop-cap-letter{display:inline-block}<\/style>\t\t\t\t<h5>\u00c7ay bitkisinin makine kesimi ile elle toplanmas\u0131 aras\u0131nda b\u00fcy\u00fck kalite fark\u0131 vard\u0131r. \n<br>\nMevl\u00e2na \u00c7ay Lezzet Hik\u00e2yesinde do\u011fall\u0131k \u00f6n planda olup b\u00fct\u00fcn \u00fcr\u00fcnler tamam\u0131yla elle toplanan \u00e7ay filizlerinden elde edilir. <\/h5>\nSri Lanka\u2019n\u0131n do\u011fal \u00e7ay bah\u00e7elerinde a\u00e7an ilk filizler elle toplan\u0131r ve Almanya\u2019da Goran Tee i\u00e7in \u00f6zel haz\u0131rlanm\u0131\u015f harmanlama makinesinde harmanlan\u0131r.\n<br>\nBu noktada \u00e7ayda bulunan tein zar\u0131 al\u0131n\u0131r ve % 98 tozdan ar\u0131nd\u0131r\u0131lm\u0131\u015f Mevl\u00e2na \u00c7ay ortaya \u00e7\u0131kar. Tozsuz, sadece \u00e7ay i\u00e7me keyfini d\u00fcnyada sadece Mevl\u00e2na \u00c7ay ile ya\u015fayabilirsiniz. \n<br>\nMevl\u00e2na Seylan \u00c7ay\u0131n\u0131n en b\u00fcy\u00fck \u00f6zelli\u011fi; \u00e7ay severlere damak tatlar\u0131na uygun sadece \u00e7ay yapra\u011f\u0131n\u0131n keyfini sunmas\u0131d\u0131r. \t\t\t\t\t\t<\/div>\n\t\t\t\t<\/div>\n\t\t\t\t\t<\/div>\n\t\t<\/div>\n\t\t\t\t\t<\/div>\n\t\t<\/div>\n\t\t\t\t<div class=\"elementor-section elementor-top-section elementor-element elementor-element-33ec2954 elementor-section-stretched elementor-section-height-min-height elementor-section-boxed elementor-section-height-default elementor-section-items-middle\" data-id=\"33ec2954\" data-element_type=\"section\" data-settings=\"{&quot;stretch_section&quot;:&quot;section-stretched&quot;,&quot;background_background&quot;:&quot;classic&quot;}\">\n\t\t\t\t\t\t\t<div class=\"elementor-background-overlay\"><\/div>\n\t\t\t\t\t\t\t<div class=\"elementor-container elementor-column-gap-no\">\n\t\t\t\t\t<div class=\"elementor-column elementor-col-33 elementor-top-column elementor-element elementor-element-1f119b78\" data-id=\"1f119b78\" data-element_type=\"column\">\n\t\t\t<div class=\"elementor-widget-wrap elementor-element-populated\">\n\t\t\t\t\t\t<div class=\"elementor-element elementor-element-1b1508e4 elementor-position-left elementor-widget__width-initial elementor-widget-tablet__width-auto ecolive-image-box-style-1 elementor-vertical-align-top elementor-widget elementor-widget-image-box\" data-id=\"1b1508e4\" data-element_type=\"widget\" data-widget_type=\"image-box.default\">\n\t\t\t\t<div class=\"elementor-widget-container\">\n\t\t\t<style>.elementor-widget-image-box .elementor-image-box-content{width:100%}@media (min-width:700px){.elementor-widget-image-box.elementor-position-left .elementor-image-box-wrapper,.elementor-widget-image-box.elementor-position-right .elementor-image-box-wrapper{display:flex}.elementor-widget-image-box.elementor-position-right .elementor-image-box-wrapper{text-align:end;flex-direction:row-reverse}.elementor-widget-image-box.elementor-position-left .elementor-image-box-wrapper{text-align:start;flex-direction:row}.elementor-widget-image-box.elementor-position-top .elementor-image-box-img{margin:auto}.elementor-widget-image-box.elementor-vertical-align-top .elementor-image-box-wrapper{align-items:flex-start}.elementor-widget-image-box.elementor-vertical-align-middle .elementor-image-box-wrapper{align-items:center}.elementor-widget-image-box.elementor-vertical-align-bottom .elementor-image-box-wrapper{align-items:flex-end}}@media (max-width:699px){.elementor-widget-image-box .elementor-image-box-img{margin-left:auto!important;margin-right:auto!important;margin-bottom:15px}}.elementor-widget-image-box .elementor-image-box-img{display:inline-block}.elementor-widget-image-box .elementor-image-box-title a{color:inherit}.elementor-widget-image-box .elementor-image-box-wrapper{text-align:center}.elementor-widget-image-box .elementor-image-box-description{margin:0}<\/style><div class=\"elementor-image-box-wrapper\"><figure class=\"elementor-image-box-img\"><img decoding=\"async\" width=\"70\" height=\"62\" src=\"https:\/\/mevlanacay.de\/wp-content\/uploads\/2022\/01\/mevlana-cay-icon-07.png\" class=\"elementor-animation-shrink attachment-full size-full wp-image-31226\" alt=\"\" title=\"\"><\/figure><div class=\"elementor-image-box-content\"><h3 class=\"elementor-image-box-title\">Alman Mal\u0131<\/h3><p class=\"elementor-image-box-description\">Mevlana \u00c7ay markas\u0131na ait \u00e7aylar Almanya\u2019da harmanlan\u0131p Avrupa standartlar\u0131nda paketlenmektedir.<\/p><\/div><\/div>\t\t<\/div>\n\t\t\t\t<\/div>\n\t\t\t\t<div class=\"elementor-element elementor-element-4eed2a0d elementor-position-left elementor-widget__width-initial elementor-widget-tablet__width-auto elementor-widget-mobile__width-inherit ecolive-image-box-style-1 elementor-vertical-align-top elementor-widget elementor-widget-image-box\" data-id=\"4eed2a0d\" data-element_type=\"widget\" data-widget_type=\"image-box.default\">\n\t\t\t\t<div class=\"elementor-widget-container\">\n\t\t\t<div class=\"elementor-image-box-wrapper\"><figure class=\"elementor-image-box-img\"><img decoding=\"async\" width=\"70\" height=\"62\" src=\"https:\/\/mevlanacay.de\/wp-content\/uploads\/2022\/01\/mevlana-cay-icon-10.png\" class=\"elementor-animation-shrink attachment-full size-full wp-image-31231\" alt=\"\" title=\"\"><\/figure><div class=\"elementor-image-box-content\"><h3 class=\"elementor-image-box-title\">Tozdan Ar\u0131nd\u0131r\u0131lm\u0131\u015f<\/h3><p class=\"elementor-image-box-description\">\u00d6zel olarak imal edilmi\u015f harmanlama makinas\u0131 sayesinde tozdan ar\u0131nd\u0131r\u0131lm\u0131\u015ft\u0131r.<\/p><\/div><\/div>\t\t<\/div>\n\t\t\t\t<\/div>\n\t\t\t\t<div class=\"elementor-element elementor-element-2b0b2043 elementor-position-left elementor-widget__width-initial elementor-widget-tablet__width-auto elementor-widget-mobile__width-inherit ecolive-image-box-style-1 elementor-vertical-align-top elementor-widget elementor-widget-image-box\" data-id=\"2b0b2043\" data-element_type=\"widget\" data-widget_type=\"image-box.default\">\n\t\t\t\t<div class=\"elementor-widget-container\">\n\t\t\t<div class=\"elementor-image-box-wrapper\"><figure class=\"elementor-image-box-img\"><img loading=\"lazy\" decoding=\"async\" width=\"70\" height=\"62\" src=\"https:\/\/mevlanacay.de\/wp-content\/uploads\/2022\/01\/mevlana-cay-icon-16.png\" class=\"elementor-animation-shrink attachment-full size-full wp-image-31244\" alt=\"\" title=\"\"><\/figure><div class=\"elementor-image-box-content\"><h3 class=\"elementor-image-box-title\">\u00d6zel Harman<\/h3><p class=\"elementor-image-box-description\">\u00c7ay\u0131m\u0131z Alman m\u00fchendisler taraf\u0131ndan firmam\u0131z i\u00e7in \u00f6zel olarak \u00fcretilen harmanlama makinas\u0131nda harmanlanmaktad\u0131r.<\/p><\/div><\/div>\t\t<\/div>\n\t\t\t\t<\/div>\n\t\t\t\t\t<\/div>\n\t\t<\/div>\n\t\t\t\t<div class=\"elementor-column elementor-col-33 elementor-top-column elementor-element elementor-element-52187e2f\" data-id=\"52187e2f\" data-element_type=\"column\">\n\t\t\t<div class=\"elementor-widget-wrap elementor-element-populated\">\n\t\t\t\t\t\t<div class=\"elementor-element elementor-element-32fe0c72 elementor-widget elementor-widget-image\" data-id=\"32fe0c72\" data-element_type=\"widget\" data-widget_type=\"image.default\">\n\t\t\t\t<div class=\"elementor-widget-container\">\n\t\t\t\t\t\t\t\t\t\t\t\t\t<img loading=\"lazy\" decoding=\"async\" width=\"674\" height=\"800\" src=\"https:\/\/mevlanacay.de\/wp-content\/uploads\/2022\/01\/mevlana-about-us-06.png\" class=\"attachment-full size-full wp-image-30678\" alt=\"\" title=\"\">\t\t\t\t\t\t\t\t\t\t\t\t\t<\/div>\n\t\t\t\t<\/div>\n\t\t\t\t\t<\/div>\n\t\t<\/div>\n\t\t\t\t<div class=\"elementor-column elementor-col-33 elementor-top-column elementor-element elementor-element-582aa62\" data-id=\"582aa62\" data-element_type=\"column\">\n\t\t\t<div class=\"elementor-widget-wrap elementor-element-populated\">\n\t\t\t\t\t\t<div class=\"elementor-element elementor-element-5b28eb9b elementor-position-left elementor-widget__width-initial elementor-widget-tablet__width-auto elementor-widget-mobile_extra__width-initial elementor-widget-mobile__width-inherit ecolive-image-box-style-1 elementor-vertical-align-top elementor-widget elementor-widget-image-box\" data-id=\"5b28eb9b\" data-element_type=\"widget\" data-widget_type=\"image-box.default\">\n\t\t\t\t<div class=\"elementor-widget-container\">\n\t\t\t<div class=\"elementor-image-box-wrapper\"><figure class=\"elementor-image-box-img\"><img loading=\"lazy\" decoding=\"async\" width=\"70\" height=\"62\" src=\"https:\/\/mevlanacay.de\/wp-content\/uploads\/2022\/05\/abmevlana-cay-icon-12.jpg\" class=\"elementor-animation-shrink attachment-full size-full wp-image-32565\" alt=\"\" title=\"\"><\/figure><div class=\"elementor-image-box-content\"><h3 class=\"elementor-image-box-title\">AB Standart\u0131<\/h3><p class=\"elementor-image-box-description\">Kullan\u0131lan aroma AB g\u0131da standartlar\u0131na uygundur.<\/p><\/div><\/div>\t\t<\/div>\n\t\t\t\t<\/div>\n\t\t\t\t<div class=\"elementor-element elementor-element-31b368ba elementor-position-left elementor-widget__width-initial elementor-widget-tablet__width-auto ecolive-image-box-style-1 elementor-vertical-align-top elementor-widget elementor-widget-image-box\" data-id=\"31b368ba\" data-element_type=\"widget\" data-widget_type=\"image-box.default\">\n\t\t\t\t<div class=\"elementor-widget-container\">\n\t\t\t<div class=\"elementor-image-box-wrapper\"><figure class=\"elementor-image-box-img\"><img loading=\"lazy\" decoding=\"async\" width=\"70\" height=\"62\" src=\"https:\/\/mevlanacay.de\/wp-content\/uploads\/2022\/01\/mevlana-cay-icon-15.png\" class=\"elementor-animation-shrink attachment-full size-full wp-image-31242\" alt=\"\" title=\"\"><\/figure><div class=\"elementor-image-box-content\"><h3 class=\"elementor-image-box-title\">Elle Toplama<\/h3><p class=\"elementor-image-box-description\">Mevlana \u00c7ay markas\u0131n\u0131n \u00e7ay filizleri sadece elle toplan\u0131r.<\/p><\/div><\/div>\t\t<\/div>\n\t\t\t\t<\/div>\n\t\t\t\t<div class=\"elementor-element elementor-element-21aa3f92 elementor-position-left elementor-widget__width-initial elementor-widget-tablet__width-auto ecolive-image-box-style-1 elementor-vertical-align-top elementor-widget elementor-widget-image-box\" data-id=\"21aa3f92\" data-element_type=\"widget\" data-widget_type=\"image-box.default\">\n\t\t\t\t<div class=\"elementor-widget-container\">\n\t\t\t<div class=\"elementor-image-box-wrapper\"><figure class=\"elementor-image-box-img\"><img loading=\"lazy\" decoding=\"async\" width=\"70\" height=\"62\" src=\"https:\/\/mevlanacay.de\/wp-content\/uploads\/2022\/01\/mevlana-cay-icon-14.png\" class=\"elementor-animation-shrink attachment-full size-full wp-image-31238\" alt=\"\" title=\"\"><\/figure><div class=\"elementor-image-box-content\"><h3 class=\"elementor-image-box-title\">Sri Lanka'dan<\/h3><p class=\"elementor-image-box-description\">Sri Lanka\u2019n\u0131n en iyi \u00e7ay bah\u00e7elerinden do\u011fal Seylan \u00c7ay\u0131.<\/p><\/div><\/div>\t\t<\/div>\n\t\t\t\t<\/div>\n\t\t\t\t\t<\/div>\n\t\t<\/div>\n\t\t\t\t\t<\/div>\n\t\t<\/div>\n\t\t\t\t<section class=\"elementor-section elementor-top-section elementor-element elementor-element-240c96d elementor-section-boxed elementor-section-height-default elementor-section-height-default\" data-id=\"240c96d\" data-element_type=\"section\">\n\t\t\t\t\t\t<div class=\"elementor-container elementor-column-gap-default\">\n\t\t\t\t\t<div class=\"elementor-column elementor-col-25 elementor-top-column elementor-element elementor-element-6f60a2e\" data-id=\"6f60a2e\" data-element_type=\"column\">\n\t\t\t<div class=\"elementor-widget-wrap elementor-element-populated\">\n\t\t\t\t\t\t<div class=\"elementor-element elementor-element-5dfb942 image-style-ecolive-yes elementor-widget elementor-widget-image\" data-id=\"5dfb942\" data-element_type=\"widget\" data-widget_type=\"image.default\">\n\t\t\t\t<div class=\"elementor-widget-container\">\n\t\t\t\t\t\t\t\t\t\t\t\t\t\t<a href=\"https:\/\/mevlanacay.de\/tr\/\">\n\t\t\t\t\t\t\t<img loading=\"lazy\" decoding=\"async\" width=\"1020\" height=\"1020\" src=\"https:\/\/mevlanacay.de\/wp-content\/uploads\/2022\/01\/mevlana-cay-anasayfa-buton.jpg\" class=\"attachment-full size-full wp-image-33827\" alt=\"\" title=\"\">\t\t\t\t\t\t\t\t<\/a>\n\t\t\t\t\t\t\t\t\t\t\t\t\t<\/div>\n\t\t\t\t<\/div>\n\t\t\t\t\t<\/div>\n\t\t<\/div>\n\t\t\t\t<div class=\"elementor-column elementor-col-25 elementor-top-column elementor-element elementor-element-0e17027\" data-id=\"0e17027\" data-element_type=\"column\">\n\t\t\t<div class=\"elementor-widget-wrap elementor-element-populated\">\n\t\t\t\t\t\t<div class=\"elementor-element elementor-element-d855728 image-style-ecolive-yes elementor-widget elementor-widget-image\" data-id=\"d855728\" data-element_type=\"widget\" data-widget_type=\"image.default\">\n\t\t\t\t<div class=\"elementor-widget-container\">\n\t\t\t\t\t\t\t\t\t\t\t\t\t\t<a href=\"\/tr\/hakkimizda\/\">\n\t\t\t\t\t\t\t<img loading=\"lazy\" decoding=\"async\" width=\"1020\" height=\"1020\" src=\"https:\/\/mevlanacay.de\/wp-content\/uploads\/2022\/01\/mevlana-cay-hakkimizda-buton.jpg\" class=\"attachment-full size-full wp-image-33834\" alt=\"\" title=\"\">\t\t\t\t\t\t\t\t<\/a>\n\t\t\t\t\t\t\t\t\t\t\t\t\t<\/div>\n\t\t\t\t<\/div>\n\t\t\t\t\t<\/div>\n\t\t<\/div>\n\t\t\t\t<div class=\"elementor-column elementor-col-25 elementor-top-column elementor-element elementor-element-b036741\" data-id=\"b036741\" data-element_type=\"column\">\n\t\t\t<div class=\"elementor-widget-wrap elementor-element-populated\">\n\t\t\t\t\t\t<div class=\"elementor-element elementor-element-3e6eae4 image-style-ecolive-yes elementor-widget elementor-widget-image\" data-id=\"3e6eae4\" data-element_type=\"widget\" data-widget_type=\"image.default\">\n\t\t\t\t<div class=\"elementor-widget-container\">\n\t\t\t\t\t\t\t\t\t\t\t\t\t\t<a href=\"\/tr\/shop\/\">\n\t\t\t\t\t\t\t<img loading=\"lazy\" decoding=\"async\" width=\"1020\" height=\"1020\" src=\"https:\/\/mevlanacay.de\/wp-content\/uploads\/2022\/01\/mevlana-cay-urunler-buton.jpg\" class=\"attachment-full size-full wp-image-33828\" alt=\"\" title=\"\">\t\t\t\t\t\t\t\t<\/a>\n\t\t\t\t\t\t\t\t\t\t\t\t\t<\/div>\n\t\t\t\t<\/div>\n\t\t\t\t\t<\/div>\n\t\t<\/div>\n\t\t\t\t<div class=\"elementor-column elementor-col-25 elementor-top-column elementor-element elementor-element-766d820\" data-id=\"766d820\" data-element_type=\"column\">\n\t\t\t<div class=\"elementor-widget-wrap elementor-element-populated\">\n\t\t\t\t\t\t<div class=\"elementor-element elementor-element-81cd87b image-style-ecolive-yes elementor-widget elementor-widget-image\" data-id=\"81cd87b\" data-element_type=\"widget\" data-widget_type=\"image.default\">\n\t\t\t\t<div class=\"elementor-widget-container\">\n\t\t\t\t\t\t\t\t\t\t\t\t\t\t<a href=\"\/tr\/iletisim\/\">\n\t\t\t\t\t\t\t<img loading=\"lazy\" decoding=\"async\" width=\"1020\" height=\"1020\" src=\"https:\/\/mevlanacay.de\/wp-content\/uploads\/2022\/01\/mevlana-cay-iletisim-buton.jpg\" class=\"attachment-full size-full wp-image-33830\" alt=\"\" title=\"\">\t\t\t\t\t\t\t\t<\/a>\n\t\t\t\t\t\t\t\t\t\t\t\t\t<\/div>\n\t\t\t\t<\/div>\n\t\t\t\t\t<\/div>\n\t\t<\/div>\n\t\t\t\t\t<\/div>\n\t\t<\/section>\n\t\t\t\t<\/div>","protected":false},"excerpt":{"rendered":"<p>Der erste und einzige staubfreie Tee: Mevlana Tee! Es gibt einen gro\u00dfen Qualit\u00e4tsunterschied, wenn der Tee nicht per Hand gepfl\u00fcckt, sondern maschinell geschnitten wird. In der Produktionsgeschichte der Tees von Mevlana Tee steht die Nat\u00fcrlichkeit immer im Vordergrund. Wir gewinnen den Tee aus Teesprossen, die ausschlie\u00dflich per Hand gepfl\u00fcckt werden. Die ersten Teespr\u00f6sslinge, die in [&hellip;]<\/p>","protected":false},"author":79,"featured_media":0,"parent":0,"menu_order":0,"comment_status":"closed","ping_status":"closed","template":"","meta":{"_mi_skip_tracking":false,"footnotes":""},"class_list":["post-31295","page","type-page","status-publish","hentry"],"_links":{"self":[{"href":"https:\/\/mevlanacay.de\/tr\/wp-json\/wp\/v2\/pages\/31295","targetHints":{"allow":["GET"]}}],"collection":[{"href":"https:\/\/mevlanacay.de\/tr\/wp-json\/wp\/v2\/pages"}],"about":[{"href":"https:\/\/mevlanacay.de\/tr\/wp-json\/wp\/v2\/types\/page"}],"author":[{"embeddable":true,"href":"https:\/\/mevlanacay.de\/tr\/wp-json\/wp\/v2\/users\/79"}],"replies":[{"embeddable":true,"href":"https:\/\/mevlanacay.de\/tr\/wp-json\/wp\/v2\/comments?post=31295"}],"version-history":[{"count":59,"href":"https:\/\/mevlanacay.de\/tr\/wp-json\/wp\/v2\/pages\/31295\/revisions"}],"predecessor-version":[{"id":35370,"href":"https:\/\/mevlanacay.de\/tr\/wp-json\/wp\/v2\/pages\/31295\/revisions\/35370"}],"wp:attachment":[{"href":"https:\/\/mevlanacay.de\/tr\/wp-json\/wp\/v2\/media?parent=31295"}],"curies":[{"name":"wp","href":"https:\/\/api.w.org\/{rel}","templated":true}]}}