{"id":31019,"date":"2022-01-13T08:44:28","date_gmt":"2022-01-13T07:44:28","guid":{"rendered":"http:\/\/mevlanacay.com.tr\/yeni\/?page_id=31019"},"modified":"2024-09-11T22:40:17","modified_gmt":"2024-09-11T20:40:17","slug":"seylan-cayi-nedir","status":"publish","type":"page","link":"https:\/\/mevlanacay.de\/tr\/seylan-cayi-nedir\/","title":{"rendered":"Seylan \u00c7ay\u0131 nedir ?"},"content":{"rendered":"<div data-elementor-type=\"wp-page\" data-elementor-id=\"31019\" class=\"elementor elementor-31019\">\n\t\t\t\t\t\t<div class=\"elementor-section elementor-top-section elementor-element elementor-element-7606432 elementor-section-stretched elementor-section-boxed elementor-section-height-default elementor-section-height-default\" data-id=\"7606432\" data-element_type=\"section\" data-settings=\"{&quot;stretch_section&quot;:&quot;section-stretched&quot;}\">\n\t\t\t\t\t\t<div class=\"elementor-container elementor-column-gap-no\">\n\t\t\t\t\t<div class=\"elementor-column elementor-col-50 elementor-top-column elementor-element elementor-element-57f58cf\" data-id=\"57f58cf\" data-element_type=\"column\">\n\t\t\t<div class=\"elementor-widget-wrap elementor-element-populated\">\n\t\t\t\t\n\t\t<div class=\"elementor-element elementor-element-7a85563 elementor-widget elementor-widget-image\" data-id=\"7a85563\" data-element_type=\"widget\" data-widget_type=\"image.default\">\n\t\t\t\t<div class=\"elementor-widget-container\">\n\t\t\t<style>\/*! elementor - v3.21.0 - 25-04-2024 *\/\n.elementor-widget-image{text-align:center}.elementor-widget-image a{display:inline-block}.elementor-widget-image a img[src$=\".svg\"]{width:48px}.elementor-widget-image img{vertical-align:middle;display:inline-block}<\/style>\t\t\t\t\t\t\t\t\t\t<img fetchpriority=\"high\" decoding=\"async\" width=\"940\" height=\"1020\" src=\"https:\/\/mevlanacay.de\/wp-content\/uploads\/2022\/01\/mevlana-cayseylan-cayi-hakkinda-bilgiler.jpg\" class=\"attachment-large size-large wp-image-31411\" alt=\"\" title=\"\">\t\t\t\t\t\t\t\t\t\t\t\t\t<\/div>\n\t\t\t\t<\/div>\n\t\t\t\t\t<\/div>\n\t\t<\/div>\n\t\t\t\t<div class=\"elementor-column elementor-col-50 elementor-top-column elementor-element elementor-element-523796d\" data-id=\"523796d\" data-element_type=\"column\">\n\t\t\t<div class=\"elementor-widget-wrap elementor-element-populated\">\n\t\t\t\t\t\t<div class=\"elementor-element elementor-element-302d734 elementor-widget elementor-widget-text-editor\" data-id=\"302d734\" data-element_type=\"widget\" data-widget_type=\"text-editor.default\">\n\t\t\t\t<div class=\"elementor-widget-container\">\n\t\t\t<style>\/*! elementor - v3.21.0 - 25-04-2024 *\/\n.elementor-widget-text-editor.elementor-drop-cap-view-stacked .elementor-drop-cap{background-color:#69727d;color:#fff}.elementor-widget-text-editor.elementor-drop-cap-view-framed .elementor-drop-cap{color:#69727d;border:3px solid;background-color:transparent}.elementor-widget-text-editor:not(.elementor-drop-cap-view-default) .elementor-drop-cap{margin-top:8px}.elementor-widget-text-editor:not(.elementor-drop-cap-view-default) .elementor-drop-cap-letter{width:1em;height:1em}.elementor-widget-text-editor .elementor-drop-cap{float:left;text-align:center;line-height:1;font-size:50px}.elementor-widget-text-editor .elementor-drop-cap-letter{display:inline-block}<\/style>\t\t\t\t<h5>Bizim k\u00fclt\u00fcr\u00fcm\u00fczde olmazsa olmaz yeme i\u00e7me trendimizden bir tanesidir \u00e7ay. Hele ki konu Uzak Do\u011fu\u2019nun mistik topraklar\u0131ndan gelen Seylan \u00c7ay\u0131 ise muhabbete doyum olmaz. Lezzeti ile i\u00e7enleri \u00a0kendine hayran b\u0131rakan Seylan \u00c7ay\u0131 hakk\u0131nda hi\u00e7bir yerde bulamayaca\u011f\u0131n\u0131z bilgileri ve demleme konusunda p\u00fcf noktalar\u0131n\u0131 sizin i\u00e7in derledik.<\/h5>\t\t\t\t\t\t<\/div>\n\t\t\t\t<\/div>\n\t\t\t\t<div class=\"elementor-element elementor-element-f2e8611 elementor-widget elementor-widget-heading\" data-id=\"f2e8611\" data-element_type=\"widget\" data-widget_type=\"heading.default\">\n\t\t\t\t<div class=\"elementor-widget-container\">\n\t\t\t<style>\/*! elementor - v3.21.0 - 25-04-2024 *\/\n.elementor-heading-title{padding:0;margin:0;line-height:1}.elementor-widget-heading .elementor-heading-title[class*=elementor-size-]>a{color:inherit;font-size:inherit;line-height:inherit}.elementor-widget-heading .elementor-heading-title.elementor-size-small{font-size:15px}.elementor-widget-heading .elementor-heading-title.elementor-size-medium{font-size:19px}.elementor-widget-heading .elementor-heading-title.elementor-size-large{font-size:29px}.elementor-widget-heading .elementor-heading-title.elementor-size-xl{font-size:39px}.elementor-widget-heading .elementor-heading-title.elementor-size-xxl{font-size:59px}<\/style><h2 class=\"elementor-heading-title elementor-size-default\">Seylan \u00c7ay\u0131 Nedir?<\/h2>\t\t<\/div>\n\t\t\t\t<\/div>\n\t\t\t\t<div class=\"elementor-element elementor-element-409119a elementor-widget elementor-widget-text-editor\" data-id=\"409119a\" data-element_type=\"widget\" data-widget_type=\"text-editor.default\">\n\t\t\t\t<div class=\"elementor-widget-container\">\n\t\t\t\t\t\t\t<p>\u00dclkemizde Seylan \u00c7ay\u0131 diye ge\u00e7se de bu \u00f6zel \u00e7ay Sri Lanka\u2019da yeti\u015fir. Sri Lanka bug\u00fcn, D\u00fcnyan\u0131n d\u00f6rd\u00fcnc\u00fc \u00e7ay ithalat\u00e7\u0131s\u0131 olarak sayg\u0131n bir yere sahiptir. Di\u011fer ithalat\u00e7\u0131 \u00fclkelere g\u00f6re k\u00fc\u00e7\u00fck bir toprak par\u00e7as\u0131na sahip olmas\u0131na ra\u011fmen bu s\u0131ray\u0131 elde etmi\u015ftir.<\/p><p>Sri Lanka i\u00e7in \u00e7ay, hem ekonomik hem de k\u00fclt\u00fcrel vazge\u00e7ilmez bir tar\u0131m \u00fcr\u00fcn\u00fcd\u00fcr. Kandy kentinde \u00c7ay M\u00fczesi bile bulunan \u00fclkede bir milyondan fazla insan \u00e7ay end\u00fcstrisinde \u00e7al\u0131\u015fmaktad\u0131r. Binlerce kilometrekarelik \u00e7ay bah\u00e7elerinden elle toplanan \u00e7ay demetleri \u00f6zenle sar\u0131l\u0131r ve g\u00fcne\u015fte kurutulur. Art\u0131k i\u00e7ime haz\u0131rd\u0131r ve tiryakisine bal tad\u0131 sunmas\u0131n\u0131n yan\u0131 s\u0131ra ba\u011f\u0131\u015f\u0131kl\u0131k ve dayan\u0131kl\u0131l\u0131k g\u00fcc\u00fc de verir. \u00a0Avrupa\u2019da y\u0131llard\u0131r g\u00fcvenle t\u00fcketilen\u00a0Goran Tea Mevlana Seylan \u00c7ay\u0131\u00a0da bu \u015fekilde elle toplanan \u00e7ay filizlerinden elde edilir.<\/p><p>\u00a0Seylan \u00e7ay\u0131 denince akla ilk gelen siyah \u00e7ay olsa da \u201cSilver Tips\u201d yani \u201cG\u00fcm\u00fc\u015f U\u00e7lar\u201d olarak da bilinen Beyaz Seylan \u00c7ay\u0131 da vard\u0131r. Sri Lanka\u2019n\u0131n \u00fcretti\u011fi en de\u011ferli \u00e7ay \u00e7e\u015fidi olan Beyaz \u00c7ay, y\u00fcksek fiyat\u0131 ve \u00a0kalitesiyle \u00f6ne \u00e7\u0131kar.<\/p>\t\t\t\t\t\t<\/div>\n\t\t\t\t<\/div>\n\t\t\t\t<div class=\"elementor-element elementor-element-b103586 elementor-widget elementor-widget-heading\" data-id=\"b103586\" data-element_type=\"widget\" data-widget_type=\"heading.default\">\n\t\t\t\t<div class=\"elementor-widget-container\">\n\t\t\t<h2 class=\"elementor-heading-title elementor-size-default\">Seylan \u00c7ay\u0131 Nas\u0131l demlenir?<\/h2>\t\t<\/div>\n\t\t\t\t<\/div>\n\t\t\t\t<div class=\"elementor-element elementor-element-ac8bfc0 elementor-widget elementor-widget-text-editor\" data-id=\"ac8bfc0\" data-element_type=\"widget\" data-widget_type=\"text-editor.default\">\n\t\t\t\t<div class=\"elementor-widget-container\">\n\t\t\t\t\t\t\t<p>\u015eimdi vurucu noktaya geldik. \u0130\u015fin p\u00fcf noktas\u0131 \u00e7ay\u0131 kural\u0131na g\u00f6re demlemektir. Zaten ayr\u0131 bir lezzete sahip olan Seylan \u00c7ay\u0131n\u0131 kendine has demleme y\u00f6ntemiyle m\u00fckemmel bir i\u00e7ece\u011fe d\u00f6n\u00fc\u015ft\u00fcrebilirsiniz. \u0130\u015fin s\u0131rr\u0131 elde edece\u011finiz \u00e7ay\u0131, ka\u00e7 ki\u015fiye servis edece\u011finizdir. \u00c7\u00fcnk\u00fc demli\u011fin i\u00e7ine ki\u015fi ba\u015f\u0131na bir tatl\u0131 ka\u015f\u0131\u011f\u0131 \u00e7ay doldurman\u0131z bu i\u015fin p\u00fcf noktas\u0131d\u0131r. Ne eksik ne fazla tam karar\u0131nda. Haa bir de kulland\u0131\u011f\u0131n\u0131z demli\u011fin mutlaka seramik veya camdan olmas\u0131na dikkat edin. \u00d6zellikle \u00f6l\u00fcms\u00fcz tad\u0131n\u0131 ka\u00e7\u0131rmamak i\u00e7in lezzet d\u00fc\u015fman\u0131 metal demliklerden uzak durun!<\/p>\t\t\t\t\t\t<\/div>\n\t\t\t\t<\/div>\n\t\t\t\t<div class=\"elementor-element elementor-element-64f8ea5 elementor-widget elementor-widget-heading\" data-id=\"64f8ea5\" data-element_type=\"widget\" data-widget_type=\"heading.default\">\n\t\t\t\t<div class=\"elementor-widget-container\">\n\t\t\t<h2 class=\"elementor-heading-title elementor-size-default\">S\u0131ra Geldi Demleme Tarifine!<\/h2>\t\t<\/div>\n\t\t\t\t<\/div>\n\t\t\t\t<div class=\"elementor-element elementor-element-489a7b9 elementor-widget elementor-widget-text-editor\" data-id=\"489a7b9\" data-element_type=\"widget\" data-widget_type=\"text-editor.default\">\n\t\t\t\t<div class=\"elementor-widget-container\">\n\t\t\t\t\t\t\t<p>Taze kaynam\u0131\u015f su kullanmak birinci kurald\u0131r. Unutmay\u0131n suyun kalitesi Seylan \u00e7ay\u0131n kalitesini de art\u0131racakt\u0131r. Kaynatt\u0131\u011f\u0131n\u0131z suyu demlikteki kuru \u00e7ay\u0131n \u00fcst\u00fcne d\u00f6ne d\u00f6ne sakince d\u00f6kmelisiniz. \u00c7ay\u0131 20 dakika demlenmeye b\u0131rakman\u0131z \u00f6nemlidir. 20 dakikay\u0131 a\u015farsan\u0131z \u00e7ay ac\u0131ma dedi\u011fimiz lezzet kayb\u0131na u\u011frar. 20 dakika dolar dolmaz servise ge\u00e7iniz. Hemen hat\u0131rlatal\u0131m \u00e7ay\u0131n yan\u0131na koyaca\u011f\u0131n\u0131z \u015feker, bu \u00e7ay\u0131n ger\u00e7ek lezzetine varman\u0131z\u0131 \u00f6nler. Ben \u015fekersiz i\u00e7emiyorum diyene ise daha geleneksel bir tavsiyemiz var.\u00a0Mevlana Seylan \u00c7ay\u0131n\u0131z\u0131 \u015feker yerine lokum ile i\u00e7ebilirsiniz. Afiyet olsun!<\/p><p>Mevlana Ceylon Tea\u2019yi Avrupa\u2019daki b\u00fct\u00fcn marketlerden temin edebilece\u011finiz gibi buradan da sat\u0131n alabilirsiniz.<\/p>\t\t\t\t\t\t<\/div>\n\t\t\t\t<\/div>\n\t\t\t\t\t<\/div>\n\t\t<\/div>\n\t\t\t\t\t<\/div>\n\t\t<\/div>\n\t\t\t\t<div class=\"elementor-section elementor-top-section elementor-element elementor-element-73f501a5 elementor-section-stretched elementor-section-height-min-height elementor-section-boxed elementor-section-height-default elementor-section-items-middle\" data-id=\"73f501a5\" data-element_type=\"section\" data-settings=\"{&quot;stretch_section&quot;:&quot;section-stretched&quot;,&quot;background_background&quot;:&quot;classic&quot;}\">\n\t\t\t\t\t\t\t<div class=\"elementor-background-overlay\"><\/div>\n\t\t\t\t\t\t\t<div class=\"elementor-container elementor-column-gap-no\">\n\t\t\t\t\t<div class=\"elementor-column elementor-col-33 elementor-top-column elementor-element elementor-element-7242a9b3\" data-id=\"7242a9b3\" data-element_type=\"column\">\n\t\t\t<div class=\"elementor-widget-wrap elementor-element-populated\">\n\t\t\t\t\t\t<div class=\"elementor-element elementor-element-4a233b5 elementor-position-left elementor-widget__width-initial elementor-widget-tablet__width-auto ecolive-image-box-style-1 elementor-vertical-align-top elementor-widget elementor-widget-image-box\" data-id=\"4a233b5\" data-element_type=\"widget\" data-widget_type=\"image-box.default\">\n\t\t\t\t<div class=\"elementor-widget-container\">\n\t\t\t<style>.elementor-widget-image-box .elementor-image-box-content{width:100%}@media (min-width:700px){.elementor-widget-image-box.elementor-position-left .elementor-image-box-wrapper,.elementor-widget-image-box.elementor-position-right .elementor-image-box-wrapper{display:flex}.elementor-widget-image-box.elementor-position-right .elementor-image-box-wrapper{text-align:end;flex-direction:row-reverse}.elementor-widget-image-box.elementor-position-left .elementor-image-box-wrapper{text-align:start;flex-direction:row}.elementor-widget-image-box.elementor-position-top .elementor-image-box-img{margin:auto}.elementor-widget-image-box.elementor-vertical-align-top .elementor-image-box-wrapper{align-items:flex-start}.elementor-widget-image-box.elementor-vertical-align-middle .elementor-image-box-wrapper{align-items:center}.elementor-widget-image-box.elementor-vertical-align-bottom .elementor-image-box-wrapper{align-items:flex-end}}@media (max-width:699px){.elementor-widget-image-box .elementor-image-box-img{margin-left:auto!important;margin-right:auto!important;margin-bottom:15px}}.elementor-widget-image-box .elementor-image-box-img{display:inline-block}.elementor-widget-image-box .elementor-image-box-title a{color:inherit}.elementor-widget-image-box .elementor-image-box-wrapper{text-align:center}.elementor-widget-image-box .elementor-image-box-description{margin:0}<\/style><div class=\"elementor-image-box-wrapper\"><figure class=\"elementor-image-box-img\"><img decoding=\"async\" width=\"70\" height=\"62\" src=\"https:\/\/mevlanacay.de\/wp-content\/uploads\/2022\/01\/mevlana-cay-icon-07.png\" class=\"elementor-animation-shrink attachment-full size-full wp-image-31226\" alt=\"\" title=\"\"><\/figure><div class=\"elementor-image-box-content\"><h3 class=\"elementor-image-box-title\">Alman Mal\u0131<\/h3><p class=\"elementor-image-box-description\">Mevlana \u00c7ay markas\u0131na ait \u00e7aylar Almanya\u2019da harmanlan\u0131p Avrupa standartlar\u0131nda paketlenmektedir.<\/p><\/div><\/div>\t\t<\/div>\n\t\t\t\t<\/div>\n\t\t\t\t<div class=\"elementor-element elementor-element-4e8fd090 elementor-position-left elementor-widget__width-initial elementor-widget-tablet__width-auto elementor-widget-mobile__width-inherit ecolive-image-box-style-1 elementor-vertical-align-top elementor-widget elementor-widget-image-box\" data-id=\"4e8fd090\" data-element_type=\"widget\" data-widget_type=\"image-box.default\">\n\t\t\t\t<div class=\"elementor-widget-container\">\n\t\t\t<div class=\"elementor-image-box-wrapper\"><figure class=\"elementor-image-box-img\"><img decoding=\"async\" width=\"70\" height=\"62\" src=\"https:\/\/mevlanacay.de\/wp-content\/uploads\/2022\/01\/mevlana-cay-icon-10.png\" class=\"elementor-animation-shrink attachment-full size-full wp-image-31231\" alt=\"\" title=\"\"><\/figure><div class=\"elementor-image-box-content\"><h3 class=\"elementor-image-box-title\">Tozdan Ar\u0131nd\u0131r\u0131lm\u0131\u015f<\/h3><p class=\"elementor-image-box-description\">\u00d6zel olarak imal edilmi\u015f harmanlama makinas\u0131 sayesinde tozdan ar\u0131nd\u0131r\u0131lm\u0131\u015ft\u0131r.  <\/p><\/div><\/div>\t\t<\/div>\n\t\t\t\t<\/div>\n\t\t\t\t<div class=\"elementor-element elementor-element-7777d3f0 elementor-position-left elementor-widget__width-initial elementor-widget-tablet__width-auto elementor-widget-mobile__width-inherit ecolive-image-box-style-1 elementor-vertical-align-top elementor-widget elementor-widget-image-box\" data-id=\"7777d3f0\" data-element_type=\"widget\" data-widget_type=\"image-box.default\">\n\t\t\t\t<div class=\"elementor-widget-container\">\n\t\t\t<div class=\"elementor-image-box-wrapper\"><figure class=\"elementor-image-box-img\"><img loading=\"lazy\" decoding=\"async\" width=\"70\" height=\"62\" src=\"https:\/\/mevlanacay.de\/wp-content\/uploads\/2022\/01\/mevlana-cay-icon-16.png\" class=\"elementor-animation-shrink attachment-full size-full wp-image-31244\" alt=\"\" title=\"\"><\/figure><div class=\"elementor-image-box-content\"><h3 class=\"elementor-image-box-title\">\u00d6zel Harman<\/h3><p class=\"elementor-image-box-description\">\u00c7ay\u0131m\u0131z Alman m\u00fchendisler taraf\u0131ndan firmam\u0131z i\u00e7in \u00f6zel olarak \u00fcretilen harmanlama makinas\u0131nda harmanlanmaktad\u0131r.<\/p><\/div><\/div>\t\t<\/div>\n\t\t\t\t<\/div>\n\t\t\t\t\t<\/div>\n\t\t<\/div>\n\t\t\t\t<div class=\"elementor-column elementor-col-33 elementor-top-column elementor-element elementor-element-1409aa1d\" data-id=\"1409aa1d\" data-element_type=\"column\">\n\t\t\t<div class=\"elementor-widget-wrap elementor-element-populated\">\n\t\t\t\t\t\t<div class=\"elementor-element elementor-element-78336873 elementor-widget elementor-widget-image\" data-id=\"78336873\" data-element_type=\"widget\" data-widget_type=\"image.default\">\n\t\t\t\t<div class=\"elementor-widget-container\">\n\t\t\t\t\t\t\t\t\t\t\t\t\t<img loading=\"lazy\" decoding=\"async\" width=\"674\" height=\"800\" src=\"https:\/\/mevlanacay.de\/wp-content\/uploads\/2022\/01\/mevlana-about-us-06.png\" class=\"attachment-full size-full wp-image-30678\" alt=\"\" title=\"\">\t\t\t\t\t\t\t\t\t\t\t\t\t<\/div>\n\t\t\t\t<\/div>\n\t\t\t\t\t<\/div>\n\t\t<\/div>\n\t\t\t\t<div class=\"elementor-column elementor-col-33 elementor-top-column elementor-element elementor-element-ddf1357\" data-id=\"ddf1357\" data-element_type=\"column\">\n\t\t\t<div class=\"elementor-widget-wrap elementor-element-populated\">\n\t\t\t\t\t\t<div class=\"elementor-element elementor-element-1b5b2eea elementor-position-left elementor-widget__width-initial elementor-widget-tablet__width-auto elementor-widget-mobile_extra__width-initial elementor-widget-mobile__width-inherit ecolive-image-box-style-1 elementor-vertical-align-top elementor-widget elementor-widget-image-box\" data-id=\"1b5b2eea\" data-element_type=\"widget\" data-widget_type=\"image-box.default\">\n\t\t\t\t<div class=\"elementor-widget-container\">\n\t\t\t<div class=\"elementor-image-box-wrapper\"><figure class=\"elementor-image-box-img\"><img loading=\"lazy\" decoding=\"async\" width=\"70\" height=\"62\" src=\"https:\/\/mevlanacay.de\/wp-content\/uploads\/2022\/05\/abmevlana-cay-icon-12.jpg\" class=\"elementor-animation-shrink attachment-full size-full wp-image-32565\" alt=\"\" title=\"\"><\/figure><div class=\"elementor-image-box-content\"><h3 class=\"elementor-image-box-title\">AB Standart\u0131<\/h3><p class=\"elementor-image-box-description\">Kullan\u0131lan aroma AB g\u0131da standartlar\u0131na uygundur.<\/p><\/div><\/div>\t\t<\/div>\n\t\t\t\t<\/div>\n\t\t\t\t<div class=\"elementor-element elementor-element-4f00a7df elementor-position-left elementor-widget__width-initial elementor-widget-tablet__width-auto ecolive-image-box-style-1 elementor-vertical-align-top elementor-widget elementor-widget-image-box\" data-id=\"4f00a7df\" data-element_type=\"widget\" data-widget_type=\"image-box.default\">\n\t\t\t\t<div class=\"elementor-widget-container\">\n\t\t\t<div class=\"elementor-image-box-wrapper\"><figure class=\"elementor-image-box-img\"><img loading=\"lazy\" decoding=\"async\" width=\"70\" height=\"62\" src=\"https:\/\/mevlanacay.de\/wp-content\/uploads\/2022\/01\/mevlana-cay-icon-15.png\" class=\"elementor-animation-shrink attachment-full size-full wp-image-31242\" alt=\"\" title=\"\"><\/figure><div class=\"elementor-image-box-content\"><h3 class=\"elementor-image-box-title\">Elle Toplama<\/h3><p class=\"elementor-image-box-description\">Mevlana \u00c7ay markas\u0131n\u0131n \u00e7ay filizleri sadece elle toplan\u0131r.<\/p><\/div><\/div>\t\t<\/div>\n\t\t\t\t<\/div>\n\t\t\t\t<div class=\"elementor-element elementor-element-73263a2a elementor-position-left elementor-widget__width-initial elementor-widget-tablet__width-auto ecolive-image-box-style-1 elementor-vertical-align-top elementor-widget elementor-widget-image-box\" data-id=\"73263a2a\" data-element_type=\"widget\" data-widget_type=\"image-box.default\">\n\t\t\t\t<div class=\"elementor-widget-container\">\n\t\t\t<div class=\"elementor-image-box-wrapper\"><figure class=\"elementor-image-box-img\"><img loading=\"lazy\" decoding=\"async\" width=\"70\" height=\"62\" src=\"https:\/\/mevlanacay.de\/wp-content\/uploads\/2022\/01\/mevlana-cay-icon-14.png\" class=\"elementor-animation-shrink attachment-full size-full wp-image-31238\" alt=\"\" title=\"\"><\/figure><div class=\"elementor-image-box-content\"><h3 class=\"elementor-image-box-title\">Sri Lanka'dan<\/h3><p class=\"elementor-image-box-description\">Sri Lanka\u2019n\u0131n en iyi \u00e7ay bah\u00e7elerinden do\u011fal Seylan \u00c7ay\u0131.<\/p><\/div><\/div>\t\t<\/div>\n\t\t\t\t<\/div>\n\t\t\t\t\t<\/div>\n\t\t<\/div>\n\t\t\t\t\t<\/div>\n\t\t<\/div>\n\t\t\t\t<section class=\"elementor-section elementor-top-section elementor-element elementor-element-d40dd69 elementor-section-boxed elementor-section-height-default elementor-section-height-default\" data-id=\"d40dd69\" data-element_type=\"section\">\n\t\t\t\t\t\t<div class=\"elementor-container elementor-column-gap-default\">\n\t\t\t\t\t<div class=\"elementor-column elementor-col-25 elementor-top-column elementor-element elementor-element-8805c0a\" data-id=\"8805c0a\" data-element_type=\"column\">\n\t\t\t<div class=\"elementor-widget-wrap elementor-element-populated\">\n\t\t\t\t\t\t<div class=\"elementor-element elementor-element-4c7a962 image-style-ecolive-yes elementor-widget elementor-widget-image\" data-id=\"4c7a962\" data-element_type=\"widget\" data-widget_type=\"image.default\">\n\t\t\t\t<div class=\"elementor-widget-container\">\n\t\t\t\t\t\t\t\t\t\t\t\t\t\t<a href=\"https:\/\/mevlanacay.de\/tr\/\">\n\t\t\t\t\t\t\t<img loading=\"lazy\" decoding=\"async\" width=\"1020\" height=\"1020\" src=\"https:\/\/mevlanacay.de\/wp-content\/uploads\/2022\/01\/mevlana-cay-anasayfa-buton.jpg\" class=\"attachment-full size-full wp-image-33827\" alt=\"\" title=\"\">\t\t\t\t\t\t\t\t<\/a>\n\t\t\t\t\t\t\t\t\t\t\t\t\t<\/div>\n\t\t\t\t<\/div>\n\t\t\t\t\t<\/div>\n\t\t<\/div>\n\t\t\t\t<div class=\"elementor-column elementor-col-25 elementor-top-column elementor-element elementor-element-1af89bb\" data-id=\"1af89bb\" data-element_type=\"column\">\n\t\t\t<div class=\"elementor-widget-wrap elementor-element-populated\">\n\t\t\t\t\t\t<div class=\"elementor-element elementor-element-5fcef1a image-style-ecolive-yes elementor-widget elementor-widget-image\" data-id=\"5fcef1a\" data-element_type=\"widget\" data-widget_type=\"image.default\">\n\t\t\t\t<div class=\"elementor-widget-container\">\n\t\t\t\t\t\t\t\t\t\t\t\t\t\t<a href=\"\/tr\/hakkimizda\/\">\n\t\t\t\t\t\t\t<img loading=\"lazy\" decoding=\"async\" width=\"1020\" height=\"1020\" src=\"https:\/\/mevlanacay.de\/wp-content\/uploads\/2022\/01\/mevlana-cay-hakkimizda-buton.jpg\" class=\"attachment-full size-full wp-image-33834\" alt=\"\" title=\"\">\t\t\t\t\t\t\t\t<\/a>\n\t\t\t\t\t\t\t\t\t\t\t\t\t<\/div>\n\t\t\t\t<\/div>\n\t\t\t\t\t<\/div>\n\t\t<\/div>\n\t\t\t\t<div class=\"elementor-column elementor-col-25 elementor-top-column elementor-element elementor-element-2718f2c\" data-id=\"2718f2c\" data-element_type=\"column\">\n\t\t\t<div class=\"elementor-widget-wrap elementor-element-populated\">\n\t\t\t\t\t\t<div class=\"elementor-element elementor-element-c26f75a image-style-ecolive-yes elementor-widget elementor-widget-image\" data-id=\"c26f75a\" data-element_type=\"widget\" data-widget_type=\"image.default\">\n\t\t\t\t<div class=\"elementor-widget-container\">\n\t\t\t\t\t\t\t\t\t\t\t\t\t\t<a href=\"\/tr\/shop\/\">\n\t\t\t\t\t\t\t<img loading=\"lazy\" decoding=\"async\" width=\"1020\" height=\"1020\" src=\"https:\/\/mevlanacay.de\/wp-content\/uploads\/2022\/01\/mevlana-cay-urunler-buton.jpg\" class=\"attachment-full size-full wp-image-33828\" alt=\"\" title=\"\">\t\t\t\t\t\t\t\t<\/a>\n\t\t\t\t\t\t\t\t\t\t\t\t\t<\/div>\n\t\t\t\t<\/div>\n\t\t\t\t\t<\/div>\n\t\t<\/div>\n\t\t\t\t<div class=\"elementor-column elementor-col-25 elementor-top-column elementor-element elementor-element-3d9c0f8\" data-id=\"3d9c0f8\" data-element_type=\"column\">\n\t\t\t<div class=\"elementor-widget-wrap elementor-element-populated\">\n\t\t\t\t\t\t<div class=\"elementor-element elementor-element-1841c82 image-style-ecolive-yes elementor-widget elementor-widget-image\" data-id=\"1841c82\" data-element_type=\"widget\" data-widget_type=\"image.default\">\n\t\t\t\t<div class=\"elementor-widget-container\">\n\t\t\t\t\t\t\t\t\t\t\t\t\t\t<a href=\"\/tr\/iletisim\/\">\n\t\t\t\t\t\t\t<img loading=\"lazy\" decoding=\"async\" width=\"1020\" height=\"1020\" src=\"https:\/\/mevlanacay.de\/wp-content\/uploads\/2022\/01\/mevlana-cay-iletisim-buton.jpg\" class=\"attachment-full size-full wp-image-33830\" alt=\"\" title=\"\">\t\t\t\t\t\t\t\t<\/a>\n\t\t\t\t\t\t\t\t\t\t\t\t\t<\/div>\n\t\t\t\t<\/div>\n\t\t\t\t\t<\/div>\n\t\t<\/div>\n\t\t\t\t\t<\/div>\n\t\t<\/section>\n\t\t\t\t<\/div>","protected":false},"excerpt":{"rendered":"<p>Tee geh\u00f6rt in unserer Kultur zu den wesentlichen Ess- und Trinkritualen. Und wenn es um die mystischen L\u00e4nder des Fernen Ostens geht, ist Ceylon Tee keine Rede. Was ist Ceylon-Tee? Obwohl wir ihn in unserem Land Ceylon Tee nennen, wird dieser besondere Tee in Sri Lanka angebaut. Heute nimmt Sri Lanka eine respektable Position als [&hellip;]<\/p>","protected":false},"author":79,"featured_media":0,"parent":0,"menu_order":0,"comment_status":"closed","ping_status":"closed","template":"","meta":{"_mi_skip_tracking":false,"footnotes":""},"class_list":["post-31019","page","type-page","status-publish","hentry"],"_links":{"self":[{"href":"https:\/\/mevlanacay.de\/tr\/wp-json\/wp\/v2\/pages\/31019","targetHints":{"allow":["GET"]}}],"collection":[{"href":"https:\/\/mevlanacay.de\/tr\/wp-json\/wp\/v2\/pages"}],"about":[{"href":"https:\/\/mevlanacay.de\/tr\/wp-json\/wp\/v2\/types\/page"}],"author":[{"embeddable":true,"href":"https:\/\/mevlanacay.de\/tr\/wp-json\/wp\/v2\/users\/79"}],"replies":[{"embeddable":true,"href":"https:\/\/mevlanacay.de\/tr\/wp-json\/wp\/v2\/comments?post=31019"}],"version-history":[{"count":50,"href":"https:\/\/mevlanacay.de\/tr\/wp-json\/wp\/v2\/pages\/31019\/revisions"}],"predecessor-version":[{"id":35358,"href":"https:\/\/mevlanacay.de\/tr\/wp-json\/wp\/v2\/pages\/31019\/revisions\/35358"}],"wp:attachment":[{"href":"https:\/\/mevlanacay.de\/tr\/wp-json\/wp\/v2\/media?parent=31019"}],"curies":[{"name":"wp","href":"https:\/\/api.w.org\/{rel}","templated":true}]}}