{"id":31004,"date":"2022-01-13T07:57:35","date_gmt":"2022-01-13T06:57:35","guid":{"rendered":"http:\/\/mevlanacay.com.tr\/yeni\/?page_id=31004"},"modified":"2024-09-11T22:41:59","modified_gmt":"2024-09-11T20:41:59","slug":"cay-ne-zaman-icilir","status":"publish","type":"page","link":"https:\/\/mevlanacay.de\/tr\/cay-ne-zaman-icilir\/","title":{"rendered":"\u00c7ay ne zaman i\u00e7ilir?"},"content":{"rendered":"<div data-elementor-type=\"wp-page\" data-elementor-id=\"31004\" class=\"elementor elementor-31004\">\n\t\t\t\t\t\t<div class=\"elementor-section elementor-top-section elementor-element elementor-element-7606432 elementor-section-stretched elementor-section-boxed elementor-section-height-default elementor-section-height-default\" data-id=\"7606432\" data-element_type=\"section\" data-settings=\"{&quot;stretch_section&quot;:&quot;section-stretched&quot;}\">\n\t\t\t\t\t\t<div class=\"elementor-container elementor-column-gap-no\">\n\t\t\t\t\t<div class=\"elementor-column elementor-col-50 elementor-top-column elementor-element elementor-element-57f58cf\" data-id=\"57f58cf\" data-element_type=\"column\">\n\t\t\t<div class=\"elementor-widget-wrap elementor-element-populated\">\n\t\t\t\t\n\t\t<div class=\"elementor-element elementor-element-7a85563 elementor-widget elementor-widget-image\" data-id=\"7a85563\" data-element_type=\"widget\" data-widget_type=\"image.default\">\n\t\t\t\t<div class=\"elementor-widget-container\">\n\t\t\t<style>\/*! elementor - v3.21.0 - 25-04-2024 *\/\n.elementor-widget-image{text-align:center}.elementor-widget-image a{display:inline-block}.elementor-widget-image a img[src$=\".svg\"]{width:48px}.elementor-widget-image img{vertical-align:middle;display:inline-block}<\/style>\t\t\t\t\t\t\t\t\t\t<img fetchpriority=\"high\" decoding=\"async\" width=\"940\" height=\"1020\" src=\"https:\/\/mevlanacay.de\/wp-content\/uploads\/2022\/01\/mevlana-cay-ne-zaman-icilir.jpg\" class=\"attachment-large size-large wp-image-31407\" alt=\"\" title=\"\">\t\t\t\t\t\t\t\t\t\t\t\t\t<\/div>\n\t\t\t\t<\/div>\n\t\t\t\t\t<\/div>\n\t\t<\/div>\n\t\t\t\t<div class=\"elementor-column elementor-col-50 elementor-top-column elementor-element elementor-element-523796d\" data-id=\"523796d\" data-element_type=\"column\">\n\t\t\t<div class=\"elementor-widget-wrap elementor-element-populated\">\n\t\t\t\t\t\t<div class=\"elementor-element elementor-element-302d734 elementor-widget elementor-widget-text-editor\" data-id=\"302d734\" data-element_type=\"widget\" data-widget_type=\"text-editor.default\">\n\t\t\t\t<div class=\"elementor-widget-container\">\n\t\t\t<style>\/*! elementor - v3.21.0 - 25-04-2024 *\/\n.elementor-widget-text-editor.elementor-drop-cap-view-stacked .elementor-drop-cap{background-color:#69727d;color:#fff}.elementor-widget-text-editor.elementor-drop-cap-view-framed .elementor-drop-cap{color:#69727d;border:3px solid;background-color:transparent}.elementor-widget-text-editor:not(.elementor-drop-cap-view-default) .elementor-drop-cap{margin-top:8px}.elementor-widget-text-editor:not(.elementor-drop-cap-view-default) .elementor-drop-cap-letter{width:1em;height:1em}.elementor-widget-text-editor .elementor-drop-cap{float:left;text-align:center;line-height:1;font-size:50px}.elementor-widget-text-editor .elementor-drop-cap-letter{display:inline-block}<\/style>\t\t\t\t<h5>Auf die Frage wann man Tee trinkt gibt es viele m\u00f6gliche Antworten. Es ist nicht richtig, Tee, der in vielen Kulturen ein g\u00e4ngiges Getr\u00e4nk ist, zeitlich zu begrenzen. Mit 40 Jahren Erfahrung und der Qualit\u00e4t von Mevlana Tee k\u00f6nnen Sie immer eine Tasse Tee aufbr\u00fchen lassen. Zum Fr\u00fchst\u00fcck, am Nachmittag, &#8222;5-Uhr-Tee&#8220; am Abend.<\/h5><p>Mit Mevlana Goran Tee k\u00f6nnen Sie Ihren Tee jederzeit trinken. Der Tee, der Ihr Gespr\u00e4ch begleitet, fehlt besonders in unserem Land nicht auf dem Tisch. Sie k\u00f6nnen Mevlana Tee bedenkenlos trinken und Ihren Lieben zu jeder Jahreszeit, ganz zu schweigen von Sommer oder Winter, anbieten. Ob hei\u00df oder kalt (Eistee), Mevlana Goran Tee begleitet Sie in Ihren besonderen Momenten.<\/p><p>Mevlana Tee, der sorgf\u00e4ltig aus der in Sri Lanka einzigartigen Natur gesammelt wird, steht auch als einziger staubfreier Tee auf Ihrem Tisch. Mevlana Goran Tee verzaubert seit 40 Jahren die Geschmacksknospen. Wer den Geschmack von Mevlana Tee kennt, wer den Geruch und die Textur von Adam kennt, kann jederzeit Tee genie\u00dfen. Eine gute und k\u00f6stliche Teeadresse, Mevlana, probieren Sie Tee und treffen Sie diesen Geschmack.<\/p>\t\t\t\t\t\t<\/div>\n\t\t\t\t<\/div>\n\t\t\t\t<div class=\"elementor-element elementor-element-f2e8611 elementor-widget elementor-widget-heading\" data-id=\"f2e8611\" data-element_type=\"widget\" data-widget_type=\"heading.default\">\n\t\t\t\t<div class=\"elementor-widget-container\">\n\t\t\t<style>\/*! elementor - v3.21.0 - 25-04-2024 *\/\n.elementor-heading-title{padding:0;margin:0;line-height:1}.elementor-widget-heading .elementor-heading-title[class*=elementor-size-]>a{color:inherit;font-size:inherit;line-height:inherit}.elementor-widget-heading .elementor-heading-title.elementor-size-small{font-size:15px}.elementor-widget-heading .elementor-heading-title.elementor-size-medium{font-size:19px}.elementor-widget-heading .elementor-heading-title.elementor-size-large{font-size:29px}.elementor-widget-heading .elementor-heading-title.elementor-size-xl{font-size:39px}.elementor-widget-heading .elementor-heading-title.elementor-size-xxl{font-size:59px}<\/style><h2 class=\"elementor-heading-title elementor-size-default\">Mevlana \u00c7ay Kahvalt\u0131lar\u0131n Olmazsa Olmaz\u0131<\/h2>\t\t<\/div>\n\t\t\t\t<\/div>\n\t\t\t\t<div class=\"elementor-element elementor-element-409119a elementor-widget elementor-widget-text-editor\" data-id=\"409119a\" data-element_type=\"widget\" data-widget_type=\"text-editor.default\">\n\t\t\t\t<div class=\"elementor-widget-container\">\n\t\t\t\t\t\t\tG\u00fcn\u00fcn en sevilen \u00f6\u011f\u00fcnlerinden biri olan kahvalt\u0131larda \u00e7ay\u0131n yeri tart\u0131\u015f\u0131lmazd\u0131r. \u00c7ay i\u00e7meden uyanamayanlar i\u00e7in Mevlana \u00c7ay\u2019\u0131n kokusu yeter. Do\u011fal ve sa\u011fl\u0131kl\u0131 bir i\u00e7ecekle g\u00fcne ba\u015flamak g\u00fcn boyu zindelik sa\u011flar. Mevlana Goran Tee demlemenin en g\u00fczel saatlerinden biri bu nedenle kahvalt\u0131lard\u0131r. Mutfa\u011f\u0131n\u0131zda kaliteli \u00e7ay\u0131n fark\u0131n\u0131 ya\u015fat\u0131n ve g\u00fcne Mevlana \u00c7ayla ba\u015flay\u0131n. \t\t\t\t\t\t<\/div>\n\t\t\t\t<\/div>\n\t\t\t\t<div class=\"elementor-element elementor-element-b103586 elementor-widget elementor-widget-heading\" data-id=\"b103586\" data-element_type=\"widget\" data-widget_type=\"heading.default\">\n\t\t\t\t<div class=\"elementor-widget-container\">\n\t\t\t<h2 class=\"elementor-heading-title elementor-size-default\">Sohbetlerin De\u011fi\u015fmez Lezzeti Mevlana Goran Tee<\/h2>\t\t<\/div>\n\t\t\t\t<\/div>\n\t\t\t\t<div class=\"elementor-element elementor-element-ac8bfc0 elementor-widget elementor-widget-text-editor\" data-id=\"ac8bfc0\" data-element_type=\"widget\" data-widget_type=\"text-editor.default\">\n\t\t\t\t<div class=\"elementor-widget-container\">\n\t\t\t\t\t\t\t<p class=\"translation-block\">\u00c7ay i\u00e7menin en \u00e7ok sevilen zaman\u0131 g\u00fczel sohbetlere e\u015flik etti\u011fi zamanlard\u0131r. Her sohbetin de\u011fi\u015fmez i\u00e7ece\u011fi olan \u00e7ay yer ve zaman ay\u0131rt edilmeksizin ikram edilir ve i\u00e7ilir. Muhabbetlere e\u015flik eden Mevlana Goran Tee evde ya da i\u015f yerlerinde kokusu ve lezzeti ile fark\u0131n\u0131 g\u00f6sterir. En \u00e7ok i\u00e7ilen i\u00e7ecek olan \u00e7aylar her ya\u015ftan ve her kesimden insan taraf\u0131ndan tercih edilir. Sohbetlerinize e\u015flik eden Mevlana \u00c7ay lezzeti Sri Lanka\u2019dan geliyor. \u00d6zenle toplanan, paketlenen ve sofran\u0131za gelen\u00a0<strong>Mevlana Goran Tee<\/strong>\u00a0lezzeti en \u00f6zel anlar\u0131n\u0131za e\u015flik etsin.<\/p>\t\t\t\t\t\t<\/div>\n\t\t\t\t<\/div>\n\t\t\t\t<div class=\"elementor-element elementor-element-64f8ea5 elementor-widget elementor-widget-heading\" data-id=\"64f8ea5\" data-element_type=\"widget\" data-widget_type=\"heading.default\">\n\t\t\t\t<div class=\"elementor-widget-container\">\n\t\t\t<h2 class=\"elementor-heading-title elementor-size-default\">Yaz S\u0131caklar\u0131nda So\u011fuk \u00c7ayla Ferahlay\u0131n <\/h2>\t\t<\/div>\n\t\t\t\t<\/div>\n\t\t\t\t<div class=\"elementor-element elementor-element-489a7b9 elementor-widget elementor-widget-text-editor\" data-id=\"489a7b9\" data-element_type=\"widget\" data-widget_type=\"text-editor.default\">\n\t\t\t\t<div class=\"elementor-widget-container\">\n\t\t\t\t\t\t\t<p>\u00c7ay\u0131 s\u0131cak sevenler kadar so\u011fuk sevenler de var. \u00c7ay i\u00e7menin so\u011fuk halini sevenler, \u0131ce tea olarak bu lezzetle ferahl\u0131yor. Mevlana Goran Tee ile demlenen \u00e7aylar k\u00fc\u00e7\u00fck dokunu\u015flarla so\u011fuk \u00e7aya d\u00f6n\u00fc\u015ft\u00fcr\u00fclebilir. Limon, zencefil, karanfil gibi aromalarla tatland\u0131rabilece\u011finiz Mevlana \u00c7ay\u2019la yaz\u0131n ferahlaman\u0131n tad\u0131n\u0131 \u00e7\u0131kar\u0131n. Her vakit i\u00e7ebilece\u011finiz Mevlana Seylan \u00e7ay\u0131n\u0131 ister so\u011fuk ister s\u0131cak t\u00fcketin. Afiyet olsun\u2026<\/p>\t\t\t\t\t\t<\/div>\n\t\t\t\t<\/div>\n\t\t\t\t\t<\/div>\n\t\t<\/div>\n\t\t\t\t\t<\/div>\n\t\t<\/div>\n\t\t\t\t<div class=\"elementor-section elementor-top-section elementor-element elementor-element-1038ac74 elementor-section-stretched elementor-section-height-min-height elementor-section-boxed elementor-section-height-default elementor-section-items-middle\" data-id=\"1038ac74\" data-element_type=\"section\" data-settings=\"{&quot;stretch_section&quot;:&quot;section-stretched&quot;,&quot;background_background&quot;:&quot;classic&quot;}\">\n\t\t\t\t\t\t\t<div class=\"elementor-background-overlay\"><\/div>\n\t\t\t\t\t\t\t<div class=\"elementor-container elementor-column-gap-no\">\n\t\t\t\t\t<div class=\"elementor-column elementor-col-33 elementor-top-column elementor-element elementor-element-7db364fa\" data-id=\"7db364fa\" data-element_type=\"column\">\n\t\t\t<div class=\"elementor-widget-wrap elementor-element-populated\">\n\t\t\t\t\t\t<div class=\"elementor-element elementor-element-7e5ea640 elementor-position-left elementor-widget__width-initial elementor-widget-tablet__width-auto ecolive-image-box-style-1 elementor-vertical-align-top elementor-widget elementor-widget-image-box\" data-id=\"7e5ea640\" data-element_type=\"widget\" data-widget_type=\"image-box.default\">\n\t\t\t\t<div class=\"elementor-widget-container\">\n\t\t\t<style>.elementor-widget-image-box .elementor-image-box-content{width:100%}@media (min-width:700px){.elementor-widget-image-box.elementor-position-left .elementor-image-box-wrapper,.elementor-widget-image-box.elementor-position-right .elementor-image-box-wrapper{display:flex}.elementor-widget-image-box.elementor-position-right .elementor-image-box-wrapper{text-align:end;flex-direction:row-reverse}.elementor-widget-image-box.elementor-position-left .elementor-image-box-wrapper{text-align:start;flex-direction:row}.elementor-widget-image-box.elementor-position-top .elementor-image-box-img{margin:auto}.elementor-widget-image-box.elementor-vertical-align-top .elementor-image-box-wrapper{align-items:flex-start}.elementor-widget-image-box.elementor-vertical-align-middle .elementor-image-box-wrapper{align-items:center}.elementor-widget-image-box.elementor-vertical-align-bottom .elementor-image-box-wrapper{align-items:flex-end}}@media (max-width:699px){.elementor-widget-image-box .elementor-image-box-img{margin-left:auto!important;margin-right:auto!important;margin-bottom:15px}}.elementor-widget-image-box .elementor-image-box-img{display:inline-block}.elementor-widget-image-box .elementor-image-box-title a{color:inherit}.elementor-widget-image-box .elementor-image-box-wrapper{text-align:center}.elementor-widget-image-box .elementor-image-box-description{margin:0}<\/style><div class=\"elementor-image-box-wrapper\"><figure class=\"elementor-image-box-img\"><img decoding=\"async\" width=\"70\" height=\"62\" src=\"https:\/\/mevlanacay.de\/wp-content\/uploads\/2022\/01\/mevlana-cay-icon-07.png\" class=\"elementor-animation-shrink attachment-full size-full wp-image-31226\" alt=\"\" title=\"\"><\/figure><div class=\"elementor-image-box-content\"><h3 class=\"elementor-image-box-title\">Alman Mal\u0131<\/h3><p class=\"elementor-image-box-description\">Mevlana \u00c7ay markas\u0131na ait \u00e7aylar Almanya\u2019da harmanlan\u0131p Avrupa standartlar\u0131nda paketlenmektedir.<\/p><\/div><\/div>\t\t<\/div>\n\t\t\t\t<\/div>\n\t\t\t\t<div class=\"elementor-element elementor-element-5e5141d elementor-position-left elementor-widget__width-initial elementor-widget-tablet__width-auto elementor-widget-mobile__width-inherit ecolive-image-box-style-1 elementor-vertical-align-top elementor-widget elementor-widget-image-box\" data-id=\"5e5141d\" data-element_type=\"widget\" data-widget_type=\"image-box.default\">\n\t\t\t\t<div class=\"elementor-widget-container\">\n\t\t\t<div class=\"elementor-image-box-wrapper\"><figure class=\"elementor-image-box-img\"><img decoding=\"async\" width=\"70\" height=\"62\" src=\"https:\/\/mevlanacay.de\/wp-content\/uploads\/2022\/01\/mevlana-cay-icon-10.png\" class=\"elementor-animation-shrink attachment-full size-full wp-image-31231\" alt=\"\" title=\"\"><\/figure><div class=\"elementor-image-box-content\"><h3 class=\"elementor-image-box-title\">Tozdan Ar\u0131nd\u0131r\u0131lm\u0131\u015f<\/h3><p class=\"elementor-image-box-description\">\u00d6zel olarak imal edilmi\u015f harmanlama makinas\u0131 sayesinde tozdan ar\u0131nd\u0131r\u0131lm\u0131\u015ft\u0131r.<\/p><\/div><\/div>\t\t<\/div>\n\t\t\t\t<\/div>\n\t\t\t\t<div class=\"elementor-element elementor-element-35ddc7ab elementor-position-left elementor-widget__width-initial elementor-widget-tablet__width-auto elementor-widget-mobile__width-inherit ecolive-image-box-style-1 elementor-vertical-align-top elementor-widget elementor-widget-image-box\" data-id=\"35ddc7ab\" data-element_type=\"widget\" data-widget_type=\"image-box.default\">\n\t\t\t\t<div class=\"elementor-widget-container\">\n\t\t\t<div class=\"elementor-image-box-wrapper\"><figure class=\"elementor-image-box-img\"><img loading=\"lazy\" decoding=\"async\" width=\"70\" height=\"62\" src=\"https:\/\/mevlanacay.de\/wp-content\/uploads\/2022\/01\/mevlana-cay-icon-16.png\" class=\"elementor-animation-shrink attachment-full size-full wp-image-31244\" alt=\"\" title=\"\"><\/figure><div class=\"elementor-image-box-content\"><h3 class=\"elementor-image-box-title\">\u00d6zel Harman<\/h3><p class=\"elementor-image-box-description\">\u00c7ay\u0131m\u0131z Alman m\u00fchendisler taraf\u0131ndan firmam\u0131z i\u00e7in \u00f6zel olarak \u00fcretilen harmanlama makinas\u0131nda harmanlanmaktad\u0131r.<\/p><\/div><\/div>\t\t<\/div>\n\t\t\t\t<\/div>\n\t\t\t\t\t<\/div>\n\t\t<\/div>\n\t\t\t\t<div class=\"elementor-column elementor-col-33 elementor-top-column elementor-element elementor-element-56f6fe7\" data-id=\"56f6fe7\" data-element_type=\"column\">\n\t\t\t<div class=\"elementor-widget-wrap elementor-element-populated\">\n\t\t\t\t\t\t<div class=\"elementor-element elementor-element-1df10a58 elementor-widget elementor-widget-image\" data-id=\"1df10a58\" data-element_type=\"widget\" data-widget_type=\"image.default\">\n\t\t\t\t<div class=\"elementor-widget-container\">\n\t\t\t\t\t\t\t\t\t\t\t\t\t<img loading=\"lazy\" decoding=\"async\" width=\"674\" height=\"800\" src=\"https:\/\/mevlanacay.de\/wp-content\/uploads\/2022\/01\/mevlana-about-us-06.png\" class=\"attachment-full size-full wp-image-30678\" alt=\"\" title=\"\">\t\t\t\t\t\t\t\t\t\t\t\t\t<\/div>\n\t\t\t\t<\/div>\n\t\t\t\t\t<\/div>\n\t\t<\/div>\n\t\t\t\t<div class=\"elementor-column elementor-col-33 elementor-top-column elementor-element elementor-element-1daf4c3c\" data-id=\"1daf4c3c\" data-element_type=\"column\">\n\t\t\t<div class=\"elementor-widget-wrap elementor-element-populated\">\n\t\t\t\t\t\t<div class=\"elementor-element elementor-element-11b46798 elementor-position-left elementor-widget__width-initial elementor-widget-tablet__width-auto elementor-widget-mobile_extra__width-initial elementor-widget-mobile__width-inherit ecolive-image-box-style-1 elementor-vertical-align-top elementor-widget elementor-widget-image-box\" data-id=\"11b46798\" data-element_type=\"widget\" data-widget_type=\"image-box.default\">\n\t\t\t\t<div class=\"elementor-widget-container\">\n\t\t\t<div class=\"elementor-image-box-wrapper\"><figure class=\"elementor-image-box-img\"><img loading=\"lazy\" decoding=\"async\" width=\"70\" height=\"62\" src=\"https:\/\/mevlanacay.de\/wp-content\/uploads\/2022\/05\/abmevlana-cay-icon-12.jpg\" class=\"elementor-animation-shrink attachment-full size-full wp-image-32565\" alt=\"\" title=\"\"><\/figure><div class=\"elementor-image-box-content\"><h3 class=\"elementor-image-box-title\">AB Standart\u0131<\/h3><p class=\"elementor-image-box-description\">Kullan\u0131lan aroma AB g\u0131da standartlar\u0131na uygundur.<\/p><\/div><\/div>\t\t<\/div>\n\t\t\t\t<\/div>\n\t\t\t\t<div class=\"elementor-element elementor-element-15b775c4 elementor-position-left elementor-widget__width-initial elementor-widget-tablet__width-auto ecolive-image-box-style-1 elementor-vertical-align-top elementor-widget elementor-widget-image-box\" data-id=\"15b775c4\" data-element_type=\"widget\" data-widget_type=\"image-box.default\">\n\t\t\t\t<div class=\"elementor-widget-container\">\n\t\t\t<div class=\"elementor-image-box-wrapper\"><figure class=\"elementor-image-box-img\"><img loading=\"lazy\" decoding=\"async\" width=\"70\" height=\"62\" src=\"https:\/\/mevlanacay.de\/wp-content\/uploads\/2022\/01\/mevlana-cay-icon-15.png\" class=\"elementor-animation-shrink attachment-full size-full wp-image-31242\" alt=\"\" title=\"\"><\/figure><div class=\"elementor-image-box-content\"><h3 class=\"elementor-image-box-title\">Elle Toplama<\/h3><p class=\"elementor-image-box-description\">Mevlana \u00c7ay markas\u0131n\u0131n \u00e7ay filizleri sadece elle toplan\u0131r.<\/p><\/div><\/div>\t\t<\/div>\n\t\t\t\t<\/div>\n\t\t\t\t<div class=\"elementor-element elementor-element-7613440 elementor-position-left elementor-widget__width-initial elementor-widget-tablet__width-auto ecolive-image-box-style-1 elementor-vertical-align-top elementor-widget elementor-widget-image-box\" data-id=\"7613440\" data-element_type=\"widget\" data-widget_type=\"image-box.default\">\n\t\t\t\t<div class=\"elementor-widget-container\">\n\t\t\t<div class=\"elementor-image-box-wrapper\"><figure class=\"elementor-image-box-img\"><img loading=\"lazy\" decoding=\"async\" width=\"70\" height=\"62\" src=\"https:\/\/mevlanacay.de\/wp-content\/uploads\/2022\/01\/mevlana-cay-icon-14.png\" class=\"elementor-animation-shrink attachment-full size-full wp-image-31238\" alt=\"\" title=\"\"><\/figure><div class=\"elementor-image-box-content\"><h3 class=\"elementor-image-box-title\">Sri Lanka'dan<\/h3><p class=\"elementor-image-box-description\">Sri Lanka\u2019n\u0131n en iyi \u00e7ay bah\u00e7elerinden do\u011fal Seylan \u00c7ay\u0131.<\/p><\/div><\/div>\t\t<\/div>\n\t\t\t\t<\/div>\n\t\t\t\t\t<\/div>\n\t\t<\/div>\n\t\t\t\t\t<\/div>\n\t\t<\/div>\n\t\t\t\t<section class=\"elementor-section elementor-top-section elementor-element elementor-element-12d849e elementor-section-boxed elementor-section-height-default elementor-section-height-default\" data-id=\"12d849e\" data-element_type=\"section\">\n\t\t\t\t\t\t<div class=\"elementor-container elementor-column-gap-default\">\n\t\t\t\t\t<div class=\"elementor-column elementor-col-25 elementor-top-column elementor-element elementor-element-673989b\" data-id=\"673989b\" data-element_type=\"column\">\n\t\t\t<div class=\"elementor-widget-wrap elementor-element-populated\">\n\t\t\t\t\t\t<div class=\"elementor-element elementor-element-47feb26 image-style-ecolive-yes elementor-widget elementor-widget-image\" data-id=\"47feb26\" data-element_type=\"widget\" data-widget_type=\"image.default\">\n\t\t\t\t<div class=\"elementor-widget-container\">\n\t\t\t\t\t\t\t\t\t\t\t\t\t\t<a href=\"https:\/\/mevlanacay.de\/tr\/\">\n\t\t\t\t\t\t\t<img loading=\"lazy\" decoding=\"async\" width=\"1020\" height=\"1020\" src=\"https:\/\/mevlanacay.de\/wp-content\/uploads\/2022\/01\/mevlana-cay-anasayfa-buton.jpg\" class=\"attachment-full size-full wp-image-33827\" alt=\"\" title=\"\">\t\t\t\t\t\t\t\t<\/a>\n\t\t\t\t\t\t\t\t\t\t\t\t\t<\/div>\n\t\t\t\t<\/div>\n\t\t\t\t\t<\/div>\n\t\t<\/div>\n\t\t\t\t<div class=\"elementor-column elementor-col-25 elementor-top-column elementor-element elementor-element-53b6a8e\" data-id=\"53b6a8e\" data-element_type=\"column\">\n\t\t\t<div class=\"elementor-widget-wrap elementor-element-populated\">\n\t\t\t\t\t\t<div class=\"elementor-element elementor-element-2ee655b image-style-ecolive-yes elementor-widget elementor-widget-image\" data-id=\"2ee655b\" data-element_type=\"widget\" data-widget_type=\"image.default\">\n\t\t\t\t<div class=\"elementor-widget-container\">\n\t\t\t\t\t\t\t\t\t\t\t\t\t\t<a href=\"\/tr\/hakkimizda\/\">\n\t\t\t\t\t\t\t<img loading=\"lazy\" decoding=\"async\" width=\"1020\" height=\"1020\" src=\"https:\/\/mevlanacay.de\/wp-content\/uploads\/2022\/01\/mevlana-cay-hakkimizda-buton.jpg\" class=\"attachment-full size-full wp-image-33834\" alt=\"\" title=\"\">\t\t\t\t\t\t\t\t<\/a>\n\t\t\t\t\t\t\t\t\t\t\t\t\t<\/div>\n\t\t\t\t<\/div>\n\t\t\t\t\t<\/div>\n\t\t<\/div>\n\t\t\t\t<div class=\"elementor-column elementor-col-25 elementor-top-column elementor-element elementor-element-b311975\" data-id=\"b311975\" data-element_type=\"column\">\n\t\t\t<div class=\"elementor-widget-wrap elementor-element-populated\">\n\t\t\t\t\t\t<div class=\"elementor-element elementor-element-ff3e590 image-style-ecolive-yes elementor-widget elementor-widget-image\" data-id=\"ff3e590\" data-element_type=\"widget\" data-widget_type=\"image.default\">\n\t\t\t\t<div class=\"elementor-widget-container\">\n\t\t\t\t\t\t\t\t\t\t\t\t\t\t<a href=\"\/tr\/shop\/\">\n\t\t\t\t\t\t\t<img loading=\"lazy\" decoding=\"async\" width=\"1020\" height=\"1020\" src=\"https:\/\/mevlanacay.de\/wp-content\/uploads\/2022\/01\/mevlana-cay-urunler-buton.jpg\" class=\"attachment-full size-full wp-image-33828\" alt=\"\" title=\"\">\t\t\t\t\t\t\t\t<\/a>\n\t\t\t\t\t\t\t\t\t\t\t\t\t<\/div>\n\t\t\t\t<\/div>\n\t\t\t\t\t<\/div>\n\t\t<\/div>\n\t\t\t\t<div class=\"elementor-column elementor-col-25 elementor-top-column elementor-element elementor-element-72e74b3\" data-id=\"72e74b3\" data-element_type=\"column\">\n\t\t\t<div class=\"elementor-widget-wrap elementor-element-populated\">\n\t\t\t\t\t\t<div class=\"elementor-element elementor-element-461a445 image-style-ecolive-yes elementor-widget elementor-widget-image\" data-id=\"461a445\" data-element_type=\"widget\" data-widget_type=\"image.default\">\n\t\t\t\t<div class=\"elementor-widget-container\">\n\t\t\t\t\t\t\t\t\t\t\t\t\t\t<a href=\"\/tr\/iletisim\/\">\n\t\t\t\t\t\t\t<img loading=\"lazy\" decoding=\"async\" width=\"1020\" height=\"1020\" src=\"https:\/\/mevlanacay.de\/wp-content\/uploads\/2022\/01\/mevlana-cay-iletisim-buton.jpg\" class=\"attachment-full size-full wp-image-33830\" alt=\"\" title=\"\">\t\t\t\t\t\t\t\t<\/a>\n\t\t\t\t\t\t\t\t\t\t\t\t\t<\/div>\n\t\t\t\t<\/div>\n\t\t\t\t\t<\/div>\n\t\t<\/div>\n\t\t\t\t\t<\/div>\n\t\t<\/section>\n\t\t\t\t<\/div>","protected":false},"excerpt":{"rendered":"<p>Auf die Frage wann man Tee trinkt gibt es viele m\u00f6gliche Antworten. Es ist nicht richtig, Tee, der in vielen Kulturen ein g\u00e4ngiges Getr\u00e4nk ist, zeitlich zu begrenzen. Mit 40 Jahren Erfahrung und der Qualit\u00e4t von Mevlana Tee k\u00f6nnen Sie immer eine Tasse Tee aufbr\u00fchen lassen. Zum Fr\u00fchst\u00fcck, am Nachmittag, &#8222;5-Uhr-Tee&#8220; am Abend. Mit Mevlana [&hellip;]<\/p>","protected":false},"author":79,"featured_media":0,"parent":0,"menu_order":0,"comment_status":"closed","ping_status":"closed","template":"","meta":{"_mi_skip_tracking":false,"footnotes":""},"class_list":["post-31004","page","type-page","status-publish","hentry"],"_links":{"self":[{"href":"https:\/\/mevlanacay.de\/tr\/wp-json\/wp\/v2\/pages\/31004","targetHints":{"allow":["GET"]}}],"collection":[{"href":"https:\/\/mevlanacay.de\/tr\/wp-json\/wp\/v2\/pages"}],"about":[{"href":"https:\/\/mevlanacay.de\/tr\/wp-json\/wp\/v2\/types\/page"}],"author":[{"embeddable":true,"href":"https:\/\/mevlanacay.de\/tr\/wp-json\/wp\/v2\/users\/79"}],"replies":[{"embeddable":true,"href":"https:\/\/mevlanacay.de\/tr\/wp-json\/wp\/v2\/comments?post=31004"}],"version-history":[{"count":56,"href":"https:\/\/mevlanacay.de\/tr\/wp-json\/wp\/v2\/pages\/31004\/revisions"}],"predecessor-version":[{"id":35361,"href":"https:\/\/mevlanacay.de\/tr\/wp-json\/wp\/v2\/pages\/31004\/revisions\/35361"}],"wp:attachment":[{"href":"https:\/\/mevlanacay.de\/tr\/wp-json\/wp\/v2\/media?parent=31004"}],"curies":[{"name":"wp","href":"https:\/\/api.w.org\/{rel}","templated":true}]}}