{"id":30166,"date":"2022-01-12T10:48:44","date_gmt":"2022-01-12T09:48:44","guid":{"rendered":"https:\/\/mevlanacay.com.tr\/?page_id=30166"},"modified":"2023-01-20T12:19:54","modified_gmt":"2023-01-20T11:19:54","slug":"mesafeli-satis-soezlesmesi","status":"publish","type":"page","link":"https:\/\/mevlanacay.de\/tr\/mesafeli-satis-soezlesmesi\/","title":{"rendered":"Mesafeli Sat\u0131\u015f S\u00f6zle\u015fmesi"},"content":{"rendered":"<h1>Allgemeine Gesch\u00e4ftsbedingungen (AGB)<br \/>\nVertragspartner<\/h1>\n<p>Auf Grundlage dieser Allgemeinen Gesch\u00e4ftsbedingungen (AGB) kommt zwischen dem Kunden und<br \/>\nTutus Media GmbH<br \/>\nVertreten durch Adem Aydin<\/p>\n<h3>Adresse:<\/h3>\n<p>B\u00fcrgermeister-Mahr-Str. 2<br \/>\n63179 Obertshausen<br \/>\ninfo@tutusmedia.com<\/p>\n<p>Handelsregister: Amtsgericht Offenbach<br \/>\nHandelsregisternummer:<br \/>\nUmsatzsteuer-Identifikationsnummer: DE298174356,<br \/>\nnachfolgend Anbieter genannt, der Vertrag zustande.<\/p>\n<h3>VERTRAGSGEGENSTAND<\/h3>\n<p>Durch diesen Vertrag wird der Verkauf von neuen Waren aus dem Bereichen Lebensmittel, Kosmetik und Elektronik \u00fcber den <a href=\"https:\/\/mevlanacay.de\/tr\/shop\/\">Online-Shop<\/a> des Anbieters geregelt. Wegen der Details des jeweiligen Angebotes wird auf die Produktbeschreibung der Angebotsseite verwiesen.<\/p>\n<h3>VERTRAGSSCHLUSS<\/h3>\n<p>Der Vertrag kommt ausschlie\u00dflich im elektronischen Gesch\u00e4ftsverkehr \u00fcber das Shop-System zustande. Dabei stellen die dargestellten Angebote auf Grundlage der AGB eine unverbindliche Aufforderung zur Abgabe eines Angebots durch die Kundenbestellung dar, das der Anbieter dann annehmen kann. Der Bestellvorgang zum Vertragsschluss umfasst im Shop-System folgende Schritte:<br \/>\nAuswahl des Angebots in der gew\u00fcnschten Spezifikation (Gr\u00f6\u00dfe, Farbe, Anzahl)<br \/>\nEinlegen des Angebots in den Warenkorb<br \/>\nBet\u00e4tigen des Buttons \u2018bestellen\u2019<br \/>\nEingabe der Rechnungs- und Lieferadresse<br \/>\nAuswahl der Bezahlmethode<br \/>\n\u00dcberpr\u00fcfung und Bearbeitung der Bestellung und aller Eingaben<br \/>\nBet\u00e4tigen des Buttons \u2018kostenpflichtig bestellen\u2019<br \/>\nBest\u00e4tigungsmail, dass Bestellung eingegangen ist. Mit der Zusendung der Bestellbest\u00e4tigung kommt der Vertrag zustande.<\/p>\n<h3>VERTRAGSDAUER<\/h3>\n<p>Der Vertrag hat vorbehaltlich einer K\u00fcndigung eine Laufzeit von 2 Wochen. Der Gesamtpreis errechnet sich aus den folgenden Komponenten: Preis + Mwst + Versandkosten<\/p>\n<h3>VORBEHALTE<\/h3>\n<p>Der Anbieter beh\u00e4lt sich nach der AGB vor, eine in Qualit\u00e4t und Preis gleichwertige Leistung zu erbringen. Die im Shop dargestellte Leistung ist beispielhaft und nicht die individuelle, vertragsgegenst\u00e4ndliche Leistung. Der Anbieter beh\u00e4lt sich vor, im Falle der Nichtverf\u00fcgbarkeit der versprochenen Leistung diese nicht zu erbringen.<\/p>\n<h3>PREISE, VERSANDKOSTEN, R\u00dcCKSENDEKOSTEN<\/h3>\n<p>Alle Preise sind auf Grundlage der AGB Endpreise und enthalten die gesetzliche Umsatzsteuer. Neben den Endpreisen fallen je nach Versandart weitere Kosten an, die vor Versendung der Bestellung angezeigt werden. Besteht ein Widerrufsrecht und wird von diesem Gebraucht gemacht, tr\u00e4gt der Kunde die Kosten der R\u00fccksendung.<\/p>\n<h3>ZAHLUNGSBEDINGUNGEN<\/h3>\n<p>Der Kunde hat ausschlie\u00dflich folgende M\u00f6glichkeiten zur Zahlung: Vorab\u00fcberweisung, Rechnung bei Lieferung, Lastschrifteinzug, Zahlungsdienstleister (PayPal), Kreditkarte. Weitere Zahlungsarten werden nicht angeboten und werden zur\u00fcckgewiesen.<\/p>\n<p>Der Rechnungsbetrag ist nach Zugang der Rechnung, die alle Angaben f\u00fcr die \u00dcberweisung enth\u00e4lt und mit E-Mail verschickt wird, auf das dort angegebene Konto vorab zu \u00fcberweisen. Der Rechnungsbetrag ist nach Zugang der Rechnung, die alle Angaben f\u00fcr die \u00dcberweisung enth\u00e4lt und mit der Lieferung verschickt wird, auf das dort angegebene Konto vorab zu \u00fcberweisen.<\/p>\n<p>Der Rechnungsbetrag wird vom Anbieter mittels Lastschriftverfahren auf Grundlage der Einzugserm\u00e4chtigung durch den Kunden von dessen angegebenem Konto eingezogen.<\/p>\n<p>Bei Verwendung eines Treuhandservice\/ Zahlungsdienstleisters erm\u00f6glicht es dieser dem Anbieter und Kunden, die Zahlung untereinander abzuwickeln. Dabei leitet der Treuhandservice\/ Zahlungsdienstleister die Zahlung des Kunden an den Anbieter weiter. Weitere Informationen erhalten Sie auf der Internetseite des jeweiligen Treuhandservices\/ Zahlungsdienstleisters.<\/p>\n<p>Bei Zahlung \u00fcber Kreditkarte muss der Kunde der Karteninhaber sein. Die Belastung der Kreditkarte erfolgt nach Versand der Ware. Der Kunde ist verpflichtet innerhalb von 14 Tagen nach Erhalt der Rechnung den ausgewiesenen Betrag auf das auf der Rechnung angegebene Konto einzuzahlen oder zu \u00fcberweisen.<\/p>\n<p>Die Zahlung ist ab Rechnungsdatum ohne Abzug f\u00e4llig. Nach Ablauf der Zahlungsfrist, die somit kalenderm\u00e4\u00dfig bestimmt ist, kommt der Kunde auch ohne Mahnung in Verzug. Ein Zur\u00fcckbehaltungsrecht des Kunden, welches nicht auf demselben Vertragsverh\u00e4ltnis beruht, wird ausgeschlossen. Die Aufrechnung mit Forderungen des Kunden ist ausgeschlossen, es sei denn diese sind unbestritten oder rechtskr\u00e4ftig festgestellt.<\/p>\n<h3>LIEFERBEDINGUNGEN<\/h3>\n<p>Die Ware wird umgehend nach Eingang der Bestellung versandt. Der Versand erfolgt durchschnittlich sp\u00e4testens nach 2 Tagen. Der Unternehmer verpflichtet sich zur Lieferung am 7 Tag nach Bestelleingang. Die Regellieferzeit betr\u00e4gt 4 Tage, wenn in der Artikelbeschreibung nichts anderes angegeben ist. Der Anbieter versendet die Bestellung aus eigenem Lager, sobald die gesamte Bestellung dort vorr\u00e4tig ist.<\/p>\n<p>Hat der Anbieter ein dauerhaftes Lieferhindernis, insbesondere h\u00f6here Gewalt oder Nichtbelieferung durch eigenen Lieferanten, obwohl rechtzeitig ein entsprechendes Deckungsgesch\u00e4ft get\u00e4tigt wurde, nicht zu vertreten, so hat der Anbieter das Recht, insoweit von einem Vertrag mit dem Kunden zur\u00fcckzutreten. Der Kunde wird gem\u00e4\u00df der AGB dar\u00fcber unverz\u00fcglich informiert und empfangene Leistungen, insbesondere Zahlungen, zur\u00fcckerstattet.<\/p>\n<h3>GEW\u00c4HRLEISTUNG<\/h3>\n<p>Verbrauchern steht f\u00fcr die angebotenen Leistungen ein gesetzliches M\u00e4ngelhaftungsrecht nach den einschl\u00e4gigen Vorschriften des B\u00fcrgerlichen Gesetzbuch (BGB) zu. Sofern hiervon abgewichen wird, richtet sich die Gew\u00e4hrleistung nach den hierzu verfassten Regelungen in den Allgemeinen Gesch\u00e4ftsbedingungen (AGB). Ist der Kunde Verbraucher, wird f\u00fcr gebrauchte Waren die Gew\u00e4hrleistungsfrist auf ein Jahr beschr\u00e4nkt.<\/p>\n<p>Dies gilt nicht f\u00fcr Schadensersatzanspr\u00fcche des Kunden wegen Verletzung des Lebens, des K\u00f6rpers, der Gesundheit oder wesentlicher Vertragspflichten, welche zur Erreichung des Vertragszieles notwendigerweise erf\u00fcllt werden m\u00fcssen. Ebenso gilt dies nicht f\u00fcr Schadensersatzanspr\u00fcche nach grob fahrl\u00e4ssiger oder vors\u00e4tzlicher Pflichtverletzung des Anbieters oder seines gesetzlichen Vertreters oder Erf\u00fcllungsgehilfen. Im \u00dcbrigen gelten die gesetzlichen Regelungen.<\/p>\n<h3>VERTRAGSGESTALTUNG<\/h3>\n<p>Der Kunde hat nach der AGB keine M\u00f6glichkeit selbst direkt auf den gespeicherten Vertragstext zuzugreifen. Der Kunde kann Fehler in der Eingabe w\u00e4hrend des Bestellvorganges korrigieren. Hierzu kann er folgenderma\u00dfen vorgehen: Schriftlich per Email. <strong>Widerrufsrecht und Kundendienst<\/strong><br \/>\n<strong>Widerrufsbelehrung<\/strong><br \/>\n<strong>Widerrufsrecht<\/strong><br \/>\n<strong>Sie haben das Recht, binnen vierzehn Tagen ohne Angabe von Gr\u00fcnden diesen Vertrag zu widerrufen.<\/strong><br \/>\n<strong>Die Widerrufsfrist betr\u00e4gt vierzehn Tage ab dem Tag,<\/strong><br \/>\nIm Falle eines Kaufvertrags: an dem Sie oder ein von Ihnen benannter Dritter, der nicht der Bef\u00f6rderer ist, die letzte Ware in Besitz genommen haben bzw. hat.<br \/>\nIm Falle eines Vertrags \u00fcber mehrere Waren, die der Verbraucher im Rahmen einer einheitlichen Bestellung bestellt hat und die getrennt geliefert werden: an dem Sie oder ein von Ihnen benannter Dritter, der nicht Bef\u00f6rderer ist, die letzte Ware in Besitz genommen haben bzw. hat.<br \/>\nIm Falle eines Vertrags \u00fcber die Lieferung einer Ware in mehreren Teilsendungen oder St\u00fccken: an dem Sie oder ein von Ihnen benannter Dritter, der nicht Bef\u00f6rderer ist, die letzte Teilsendung oder das letzte St\u00fcck in Besitz genommen haben bzw. hat.<\/p>\n<p>Im Falle eines Vertrages zur regelm\u00e4\u00dfigen Lieferung von Waren \u00fcber einen festgelegten Zeitraum hinweg: an dem Sie oder ein von Ihnen benannter Dritter, der nicht Bef\u00f6rderer ist, die erste Ware in Besitz genommen haben bzw. hat.<\/p>\n<p><strong>Beim Zusammentreffen mehrerer Alternativen ist der jeweils letzte Zeitpunkt ma\u00dfgeblich.<\/strong><br \/>\n<strong>Um Ihr Widerrufsrecht auszu\u00fcben, m\u00fcssen Sie uns (Tutus Media GmbH, Adem Aydin, B\u00fcrgermeister-Mahr-Str. 2 63179 Obertshausen info@tutusmedia.com) mittels einer eindeutigen Erkl\u00e4rung (z.B. ein mit der Post versandter Brief, Telefax, oder E-Mail) \u00fcber Ihren Entschluss, diesen Vertrag zu widerrufen, informieren. Sie k\u00f6nnen daf\u00fcr das beigef\u00fcgte Muster-Widerrufsformular verwenden, das jedoch nicht vorgeschrieben ist.<\/strong><br \/>\n<strong>Zur Wahrung der Widerrufsfrist reicht es aus, dass Sie die Mitteilung \u00fcber die Aus\u00fcbung des Widerrufsrechts vor Ablauf der Widerrufsfrist absenden.<\/strong><\/p>\n<p><strong>Folgen des Widerrufs<\/strong><br \/>\n<strong>Wenn Sie diesen Vertag widerrufen, haben wir Ihnen alle Zahlungen, die wir von Ihnen erhalten haben, einschlie\u00dflich der Lieferkosten (mit Ausnahmen der zus\u00e4tzlichen Kosten, die sich daraus ergeben, dass Sie einer andere Art der Lieferung als die von uns angebotene, g\u00fcnstige Standardlieferung gew\u00e4hlt haben), unverz\u00fcglich und sp\u00e4testens binnen vierzehn Tagen ab dem Tag zur\u00fcckzuzahlen, an dem die Mitteilung \u00fcber Ihren Widerruf dieses Vertrags bei uns eingegangen ist. <\/strong><\/p>\n<p><strong>F\u00fcr diese R\u00fcckzahlung verwenden wir dasselbe Zahlungsmittel, das Sie bei der urspr\u00fcnglichen Transaktion eingesetzt haben, es sei denn, mit Ihnen wurde ausdr\u00fccklich etwas anderes vereinbart; in keinem Fall werden Ihnen wegen dieser R\u00fcckzahlung Entgelte berechnet. Wir k\u00f6nnen die R\u00fcckzahlung verweigern, bis wir die Waren wieder zur\u00fcckerhalten haben oder bis Sie den Nachweis erbracht haben, dass Sie die Waren zur\u00fcckgesandt haben, je nachdem, welches der fr\u00fchere Zeitpunkt ist.<\/strong><\/p>\n<p><strong>Sie haben die Waren unverz\u00fcglich und in jedem Fall sp\u00e4testens binnen vierzehn Tagen ab dem Tag, an dem Sie uns \u00fcber den Widerruf dieses Vertrags unterrichten, an <a href=\"https:\/\/tutusmedia.com\/de\" target=\"_blank\" rel=\"noopener\">Tutus Media GmbH<\/a>, Adem Aydin, B\u00fcrgermeister-Mahr-Str. 2 63179 Obertshausen info@tutusmedia.com uns zur\u00fcckzusenden oder zu \u00fcbergeben. Die Frist ist gewahrt, wenn Sie die Waren vor Ablauf der Frist von vierzehn Tagen absenden.<\/strong><br \/>\n<strong>Sie tragen die unmittelbaren Kosten der R\u00fccksendung der Waren.<\/strong><\/p>\n<p><strong>Sie m\u00fcssen f\u00fcr einen etwaigen Wertverlust der Waren nur aufkommen, wenn dieser Wertverlust auf einen zur Pr\u00fcfung der Beschaffenheit, Eigenschaften und Funktionsweise der Waren nicht notwendigen Umgang mit ihnen zur\u00fcckzuf\u00fchren ist.<\/strong><br \/>\n<strong>Ende der Widerrufsbelehrung<\/strong><\/p>\n<h3>HAFTUNGSAUSSCHLUSS<\/h3>\n<p>Schadensersatzanspr\u00fcche des Kunden sind nach der AGB ausgeschlossen, soweit sich aus den nachfolgenden Gr\u00fcnden nicht etwas anderes ergibt. Dies gilt auch f\u00fcr den Vertreter und Erf\u00fcllungsgehilfen des Anbieters, falls der Kunde gegen diese Anspr\u00fcche auf Schadensersatz erhebt.<\/p>\n<p>Ausgenommen sind Schadensersatzanspr\u00fcche des Kunden wegen Verletzung des Lebens, des K\u00f6rpers, der Gesundheit oder wesentlicher Vertragspflichten, welche zur Erreichung des Vertragszieles notwendigerweise erf\u00fcllt werden m\u00fcssen.<\/p>\n<p>Ebenso gilt dies nicht f\u00fcr Schadensersatzanspr\u00fcche nach grob fahrl\u00e4ssiger oder vors\u00e4tzlicher Pflichtverletzung des Anbieters oder seines gesetzlichen Vertreters oder Erf\u00fcllungsgehilfen.<\/p>\n<h3>ABTRETUNGS- UND VERPF\u00c4NDUNGSVERBOT<\/h3>\n<p>Anspr\u00fcche oder Rechte des Kunden gegen den Anbieter d\u00fcrfen ohne dessen Zustimmung nicht abgetreten oder verpf\u00e4ndet werden, es sei denn der Kunde hat ein berechtigtes Interesse an der Abtretung oder Verpf\u00e4ndung nachgewiesen.<\/p>\n<h3>SPRACHE, GERICHTSSTAND UND ANZUWENDENDES RECHT<\/h3>\n<p>Der Vertrag wird gem\u00e4\u00df der AGB in Deutsch abgefasst. Die weitere Durchf\u00fchrung der Vertragsbeziehung erfolgt in Deutsch. Es findet ausschlie\u00dflich das Recht der Bundesrepublik Deutschland Anwendung.<\/p>\n<p>F\u00fcr Verbraucher gilt dies nur insoweit, als dadurch keine gesetzlichen Bestimmungen des Staates eingeschr\u00e4nkt werden, in dem der Kunde seinen Wohnsitz oder gew\u00f6hnlichen Aufenthalt hat. Gerichtsstand ist bei Streitigkeiten mit Kunden, die kein Verbraucher, juristische Person des \u00f6ffentlichen Rechts oder \u00f6ffentlich-rechtliches Sonderverm\u00f6gen sind, Sitz des Anbieters.<\/p>\n<h3>DATENSCHUTZ<\/h3>\n<p>Im Zusammenhang mit der Anbahnung, Abschluss, Abwicklung und R\u00fcckabwicklung eines Kaufvertrages auf Grundlage dieser AGB werden vom Anbieter Daten erhoben, gespeichert und verarbeitet. Dies geschieht im Rahmen der gesetzlichen Bestimmungen. Der Anbieter gibt nach der AGB keine personenbezogenen Daten des Kunden an Dritte weiter, es sei denn, dass er hierzu gesetzlich verpflichtet w\u00e4re oder der Kunde vorher ausdr\u00fccklich eingewilligt hat.<\/p>\n<p>Wird ein Dritter f\u00fcr Dienstleistungen im Zusammenhang mit der Abwicklung von Verarbeitungsprozessen eingesetzt, so werden die Bestimmungen des Bundesdatenschutzgesetzes eingehalten. Die vom Kunden im Wege der Bestellung mitgeteilten Daten werden gem\u00e4\u00df der AGB\u00a0 ausschlie\u00dflich zur Kontaktaufnahme innerhalb des Rahmens der Vertragsabwicklung und nur zu dem Zweck verarbeitet, zu dem der Kunde die Daten zur Verf\u00fcgung gestellt hat.<\/p>\n<p>Die Daten werden nur soweit notwendig an das Versandunternehmen, das die Lieferung der Ware auftragsgem\u00e4\u00df \u00fcbernimmt, weitergegeben. Die Zahlungsdaten werden an das mit der Zahlung beauftragte Kreditinstitut weitergegeben. Soweit den Anbieter Aufbewahrungsfristen handels- oder steuerrechtlicher Natur treffen, kann die Speicherung einiger Daten bis zu zehn Jahre dauern.<\/p>\n<p>W\u00e4hrend des Besuchs im Internet-Shop des Anbieters werden anonymisierte Daten, die keine R\u00fcckschl\u00fcssen auf personenbezogene Daten zulassen und auch nicht beabsichtigen, insbesondere IP-Adresse, Datum, Uhrzeit, Browsertyp, Betriebssystem und besuchte Seiten, protokolliert.<\/p>\n<p>Auf Wunsch des Kunden werden im Rahmen der gesetzlichen Bestimmungen die personenbezogenen Daten gel\u00f6scht, korrigiert oder gesperrt. Eine unentgeltliche Auskunft \u00fcber alle personenbezogenen Daten des Kunden ist m\u00f6glich. F\u00fcr Fragen und Antr\u00e4ge auf L\u00f6schung, Korrektur oder Sperrung personenbezogener Daten sowie Erhebung, Verarbeitung und Nutzung kann sich der Kunde an folgende Adresse wenden: Tutus Media GmbH,<br \/>\nAdem Aydin<br \/>\nB\u00fcrgermeister-Mahr-Str. 2<br \/>\n63179 Obertshausen<br \/>\ninfo@tutusmedia.com<\/p>\n<h3>SALVATORISCHE KLAUSEL<\/h3>\n<p>Die Unwirksamkeit einer Bestimmung dieser AGB hat keine Auswirkungen auf die Wirksamkeit der sonstigen Bestimmungen.<\/p>","protected":false},"excerpt":{"rendered":"<p>Allgemeine Gesch\u00e4ftsbedingungen (AGB) Vertragspartner Auf Grundlage dieser Allgemeinen Gesch\u00e4ftsbedingungen (AGB) kommt zwischen dem Kunden und Tutus Media GmbH Vertreten durch Adem Aydin Adresse: B\u00fcrgermeister-Mahr-Str. 2 63179 Obertshausen info@tutusmedia.com Handelsregister: Amtsgericht Offenbach Handelsregisternummer: Umsatzsteuer-Identifikationsnummer: DE298174356, nachfolgend Anbieter genannt, der Vertrag zustande. VERTRAGSGEGENSTAND Durch diesen Vertrag wird der Verkauf von neuen Waren aus dem Bereichen Lebensmittel, Kosmetik [&hellip;]<\/p>","protected":false},"author":340,"featured_media":0,"parent":0,"menu_order":0,"comment_status":"closed","ping_status":"closed","template":"","meta":{"_mi_skip_tracking":false,"footnotes":""},"class_list":["post-30166","page","type-page","status-publish","hentry"],"_links":{"self":[{"href":"https:\/\/mevlanacay.de\/tr\/wp-json\/wp\/v2\/pages\/30166","targetHints":{"allow":["GET"]}}],"collection":[{"href":"https:\/\/mevlanacay.de\/tr\/wp-json\/wp\/v2\/pages"}],"about":[{"href":"https:\/\/mevlanacay.de\/tr\/wp-json\/wp\/v2\/types\/page"}],"author":[{"embeddable":true,"href":"https:\/\/mevlanacay.de\/tr\/wp-json\/wp\/v2\/users\/340"}],"replies":[{"embeddable":true,"href":"https:\/\/mevlanacay.de\/tr\/wp-json\/wp\/v2\/comments?post=30166"}],"version-history":[{"count":45,"href":"https:\/\/mevlanacay.de\/tr\/wp-json\/wp\/v2\/pages\/30166\/revisions"}],"predecessor-version":[{"id":34407,"href":"https:\/\/mevlanacay.de\/tr\/wp-json\/wp\/v2\/pages\/30166\/revisions\/34407"}],"wp:attachment":[{"href":"https:\/\/mevlanacay.de\/tr\/wp-json\/wp\/v2\/media?parent=30166"}],"curies":[{"name":"wp","href":"https:\/\/api.w.org\/{rel}","templated":true}]}}