{"id":35260,"date":"2024-09-11T14:29:57","date_gmt":"2024-09-11T12:29:57","guid":{"rendered":"https:\/\/mevlanacay.de\/?post_type=product&#038;p=35260"},"modified":"2026-04-03T13:11:15","modified_gmt":"2026-04-03T11:11:15","slug":"mimar-sinan-tee-ceylon-goran-tea-800gr-1-stk","status":"publish","type":"product","link":"https:\/\/mevlanacay.de\/en\/mimar-sinan-tee-ceylon-goran-tea-800gr-1-stk\/","title":{"rendered":"Mimar Sinan Ceylon Schwarztee mit Bergamotte-Geschmack | Von Goran Tee 800g"},"content":{"rendered":"<p data-start=\"39\" data-end=\"107\"><strong>Mimar Sinan Ceylon Schwarztee mit Bergamotte-Geschmack (Luxus-Mischung), (1 St\u00fcck, 800g)<\/strong><\/p>\n<p data-start=\"39\" data-end=\"107\">Der von Goran Tee hergestellte Mimar Sinan Ceylon Schwarztee mit Bergamotte-Aroma wird aus gro\u00dfen Teebl\u00e4ttern gewonnen, die in den hochgelegenen Teeg\u00e4rten des Fernen Ostens von Hand gepfl\u00fcckt und nach h\u00f6chsten Standards verarbeitet werden. Bei der Qualit\u00e4t und dem aromatischen Geschmack dieses Tees spielen die richtigen Anbaumethoden und das g\u00fcnstige Klima eine entscheidende Rolle.<\/p>\n<p data-start=\"39\" data-end=\"107\">Dar\u00fcber hinaus verleiht der deutsche Qualit\u00e4tsanspruch unserem Schwarztee einen einzigartigen Charakter. In der zweiten Produktionsphase, die in Deutschland stattfindet, entfaltet unser loser Ceylon Tee durch das Bergamott-Aroma eine perfekte Harmonie mit dem tiefen Geschmack des Schwarztees.<\/p>\n<p data-start=\"39\" data-end=\"107\">Dank seiner Luxusmischung und eines 98%igen Entstaubungsgrades ist er konkurrenzlos. Diese Eigenschaften machen ihn auch zu einem idealen Geschenk f\u00fcr Ihre Liebsten.<\/p>\n<ul>\n<li data-start=\"39\" data-end=\"107\" class=\"translation-block\"><strong>Produkt:<\/strong> Loser Schwarzer Ceylon Blatttee mit Luxus-Mischung und intensivem Bergamotte-Aroma<\/li>\n<li data-start=\"39\" data-end=\"107\" class=\"translation-block\"><strong>Nettof\u00fcllmenge:<\/strong> 800g<\/li>\n<li data-start=\"39\" data-end=\"107\" class=\"translation-block\"><strong>Geschmack:<\/strong> Weich, ausgewogen, erfrischend<\/li>\n<li data-start=\"39\" data-end=\"107\" class=\"translation-block\"><strong>Besonderheiten:<\/strong> Charakteristisches, intensives Bergamotte-Aroma<\/li>\n<li data-start=\"39\" data-end=\"107\" class=\"translation-block\"><strong>Verwendung:<\/strong> Familienpackung, ideal auch als Geschenk<\/li>\n<\/ul>\n<p><img fetchpriority=\"high\" decoding=\"async\" class=\"alignnone wp-image-35264\" src=\"https:\/\/mevlanacay.de\/wp-content\/uploads\/2024\/09\/mimar-sinan-tee-800-gr-3-1024x1024.jpg\" alt=\"\" width=\"800\" height=\"800\" title=\"\"><\/p>\n<p>&nbsp;<\/p>\n<p><img decoding=\"async\" class=\"alignnone wp-image-35263\" src=\"https:\/\/mevlanacay.de\/wp-content\/uploads\/2024\/09\/mimar-sinan-tee-800-gr-2-300x300.jpg\" alt=\"\" width=\"800\" height=\"800\" title=\"\"><\/p>","protected":false},"excerpt":{"rendered":"<p>Mimar Sinan Schwarzer Ceylon-Tee mit Luxusmischung und Bergamotte-Aroma (800g) vereint handgepfl\u00fcckte Blattqualit\u00e4t, deutsche Veredelung und ein charakteristisch erfrischendes Aroma. Ideal f\u00fcr Familie und als Geschenk.<\/p>","protected":false},"featured_media":35261,"comment_status":"open","ping_status":"closed","template":"","meta":{"_mi_skip_tracking":false},"product_cat":[439],"product_tag":[],"class_list":{"0":"post-35260","1":"product","2":"type-product","3":"status-publish","4":"has-post-thumbnail","6":"product_cat-mimar-sinan-cay-800gr","8":"first","9":"instock","10":"purchasable","11":"product-type-simple"},"_links":{"self":[{"href":"https:\/\/mevlanacay.de\/en\/wp-json\/wp\/v2\/product\/35260","targetHints":{"allow":["GET"]}}],"collection":[{"href":"https:\/\/mevlanacay.de\/en\/wp-json\/wp\/v2\/product"}],"about":[{"href":"https:\/\/mevlanacay.de\/en\/wp-json\/wp\/v2\/types\/product"}],"replies":[{"embeddable":true,"href":"https:\/\/mevlanacay.de\/en\/wp-json\/wp\/v2\/comments?post=35260"}],"wp:featuredmedia":[{"embeddable":true,"href":"https:\/\/mevlanacay.de\/en\/wp-json\/wp\/v2\/media\/35261"}],"wp:attachment":[{"href":"https:\/\/mevlanacay.de\/en\/wp-json\/wp\/v2\/media?parent=35260"}],"wp:term":[{"taxonomy":"product_cat","embeddable":true,"href":"https:\/\/mevlanacay.de\/en\/wp-json\/wp\/v2\/product_cat?post=35260"},{"taxonomy":"product_tag","embeddable":true,"href":"https:\/\/mevlanacay.de\/en\/wp-json\/wp\/v2\/product_tag?post=35260"}],"curies":[{"name":"wp","href":"https:\/\/api.w.org\/{rel}","templated":true}]}}