{"id":35099,"date":"2024-03-25T15:49:26","date_gmt":"2024-03-25T14:49:26","guid":{"rendered":"https:\/\/mevlanacay.de\/?post_type=product&#038;p=35099"},"modified":"2026-04-05T18:05:25","modified_gmt":"2026-04-05T16:05:25","slug":"mevlana-cay-goran-siyah-cay-posetleri-100-poset-1-pack","status":"publish","type":"product","link":"https:\/\/mevlanacay.de\/en\/mevlana-cay-goran-siyah-cay-posetleri-100-poset-1-pack\/","title":{"rendered":"Mevlana Beuteltee | Schwarzer Tee mit Luxusmischung | 100er Packung"},"content":{"rendered":"<p data-start=\"71\" data-end=\"826\" class=\"translation-block\"><strong data-start=\"121\" data-end=\"168\">Mevlana Schwarzer Ceylon Tee als Beuteltee (Luxusmischung), (100er Packung)<\/strong><br data-start=\"168\" data-end=\"171\">Der von Goran Tee produzierte Mevlana Schwarze Ceylon Beuteltee wird aus gro\u00dfbl\u00e4ttrigen Teebl\u00e4ttern gewonnen, die in den hochgelegenen Teeg\u00e4rten Ostasiens gedeihen. Dort werden sie sorgf\u00e4ltig von Hand gepfl\u00fcckt und nach h\u00f6chsten Standards verarbeitet. Die Qualit\u00e4t und das aromatische Geschmackserlebnis des Mevlana Beuteltees beruhen vor allem auf den richtigen Anbaumethoden und einem g\u00fcnstigen Klima.<\/p>\n<p data-start=\"71\" data-end=\"826\">Erg\u00e4nzt durch deutsches Qualit\u00e4tsverst\u00e4ndnis erh\u00e4lt der Mevlana Beuteltee eine unverwechselbare Charakteristik. In der zweiten Produktionsphase in Deutschland veredelt, pr\u00e4sentiert er sich als edle Luxusmischung \u2013 einzigartig durch seine zu 98 % staubfreie Beschaffenheit.<\/p>\n<ul>\n<li data-start=\"828\" data-end=\"1074\" class=\"translation-block\"><strong data-start=\"828\" data-end=\"840\">Produkt:<\/strong> Schwarzer Ceylon Tee als Beuteltee (Luxusmischung)<\/li>\n<li data-start=\"828\" data-end=\"1074\" class=\"translation-block\"><strong data-start=\"879\" data-end=\"896\">Nettogewicht:<\/strong> 250 g (2,5 g x 100 Beutel)<\/li>\n<li data-start=\"828\" data-end=\"1074\" class=\"translation-block\"><strong data-start=\"861\" data-end=\"875\">Geschmack:<\/strong> Mild, ausgewogen, erfrischend<\/li>\n<li data-start=\"828\" data-end=\"1074\" class=\"translation-block\"><strong data-start=\"910\" data-end=\"933\">Besondere Merkmale:<\/strong> Luxusmischung<\/li>\n<li data-start=\"828\" data-end=\"1074\" class=\"translation-block\"><strong data-start=\"950\" data-end=\"965\">Verwendung:<\/strong> Ideal als Familienpackung oder als Geschenk<\/li>\n<\/ul>","protected":false},"excerpt":{"rendered":"<p>Der praktische Mevlana Schwarze Ceylon Beuteltee bietet in 25 einzeln verpackten Beuteln eine edle Luxusmischung mit mildem, ausgewogenem und erfrischendem Geschmack.<\/p>","protected":false},"featured_media":35101,"comment_status":"closed","ping_status":"closed","template":"","meta":{"_mi_skip_tracking":false},"product_cat":[312],"product_tag":[456,453,315,316,454,455,318],"class_list":{"0":"post-35099","1":"product","2":"type-product","3":"status-publish","4":"has-post-thumbnail","6":"product_cat-mevlana-beuteltee","7":"product_tag-cay","8":"product_tag-cay-posetleri","9":"product_tag-lanka","10":"product_tag-mevlana","11":"product_tag-seylan","12":"product_tag-siyah-cay","13":"product_tag-sri","15":"first","16":"instock","17":"taxable","18":"shipping-taxable","19":"purchasable","20":"product-type-simple"},"_links":{"self":[{"href":"https:\/\/mevlanacay.de\/en\/wp-json\/wp\/v2\/product\/35099","targetHints":{"allow":["GET"]}}],"collection":[{"href":"https:\/\/mevlanacay.de\/en\/wp-json\/wp\/v2\/product"}],"about":[{"href":"https:\/\/mevlanacay.de\/en\/wp-json\/wp\/v2\/types\/product"}],"replies":[{"embeddable":true,"href":"https:\/\/mevlanacay.de\/en\/wp-json\/wp\/v2\/comments?post=35099"}],"wp:featuredmedia":[{"embeddable":true,"href":"https:\/\/mevlanacay.de\/en\/wp-json\/wp\/v2\/media\/35101"}],"wp:attachment":[{"href":"https:\/\/mevlanacay.de\/en\/wp-json\/wp\/v2\/media?parent=35099"}],"wp:term":[{"taxonomy":"product_cat","embeddable":true,"href":"https:\/\/mevlanacay.de\/en\/wp-json\/wp\/v2\/product_cat?post=35099"},{"taxonomy":"product_tag","embeddable":true,"href":"https:\/\/mevlanacay.de\/en\/wp-json\/wp\/v2\/product_tag?post=35099"}],"curies":[{"name":"wp","href":"https:\/\/api.w.org\/{rel}","templated":true}]}}