{"id":35097,"date":"2024-03-25T15:22:49","date_gmt":"2024-03-25T14:22:49","guid":{"rendered":"https:\/\/mevlanacay.de\/?post_type=product&#038;p=35097"},"modified":"2026-04-17T16:22:54","modified_gmt":"2026-04-17T14:22:54","slug":"mevlana-tee-goran-tea-cardamom-flavor-25-beutel-1-x-pack-3","status":"publish","type":"product","link":"https:\/\/mevlanacay.de\/en\/mevlana-tee-goran-tea-cardamom-flavor-25-beutel-1-x-pack-3\/","title":{"rendered":"Mevlana Schwarztee mit Kardamom-Geschmack | als Beuteltee | 25 Teebeuteln"},"content":{"rendered":"<p data-start=\"39\" data-end=\"174\"><strong data-start=\"39\" data-end=\"104\">Mevlana Schwarztee mit Kardamom-Geschmack (Luxusmischung), (1 Packung mit 25 Teebeuteln)\u00a0<\/strong><\/p>\n<p data-start=\"176\" data-end=\"670\">Der von Goran Tee hergestellte Mevlana Schwarze Tee mit Kardamom-Geschmack im Teebeutel wird aus gro\u00dfen Teebl\u00e4ttern gewonnen, die in den hochgelegenen Teeg\u00e4rten des Fernen Ostens von Hand gepfl\u00fcckt und nach h\u00f6chsten Standards verarbeitet werden. Bei der Qualit\u00e4t und dem aromatischen Geschmack dieses Ceylon-Tees spielen die richtigen Anbaumethoden und das g\u00fcnstige Klima eine entscheidende Rolle. Dar\u00fcber hinaus verleiht der deutsche Qualit\u00e4tsanspruch unserem Schwarztee einen einzigartigen Charakter.<\/p>\n<p data-start=\"672\" data-end=\"1018\">In der zweiten Produktionsphase, die in Deutschland stattfindet, entfaltet der Ceylon Tee durch das Kardamom-Aroma eine perfekte Harmonie mit dem tiefen Geschmack des Schwarztees. Dank seiner Luxusmischung und eines 98%igen Entstaubungsgrades ist der Schwarztee mit Kardamom Aroma konkurrenzlos. Diese Eigenschaften machen ihn auch zu einem idealen Geschenk f\u00fcr Ihre Liebsten.<\/p>\n<ul>\n<li data-start=\"1020\" data-end=\"1377\" class=\"translation-block\"><strong data-start=\"1020\" data-end=\"1032\">Produkt:<\/strong> Schwarzer Tee mit Kardamom-Geschmack als Beuteltee<\/li>\n<li data-start=\"1020\" data-end=\"1377\" class=\"translation-block\"><strong data-start=\"1090\" data-end=\"1109\">Nettof\u00fcllmenge:<\/strong> 2g x 25 Packungen = 50g<\/li>\n<li data-start=\"1020\" data-end=\"1377\" class=\"translation-block\"><strong data-start=\"1163\" data-end=\"1177\">Geschmack:<\/strong>&nbsp;Weich, ausgewogen, erfrischend und durch Kardamom-Geschmack leicht s\u00fc\u00dflich<\/li>\n<li data-start=\"1020\" data-end=\"1377\" class=\"translation-block\"><strong data-start=\"1245\" data-end=\"1264\">Besonderheiten:<\/strong>&nbsp;Charakteristisches, intensives Aroma, Luxusmischung<\/li>\n<li data-start=\"1020\" data-end=\"1377\" class=\"translation-block\"><strong data-start=\"1319\" data-end=\"1334\">Verwendung:<\/strong>&nbsp;Familienpackung, ideal auch als Geschenk<\/li>\n<\/ul>","protected":false},"excerpt":{"rendered":"<p>Mevlana schwarzer Tee mit Kardamom-Geschmack und Luxusmischung in 25 Teebeuteln vereint feines Aroma mit deutscher Qualit\u00e4tsverarbeitung. Ideal f\u00fcr Familie und als Geschenk.<\/p>","protected":false},"featured_media":35088,"comment_status":"open","ping_status":"closed","template":"","meta":{"_mi_skip_tracking":false},"product_cat":[312],"product_tag":[],"class_list":{"0":"post-35097","1":"product","2":"type-product","3":"status-publish","4":"has-post-thumbnail","6":"product_cat-mevlana-beuteltee","8":"first","9":"instock","10":"purchasable","11":"product-type-simple"},"_links":{"self":[{"href":"https:\/\/mevlanacay.de\/en\/wp-json\/wp\/v2\/product\/35097","targetHints":{"allow":["GET"]}}],"collection":[{"href":"https:\/\/mevlanacay.de\/en\/wp-json\/wp\/v2\/product"}],"about":[{"href":"https:\/\/mevlanacay.de\/en\/wp-json\/wp\/v2\/types\/product"}],"replies":[{"embeddable":true,"href":"https:\/\/mevlanacay.de\/en\/wp-json\/wp\/v2\/comments?post=35097"}],"wp:featuredmedia":[{"embeddable":true,"href":"https:\/\/mevlanacay.de\/en\/wp-json\/wp\/v2\/media\/35088"}],"wp:attachment":[{"href":"https:\/\/mevlanacay.de\/en\/wp-json\/wp\/v2\/media?parent=35097"}],"wp:term":[{"taxonomy":"product_cat","embeddable":true,"href":"https:\/\/mevlanacay.de\/en\/wp-json\/wp\/v2\/product_cat?post=35097"},{"taxonomy":"product_tag","embeddable":true,"href":"https:\/\/mevlanacay.de\/en\/wp-json\/wp\/v2\/product_tag?post=35097"}],"curies":[{"name":"wp","href":"https:\/\/api.w.org\/{rel}","templated":true}]}}