{"id":33176,"date":"2022-07-18T14:34:59","date_gmt":"2022-07-18T12:34:59","guid":{"rendered":"https:\/\/mevlanacay.de\/yeni\/?post_type=product&#038;p=33176"},"modified":"2026-03-03T14:57:37","modified_gmt":"2026-03-03T13:57:37","slug":"goran-baghdad-tee-ceylon-tea-500gr-1-stk-1-x-500gr","status":"publish","type":"product","link":"https:\/\/mevlanacay.de\/en\/goran-baghdad-tee-ceylon-tea-500gr-1-stk-1-x-500gr\/","title":{"rendered":"Goran Baghdad Tea, CEYLON Tea 500g (1 pc.)"},"content":{"rendered":"<p><span dir=\"auto\" style=\"vertical-align: inherit;\"><span dir=\"auto\" style=\"vertical-align: inherit;\">Ba\u011fdat Goran \u00c7ay L\u00fcks Kar\u0131\u015f\u0131m\u0131<\/span><\/span><\/p>\n<p><span dir=\"auto\" style=\"vertical-align: inherit;\"><span dir=\"auto\" style=\"vertical-align: inherit;\">Goran \u00c7ay\u0131 \u2013 Sri Lanka&#8217;n\u0131n y\u00fcksek b\u00f6lgelerinden toplanan ve i\u015flenen b\u00fcy\u00fck \u00e7ay yapraklar\u0131ndan elde edilen bir siyah \u00e7ay \u00e7e\u015fididir. Yeti\u015ftirme y\u00f6ntemleri ve iklimin de\u011fi\u015fken etkileri nedeniyle, Seylan \u00e7ay\u0131 y\u00fcksek kaliteli ve aromatik bir tada sahiptir. Muson ya\u011fmurlar\u0131 ve okyanus esintileri \u00e7ay yapraklar\u0131na aromalar\u0131n\u0131 verir. Bu yapraklar t\u00fcm uzunluklar\u0131 boyunca yuvarlan\u0131r. 8-15 mm uzunlu\u011fundad\u0131rlar ve k\u0131vr\u0131ml\u0131 yaprak tomurcuklar\u0131na sahiptirler.<\/span><\/span><\/p>\n<p><span dir=\"auto\" style=\"vertical-align: inherit;\"><span dir=\"auto\" style=\"vertical-align: inherit;\">\u2022 Se\u00e7kin oryantal siyah \u00e7ay kar\u0131\u015f\u0131m\u0131 <\/span><\/span><br \/>\n<span dir=\"auto\" style=\"vertical-align: inherit;\"><span dir=\"auto\" style=\"vertical-align: inherit;\">\u2022 Yo\u011fun aroma <\/span><\/span><br \/>\n<span dir=\"auto\" style=\"vertical-align: inherit;\"><span dir=\"auto\" style=\"vertical-align: inherit;\">\u2022 Tek ba\u015f\u0131na veya hafif\u00e7e tatland\u0131r\u0131larak keyifle i\u00e7ilebilir <\/span><\/span><br \/>\n<span dir=\"auto\" style=\"vertical-align: inherit;\"><span dir=\"auto\" style=\"vertical-align: inherit;\">\u2022 \u0130\u00e7erik: 500 g <\/span><\/span><br \/>\n<span dir=\"auto\" style=\"vertical-align: inherit;\"><span dir=\"auto\" style=\"vertical-align: inherit;\">\u2022 Hediye olarak m\u00fckemmel<\/span><\/span><\/p>\n<p><span dir=\"auto\" style=\"vertical-align: inherit;\"><span dir=\"auto\" style=\"vertical-align: inherit;\">Ba\u011fdat&#8217;tan Goran \u00e7ay\u0131, \u00e7ay severler ve uzmanlar i\u00e7in harika bir hediye se\u00e7ene\u011fidir. (Paketlenmi\u015f)<\/span><\/span><\/p>","protected":false},"excerpt":{"rendered":"<p><span dir=\"auto\" style=\"vertical-align: inherit;\"><span dir=\"auto\" style=\"vertical-align: inherit;\">Ba\u011fdat Goran \u00c7ay\u0131 \u2013 Seylan \u00e7ay\u0131, Sri Lanka&#8217;n\u0131n y\u00fcksek b\u00f6lgelerindeki \u00e7ay plantasyonlar\u0131ndan toplanan ve i\u015flenen b\u00fcy\u00fck \u00e7ay yapraklar\u0131ndan elde edilen bir t\u00fcr siyah \u00e7ayd\u0131r.<\/span><\/span><\/p>","protected":false},"featured_media":36624,"comment_status":"open","ping_status":"closed","template":"","meta":{"_mi_skip_tracking":false},"product_cat":[459],"product_tag":[351],"class_list":{"0":"post-33176","1":"product","2":"type-product","3":"status-publish","4":"has-post-thumbnail","6":"product_cat-baghdad-tea","7":"product_tag-goran-baghdad-tee-premium-schwarzer-loser-ceylon-blatt-tee-mischung-500g-1-x-500gr","9":"first","10":"outofstock","11":"taxable","12":"shipping-taxable","13":"purchasable","14":"product-type-simple"},"_links":{"self":[{"href":"https:\/\/mevlanacay.de\/en\/wp-json\/wp\/v2\/product\/33176","targetHints":{"allow":["GET"]}}],"collection":[{"href":"https:\/\/mevlanacay.de\/en\/wp-json\/wp\/v2\/product"}],"about":[{"href":"https:\/\/mevlanacay.de\/en\/wp-json\/wp\/v2\/types\/product"}],"replies":[{"embeddable":true,"href":"https:\/\/mevlanacay.de\/en\/wp-json\/wp\/v2\/comments?post=33176"}],"wp:featuredmedia":[{"embeddable":true,"href":"https:\/\/mevlanacay.de\/en\/wp-json\/wp\/v2\/media\/36624"}],"wp:attachment":[{"href":"https:\/\/mevlanacay.de\/en\/wp-json\/wp\/v2\/media?parent=33176"}],"wp:term":[{"taxonomy":"product_cat","embeddable":true,"href":"https:\/\/mevlanacay.de\/en\/wp-json\/wp\/v2\/product_cat?post=33176"},{"taxonomy":"product_tag","embeddable":true,"href":"https:\/\/mevlanacay.de\/en\/wp-json\/wp\/v2\/product_tag?post=33176"}],"curies":[{"name":"wp","href":"https:\/\/api.w.org\/{rel}","templated":true}]}}