{"id":33175,"date":"2022-07-18T14:34:59","date_gmt":"2022-07-18T12:34:59","guid":{"rendered":"https:\/\/mevlanacay.de\/yeni\/?post_type=product&#038;p=33175"},"modified":"2026-04-04T14:33:39","modified_gmt":"2026-04-04T12:33:39","slug":"sindbad-tea-premium-ceylon-goran-tea-1kg-1-stk-1x1kg","status":"publish","type":"product","link":"https:\/\/mevlanacay.de\/en\/sindbad-tea-premium-ceylon-goran-tea-1kg-1-stk-1x1kg\/","title":{"rendered":"Sindbad Tee, reiner Ceylon Tee, Schwarzer Tee 1kg (1 Stk.)"},"content":{"rendered":"<p><b>Sindbad Goran Tee (reiner, schwarzer Ceylon Tee)<\/b><\/p>\n<p class=\"translation-block\"><span style=\"font-weight: 400;\">Der lose, reine Ceylon-Tee der Marke <\/span>Sindbad<span style=\"font-weight: 400;\"> stammt von einer erlesenen Schwarzteesorte, deren gro\u00dfbl\u00e4ttrige Teebl\u00e4tter in den Hochlagen Ostasiens sorgf\u00e4ltig geerntet und verarbeitet werden.&nbsp;<\/span><\/p>\n<p><span style=\"font-weight: 400;\">Durch die besondere Anbauweise und die Einfl\u00fcsse des Klimas entfaltet dieser orientalische Tee ein unvergleichlich hochwertiges, aromatisches Geschmacksprofil. Der Monsunregen und die frische Brise des Ozeans verleihen den Bl\u00e4ttern ihre feine Aromatik.\u00a0<\/span><\/p>\n<p><span style=\"font-weight: 400;\">Die Teebl\u00e4tter werden in voller L\u00e4nge gerollt, messen 8 bis 15 mm und zeichnen sich durch ihre elegant gewundenen Blattknospen aus.<\/span><\/p>\n<ul>\n<li style=\"font-weight: 400;\" aria-level=\"1\"><span style=\"font-weight: 400;\">Erlesene orientalische Schwarzteemischung<\/span><\/li>\n<li style=\"font-weight: 400;\" aria-level=\"1\"><span style=\"font-weight: 400;\">loser, reiner Ceylon Tee\u00a0<\/span><\/li>\n<li style=\"font-weight: 400;\" aria-level=\"1\"><span style=\"font-weight: 400;\">Kr\u00e4ftiger Geschmack<\/span><\/li>\n<li style=\"font-weight: 400;\" aria-level=\"1\"><span style=\"font-weight: 400;\">Inhalt: 1000 g<\/span><\/li>\n<li style=\"font-weight: 400;\" aria-level=\"1\"><span style=\"font-weight: 400;\">Hervorragend als Geschenk geeignet<\/span><\/li>\n<\/ul>\n<p>&nbsp;<\/p>","protected":false},"excerpt":{"rendered":"<p><span style=\"font-weight: 400;\">Ob zum Fr\u00fchst\u00fcck, zur Teepause oder als Genussmoment zwischendurch, der schwarze Sindbad Tee von Sindbad bringt exotische W\u00e4rme in Ihre Tasse.<\/span><\/p>","protected":false},"featured_media":35093,"comment_status":"open","ping_status":"closed","template":"","meta":{"_mi_skip_tracking":false},"product_cat":[442],"product_tag":[349,443],"class_list":{"0":"post-33175","1":"product","2":"type-product","3":"status-publish","4":"has-post-thumbnail","6":"product_cat-sinbad-tee-1000gr","7":"product_tag-goran-sindbad-tee-premium-schwarzer-loser-ceylon-blatt-tee-mischung-1-kg-1x1kg","8":"product_tag-sinbad-tee-1000gr","10":"first","11":"instock","12":"taxable","13":"shipping-taxable","14":"purchasable","15":"product-type-simple"},"_links":{"self":[{"href":"https:\/\/mevlanacay.de\/en\/wp-json\/wp\/v2\/product\/33175","targetHints":{"allow":["GET"]}}],"collection":[{"href":"https:\/\/mevlanacay.de\/en\/wp-json\/wp\/v2\/product"}],"about":[{"href":"https:\/\/mevlanacay.de\/en\/wp-json\/wp\/v2\/types\/product"}],"replies":[{"embeddable":true,"href":"https:\/\/mevlanacay.de\/en\/wp-json\/wp\/v2\/comments?post=33175"}],"wp:featuredmedia":[{"embeddable":true,"href":"https:\/\/mevlanacay.de\/en\/wp-json\/wp\/v2\/media\/35093"}],"wp:attachment":[{"href":"https:\/\/mevlanacay.de\/en\/wp-json\/wp\/v2\/media?parent=33175"}],"wp:term":[{"taxonomy":"product_cat","embeddable":true,"href":"https:\/\/mevlanacay.de\/en\/wp-json\/wp\/v2\/product_cat?post=33175"},{"taxonomy":"product_tag","embeddable":true,"href":"https:\/\/mevlanacay.de\/en\/wp-json\/wp\/v2\/product_tag?post=33175"}],"curies":[{"name":"wp","href":"https:\/\/api.w.org\/{rel}","templated":true}]}}