{"id":33161,"date":"2022-07-18T14:34:58","date_gmt":"2022-07-18T12:34:58","guid":{"rendered":"https:\/\/mevlanacay.de\/yeni\/?post_type=product&#038;p=33161"},"modified":"2026-04-20T07:54:30","modified_gmt":"2026-04-20T05:54:30","slug":"mevlana-tea-ceylon-goran-tea-box-1x-500gr-1pc","status":"publish","type":"product","link":"https:\/\/mevlanacay.de\/en\/mevlana-tea-ceylon-goran-tea-box-1x-500gr-1pc\/","title":{"rendered":"Mevlana Tee, CEYLON, GORAN TEE, TEEDOSE + 500gr.(1 Stk.)"},"content":{"rendered":"<p>Mevlana Goran Tee Luxusmischung + Inklusive limitierter Design-Metal Teedose 2020<\/p>\n<p>Mevlana Ceylon Tee von Goran Tee ist eine Schwarzteesorte, die von den Teeplantagen im Hochland in Sri Lanka als gro\u00dfe Teebl\u00e4tter gesammelt und verarbeitet wird. Auf Grund der Anbauart und der unterschiedlichen Wirkung der klimatischen Bedingungen hat Ceylon Tee einen hochwertigen, aromatischen Geschmack. Der Monsunregen und der ozeanische Windhauch sind es, die die Teebl\u00e4tter aromatisieren. Diese Teebl\u00e4tter werden in voller L\u00e4nge gerollt. Sie sind 8-15 mm lang und haben gewundene Blattknospen.<\/p>\n<p>Exquisite oriental black tea blend<br \/>\nStrong flavor<br \/>\nPure and slightly sweetened<br \/>\n\u2022 Content: 500 g<br \/>\n\u2022 Inklusive limitierter Design- Metal Teedose 2020<br \/>\nIdeal as a gift<\/p>\n<p>Der Goran-Tee von Mevlana ist ein tolles Geschenk f\u00fcr Teeliebhaber und Teekenner.<\/p>","protected":false},"excerpt":{"rendered":"<p>Mimar Sinan Black Tea Goran Tea is a black tea variety that is collected and processed from the tea plantations in the highlands of Sri Lanka as large tea leaves.<\/p>","protected":false},"featured_media":35090,"comment_status":"open","ping_status":"closed","template":"","meta":{"_mi_skip_tracking":false},"product_cat":[324],"product_tag":[326],"class_list":{"0":"post-33161","1":"product","2":"type-product","3":"status-publish","4":"has-post-thumbnail","6":"product_cat-mevlana-tee-500gr","7":"product_tag-mevlana-tee-tea-cay-ceylon-tee-goran-500gr-1-stuck-1-x-500gr-dose","9":"first","10":"instock","11":"purchasable","12":"product-type-simple"},"_links":{"self":[{"href":"https:\/\/mevlanacay.de\/en\/wp-json\/wp\/v2\/product\/33161","targetHints":{"allow":["GET"]}}],"collection":[{"href":"https:\/\/mevlanacay.de\/en\/wp-json\/wp\/v2\/product"}],"about":[{"href":"https:\/\/mevlanacay.de\/en\/wp-json\/wp\/v2\/types\/product"}],"replies":[{"embeddable":true,"href":"https:\/\/mevlanacay.de\/en\/wp-json\/wp\/v2\/comments?post=33161"}],"wp:featuredmedia":[{"embeddable":true,"href":"https:\/\/mevlanacay.de\/en\/wp-json\/wp\/v2\/media\/35090"}],"wp:attachment":[{"href":"https:\/\/mevlanacay.de\/en\/wp-json\/wp\/v2\/media?parent=33161"}],"wp:term":[{"taxonomy":"product_cat","embeddable":true,"href":"https:\/\/mevlanacay.de\/en\/wp-json\/wp\/v2\/product_cat?post=33161"},{"taxonomy":"product_tag","embeddable":true,"href":"https:\/\/mevlanacay.de\/en\/wp-json\/wp\/v2\/product_tag?post=33161"}],"curies":[{"name":"wp","href":"https:\/\/api.w.org\/{rel}","templated":true}]}}