{"id":33157,"date":"2022-07-18T14:34:57","date_gmt":"2022-07-18T12:34:57","guid":{"rendered":"https:\/\/mevlanacay.de\/yeni\/?post_type=product&#038;p=33157"},"modified":"2026-04-18T07:36:08","modified_gmt":"2026-04-18T05:36:08","slug":"mevlana-tea-ceylon-goran-tea-1kg-1-pcs-1-x-1kg","status":"publish","type":"product","link":"https:\/\/mevlanacay.de\/en\/mevlana-tea-ceylon-goran-tea-1kg-1-pcs-1-x-1kg\/","title":{"rendered":"Mevlana Schwarzer Ceylon Tee | von Goran-Tee | 1 Paket, 1000g"},"content":{"rendered":"<p data-start=\"83\" data-end=\"518\"><strong data-start=\"133\" data-end=\"174\"><span dir=\"auto\" style=\"vertical-align: inherit;\"><span dir=\"auto\" style=\"vertical-align: inherit;\"><span dir=\"auto\" style=\"vertical-align: inherit;\"><span dir=\"auto\" style=\"vertical-align: inherit;\">Mevlana Siyah Seylan \u00c7ay\u0131 (L\u00fcks Kar\u0131\u015f\u0131m\u0131) (1000 g)<\/span><\/span><\/span><\/span><\/strong><br data-start=\"124\" data-end=\"127\" \/><span dir=\"auto\" style=\"vertical-align: inherit;\"><span dir=\"auto\" style=\"vertical-align: inherit;\"><span dir=\"auto\" style=\"vertical-align: inherit;\"><span dir=\"auto\" style=\"vertical-align: inherit;\"> Goran \u00c7ay\u0131 taraf\u0131ndan \u00fcretilen Mevlana Siyah Seylan \u00c7ay\u0131, Do\u011fu Asya&#8217;n\u0131n y\u00fcksek rak\u0131ml\u0131 \u00e7ay bah\u00e7elerinden gelir. B\u00fcy\u00fck aral\u0131kl\u0131 \u00e7ay burada d\u00fczenlenir ve elle d\u00fczenlenir ve s\u0131k\u0131 kalite standartlar\u0131na g\u00f6re i\u015flenir. Do\u011fru yeti\u015ftirme y\u00f6ntemi ve uygun iklim, ola\u011fan\u00fcst\u00fc kalite ve aromatik tat deneyimi i\u00e7in \u00e7ok \u00f6nemlidir.<\/span><\/span><\/span><\/span><\/p>\n<p data-start=\"520\" data-end=\"811\"><span dir=\"auto\" style=\"vertical-align: inherit;\"><span dir=\"auto\" style=\"vertical-align: inherit;\"><span dir=\"auto\" style=\"vertical-align: inherit;\"><span dir=\"auto\" style=\"vertical-align: inherit;\">Alman kalite standartlar\u0131nda rafine edilmi\u015f siyah d\u00f6k\u00fcm \u00e7ay\u0131m\u0131z, kendine \u00f6zg\u00fc \u00f6zellikleriyle kazan\u0131r. Almanya&#8217;da ikinci bir \u00fcretim a\u015famas\u0131nda daha da rafine edilen \u00e7ay\u0131m\u0131z, %98 tozsuz kalitesiyle benzersiz, rafine bir l\u00fcks kar\u0131\u015f\u0131mlar olarak ortaya \u00e7\u0131kar.<\/span><\/span><\/span><\/span><\/p>\n<ul data-start=\"813\" data-end=\"1062\">\n<li data-start=\"813\" data-end=\"861\">\n<p data-start=\"815\" data-end=\"861\"><strong data-start=\"815\" data-end=\"826\"><span dir=\"auto\" style=\"vertical-align: inherit;\"><span dir=\"auto\" style=\"vertical-align: inherit;\"><span dir=\"auto\" style=\"vertical-align: inherit;\"><span dir=\"auto\" style=\"vertical-align: inherit;\">\u00dcr\u00fcn<\/span><\/span><\/span><\/span><\/strong><span dir=\"auto\" style=\"vertical-align: inherit;\"><span dir=\"auto\" style=\"vertical-align: inherit;\"><span dir=\"auto\" style=\"vertical-align: inherit;\"><span dir=\"auto\" style=\"vertical-align: inherit;\"> : Gev\u015fek, saf Seylan yapra\u011f\u0131 \u00e7ay\u0131 (siyah \u00e7ay)<\/span><\/span><\/span><\/span><\/p>\n<\/li>\n<li data-start=\"813\" data-end=\"861\">\n<p data-start=\"815\" data-end=\"861\"><strong data-start=\"864\" data-end=\"880\"><span dir=\"auto\" style=\"vertical-align: inherit;\"><span dir=\"auto\" style=\"vertical-align: inherit;\"><span dir=\"auto\" style=\"vertical-align: inherit;\"><span dir=\"auto\" style=\"vertical-align: inherit;\">Net a\u011f\u0131rl\u0131k<\/span><\/span><\/span><\/span><\/strong><span dir=\"auto\" style=\"vertical-align: inherit;\"><span dir=\"auto\" style=\"vertical-align: inherit;\"><span dir=\"auto\" style=\"vertical-align: inherit;\"><span dir=\"auto\" style=\"vertical-align: inherit;\"> : 1000 gr<\/span><\/span><\/span><\/span><\/p>\n<\/li>\n<li data-start=\"891\" data-end=\"940\">\n<p data-start=\"893\" data-end=\"940\"><strong data-start=\"893\" data-end=\"906\"><span dir=\"auto\" style=\"vertical-align: inherit;\"><span dir=\"auto\" style=\"vertical-align: inherit;\"><span dir=\"auto\" style=\"vertical-align: inherit;\"><span dir=\"auto\" style=\"vertical-align: inherit;\">Tad\u0131<\/span><\/span><\/span><\/span><\/strong><span dir=\"auto\" style=\"vertical-align: inherit;\"><span dir=\"auto\" style=\"vertical-align: inherit;\"><span dir=\"auto\" style=\"vertical-align: inherit;\"><span dir=\"auto\" style=\"vertical-align: inherit;\"> : Yumu\u015fak, uyumlu, ferahlat\u0131c\u0131<\/span><\/span><\/span><\/span><\/p>\n<\/li>\n<li data-start=\"941\" data-end=\"1001\">\n<p data-start=\"943\" data-end=\"1001\"><strong data-start=\"943\" data-end=\"965\"><span dir=\"auto\" style=\"vertical-align: inherit;\"><span dir=\"auto\" style=\"vertical-align: inherit;\"><span dir=\"auto\" style=\"vertical-align: inherit;\"><span dir=\"auto\" style=\"vertical-align: inherit;\">\u00d6zel \u00d6zellikler<\/span><\/span><\/span><\/span><\/strong><span dir=\"auto\" style=\"vertical-align: inherit;\"><span dir=\"auto\" style=\"vertical-align: inherit;\"><span dir=\"auto\" style=\"vertical-align: inherit;\"><span dir=\"auto\" style=\"vertical-align: inherit;\"> : L\u00fcks kar\u0131\u015f\u0131ml\u0131, %98 tozsuz<\/span><\/span><\/span><\/span><\/p>\n<\/li>\n<li data-start=\"1002\" data-end=\"1062\">\n<p data-start=\"1004\" data-end=\"1062\"><strong data-start=\"1004\" data-end=\"1018\"><span dir=\"auto\" style=\"vertical-align: inherit;\"><span dir=\"auto\" style=\"vertical-align: inherit;\"><span dir=\"auto\" style=\"vertical-align: inherit;\"><span dir=\"auto\" style=\"vertical-align: inherit;\">Kullan\u0131m<\/span><\/span><\/span><\/span><\/strong><span dir=\"auto\" style=\"vertical-align: inherit;\"><span dir=\"auto\" style=\"vertical-align: inherit;\"><span dir=\"auto\" style=\"vertical-align: inherit;\"><span dir=\"auto\" style=\"vertical-align: inherit;\"> : Aile paketi, hediye olarak da \u00fccretsiz<\/span><\/span><\/span><\/span><\/p>\n<\/li>\n<\/ul>\n<p><img fetchpriority=\"high\" decoding=\"async\" class=\"alignnone wp-image-34376 size-large\" src=\"https:\/\/mevlanacay.de\/wp-content\/uploads\/2022\/07\/ARG01101-1024x597.jpg\" alt=\"\" width=\"1024\" height=\"597\" title=\"\" srcset=\"https:\/\/mevlanacay.de\/wp-content\/uploads\/2022\/07\/ARG01101-1024x597.jpg 1024w, https:\/\/mevlanacay.de\/wp-content\/uploads\/2022\/07\/ARG01101-300x175.jpg 300w, https:\/\/mevlanacay.de\/wp-content\/uploads\/2022\/07\/ARG01101-768x448.jpg 768w, https:\/\/mevlanacay.de\/wp-content\/uploads\/2022\/07\/ARG01101-1536x896.jpg 1536w, https:\/\/mevlanacay.de\/wp-content\/uploads\/2022\/07\/ARG01101-2048x1195.jpg 2048w, https:\/\/mevlanacay.de\/wp-content\/uploads\/2022\/07\/ARG01101-800x467.jpg 800w\" sizes=\"(max-width: 1024px) 100vw, 1024px\" \/><\/p>\n<p>&nbsp;<\/p>\n<p><img decoding=\"async\" class=\"alignnone wp-image-34378 size-large\" src=\"https:\/\/mevlanacay.de\/wp-content\/uploads\/2022\/07\/ARG01063-1024x683.jpg\" alt=\"\" width=\"1024\" height=\"683\" title=\"\" srcset=\"https:\/\/mevlanacay.de\/wp-content\/uploads\/2022\/07\/ARG01063-1024x683.jpg 1024w, https:\/\/mevlanacay.de\/wp-content\/uploads\/2022\/07\/ARG01063-300x200.jpg 300w, https:\/\/mevlanacay.de\/wp-content\/uploads\/2022\/07\/ARG01063-768x512.jpg 768w, https:\/\/mevlanacay.de\/wp-content\/uploads\/2022\/07\/ARG01063-1536x1024.jpg 1536w, https:\/\/mevlanacay.de\/wp-content\/uploads\/2022\/07\/ARG01063-2048x1365.jpg 2048w, https:\/\/mevlanacay.de\/wp-content\/uploads\/2022\/07\/ARG01063-18x12.jpg 18w, https:\/\/mevlanacay.de\/wp-content\/uploads\/2022\/07\/ARG01063-800x533.jpg 800w\" sizes=\"(max-width: 1024px) 100vw, 1024px\" \/><\/p>","protected":false},"excerpt":{"rendered":"<p><span dir=\"auto\" style=\"vertical-align: inherit;\"><span dir=\"auto\" style=\"vertical-align: inherit;\"><span dir=\"auto\" style=\"vertical-align: inherit;\"><span dir=\"auto\" style=\"vertical-align: inherit;\">Mevlana l\u00fcks harmanl\u0131 d\u00f6k\u00fcm siyah Seylan \u00e7ay\u0131 (1000g), elle toplanm\u0131\u015f yaprak kalitesi, Alman i\u015f\u00e7ili\u011fi ve hafif, d\u00fczenli aromas\u0131yla etkileyicidir; aile i\u00e7in ve hediye olarak sunar.<\/span><\/span><\/span><\/span><\/p>","protected":false},"featured_media":35087,"comment_status":"open","ping_status":"closed","template":"","meta":{"_mi_skip_tracking":false},"product_cat":[325],"product_tag":[],"class_list":{"0":"post-33157","1":"product","2":"type-product","3":"status-publish","4":"has-post-thumbnail","6":"product_cat-mevlana-tee-1000gr","8":"first","9":"instock","10":"purchasable","11":"product-type-simple"},"_links":{"self":[{"href":"https:\/\/mevlanacay.de\/en\/wp-json\/wp\/v2\/product\/33157","targetHints":{"allow":["GET"]}}],"collection":[{"href":"https:\/\/mevlanacay.de\/en\/wp-json\/wp\/v2\/product"}],"about":[{"href":"https:\/\/mevlanacay.de\/en\/wp-json\/wp\/v2\/types\/product"}],"replies":[{"embeddable":true,"href":"https:\/\/mevlanacay.de\/en\/wp-json\/wp\/v2\/comments?post=33157"}],"wp:featuredmedia":[{"embeddable":true,"href":"https:\/\/mevlanacay.de\/en\/wp-json\/wp\/v2\/media\/35087"}],"wp:attachment":[{"href":"https:\/\/mevlanacay.de\/en\/wp-json\/wp\/v2\/media?parent=33157"}],"wp:term":[{"taxonomy":"product_cat","embeddable":true,"href":"https:\/\/mevlanacay.de\/en\/wp-json\/wp\/v2\/product_cat?post=33157"},{"taxonomy":"product_tag","embeddable":true,"href":"https:\/\/mevlanacay.de\/en\/wp-json\/wp\/v2\/product_tag?post=33157"}],"curies":[{"name":"wp","href":"https:\/\/api.w.org\/{rel}","templated":true}]}}