{"id":33151,"date":"2022-07-18T14:34:57","date_gmt":"2022-07-18T12:34:57","guid":{"rendered":"https:\/\/mevlanacay.de\/yeni\/?post_type=product&#038;p=33151"},"modified":"2026-04-03T13:11:15","modified_gmt":"2026-04-03T11:11:15","slug":"mevlana-cay-poseti-yesil-cay-6li-paket","status":"publish","type":"product","link":"https:\/\/mevlanacay.de\/en\/mevlana-cay-poseti-yesil-cay-6li-paket\/","title":{"rendered":"Mevlana Gr\u00fcner Tee im Beuteltee Set von Goran Tee | Luxusmischung | 6er Pack"},"content":{"rendered":"<p data-start=\"43\" data-end=\"139\" class=\"translation-block\"><strong data-start=\"43\" data-end=\"90\">Mevlana Gr\u00fcner Tee im Beuteltee Set (Luxusmischung), (150 Beutel in 6 Packungen)<\/strong><br data-start=\"90\" data-end=\"93\">Der von Goran Tee hergestellte Mevlana Gr\u00fcner Teebeutel wird aus gro\u00dfen Teebl\u00e4ttern gewonnen, die in den hochgelegenen Teeg\u00e4rten des Fernen Ostens von Hand gepfl\u00fcckt und nach h\u00f6chsten Standards verarbeitet werden. Bei der Qualit\u00e4t und dem aromatischen Geschmack dieses Ceylon-Tees spielen vor allem die richtigen Anbaumethoden und das g\u00fcnstige Klima eine entscheidende Rolle. Dar\u00fcber hinaus verleiht der deutsche Qualit\u00e4tsanspruch unserem gr\u00fcnen Tee einen einzigartigen Charakter.<\/p>\n<p data-start=\"625\" data-end=\"860\">Unser Produkt, dessen zweite Produktionsphase in Deutschland erfolgt, ist eine Luxusmischung und dank eines 98%igen Entstaubungsgrades konkurrenzlos. Durch diese Eigenschaften eignet es sich auch ideal als Geschenk f\u00fcr Ihre Liebsten.<\/p>\n<ul>\n<li data-start=\"862\" data-end=\"1140\" class=\"translation-block\"><strong data-start=\"862\" data-end=\"874\">Produkt:<\/strong> Gr\u00fcner Tee im Beuteltee Set (Luxusmischung)<\/li>\n<li data-start=\"862\" data-end=\"1140\" class=\"translation-block\"><strong data-start=\"910\" data-end=\"929\">Nettof\u00fcllmenge:<\/strong> 6 x (2gx25) = 300g (jede Packung enth\u00e4lt 25 Teebeutel)<\/li>\n<li data-start=\"862\" data-end=\"1140\" class=\"translation-block\"><strong data-start=\"1009\" data-end=\"1023\">Geschmack:<\/strong> Leicht herb, frisch, nat\u00fcrlich und ausgewogen<\/li>\n<li data-start=\"862\" data-end=\"1140\" class=\"translation-block\"><strong data-start=\"1072\" data-end=\"1091\" data-is-only-node=\"\">Besonderheiten:<\/strong> Luxusmischung<\/li>\n<li data-start=\"862\" data-end=\"1140\" class=\"translation-block\"><strong>Verwendung:<\/strong> Familienpackung, ideal auch als Geschenk<\/li>\n<\/ul>","protected":false},"excerpt":{"rendered":"<p>Gr\u00fcner Tee in Beuteln (Luxusmischung) \u00fcberzeugt mit handgepfl\u00fcckten Teebl\u00e4ttern aus hochgelegenen G\u00e4rten, deutscher Qualit\u00e4tsverarbeitung und einem frischen, ausgewogenen Geschmack.<\/p>","protected":false},"featured_media":35111,"comment_status":"closed","ping_status":"closed","template":"","meta":{"_mi_skip_tracking":false},"product_cat":[312],"product_tag":[456,457,322,316,458],"class_list":{"0":"post-33151","1":"product","2":"type-product","3":"status-publish","4":"has-post-thumbnail","6":"product_cat-mevlana-beuteltee","7":"product_tag-cay","8":"product_tag-cay-poseti","9":"product_tag-goran","10":"product_tag-mevlana","11":"product_tag-yesil","13":"first","14":"instock","15":"taxable","16":"shipping-taxable","17":"purchasable","18":"product-type-simple"},"_links":{"self":[{"href":"https:\/\/mevlanacay.de\/en\/wp-json\/wp\/v2\/product\/33151","targetHints":{"allow":["GET"]}}],"collection":[{"href":"https:\/\/mevlanacay.de\/en\/wp-json\/wp\/v2\/product"}],"about":[{"href":"https:\/\/mevlanacay.de\/en\/wp-json\/wp\/v2\/types\/product"}],"replies":[{"embeddable":true,"href":"https:\/\/mevlanacay.de\/en\/wp-json\/wp\/v2\/comments?post=33151"}],"wp:featuredmedia":[{"embeddable":true,"href":"https:\/\/mevlanacay.de\/en\/wp-json\/wp\/v2\/media\/35111"}],"wp:attachment":[{"href":"https:\/\/mevlanacay.de\/en\/wp-json\/wp\/v2\/media?parent=33151"}],"wp:term":[{"taxonomy":"product_cat","embeddable":true,"href":"https:\/\/mevlanacay.de\/en\/wp-json\/wp\/v2\/product_cat?post=33151"},{"taxonomy":"product_tag","embeddable":true,"href":"https:\/\/mevlanacay.de\/en\/wp-json\/wp\/v2\/product_tag?post=33151"}],"curies":[{"name":"wp","href":"https:\/\/api.w.org\/{rel}","templated":true}]}}