{"id":33150,"date":"2022-07-18T14:34:57","date_gmt":"2022-07-18T12:34:57","guid":{"rendered":"https:\/\/mevlanacay.de\/yeni\/?post_type=product&#038;p=33150"},"modified":"2026-04-19T20:32:42","modified_gmt":"2026-04-19T18:32:42","slug":"mevlana-tea-goran-tea-green-tea-bags-25-bags-1-x-pack","status":"publish","type":"product","link":"https:\/\/mevlanacay.de\/en\/mevlana-tea-goran-tea-green-tea-bags-25-bags-1-x-pack\/","title":{"rendered":"Mevlana Gr\u00fcner Tee in Beuteln | 25 Teebeutel | (1 x Pack)"},"content":{"rendered":"<p data-start=\"72\" data-end=\"525\"><strong data-start=\"72\" data-end=\"116\">Mevlana Gr\u00fcner Tee in Teebeuteln, (Beuteltee mit Luxusmischung)<\/strong><br data-start=\"116\" data-end=\"119\" \/>Der von Goran Tee produzierte Mevlana Gr\u00fcner Tee in Beuteln wird aus gro\u00dfbl\u00e4ttrigen Teebl\u00e4ttern gewonnen, die in den hochgelegenen Teeg\u00e4rten Ostasiens gedeihen. Dort werden sie sorgf\u00e4ltig von Hand gepfl\u00fcckt und nach h\u00f6chsten Standards verarbeitet. F\u00fcr die Qualit\u00e4t und den aromatischen Geschmack dieses Ceylon-Tees spielen vor allem die richtigen Anbaumethoden und ein g\u00fcnstiges Klima eine entscheidende Rolle.<\/p>\n<p data-start=\"527\" data-end=\"881\">Dar\u00fcber hinaus verleiht das deutsche Qualit\u00e4tsverst\u00e4ndnis unserem gr\u00fcnen Tee eine unverwechselbare Charakteristik. In der zweiten Produktionsphase in Deutschland veredelt, pr\u00e4sentiert er sich als edle Luxusmischung \u2013 einzigartig durch seine zu 98 % staubfreie Beschaffenheit. Dank dieser Eigenschaften ist unser gr\u00fcner Tee auch das ideale Geschenk f\u00fcr Ihre Liebsten.<\/p>\n<ul>\n<li data-start=\"883\" data-end=\"1166\" class=\"translation-block\"><strong data-start=\"883\" data-end=\"895\">Produkt:<\/strong> Ceylon Gr\u00fcner Tee (Beuteltee mit Luxusmischung)<\/li>\n<li data-start=\"883\" data-end=\"1166\" class=\"translation-block\"><strong data-start=\"931\" data-end=\"948\">Nettogewicht:<\/strong> 2 g \u00d7 25 = 50 g (jede Packung enth\u00e4lt 25 Teebeutel \u00e0 2 g)<\/li>\n<li data-start=\"883\" data-end=\"1166\" class=\"translation-block\"><strong data-start=\"1009\" data-end=\"1023\">Geschmack:<\/strong> Leicht herb, frisch, nat\u00fcrlich und ausgewogen<\/li>\n<li data-start=\"883\" data-end=\"1166\" class=\"translation-block\"><strong data-start=\"1072\" data-end=\"1091\" data-is-only-node=\"\">Besonderheiten:<\/strong> Luxusmischung<\/li>\n<li data-start=\"883\" data-end=\"1166\" class=\"translation-block\"><strong>Verwendung:<\/strong> Familienpackung, ideal auch als Geschenk<\/li>\n<\/ul>","protected":false},"excerpt":{"rendered":"<h6 class=\"sr-only\"><span style=\"font-size: 16px;\">Mevlana Gr\u00fcner Tee (Beuteltee mit Luxusmischung) vereint handverlesene Teebl\u00e4tter aus den Hochlagen Ostasiens mit deutscher Veredelungskunst zu einem frischen, ausgewogenen Genuss. Ideal auch als Geschenk.<\/span><\/h6>","protected":false},"featured_media":35089,"comment_status":"open","ping_status":"closed","template":"","meta":{"_mi_skip_tracking":false},"product_cat":[312],"product_tag":[321],"class_list":{"0":"post-33150","1":"product","2":"type-product","3":"status-publish","4":"has-post-thumbnail","6":"product_cat-mevlana-beuteltee","7":"product_tag-mevlana-goran-tee-beuteltee-luxus-mischung-gruner-tea-25-beutel-1pack-cay","9":"first","10":"instock","11":"purchasable","12":"product-type-simple"},"_links":{"self":[{"href":"https:\/\/mevlanacay.de\/en\/wp-json\/wp\/v2\/product\/33150","targetHints":{"allow":["GET"]}}],"collection":[{"href":"https:\/\/mevlanacay.de\/en\/wp-json\/wp\/v2\/product"}],"about":[{"href":"https:\/\/mevlanacay.de\/en\/wp-json\/wp\/v2\/types\/product"}],"replies":[{"embeddable":true,"href":"https:\/\/mevlanacay.de\/en\/wp-json\/wp\/v2\/comments?post=33150"}],"wp:featuredmedia":[{"embeddable":true,"href":"https:\/\/mevlanacay.de\/en\/wp-json\/wp\/v2\/media\/35089"}],"wp:attachment":[{"href":"https:\/\/mevlanacay.de\/en\/wp-json\/wp\/v2\/media?parent=33150"}],"wp:term":[{"taxonomy":"product_cat","embeddable":true,"href":"https:\/\/mevlanacay.de\/en\/wp-json\/wp\/v2\/product_cat?post=33150"},{"taxonomy":"product_tag","embeddable":true,"href":"https:\/\/mevlanacay.de\/en\/wp-json\/wp\/v2\/product_tag?post=33150"}],"curies":[{"name":"wp","href":"https:\/\/api.w.org\/{rel}","templated":true}]}}