{"id":33149,"date":"2022-07-18T14:34:57","date_gmt":"2022-07-18T12:34:57","guid":{"rendered":"https:\/\/mevlanacay.de\/yeni\/?post_type=product&#038;p=33149"},"modified":"2026-03-24T14:15:04","modified_gmt":"2026-03-24T13:15:04","slug":"mevlana-tea-goran-black-tea-25-teabags-6x-pack","status":"publish","type":"product","link":"https:\/\/mevlanacay.de\/en\/mevlana-tea-goran-black-tea-25-teabags-6x-pack\/","title":{"rendered":"Mevlana Schwarzer Tee | Beuteltee Set 25 \u00e0 Beutel (6er Pack)"},"content":{"rendered":"<p data-start=\"58\" data-end=\"786\"><strong data-start=\"58\" data-end=\"105\">Mevlana Schwarzer Ceylon Tee im Beuteltee Set (Luxusmischung), (150 Beutel in 6 Packungen)<\/strong><br data-start=\"105\" data-end=\"108\" \/>Der von Goran Tee produzierte Mevlana Beuteltee wird aus gro\u00dfbl\u00e4ttrigen Teebl\u00e4ttern gewonnen, die in den hochgelegenen Teeg\u00e4rten Ostasiens gedeihen. Dort werden sie sorgf\u00e4ltig von Hand gepfl\u00fcckt und nach h\u00f6chsten Standards verarbeitet. F\u00fcr die Qualit\u00e4t und das aromatische Geschmackserlebnis dieses schwarzen Ceylon Tees spielen vor allem die richtigen Anbaumethoden und ein g\u00fcnstiges Klima eine entscheidende Rolle.<\/p>\n<p data-start=\"58\" data-end=\"786\">Erg\u00e4nzt durch deutsches Qualit\u00e4tsverst\u00e4ndnis erh\u00e4lt unser Schwarztee eine unverwechselbare Charakteristik. In der zweiten Produktionsphase in Deutschland veredelt, pr\u00e4sentiert er sich als edle Luxusmischung \u2013 einzigartig durch seine zu 98 % staubfreie Beschaffenheit.<\/p>\n<ul>\n<li data-start=\"788\" data-end=\"1060\" class=\"translation-block\"><strong data-start=\"788\" data-end=\"800\">Produkt:<\/strong> Schwarzer Ceylon Tee im Beuteltee Set (Luxusmischung)<\/li>\n<li data-start=\"788\" data-end=\"1060\" class=\"translation-block\"><strong data-start=\"839\" data-end=\"856\">Nettogewicht:<\/strong> 6 \u00d7 (2g x 50) = 300 g (jede Packung enth\u00e4lt 25 Teebeutel)<\/li>\n<li data-start=\"788\" data-end=\"1060\" class=\"translation-block\"><strong data-start=\"861\" data-end=\"875\">Geschmack:<\/strong> Mild, ausgewogen, erfrischend<\/li>\n<li data-start=\"788\" data-end=\"1060\" class=\"translation-block\"><strong data-start=\"910\" data-end=\"933\">Besondere Merkmale:<\/strong> Luxusmischung<\/li>\n<li data-start=\"788\" data-end=\"1060\" class=\"translation-block\"><strong data-start=\"950\" data-end=\"965\">Verwendung:<\/strong> Ideal als Familienpackung oder als Geschenk<\/li>\n<\/ul>","protected":false},"excerpt":{"rendered":"<p>Mevlana Schwarzer Ceylon-Tee im Beuteltee-Set (Luxusmischung, 150 Beutel in 6 Packungen) vereint handgepfl\u00fcckte Blattqualit\u00e4t, deutsche Veredelung und mild-erfrischenden Geschmack \u2013 ideal f\u00fcr Familie und als Geschenk.<\/p>","protected":false},"featured_media":35112,"comment_status":"open","ping_status":"closed","template":"","meta":{"_mi_skip_tracking":false},"product_cat":[312],"product_tag":[320],"class_list":{"0":"post-33149","1":"product","2":"type-product","3":"status-publish","4":"has-post-thumbnail","6":"product_cat-mevlana-beuteltee","7":"product_tag-mevlana-goran-tee-beuteltee-luxus-mischung-schwarzer-tea-25-beutel-6-pack-cay","9":"first","10":"instock","11":"purchasable","12":"product-type-simple"},"_links":{"self":[{"href":"https:\/\/mevlanacay.de\/en\/wp-json\/wp\/v2\/product\/33149","targetHints":{"allow":["GET"]}}],"collection":[{"href":"https:\/\/mevlanacay.de\/en\/wp-json\/wp\/v2\/product"}],"about":[{"href":"https:\/\/mevlanacay.de\/en\/wp-json\/wp\/v2\/types\/product"}],"replies":[{"embeddable":true,"href":"https:\/\/mevlanacay.de\/en\/wp-json\/wp\/v2\/comments?post=33149"}],"wp:featuredmedia":[{"embeddable":true,"href":"https:\/\/mevlanacay.de\/en\/wp-json\/wp\/v2\/media\/35112"}],"wp:attachment":[{"href":"https:\/\/mevlanacay.de\/en\/wp-json\/wp\/v2\/media?parent=33149"}],"wp:term":[{"taxonomy":"product_cat","embeddable":true,"href":"https:\/\/mevlanacay.de\/en\/wp-json\/wp\/v2\/product_cat?post=33149"},{"taxonomy":"product_tag","embeddable":true,"href":"https:\/\/mevlanacay.de\/en\/wp-json\/wp\/v2\/product_tag?post=33149"}],"curies":[{"name":"wp","href":"https:\/\/api.w.org\/{rel}","templated":true}]}}