{"id":33148,"date":"2022-07-18T14:34:56","date_gmt":"2022-07-18T12:34:56","guid":{"rendered":"https:\/\/mevlanacay.de\/yeni\/?post_type=product&#038;p=33148"},"modified":"2026-04-17T16:24:46","modified_gmt":"2026-04-17T14:24:46","slug":"mevlana-tea-goran-black-tea-25-teabags-1-pack","status":"publish","type":"product","link":"https:\/\/mevlanacay.de\/en\/mevlana-tea-goran-black-tea-25-teabags-1-pack\/","title":{"rendered":"Mevlana Schwarzer Tee in Beuteln | Beuteltee \u00e0 25 Beutel (1 Pack)"},"content":{"rendered":"<p data-start=\"112\" data-end=\"767\"><strong data-start=\"112\" data-end=\"159\">Mevlana Schwarzer Beuteltee (Luxusmischung), (Packung mit 25 Teebeuteln)<\/strong><br data-start=\"159\" data-end=\"162\" \/>Der Mevlana Schwarze Ceylon Beuteltee von Goran Tee stammt aus den hochgelegenen Teeg\u00e4rten Ostasiens, wo gro\u00dfbl\u00e4ttrige Teebl\u00e4tter sorgf\u00e4ltig von Hand gepfl\u00fcckt und nach h\u00f6chsten Standards verarbeitet werden. Seine herausragende Qualit\u00e4t und das fein-aromatische Geschmackserlebnis verdankt er optimalen Anbaumethoden und einem idealen Klima.<\/p>\n<p data-start=\"112\" data-end=\"767\">Erg\u00e4nzt durch deutsches Qualit\u00e4tsverst\u00e4ndnis erh\u00e4lt dieser Ceylon Schwarztee eine unverwechselbare Charakteristik. In der zweiten Produktionsphase in Deutschland veredelt, pr\u00e4sentiert er sich als edle Luxusmischung \u2013 einzigartig durch seine zu 98% staubfreie Beschaffenheit.<\/p>\n<ul>\n<li data-start=\"769\" data-end=\"1011\" class=\"translation-block\"><strong data-start=\"769\" data-end=\"781\">Produkt:<\/strong> Schwarzer Ceylon Tee in Beuteln (Luxusmischung)<\/li>\n<li data-start=\"769\" data-end=\"1011\" class=\"translation-block\"><strong data-start=\"820\" data-end=\"837\">Nettogewicht:<\/strong> 50g (2g x 25 Beutel)<\/li>\n<li data-start=\"769\" data-end=\"1011\" class=\"translation-block\"><strong data-start=\"861\" data-end=\"875\">Geschmack:<\/strong> Mild, ausgewogen, erfrischend<\/li>\n<li data-start=\"769\" data-end=\"1011\" class=\"translation-block\"><strong data-start=\"910\" data-end=\"933\">Besondere Merkmale:<\/strong> Luxusmischung<\/li>\n<li data-start=\"769\" data-end=\"1011\" class=\"translation-block\"><strong data-start=\"950\" data-end=\"965\">Verwendung:<\/strong> Ideal als Familienpackung oder als Geschenk<\/li>\n<\/ul>","protected":false},"excerpt":{"rendered":"<p>Der praktische Mevlana Schwarze Beuteltee bietet in 25 einzeln verpackten Beuteln eine edle Luxusmischung mit mildem, ausgewogenem und erfrischendem Geschmack.<\/p>","protected":false},"featured_media":35091,"comment_status":"open","ping_status":"closed","template":"","meta":{"_mi_skip_tracking":false},"product_cat":[312],"product_tag":[313,314,315,316,317,318,319],"class_list":{"0":"post-33148","1":"product","2":"type-product","3":"status-publish","4":"has-post-thumbnail","6":"product_cat-mevlana-beuteltee","7":"product_tag-beuteltee","8":"product_tag-ceylon","9":"product_tag-lanka","10":"product_tag-mevlana","11":"product_tag-schwarztee","12":"product_tag-sri","13":"product_tag-tee","15":"first","16":"instock","17":"purchasable","18":"product-type-simple"},"_links":{"self":[{"href":"https:\/\/mevlanacay.de\/en\/wp-json\/wp\/v2\/product\/33148","targetHints":{"allow":["GET"]}}],"collection":[{"href":"https:\/\/mevlanacay.de\/en\/wp-json\/wp\/v2\/product"}],"about":[{"href":"https:\/\/mevlanacay.de\/en\/wp-json\/wp\/v2\/types\/product"}],"replies":[{"embeddable":true,"href":"https:\/\/mevlanacay.de\/en\/wp-json\/wp\/v2\/comments?post=33148"}],"wp:featuredmedia":[{"embeddable":true,"href":"https:\/\/mevlanacay.de\/en\/wp-json\/wp\/v2\/media\/35091"}],"wp:attachment":[{"href":"https:\/\/mevlanacay.de\/en\/wp-json\/wp\/v2\/media?parent=33148"}],"wp:term":[{"taxonomy":"product_cat","embeddable":true,"href":"https:\/\/mevlanacay.de\/en\/wp-json\/wp\/v2\/product_cat?post=33148"},{"taxonomy":"product_tag","embeddable":true,"href":"https:\/\/mevlanacay.de\/en\/wp-json\/wp\/v2\/product_tag?post=33148"}],"curies":[{"name":"wp","href":"https:\/\/api.w.org\/{rel}","templated":true}]}}