{"id":3537,"date":"2021-10-20T10:14:55","date_gmt":"2021-10-20T10:14:55","guid":{"rendered":"https:\/\/demo2wpopal.b-cdn.net\/ecolive\/?page_id=3537"},"modified":"2024-09-11T22:38:20","modified_gmt":"2024-09-11T20:38:20","slug":"how-to-brew-tea","status":"publish","type":"page","link":"https:\/\/mevlanacay.de\/en\/how-to-brew-tea\/","title":{"rendered":"How to brew tea?"},"content":{"rendered":"<div data-elementor-type=\"wp-page\" data-elementor-id=\"3537\" class=\"elementor elementor-3537\">\n\t\t\t\t\t\t<div class=\"elementor-section elementor-top-section elementor-element elementor-element-7606432 elementor-section-stretched elementor-section-boxed elementor-section-height-default elementor-section-height-default\" data-id=\"7606432\" data-element_type=\"section\" data-settings=\"{&quot;stretch_section&quot;:&quot;section-stretched&quot;}\">\n\t\t\t\t\t\t<div class=\"elementor-container elementor-column-gap-no\">\n\t\t\t\t\t<div class=\"elementor-column elementor-col-50 elementor-top-column elementor-element elementor-element-57f58cf\" data-id=\"57f58cf\" data-element_type=\"column\">\n\t\t\t<div class=\"elementor-widget-wrap elementor-element-populated\">\n\t\t\t\t\n\t\t<div class=\"elementor-element elementor-element-7a85563 elementor-widget elementor-widget-image\" data-id=\"7a85563\" data-element_type=\"widget\" data-widget_type=\"image.default\">\n\t\t\t\t<div class=\"elementor-widget-container\">\n\t\t\t<style>\/*! elementor - v3.21.0 - 25-04-2024 *\/\n.elementor-widget-image{text-align:center}.elementor-widget-image a{display:inline-block}.elementor-widget-image a img[src$=\".svg\"]{width:48px}.elementor-widget-image img{vertical-align:middle;display:inline-block}<\/style>\t\t\t\t\t\t\t\t\t\t<img fetchpriority=\"high\" decoding=\"async\" width=\"940\" height=\"1020\" src=\"https:\/\/mevlanacay.de\/wp-content\/uploads\/2022\/01\/mevlana-cay-nasil-demlenir-02.jpg\" class=\"attachment-large size-large wp-image-30983\" alt=\"\" title=\"\">\t\t\t\t\t\t\t\t\t\t\t\t\t<\/div>\n\t\t\t\t<\/div>\n\t\t\t\t\t<\/div>\n\t\t<\/div>\n\t\t\t\t<div class=\"elementor-column elementor-col-50 elementor-top-column elementor-element elementor-element-523796d\" data-id=\"523796d\" data-element_type=\"column\">\n\t\t\t<div class=\"elementor-widget-wrap elementor-element-populated\">\n\t\t\t\t\t\t<div class=\"elementor-element elementor-element-f2e8611 elementor-widget elementor-widget-heading\" data-id=\"f2e8611\" data-element_type=\"widget\" data-widget_type=\"heading.default\">\n\t\t\t\t<div class=\"elementor-widget-container\">\n\t\t\t<style>\/*! elementor - v3.21.0 - 25-04-2024 *\/\n.elementor-heading-title{padding:0;margin:0;line-height:1}.elementor-widget-heading .elementor-heading-title[class*=elementor-size-]>a{color:inherit;font-size:inherit;line-height:inherit}.elementor-widget-heading .elementor-heading-title.elementor-size-small{font-size:15px}.elementor-widget-heading .elementor-heading-title.elementor-size-medium{font-size:19px}.elementor-widget-heading .elementor-heading-title.elementor-size-large{font-size:29px}.elementor-widget-heading .elementor-heading-title.elementor-size-xl{font-size:39px}.elementor-widget-heading .elementor-heading-title.elementor-size-xxl{font-size:59px}<\/style><h2 class=\"elementor-heading-title elementor-size-default\">Pay attention to the quality of tea! <\/h2>\t\t<\/div>\n\t\t\t\t<\/div>\n\t\t\t\t<div class=\"elementor-element elementor-element-302d734 elementor-widget elementor-widget-text-editor\" data-id=\"302d734\" data-element_type=\"widget\" data-widget_type=\"text-editor.default\">\n\t\t\t\t<div class=\"elementor-widget-container\">\n\t\t\t<style>\/*! elementor - v3.21.0 - 25-04-2024 *\/\n.elementor-widget-text-editor.elementor-drop-cap-view-stacked .elementor-drop-cap{background-color:#69727d;color:#fff}.elementor-widget-text-editor.elementor-drop-cap-view-framed .elementor-drop-cap{color:#69727d;border:3px solid;background-color:transparent}.elementor-widget-text-editor:not(.elementor-drop-cap-view-default) .elementor-drop-cap{margin-top:8px}.elementor-widget-text-editor:not(.elementor-drop-cap-view-default) .elementor-drop-cap-letter{width:1em;height:1em}.elementor-widget-text-editor .elementor-drop-cap{float:left;text-align:center;line-height:1;font-size:50px}.elementor-widget-text-editor .elementor-drop-cap-letter{display:inline-block}<\/style>\t\t\t\t<h5>One of the essential drinks on the table, tea is a delicacy that needs attention to the fine points when preparing. The flavor of tea, which has different brews in different cultures, is as important as the color and consistency. Tea drinkers quickly notice well-brewed tea, while the flavor of the tea is increased by taking care to brew it properly. To prepare the most delicious version of the tea, which is called \"Rabbit Blood,\" you need to pay attention to a few points. Mevlana, the most preferred Ceytlon tea in the world, takes full notes from tea lovers with tea flavors, colors, and tastes. And how do you brew good tea? Here are some tips.<\/h5>\t\t\t\t\t\t<\/div>\n\t\t\t\t<\/div>\n\t\t\t\t<div class=\"elementor-element elementor-element-b103586 elementor-widget elementor-widget-heading\" data-id=\"b103586\" data-element_type=\"widget\" data-widget_type=\"heading.default\">\n\t\t\t\t<div class=\"elementor-widget-container\">\n\t\t\t<h2 class=\"elementor-heading-title elementor-size-default\">What should be taken care of in the meeting of Mevlana Tea and the water?<\/h2>\t\t<\/div>\n\t\t\t\t<\/div>\n\t\t\t\t<div class=\"elementor-element elementor-element-ac8bfc0 elementor-widget elementor-widget-text-editor\" data-id=\"ac8bfc0\" data-element_type=\"widget\" data-widget_type=\"text-editor.default\">\n\t\t\t\t<div class=\"elementor-widget-container\">\n\t\t\t\t\t\t\t<p>The meticulously collected Mevlana Tea leaves meet with water, giving you a delicious tea with excellent color. It is important that the water you use when brewing tea is cold. One cup of the water you boil is one of the things you need to be careful about when you brew tea. You can now bring Mevlana Tea to a boil with water that has waited a few minutes.<\/p>\t\t\t\t\t\t<\/div>\n\t\t\t\t<\/div>\n\t\t\t\t<div class=\"elementor-element elementor-element-64f8ea5 elementor-widget elementor-widget-heading\" data-id=\"64f8ea5\" data-element_type=\"widget\" data-widget_type=\"heading.default\">\n\t\t\t\t<div class=\"elementor-widget-container\">\n\t\t\t<h2 class=\"elementor-heading-title elementor-size-default\">Two methods of brewing tea<\/h2>\t\t<\/div>\n\t\t\t\t<\/div>\n\t\t\t\t<div class=\"elementor-element elementor-element-489a7b9 elementor-widget elementor-widget-text-editor\" data-id=\"489a7b9\" data-element_type=\"widget\" data-widget_type=\"text-editor.default\">\n\t\t\t\t<div class=\"elementor-widget-container\">\n\t\t\t\t\t\t\t<p>When brewing tea, there are two very common methods that tea-sergers cannot agree on. Both of these brews, which appeal to different tastes of the palate, are preferable to capture the flavor of Mevlana Tea.<\/p><h4>Method 1:<\/h4><p>The most commonly used tea brewing method is the brew made by adding water to the tea leaves placed in the teapot. This method suggests that the brewed tea is better, while boiling water should be added slowly without burning the tea leaves.<\/p><h4>Method 2:<\/h4><p>Another method for brewing tea is actually the opposite of method one. Tea lovers indicate that a better brew is achieved by this method, which requires a little more patience. This method is a brew made by adding tea to Mevlana, the brew that has been boiled for a few minutes. In this way, tea leaves slowly get wet and fall to the bottom. In this method, the brew time takes a little longer.<\/p><p>The flavor of the natural flavor is Mevlana Ceylon Tea, using both brewings. You can drink Mevlana tea safely with its color, brewing method, smell, and taste that you can't give up.<\/p>\t\t\t\t\t\t<\/div>\n\t\t\t\t<\/div>\n\t\t\t\t\t<\/div>\n\t\t<\/div>\n\t\t\t\t\t<\/div>\n\t\t<\/div>\n\t\t\t\t<div class=\"elementor-section elementor-top-section elementor-element elementor-element-0714c3e elementor-section-stretched elementor-section-height-min-height elementor-section-boxed elementor-section-height-default elementor-section-items-middle\" data-id=\"0714c3e\" data-element_type=\"section\" data-settings=\"{&quot;stretch_section&quot;:&quot;section-stretched&quot;,&quot;background_background&quot;:&quot;classic&quot;}\">\n\t\t\t\t\t\t\t<div class=\"elementor-background-overlay\"><\/div>\n\t\t\t\t\t\t\t<div class=\"elementor-container elementor-column-gap-no\">\n\t\t\t\t\t<div class=\"elementor-column elementor-col-33 elementor-top-column elementor-element elementor-element-02757cb\" data-id=\"02757cb\" data-element_type=\"column\">\n\t\t\t<div class=\"elementor-widget-wrap elementor-element-populated\">\n\t\t\t\t\t\t<div class=\"elementor-element elementor-element-efe7f7d elementor-position-left elementor-widget__width-initial elementor-widget-tablet__width-auto ecolive-image-box-style-1 elementor-vertical-align-top elementor-widget elementor-widget-image-box\" data-id=\"efe7f7d\" data-element_type=\"widget\" data-widget_type=\"image-box.default\">\n\t\t\t\t<div class=\"elementor-widget-container\">\n\t\t\t<style>.elementor-widget-image-box .elementor-image-box-content{width:100%}@media (min-width:700px){.elementor-widget-image-box.elementor-position-left .elementor-image-box-wrapper,.elementor-widget-image-box.elementor-position-right .elementor-image-box-wrapper{display:flex}.elementor-widget-image-box.elementor-position-right .elementor-image-box-wrapper{text-align:end;flex-direction:row-reverse}.elementor-widget-image-box.elementor-position-left .elementor-image-box-wrapper{text-align:start;flex-direction:row}.elementor-widget-image-box.elementor-position-top .elementor-image-box-img{margin:auto}.elementor-widget-image-box.elementor-vertical-align-top .elementor-image-box-wrapper{align-items:flex-start}.elementor-widget-image-box.elementor-vertical-align-middle .elementor-image-box-wrapper{align-items:center}.elementor-widget-image-box.elementor-vertical-align-bottom .elementor-image-box-wrapper{align-items:flex-end}}@media (max-width:699px){.elementor-widget-image-box .elementor-image-box-img{margin-left:auto!important;margin-right:auto!important;margin-bottom:15px}}.elementor-widget-image-box .elementor-image-box-img{display:inline-block}.elementor-widget-image-box .elementor-image-box-title a{color:inherit}.elementor-widget-image-box .elementor-image-box-wrapper{text-align:center}.elementor-widget-image-box .elementor-image-box-description{margin:0}<\/style><div class=\"elementor-image-box-wrapper\"><figure class=\"elementor-image-box-img\"><img decoding=\"async\" width=\"70\" height=\"62\" src=\"https:\/\/mevlanacay.de\/wp-content\/uploads\/2022\/01\/mevlana-cay-icon-07.png\" class=\"elementor-animation-shrink attachment-full size-full wp-image-31226\" alt=\"\" title=\"\"><\/figure><div class=\"elementor-image-box-content\"><h3 class=\"elementor-image-box-title\">Made in Germany<\/h3><p class=\"elementor-image-box-description\">Teas belonging to the Mevlana Tea brand are blended in Germany and packaged in European standards.<\/p><\/div><\/div>\t\t<\/div>\n\t\t\t\t<\/div>\n\t\t\t\t<div class=\"elementor-element elementor-element-50dab17 elementor-position-left elementor-widget__width-initial elementor-widget-tablet__width-auto elementor-widget-mobile__width-inherit ecolive-image-box-style-1 elementor-vertical-align-top elementor-widget elementor-widget-image-box\" data-id=\"50dab17\" data-element_type=\"widget\" data-widget_type=\"image-box.default\">\n\t\t\t\t<div class=\"elementor-widget-container\">\n\t\t\t<div class=\"elementor-image-box-wrapper\"><figure class=\"elementor-image-box-img\"><img decoding=\"async\" width=\"70\" height=\"62\" src=\"https:\/\/mevlanacay.de\/wp-content\/uploads\/2022\/01\/mevlana-cay-icon-10.png\" class=\"elementor-animation-shrink attachment-full size-full wp-image-31231\" alt=\"\" title=\"\"><\/figure><div class=\"elementor-image-box-content\"><h3 class=\"elementor-image-box-title\">Dust Free<\/h3><p class=\"elementor-image-box-description\">Thanks to the specially manufactured blending machine, it is 98% dust-free.  <\/p><\/div><\/div>\t\t<\/div>\n\t\t\t\t<\/div>\n\t\t\t\t<div class=\"elementor-element elementor-element-f02d009 elementor-position-left elementor-widget__width-initial elementor-widget-tablet__width-auto elementor-widget-mobile__width-inherit ecolive-image-box-style-1 elementor-vertical-align-top elementor-widget elementor-widget-image-box\" data-id=\"f02d009\" data-element_type=\"widget\" data-widget_type=\"image-box.default\">\n\t\t\t\t<div class=\"elementor-widget-container\">\n\t\t\t<div class=\"elementor-image-box-wrapper\"><figure class=\"elementor-image-box-img\"><img loading=\"lazy\" decoding=\"async\" width=\"70\" height=\"62\" src=\"https:\/\/mevlanacay.de\/wp-content\/uploads\/2022\/01\/mevlana-cay-icon-16.png\" class=\"elementor-animation-shrink attachment-full size-full wp-image-31244\" alt=\"\" title=\"\"><\/figure><div class=\"elementor-image-box-content\"><h3 class=\"elementor-image-box-title\">Special Blend<\/h3><p class=\"elementor-image-box-description\">Our tea is blended by German engineers in a blending machine specially produced for our company.<\/p><\/div><\/div>\t\t<\/div>\n\t\t\t\t<\/div>\n\t\t\t\t\t<\/div>\n\t\t<\/div>\n\t\t\t\t<div class=\"elementor-column elementor-col-33 elementor-top-column elementor-element elementor-element-bbb13c3\" data-id=\"bbb13c3\" data-element_type=\"column\">\n\t\t\t<div class=\"elementor-widget-wrap elementor-element-populated\">\n\t\t\t\t\t\t<div class=\"elementor-element elementor-element-321e68f elementor-widget elementor-widget-image\" data-id=\"321e68f\" data-element_type=\"widget\" data-widget_type=\"image.default\">\n\t\t\t\t<div class=\"elementor-widget-container\">\n\t\t\t\t\t\t\t\t\t\t\t\t\t<img loading=\"lazy\" decoding=\"async\" width=\"674\" height=\"800\" src=\"https:\/\/mevlanacay.de\/wp-content\/uploads\/2022\/01\/mevlana-about-us-06.png\" class=\"attachment-full size-full wp-image-30678\" alt=\"\" title=\"\">\t\t\t\t\t\t\t\t\t\t\t\t\t<\/div>\n\t\t\t\t<\/div>\n\t\t\t\t\t<\/div>\n\t\t<\/div>\n\t\t\t\t<div class=\"elementor-column elementor-col-33 elementor-top-column elementor-element elementor-element-ce42368\" data-id=\"ce42368\" data-element_type=\"column\">\n\t\t\t<div class=\"elementor-widget-wrap elementor-element-populated\">\n\t\t\t\t\t\t<div class=\"elementor-element elementor-element-1ac669c elementor-position-left elementor-widget__width-initial elementor-widget-tablet__width-auto elementor-widget-mobile_extra__width-initial elementor-widget-mobile__width-inherit ecolive-image-box-style-1 elementor-vertical-align-top elementor-widget elementor-widget-image-box\" data-id=\"1ac669c\" data-element_type=\"widget\" data-widget_type=\"image-box.default\">\n\t\t\t\t<div class=\"elementor-widget-container\">\n\t\t\t<div class=\"elementor-image-box-wrapper\"><figure class=\"elementor-image-box-img\"><img loading=\"lazy\" decoding=\"async\" width=\"70\" height=\"62\" src=\"https:\/\/mevlanacay.de\/wp-content\/uploads\/2022\/05\/abmevlana-cay-icon-12.jpg\" class=\"elementor-animation-shrink attachment-full size-full wp-image-32565\" alt=\"\" title=\"\"><\/figure><div class=\"elementor-image-box-content\"><h3 class=\"elementor-image-box-title\">EU Standard<\/h3><p class=\"elementor-image-box-description\">The aroma used complies with EU food standards.<\/p><\/div><\/div>\t\t<\/div>\n\t\t\t\t<\/div>\n\t\t\t\t<div class=\"elementor-element elementor-element-9d56569 elementor-position-left elementor-widget__width-initial elementor-widget-tablet__width-auto ecolive-image-box-style-1 elementor-vertical-align-top elementor-widget elementor-widget-image-box\" data-id=\"9d56569\" data-element_type=\"widget\" data-widget_type=\"image-box.default\">\n\t\t\t\t<div class=\"elementor-widget-container\">\n\t\t\t<div class=\"elementor-image-box-wrapper\"><figure class=\"elementor-image-box-img\"><img loading=\"lazy\" decoding=\"async\" width=\"70\" height=\"62\" src=\"https:\/\/mevlanacay.de\/wp-content\/uploads\/2022\/01\/mevlana-cay-icon-15.png\" class=\"elementor-animation-shrink attachment-full size-full wp-image-31242\" alt=\"\" title=\"\"><\/figure><div class=\"elementor-image-box-content\"><h3 class=\"elementor-image-box-title\">Picked by Hand<\/h3><p class=\"elementor-image-box-description\">The tea sprouts of the Mevlana Tea brand are picked only by hand.<\/p><\/div><\/div>\t\t<\/div>\n\t\t\t\t<\/div>\n\t\t\t\t<div class=\"elementor-element elementor-element-95e1302 elementor-position-left elementor-widget__width-initial elementor-widget-tablet__width-auto ecolive-image-box-style-1 elementor-vertical-align-top elementor-widget elementor-widget-image-box\" data-id=\"95e1302\" data-element_type=\"widget\" data-widget_type=\"image-box.default\">\n\t\t\t\t<div class=\"elementor-widget-container\">\n\t\t\t<div class=\"elementor-image-box-wrapper\"><figure class=\"elementor-image-box-img\"><img loading=\"lazy\" decoding=\"async\" width=\"70\" height=\"62\" src=\"https:\/\/mevlanacay.de\/wp-content\/uploads\/2022\/01\/mevlana-cay-icon-14.png\" class=\"elementor-animation-shrink attachment-full size-full wp-image-31238\" alt=\"\" title=\"\"><\/figure><div class=\"elementor-image-box-content\"><h3 class=\"elementor-image-box-title\">From Sri Lanka<\/h3><p class=\"elementor-image-box-description\">Natural Ceylon tea from the best tea gardens of Sri Lanka.<\/p><\/div><\/div>\t\t<\/div>\n\t\t\t\t<\/div>\n\t\t\t\t\t<\/div>\n\t\t<\/div>\n\t\t\t\t\t<\/div>\n\t\t<\/div>\n\t\t\t\t<section class=\"elementor-section elementor-top-section elementor-element elementor-element-fe3ffed elementor-section-boxed elementor-section-height-default elementor-section-height-default\" data-id=\"fe3ffed\" data-element_type=\"section\">\n\t\t\t\t\t\t<div class=\"elementor-container elementor-column-gap-default\">\n\t\t\t\t\t<div class=\"elementor-column elementor-col-25 elementor-top-column elementor-element elementor-element-6a1845e\" data-id=\"6a1845e\" data-element_type=\"column\">\n\t\t\t<div class=\"elementor-widget-wrap elementor-element-populated\">\n\t\t\t\t\t\t<div class=\"elementor-element elementor-element-c2a3b9c image-style-ecolive-yes elementor-widget elementor-widget-image\" data-id=\"c2a3b9c\" data-element_type=\"widget\" data-widget_type=\"image.default\">\n\t\t\t\t<div class=\"elementor-widget-container\">\n\t\t\t\t\t\t\t\t\t\t\t\t\t\t<a href=\"https:\/\/mevlanacay.de\/en\/\">\n\t\t\t\t\t\t\t<img loading=\"lazy\" decoding=\"async\" width=\"1020\" height=\"1020\" src=\"https:\/\/mevlanacay.de\/wp-content\/uploads\/2022\/09\/Buton_home_en.jpg\" class=\"attachment-full size-full wp-image-33827\" alt=\"\" title=\"\">\t\t\t\t\t\t\t\t<\/a>\n\t\t\t\t\t\t\t\t\t\t\t\t\t<\/div>\n\t\t\t\t<\/div>\n\t\t\t\t\t<\/div>\n\t\t<\/div>\n\t\t\t\t<div class=\"elementor-column elementor-col-25 elementor-top-column elementor-element elementor-element-1c06891\" data-id=\"1c06891\" data-element_type=\"column\">\n\t\t\t<div class=\"elementor-widget-wrap elementor-element-populated\">\n\t\t\t\t\t\t<div class=\"elementor-element elementor-element-fb57ada image-style-ecolive-yes elementor-widget elementor-widget-image\" data-id=\"fb57ada\" data-element_type=\"widget\" data-widget_type=\"image.default\">\n\t\t\t\t<div class=\"elementor-widget-container\">\n\t\t\t\t\t\t\t\t\t\t\t\t\t\t<a href=\"\/en\/aboutus\/\">\n\t\t\t\t\t\t\t<img loading=\"lazy\" decoding=\"async\" width=\"1020\" height=\"1020\" src=\"https:\/\/mevlanacay.de\/wp-content\/uploads\/2022\/09\/Buton_aboutus_en.jpg\" class=\"attachment-full size-full wp-image-33834\" alt=\"\" title=\"\">\t\t\t\t\t\t\t\t<\/a>\n\t\t\t\t\t\t\t\t\t\t\t\t\t<\/div>\n\t\t\t\t<\/div>\n\t\t\t\t\t<\/div>\n\t\t<\/div>\n\t\t\t\t<div class=\"elementor-column elementor-col-25 elementor-top-column elementor-element elementor-element-18a79ad\" data-id=\"18a79ad\" data-element_type=\"column\">\n\t\t\t<div class=\"elementor-widget-wrap elementor-element-populated\">\n\t\t\t\t\t\t<div class=\"elementor-element elementor-element-ffe4ecc image-style-ecolive-yes elementor-widget elementor-widget-image\" data-id=\"ffe4ecc\" data-element_type=\"widget\" data-widget_type=\"image.default\">\n\t\t\t\t<div class=\"elementor-widget-container\">\n\t\t\t\t\t\t\t\t\t\t\t\t\t\t<a href=\"\/en\/shop\/\">\n\t\t\t\t\t\t\t<img loading=\"lazy\" decoding=\"async\" width=\"1020\" height=\"1020\" src=\"https:\/\/mevlanacay.de\/wp-content\/uploads\/2022\/09\/Buton_products_en.jpg\" class=\"attachment-full size-full wp-image-33828\" alt=\"\" title=\"\">\t\t\t\t\t\t\t\t<\/a>\n\t\t\t\t\t\t\t\t\t\t\t\t\t<\/div>\n\t\t\t\t<\/div>\n\t\t\t\t\t<\/div>\n\t\t<\/div>\n\t\t\t\t<div class=\"elementor-column elementor-col-25 elementor-top-column elementor-element elementor-element-ed09b1f\" data-id=\"ed09b1f\" data-element_type=\"column\">\n\t\t\t<div class=\"elementor-widget-wrap elementor-element-populated\">\n\t\t\t\t\t\t<div class=\"elementor-element elementor-element-e127d86 image-style-ecolive-yes elementor-widget elementor-widget-image\" data-id=\"e127d86\" data-element_type=\"widget\" data-widget_type=\"image.default\">\n\t\t\t\t<div class=\"elementor-widget-container\">\n\t\t\t\t\t\t\t\t\t\t\t\t\t\t<a href=\"\/en\/contact\/\">\n\t\t\t\t\t\t\t<img loading=\"lazy\" decoding=\"async\" width=\"1020\" height=\"1020\" src=\"https:\/\/mevlanacay.de\/wp-content\/uploads\/2022\/09\/Buton_contact_en.jpg\" class=\"attachment-full size-full wp-image-33830\" alt=\"\" title=\"\">\t\t\t\t\t\t\t\t<\/a>\n\t\t\t\t\t\t\t\t\t\t\t\t\t<\/div>\n\t\t\t\t<\/div>\n\t\t\t\t\t<\/div>\n\t\t<\/div>\n\t\t\t\t\t<\/div>\n\t\t<\/section>\n\t\t\t\t<\/div>","protected":false},"excerpt":{"rendered":"<p>Achten Sie auf die Qualit\u00e4t des Tees! Tee ist eines der wichtigsten Getr\u00e4nke auf dem Tisch und eine Delikatesse, die gro\u00dfe Sorgfalt bei der Zubereitung erfordert. Der Geschmack des Tees ist ebenso wichtig wie Farbe und St\u00e4rke. Unterschiedliche Kulturen haben unterschiedliche Braumethoden. Teetrinker werden einen gut aufgebr\u00fchten Tee schnell bemerken, aber wenn man darauf achtet, [&hellip;]<\/p>","protected":false},"author":340,"featured_media":0,"parent":0,"menu_order":0,"comment_status":"closed","ping_status":"closed","template":"","meta":{"_mi_skip_tracking":false,"footnotes":""},"class_list":["post-3537","page","type-page","status-publish","hentry"],"_links":{"self":[{"href":"https:\/\/mevlanacay.de\/en\/wp-json\/wp\/v2\/pages\/3537","targetHints":{"allow":["GET"]}}],"collection":[{"href":"https:\/\/mevlanacay.de\/en\/wp-json\/wp\/v2\/pages"}],"about":[{"href":"https:\/\/mevlanacay.de\/en\/wp-json\/wp\/v2\/types\/page"}],"author":[{"embeddable":true,"href":"https:\/\/mevlanacay.de\/en\/wp-json\/wp\/v2\/users\/340"}],"replies":[{"embeddable":true,"href":"https:\/\/mevlanacay.de\/en\/wp-json\/wp\/v2\/comments?post=3537"}],"version-history":[{"count":138,"href":"https:\/\/mevlanacay.de\/en\/wp-json\/wp\/v2\/pages\/3537\/revisions"}],"predecessor-version":[{"id":35355,"href":"https:\/\/mevlanacay.de\/en\/wp-json\/wp\/v2\/pages\/3537\/revisions\/35355"}],"wp:attachment":[{"href":"https:\/\/mevlanacay.de\/en\/wp-json\/wp\/v2\/media?parent=3537"}],"curies":[{"name":"wp","href":"https:\/\/api.w.org\/{rel}","templated":true}]}}