{"id":31019,"date":"2022-01-13T08:44:28","date_gmt":"2022-01-13T07:44:28","guid":{"rendered":"http:\/\/mevlanacay.com.tr\/yeni\/?page_id=31019"},"modified":"2024-09-11T22:40:17","modified_gmt":"2024-09-11T20:40:17","slug":"what-is-ceylon-tea","status":"publish","type":"page","link":"https:\/\/mevlanacay.de\/en\/what-is-ceylon-tea\/","title":{"rendered":"What is Ceylon Tea?"},"content":{"rendered":"<div data-elementor-type=\"wp-page\" data-elementor-id=\"31019\" class=\"elementor elementor-31019\">\n\t\t\t\t\t\t<div class=\"elementor-section elementor-top-section elementor-element elementor-element-7606432 elementor-section-stretched elementor-section-boxed elementor-section-height-default elementor-section-height-default\" data-id=\"7606432\" data-element_type=\"section\" data-settings=\"{&quot;stretch_section&quot;:&quot;section-stretched&quot;}\">\n\t\t\t\t\t\t<div class=\"elementor-container elementor-column-gap-no\">\n\t\t\t\t\t<div class=\"elementor-column elementor-col-50 elementor-top-column elementor-element elementor-element-57f58cf\" data-id=\"57f58cf\" data-element_type=\"column\">\n\t\t\t<div class=\"elementor-widget-wrap elementor-element-populated\">\n\t\t\t\t\n\t\t<div class=\"elementor-element elementor-element-7a85563 elementor-widget elementor-widget-image\" data-id=\"7a85563\" data-element_type=\"widget\" data-widget_type=\"image.default\">\n\t\t\t\t<div class=\"elementor-widget-container\">\n\t\t\t<style>\/*! elementor - v3.21.0 - 25-04-2024 *\/\n.elementor-widget-image{text-align:center}.elementor-widget-image a{display:inline-block}.elementor-widget-image a img[src$=\".svg\"]{width:48px}.elementor-widget-image img{vertical-align:middle;display:inline-block}<\/style>\t\t\t\t\t\t\t\t\t\t<img fetchpriority=\"high\" decoding=\"async\" width=\"940\" height=\"1020\" src=\"https:\/\/mevlanacay.de\/wp-content\/uploads\/2022\/01\/mevlana-cayseylan-cayi-hakkinda-bilgiler.jpg\" class=\"attachment-large size-large wp-image-31411\" alt=\"\" title=\"\">\t\t\t\t\t\t\t\t\t\t\t\t\t<\/div>\n\t\t\t\t<\/div>\n\t\t\t\t\t<\/div>\n\t\t<\/div>\n\t\t\t\t<div class=\"elementor-column elementor-col-50 elementor-top-column elementor-element elementor-element-523796d\" data-id=\"523796d\" data-element_type=\"column\">\n\t\t\t<div class=\"elementor-widget-wrap elementor-element-populated\">\n\t\t\t\t\t\t<div class=\"elementor-element elementor-element-302d734 elementor-widget elementor-widget-text-editor\" data-id=\"302d734\" data-element_type=\"widget\" data-widget_type=\"text-editor.default\">\n\t\t\t\t<div class=\"elementor-widget-container\">\n\t\t\t<style>\/*! elementor - v3.21.0 - 25-04-2024 *\/\n.elementor-widget-text-editor.elementor-drop-cap-view-stacked .elementor-drop-cap{background-color:#69727d;color:#fff}.elementor-widget-text-editor.elementor-drop-cap-view-framed .elementor-drop-cap{color:#69727d;border:3px solid;background-color:transparent}.elementor-widget-text-editor:not(.elementor-drop-cap-view-default) .elementor-drop-cap{margin-top:8px}.elementor-widget-text-editor:not(.elementor-drop-cap-view-default) .elementor-drop-cap-letter{width:1em;height:1em}.elementor-widget-text-editor .elementor-drop-cap{float:left;text-align:center;line-height:1;font-size:50px}.elementor-widget-text-editor .elementor-drop-cap-letter{display:inline-block}<\/style>\t\t\t\t<h5>In our culture, tea is one of our essential eating and drinking rituals. And if it comes to the mystical land of the far East, then Ceylon tea is not a chatty one. We've compiled information and brewing tips for Ceylon tea that you won't find anywhere else about the flavor and the drinks.\u00a0<\/h5>\t\t\t\t\t\t<\/div>\n\t\t\t\t<\/div>\n\t\t\t\t<div class=\"elementor-element elementor-element-f2e8611 elementor-widget elementor-widget-heading\" data-id=\"f2e8611\" data-element_type=\"widget\" data-widget_type=\"heading.default\">\n\t\t\t\t<div class=\"elementor-widget-container\">\n\t\t\t<style>\/*! elementor - v3.21.0 - 25-04-2024 *\/\n.elementor-heading-title{padding:0;margin:0;line-height:1}.elementor-widget-heading .elementor-heading-title[class*=elementor-size-]>a{color:inherit;font-size:inherit;line-height:inherit}.elementor-widget-heading .elementor-heading-title.elementor-size-small{font-size:15px}.elementor-widget-heading .elementor-heading-title.elementor-size-medium{font-size:19px}.elementor-widget-heading .elementor-heading-title.elementor-size-large{font-size:29px}.elementor-widget-heading .elementor-heading-title.elementor-size-xl{font-size:39px}.elementor-widget-heading .elementor-heading-title.elementor-size-xxl{font-size:59px}<\/style><h2 class=\"elementor-heading-title elementor-size-default\">What is Ceylon tea?\u00a0<\/h2>\t\t<\/div>\n\t\t\t\t<\/div>\n\t\t\t\t<div class=\"elementor-element elementor-element-409119a elementor-widget elementor-widget-text-editor\" data-id=\"409119a\" data-element_type=\"widget\" data-widget_type=\"text-editor.default\">\n\t\t\t\t<div class=\"elementor-widget-container\">\n\t\t\t\t\t\t\t<p>In our country, it is called Ceylontea, but this special tea is grown in Sri Lanka. Today, Sri Lanka has a respectable place as the world's fourth tea importer. Although the other importer had a small piece of land compared to other countries, he obtained this order.<\/p><p>Tea for Sri Lanka is an essential agricultural product, both economically and culturally. More than a million people work in the tea industry in the country, even the Tea Museum in Kandy. The teahouse, collected by hand from thousands of square miles of tea gardens, is wrapped with care and dried in the sun. Now it's ready for me and gives the smurfman the taste of honey, as well as the strength of immunity and endurance. Goran Tea Mevlana Ceylon tea, which has been reliably consumed in Europe for years, is also obtained from tea shoots collected manually.<\/p><p>\u00a0Although it is the first black tea to come to mind when it is called Ceylon tea, there is also White Ceylon tea, also known as \"Silver Tips\" or \"G\u00fcm\u00fc\u015f U\u00e7lar\". The most valuable tea produced in Sri Lanka, white tea stands out at a high price and quality.<\/p>\t\t\t\t\t\t<\/div>\n\t\t\t\t<\/div>\n\t\t\t\t<div class=\"elementor-element elementor-element-b103586 elementor-widget elementor-widget-heading\" data-id=\"b103586\" data-element_type=\"widget\" data-widget_type=\"heading.default\">\n\t\t\t\t<div class=\"elementor-widget-container\">\n\t\t\t<h2 class=\"elementor-heading-title elementor-size-default\">How to brew Ceylon Tea?<\/h2>\t\t<\/div>\n\t\t\t\t<\/div>\n\t\t\t\t<div class=\"elementor-element elementor-element-ac8bfc0 elementor-widget elementor-widget-text-editor\" data-id=\"ac8bfc0\" data-element_type=\"widget\" data-widget_type=\"text-editor.default\">\n\t\t\t\t<div class=\"elementor-widget-container\">\n\t\t\t\t\t\t\t<p>We're at the batting point. The trick is to brew the tea according to the rules. You can turn the Seylan tea into a great drink with its own unique brewing method, which already has a distinct flavor. The trick is how many people to serve the tea. Because it's a trick to put a teaspoon of tea per person in the teapot. No less, no more, no more. Oh, and make sure that the teapot you use is ceramic or glass. Avoid tasting metal teapots, especially to avoid the negative taste!<\/p>\t\t\t\t\t\t<\/div>\n\t\t\t\t<\/div>\n\t\t\t\t<div class=\"elementor-element elementor-element-64f8ea5 elementor-widget elementor-widget-heading\" data-id=\"64f8ea5\" data-element_type=\"widget\" data-widget_type=\"heading.default\">\n\t\t\t\t<div class=\"elementor-widget-container\">\n\t\t\t<h2 class=\"elementor-heading-title elementor-size-default\">It's time for the brewing recipe!<\/h2>\t\t<\/div>\n\t\t\t\t<\/div>\n\t\t\t\t<div class=\"elementor-element elementor-element-489a7b9 elementor-widget elementor-widget-text-editor\" data-id=\"489a7b9\" data-element_type=\"widget\" data-widget_type=\"text-editor.default\">\n\t\t\t\t<div class=\"elementor-widget-container\">\n\t\t\t\t\t\t\t<p>Using freshly boiled water is rule number one. Remember, the quality of the water will also improve the quality of the Ceylon tea. You should pour the water you boil over the dry tea in the pot and pour it calmly. It is important to leave the tea to brew for 20 minutes. If you exceed 20 minutes, the flavor we call \"tea pity\" will be lost. After 20 minutes, go to service. Let me remind you right now that the sugar you put next to the tea prevents you from getting the real flavor of this tea. And we have a more traditional recommendation when I say I can't drink without sugar. You can drink your Mevlana Ceylon tea with marshmallows instead of sugar. Enjoy your meal!<\/p><p>Mevlana Ceylon Tea is available in all markets in Europe, and you can buy it here.<\/p>\t\t\t\t\t\t<\/div>\n\t\t\t\t<\/div>\n\t\t\t\t\t<\/div>\n\t\t<\/div>\n\t\t\t\t\t<\/div>\n\t\t<\/div>\n\t\t\t\t<div class=\"elementor-section elementor-top-section elementor-element elementor-element-73f501a5 elementor-section-stretched elementor-section-height-min-height elementor-section-boxed elementor-section-height-default elementor-section-items-middle\" data-id=\"73f501a5\" data-element_type=\"section\" data-settings=\"{&quot;stretch_section&quot;:&quot;section-stretched&quot;,&quot;background_background&quot;:&quot;classic&quot;}\">\n\t\t\t\t\t\t\t<div class=\"elementor-background-overlay\"><\/div>\n\t\t\t\t\t\t\t<div class=\"elementor-container elementor-column-gap-no\">\n\t\t\t\t\t<div class=\"elementor-column elementor-col-33 elementor-top-column elementor-element elementor-element-7242a9b3\" data-id=\"7242a9b3\" data-element_type=\"column\">\n\t\t\t<div class=\"elementor-widget-wrap elementor-element-populated\">\n\t\t\t\t\t\t<div class=\"elementor-element elementor-element-4a233b5 elementor-position-left elementor-widget__width-initial elementor-widget-tablet__width-auto ecolive-image-box-style-1 elementor-vertical-align-top elementor-widget elementor-widget-image-box\" data-id=\"4a233b5\" data-element_type=\"widget\" data-widget_type=\"image-box.default\">\n\t\t\t\t<div class=\"elementor-widget-container\">\n\t\t\t<style>.elementor-widget-image-box .elementor-image-box-content{width:100%}@media (min-width:700px){.elementor-widget-image-box.elementor-position-left .elementor-image-box-wrapper,.elementor-widget-image-box.elementor-position-right .elementor-image-box-wrapper{display:flex}.elementor-widget-image-box.elementor-position-right .elementor-image-box-wrapper{text-align:end;flex-direction:row-reverse}.elementor-widget-image-box.elementor-position-left .elementor-image-box-wrapper{text-align:start;flex-direction:row}.elementor-widget-image-box.elementor-position-top .elementor-image-box-img{margin:auto}.elementor-widget-image-box.elementor-vertical-align-top .elementor-image-box-wrapper{align-items:flex-start}.elementor-widget-image-box.elementor-vertical-align-middle .elementor-image-box-wrapper{align-items:center}.elementor-widget-image-box.elementor-vertical-align-bottom .elementor-image-box-wrapper{align-items:flex-end}}@media (max-width:699px){.elementor-widget-image-box .elementor-image-box-img{margin-left:auto!important;margin-right:auto!important;margin-bottom:15px}}.elementor-widget-image-box .elementor-image-box-img{display:inline-block}.elementor-widget-image-box .elementor-image-box-title a{color:inherit}.elementor-widget-image-box .elementor-image-box-wrapper{text-align:center}.elementor-widget-image-box .elementor-image-box-description{margin:0}<\/style><div class=\"elementor-image-box-wrapper\"><figure class=\"elementor-image-box-img\"><img decoding=\"async\" width=\"70\" height=\"62\" src=\"https:\/\/mevlanacay.de\/wp-content\/uploads\/2022\/01\/mevlana-cay-icon-07.png\" class=\"elementor-animation-shrink attachment-full size-full wp-image-31226\" alt=\"\" title=\"\"><\/figure><div class=\"elementor-image-box-content\"><h3 class=\"elementor-image-box-title\">Made in Germany<\/h3><p class=\"elementor-image-box-description\">Teas belonging to the Mevlana Tea brand are blended in Germany and packaged in European standards.<\/p><\/div><\/div>\t\t<\/div>\n\t\t\t\t<\/div>\n\t\t\t\t<div class=\"elementor-element elementor-element-4e8fd090 elementor-position-left elementor-widget__width-initial elementor-widget-tablet__width-auto elementor-widget-mobile__width-inherit ecolive-image-box-style-1 elementor-vertical-align-top elementor-widget elementor-widget-image-box\" data-id=\"4e8fd090\" data-element_type=\"widget\" data-widget_type=\"image-box.default\">\n\t\t\t\t<div class=\"elementor-widget-container\">\n\t\t\t<div class=\"elementor-image-box-wrapper\"><figure class=\"elementor-image-box-img\"><img decoding=\"async\" width=\"70\" height=\"62\" src=\"https:\/\/mevlanacay.de\/wp-content\/uploads\/2022\/01\/mevlana-cay-icon-10.png\" class=\"elementor-animation-shrink attachment-full size-full wp-image-31231\" alt=\"\" title=\"\"><\/figure><div class=\"elementor-image-box-content\"><h3 class=\"elementor-image-box-title\">Dust Free<\/h3><p class=\"elementor-image-box-description\">Thanks to the specially manufactured blending machine, it is 98% dust-free.  <\/p><\/div><\/div>\t\t<\/div>\n\t\t\t\t<\/div>\n\t\t\t\t<div class=\"elementor-element elementor-element-7777d3f0 elementor-position-left elementor-widget__width-initial elementor-widget-tablet__width-auto elementor-widget-mobile__width-inherit ecolive-image-box-style-1 elementor-vertical-align-top elementor-widget elementor-widget-image-box\" data-id=\"7777d3f0\" data-element_type=\"widget\" data-widget_type=\"image-box.default\">\n\t\t\t\t<div class=\"elementor-widget-container\">\n\t\t\t<div class=\"elementor-image-box-wrapper\"><figure class=\"elementor-image-box-img\"><img loading=\"lazy\" decoding=\"async\" width=\"70\" height=\"62\" src=\"https:\/\/mevlanacay.de\/wp-content\/uploads\/2022\/01\/mevlana-cay-icon-16.png\" class=\"elementor-animation-shrink attachment-full size-full wp-image-31244\" alt=\"\" title=\"\"><\/figure><div class=\"elementor-image-box-content\"><h3 class=\"elementor-image-box-title\">Special Blend<\/h3><p class=\"elementor-image-box-description\">Our tea is blended by German engineers in a blending machine specially produced for our company.<\/p><\/div><\/div>\t\t<\/div>\n\t\t\t\t<\/div>\n\t\t\t\t\t<\/div>\n\t\t<\/div>\n\t\t\t\t<div class=\"elementor-column elementor-col-33 elementor-top-column elementor-element elementor-element-1409aa1d\" data-id=\"1409aa1d\" data-element_type=\"column\">\n\t\t\t<div class=\"elementor-widget-wrap elementor-element-populated\">\n\t\t\t\t\t\t<div class=\"elementor-element elementor-element-78336873 elementor-widget elementor-widget-image\" data-id=\"78336873\" data-element_type=\"widget\" data-widget_type=\"image.default\">\n\t\t\t\t<div class=\"elementor-widget-container\">\n\t\t\t\t\t\t\t\t\t\t\t\t\t<img loading=\"lazy\" decoding=\"async\" width=\"674\" height=\"800\" src=\"https:\/\/mevlanacay.de\/wp-content\/uploads\/2022\/01\/mevlana-about-us-06.png\" class=\"attachment-full size-full wp-image-30678\" alt=\"\" title=\"\">\t\t\t\t\t\t\t\t\t\t\t\t\t<\/div>\n\t\t\t\t<\/div>\n\t\t\t\t\t<\/div>\n\t\t<\/div>\n\t\t\t\t<div class=\"elementor-column elementor-col-33 elementor-top-column elementor-element elementor-element-ddf1357\" data-id=\"ddf1357\" data-element_type=\"column\">\n\t\t\t<div class=\"elementor-widget-wrap elementor-element-populated\">\n\t\t\t\t\t\t<div class=\"elementor-element elementor-element-1b5b2eea elementor-position-left elementor-widget__width-initial elementor-widget-tablet__width-auto elementor-widget-mobile_extra__width-initial elementor-widget-mobile__width-inherit ecolive-image-box-style-1 elementor-vertical-align-top elementor-widget elementor-widget-image-box\" data-id=\"1b5b2eea\" data-element_type=\"widget\" data-widget_type=\"image-box.default\">\n\t\t\t\t<div class=\"elementor-widget-container\">\n\t\t\t<div class=\"elementor-image-box-wrapper\"><figure class=\"elementor-image-box-img\"><img loading=\"lazy\" decoding=\"async\" width=\"70\" height=\"62\" src=\"https:\/\/mevlanacay.de\/wp-content\/uploads\/2022\/05\/abmevlana-cay-icon-12.jpg\" class=\"elementor-animation-shrink attachment-full size-full wp-image-32565\" alt=\"\" title=\"\"><\/figure><div class=\"elementor-image-box-content\"><h3 class=\"elementor-image-box-title\">EU Standard<\/h3><p class=\"elementor-image-box-description\">The aroma used complies with EU food standards.<\/p><\/div><\/div>\t\t<\/div>\n\t\t\t\t<\/div>\n\t\t\t\t<div class=\"elementor-element elementor-element-4f00a7df elementor-position-left elementor-widget__width-initial elementor-widget-tablet__width-auto ecolive-image-box-style-1 elementor-vertical-align-top elementor-widget elementor-widget-image-box\" data-id=\"4f00a7df\" data-element_type=\"widget\" data-widget_type=\"image-box.default\">\n\t\t\t\t<div class=\"elementor-widget-container\">\n\t\t\t<div class=\"elementor-image-box-wrapper\"><figure class=\"elementor-image-box-img\"><img loading=\"lazy\" decoding=\"async\" width=\"70\" height=\"62\" src=\"https:\/\/mevlanacay.de\/wp-content\/uploads\/2022\/01\/mevlana-cay-icon-15.png\" class=\"elementor-animation-shrink attachment-full size-full wp-image-31242\" alt=\"\" title=\"\"><\/figure><div class=\"elementor-image-box-content\"><h3 class=\"elementor-image-box-title\">Picked by Hand<\/h3><p class=\"elementor-image-box-description\">The tea sprouts of the Mevlana Tea brand are picked only by hand.<\/p><\/div><\/div>\t\t<\/div>\n\t\t\t\t<\/div>\n\t\t\t\t<div class=\"elementor-element elementor-element-73263a2a elementor-position-left elementor-widget__width-initial elementor-widget-tablet__width-auto ecolive-image-box-style-1 elementor-vertical-align-top elementor-widget elementor-widget-image-box\" data-id=\"73263a2a\" data-element_type=\"widget\" data-widget_type=\"image-box.default\">\n\t\t\t\t<div class=\"elementor-widget-container\">\n\t\t\t<div class=\"elementor-image-box-wrapper\"><figure class=\"elementor-image-box-img\"><img loading=\"lazy\" decoding=\"async\" width=\"70\" height=\"62\" src=\"https:\/\/mevlanacay.de\/wp-content\/uploads\/2022\/01\/mevlana-cay-icon-14.png\" class=\"elementor-animation-shrink attachment-full size-full wp-image-31238\" alt=\"\" title=\"\"><\/figure><div class=\"elementor-image-box-content\"><h3 class=\"elementor-image-box-title\">From Sri Lanka<\/h3><p class=\"elementor-image-box-description\">Natural Ceylon tea from the best tea gardens of Sri Lanka.<\/p><\/div><\/div>\t\t<\/div>\n\t\t\t\t<\/div>\n\t\t\t\t\t<\/div>\n\t\t<\/div>\n\t\t\t\t\t<\/div>\n\t\t<\/div>\n\t\t\t\t<section class=\"elementor-section elementor-top-section elementor-element elementor-element-d40dd69 elementor-section-boxed elementor-section-height-default elementor-section-height-default\" data-id=\"d40dd69\" data-element_type=\"section\">\n\t\t\t\t\t\t<div class=\"elementor-container elementor-column-gap-default\">\n\t\t\t\t\t<div class=\"elementor-column elementor-col-25 elementor-top-column elementor-element elementor-element-8805c0a\" data-id=\"8805c0a\" data-element_type=\"column\">\n\t\t\t<div class=\"elementor-widget-wrap elementor-element-populated\">\n\t\t\t\t\t\t<div class=\"elementor-element elementor-element-4c7a962 image-style-ecolive-yes elementor-widget elementor-widget-image\" data-id=\"4c7a962\" data-element_type=\"widget\" data-widget_type=\"image.default\">\n\t\t\t\t<div class=\"elementor-widget-container\">\n\t\t\t\t\t\t\t\t\t\t\t\t\t\t<a href=\"https:\/\/mevlanacay.de\/en\/\">\n\t\t\t\t\t\t\t<img loading=\"lazy\" decoding=\"async\" width=\"1020\" height=\"1020\" src=\"https:\/\/mevlanacay.de\/wp-content\/uploads\/2022\/09\/Buton_home_en.jpg\" class=\"attachment-full size-full wp-image-33827\" alt=\"\" title=\"\">\t\t\t\t\t\t\t\t<\/a>\n\t\t\t\t\t\t\t\t\t\t\t\t\t<\/div>\n\t\t\t\t<\/div>\n\t\t\t\t\t<\/div>\n\t\t<\/div>\n\t\t\t\t<div class=\"elementor-column elementor-col-25 elementor-top-column elementor-element elementor-element-1af89bb\" data-id=\"1af89bb\" data-element_type=\"column\">\n\t\t\t<div class=\"elementor-widget-wrap elementor-element-populated\">\n\t\t\t\t\t\t<div class=\"elementor-element elementor-element-5fcef1a image-style-ecolive-yes elementor-widget elementor-widget-image\" data-id=\"5fcef1a\" data-element_type=\"widget\" data-widget_type=\"image.default\">\n\t\t\t\t<div class=\"elementor-widget-container\">\n\t\t\t\t\t\t\t\t\t\t\t\t\t\t<a href=\"\/en\/aboutus\/\">\n\t\t\t\t\t\t\t<img loading=\"lazy\" decoding=\"async\" width=\"1020\" height=\"1020\" src=\"https:\/\/mevlanacay.de\/wp-content\/uploads\/2022\/09\/Buton_aboutus_en.jpg\" class=\"attachment-full size-full wp-image-33834\" alt=\"\" title=\"\">\t\t\t\t\t\t\t\t<\/a>\n\t\t\t\t\t\t\t\t\t\t\t\t\t<\/div>\n\t\t\t\t<\/div>\n\t\t\t\t\t<\/div>\n\t\t<\/div>\n\t\t\t\t<div class=\"elementor-column elementor-col-25 elementor-top-column elementor-element elementor-element-2718f2c\" data-id=\"2718f2c\" data-element_type=\"column\">\n\t\t\t<div class=\"elementor-widget-wrap elementor-element-populated\">\n\t\t\t\t\t\t<div class=\"elementor-element elementor-element-c26f75a image-style-ecolive-yes elementor-widget elementor-widget-image\" data-id=\"c26f75a\" data-element_type=\"widget\" data-widget_type=\"image.default\">\n\t\t\t\t<div class=\"elementor-widget-container\">\n\t\t\t\t\t\t\t\t\t\t\t\t\t\t<a href=\"\/en\/shop\/\">\n\t\t\t\t\t\t\t<img loading=\"lazy\" decoding=\"async\" width=\"1020\" height=\"1020\" src=\"https:\/\/mevlanacay.de\/wp-content\/uploads\/2022\/09\/Buton_products_en.jpg\" class=\"attachment-full size-full wp-image-33828\" alt=\"\" title=\"\">\t\t\t\t\t\t\t\t<\/a>\n\t\t\t\t\t\t\t\t\t\t\t\t\t<\/div>\n\t\t\t\t<\/div>\n\t\t\t\t\t<\/div>\n\t\t<\/div>\n\t\t\t\t<div class=\"elementor-column elementor-col-25 elementor-top-column elementor-element elementor-element-3d9c0f8\" data-id=\"3d9c0f8\" data-element_type=\"column\">\n\t\t\t<div class=\"elementor-widget-wrap elementor-element-populated\">\n\t\t\t\t\t\t<div class=\"elementor-element elementor-element-1841c82 image-style-ecolive-yes elementor-widget elementor-widget-image\" data-id=\"1841c82\" data-element_type=\"widget\" data-widget_type=\"image.default\">\n\t\t\t\t<div class=\"elementor-widget-container\">\n\t\t\t\t\t\t\t\t\t\t\t\t\t\t<a href=\"\/en\/contact\/\">\n\t\t\t\t\t\t\t<img loading=\"lazy\" decoding=\"async\" width=\"1020\" height=\"1020\" src=\"https:\/\/mevlanacay.de\/wp-content\/uploads\/2022\/09\/Buton_contact_en.jpg\" class=\"attachment-full size-full wp-image-33830\" alt=\"\" title=\"\">\t\t\t\t\t\t\t\t<\/a>\n\t\t\t\t\t\t\t\t\t\t\t\t\t<\/div>\n\t\t\t\t<\/div>\n\t\t\t\t\t<\/div>\n\t\t<\/div>\n\t\t\t\t\t<\/div>\n\t\t<\/section>\n\t\t\t\t<\/div>","protected":false},"excerpt":{"rendered":"<p>Tee geh\u00f6rt in unserer Kultur zu den wesentlichen Ess- und Trinkritualen. Und wenn es um die mystischen L\u00e4nder des Fernen Ostens geht, ist Ceylon Tee keine Rede. Was ist Ceylon-Tee? Obwohl wir ihn in unserem Land Ceylon Tee nennen, wird dieser besondere Tee in Sri Lanka angebaut. Heute nimmt Sri Lanka eine respektable Position als [&hellip;]<\/p>","protected":false},"author":79,"featured_media":0,"parent":0,"menu_order":0,"comment_status":"closed","ping_status":"closed","template":"","meta":{"_mi_skip_tracking":false,"footnotes":""},"class_list":["post-31019","page","type-page","status-publish","hentry"],"_links":{"self":[{"href":"https:\/\/mevlanacay.de\/en\/wp-json\/wp\/v2\/pages\/31019","targetHints":{"allow":["GET"]}}],"collection":[{"href":"https:\/\/mevlanacay.de\/en\/wp-json\/wp\/v2\/pages"}],"about":[{"href":"https:\/\/mevlanacay.de\/en\/wp-json\/wp\/v2\/types\/page"}],"author":[{"embeddable":true,"href":"https:\/\/mevlanacay.de\/en\/wp-json\/wp\/v2\/users\/79"}],"replies":[{"embeddable":true,"href":"https:\/\/mevlanacay.de\/en\/wp-json\/wp\/v2\/comments?post=31019"}],"version-history":[{"count":50,"href":"https:\/\/mevlanacay.de\/en\/wp-json\/wp\/v2\/pages\/31019\/revisions"}],"predecessor-version":[{"id":35358,"href":"https:\/\/mevlanacay.de\/en\/wp-json\/wp\/v2\/pages\/31019\/revisions\/35358"}],"wp:attachment":[{"href":"https:\/\/mevlanacay.de\/en\/wp-json\/wp\/v2\/media?parent=31019"}],"curies":[{"name":"wp","href":"https:\/\/api.w.org\/{rel}","templated":true}]}}